{"id":916,"date":"2026-03-25T11:09:51","date_gmt":"2026-03-25T10:09:51","guid":{"rendered":"https:\/\/agora.xtec.cat\/iesolorda\/?page_id=916"},"modified":"2026-03-25T11:11:48","modified_gmt":"2026-03-25T10:11:48","slug":"eso","status":"publish","type":"page","link":"https:\/\/agora.xtec.cat\/iesolorda\/eso\/","title":{"rendered":"ESO"},"content":{"rendered":"\n<h1 class=\"wp-block-heading\">Curs 2025-26:<\/h1>\n\n\n\n<h1 class=\"wp-block-heading\"><strong>Calendari<\/strong><\/h1>\n\n\n\n<p><a href=\"https:\/\/drive.google.com\/file\/d\/159L7oQhvwdK74j8quPzRHjgDNIBes6Jc\/view?usp=sharing\"><strong>Calendari del curs 2025-2026<\/strong><\/a><br><a href=\"https:\/\/drive.google.com\/file\/d\/1XXHAKw7QZNKKdA2d3064D_UJ3JkfD4vV\/view?usp=sharing\"><strong>Calendari sortides i activitats 2025-2026&nbsp;<\/strong><\/a><\/p>\n\n\n\n<h1 class=\"wp-block-heading\">&nbsp;<\/h1>\n\n\n\n<h1 class=\"wp-block-heading\"><strong>Reuni\u00f3 benvinguda fam\u00edlies 1r d&#8217;ESO&nbsp;<\/strong><\/h1>\n\n\n\n<p>Reuni\u00f3&nbsp;presencial 3 de juliol de 2025 a les 18:00 per a fam\u00edlies de 1r d&#8217;ESO del curs 2025-26.<\/p>\n\n\n\n<p>En <a href=\"https:\/\/drive.google.com\/file\/d\/106X1v34VPGhqla2Cec2IYgjvfQ7MQyjr\/view?usp=drive_link\">aquest enlla\u00e7<\/a> poden veure la presentaci\u00f3 que es va projectar a la reuni\u00f3.<\/p>\n\n\n\n<h1 class=\"wp-block-heading\"><strong>Llibres curs 2025-26<\/strong><\/h1>\n\n\n\n<p><a href=\"https:\/\/docs.google.com\/document\/d\/1hluYFeFhrVTHDzQfE2FVXttUlEK22Ez0KRPk5etqA1g\/edit?usp=sharing\"><strong>1r ESO<\/strong><\/a>&#8211;<a href=\"https:\/\/docs.google.com\/document\/d\/1j6RsIjVHdDDD8BLMlFELi-LkKWCPB-92A9P_MSiltGc\/edit?usp=sharing\"><strong>2n ESO<\/strong><\/a>&nbsp;&#8211;&nbsp;<a href=\"https:\/\/docs.google.com\/document\/d\/1HWQbAxVkvkySDdTuSpLSkS8upJefuLZotZm-sGQ_WR4\/edit?usp=sharing\"><strong>3r ESO<\/strong><\/a>&nbsp;&#8211; &nbsp;<a href=\"https:\/\/docs.google.com\/document\/d\/1juM_wrKDChB-CK9ObhqCLGCPuwGpUZozJ9GmItwaSGE\/edit?usp=sharing\"><strong>4t ESO<\/strong><\/a><strong>&nbsp; (publicat el 19 de juny de 2025)<\/strong><\/p>\n\n\n\n<p><strong>Atenci\u00f3:<\/strong> &nbsp;l&#8217;alumnat amb <strong>Motxilla escolar <\/strong>(NESE B) no ha de fer la compra dels llibres. A inici de curs se li facilitaran els llibres i les llic\u00e8ncies digitals des del centre.<\/p>\n\n\n\n<p>Les fam\u00edlies que vulguin fer \u00fas del&nbsp;<strong>servei de reutilitzaci\u00f3 de llibres<\/strong>&nbsp;de l&#8217;AFA amb l&#8217;empresa Iddink, podran fer la comanda directament a la p\u00e0gina &nbsp;<a href=\"https:\/\/www.iddink.cat\/\" target=\"_blank\" rel=\"noreferrer noopener\"><strong>iddink.cat<\/strong><\/a>. En el seg\u00fcent enlla\u00e7 trobaran la informaci\u00f3&nbsp;<a href=\"https:\/\/drive.google.com\/file\/d\/1MDgfm_xTEertqWJl4DKcjlUHtf2zGEmP\/view?usp=sharing\"><strong>Com fer la teva comanda<\/strong><\/a><strong>.<\/strong><\/p>\n\n\n\n<p>En el seg\u00fcent enlla\u00e7 podeu trobar v\u00eddeos explicatius preparats per IDDINK sobre el funcionament i preguntes freq\u00fcents: <a href=\"https:\/\/www.youtube.com\/@Iddinkspain\" rel=\"noreferrer noopener\" target=\"_blank\">https:\/\/www.youtube.com\/@Iddinkspain<\/a><\/p>\n\n\n\n<h1 class=\"wp-block-heading\"><strong>Reuni\u00f3 benvinguda fam\u00edlies 1r d&#8217;ESO<\/strong><\/h1>\n\n\n\n<p>Reuni\u00f3&nbsp;presencial al centre c\u00edvic Mas Llu\u00ed (C\/ Estel\u00ed, 10) el dia 3 de juliol de 2025 a les 18:00 per a fam\u00edlies de 1r d&#8217;ESO del curs 2025-26 .<\/p>\n\n\n\n<h1 class=\"wp-block-heading\"><strong>Reuni\u00f3 fam\u00edlies inici de curs<\/strong><\/h1>\n\n\n\n<p><a href=\"https:\/\/drive.google.com\/file\/d\/1hiJFLFc5JTzc70vRmJuI9UjbQ5jXLG70\/preview\">Enlla\u00e7 a la presentaci\u00f3 de la reuni\u00f3&nbsp;del 6 d&#8217;octubre de 2025 per a fam\u00edlies d&#8217;ESO del curs 2025-26<\/a><\/p>\n\n\n\n<h1 class=\"wp-block-heading\">&nbsp;<\/h1>\n\n\n\n<h1 class=\"wp-block-heading\">Curs 2024-25:<\/h1>\n\n\n\n<h1 class=\"wp-block-heading\"><strong>Calendari<\/strong><\/h1>\n\n\n\n<p><a href=\"https:\/\/drive.google.com\/file\/d\/1TcNR9MtZUy-vHsjTzblVaKTQbvMAPVb7\/view?usp=sharing\"><strong>Calendari del curs 2024-2025<\/strong><\/a><br><a href=\"https:\/\/drive.google.com\/file\/d\/1G3ShxPEIxvdhrZfa0wpqk5z2aZwNRrq-\/view\"><strong>Calendari sortides i activitats 2024-2025<\/strong><\/a><\/p>\n\n\n\n<h1 class=\"wp-block-heading\"><strong>Llibres curs 2024-25<\/strong><\/h1>\n\n\n\n<p><a href=\"https:\/\/docs.google.com\/document\/d\/1ztVteFxIwPV7itRA5AwtaBuxml-yqTnuQ7IEdL4YDTs\/edit?usp=sharing\"><strong>1r ESO<\/strong><\/a>&#8211;<a href=\"https:\/\/docs.google.com\/document\/d\/1b-W-4ZaejTrkPGmEqXuj9E60sQml237sOA5-6IbnUmA\/edit?usp=sharing\"><strong>2n ESO<\/strong><\/a>&nbsp;&#8211;&nbsp;<a href=\"https:\/\/docs.google.com\/document\/d\/1q2BCiGGX1DNdFQBSP86YXhCBFrF5csN4mIVAs75pZnk\/edit?usp=sharing\"><strong>3r ESO<\/strong><\/a>&nbsp;&#8211; &nbsp;<a href=\"https:\/\/docs.google.com\/document\/d\/1IpxgfK7tabgbv-78fvw9csq5JLiz8xxhbA4LRDs64Pw\/edit?usp=sharing\"><strong>4t ESO<\/strong><\/a><strong>&nbsp; (publicat el 28 de juny de 2024)<\/strong><\/p>\n\n\n\n<p><strong>&nbsp; &nbsp; &nbsp; &nbsp; &nbsp; &nbsp; &nbsp; &nbsp; &nbsp; &nbsp; &nbsp; &nbsp; &nbsp;ATENCI\u00d3<\/strong>: ja es pot fer la compra dels llibres a IDDINK, seguint les instruccions dels enlla\u00e7os seg\u00fcents.<\/p>\n\n\n\n<p>Les fam\u00edlies que vulguin fer \u00fas del&nbsp;<strong>servei de reutilitzaci\u00f3 de llibres<\/strong>&nbsp;de l&#8217;AFA amb l&#8217;empresa Iddink, podran fer la comanda directament a la p\u00e0gina &nbsp;<a href=\"https:\/\/www.iddink.cat\/\" target=\"_blank\" rel=\"noreferrer noopener\"><strong>iddink.cat<\/strong><\/a> &nbsp;o per tel\u00e8fon. En el seg\u00fcent enlla\u00e7 trobaran la informaci\u00f3&nbsp;<a href=\"https:\/\/drive.google.com\/file\/d\/1az_Dci5-x5cC0akZ8Q3x_Mj9trtjoKMl\/view?usp=sharing\"><strong>Com fer la teva comanda<\/strong><\/a><strong>.<\/strong><\/p>\n\n\n\n<p>L&#8217;alumnat que gaudeix de la <strong>motxilla escolar<\/strong>, alumnat NESE B, tindr\u00e0 una part de l&#8217;import dels llibres cobert quan faci la compra a IDDINK. Si el Departament d&#8217;Educaci\u00f3 d\u00f3na a alguna fam\u00edlia la motxilla escolar amb posterioritat, el centre far\u00e0 la devoluci\u00f3 d&#8217;aquesta part de l&#8217;import dels llibres. Cal tenir en compte que la motxilla escolar, que gestiona el centre, servir\u00e0 tamb\u00e9 per cobrir altres conceptes.<\/p>\n\n\n\n<p>L&#8217;empresa IDDINK \u00e9s una empresa adherida al <a href=\"https:\/\/valescolar.cat\/\"><strong>Val Escolar<\/strong><\/a> de l&#8217;ESO. En <a href=\"https:\/\/drive.google.com\/file\/d\/1rMNkwyCcC2NQgG1huGde3F7_WQ5KiFJ4\/view?usp=sharing\"><strong>aquest document<\/strong><\/a> poden veure com usar els vals escolars en la compra de llibres reutilitzats a IDDINK.<\/p>\n\n\n\n<p>En el seg\u00fcent v\u00eddeo explicatiu preparat per IDDINK es pot veure&nbsp;<a href=\"https:\/\/vimeo.com\/953990128\">Com fer una comanda tractar els llibres i retornar-los a final de curs<\/a>.<\/p>\n\n\n\n<p>A continuaci\u00f3 poden veure de manera resumida <a href=\"https:\/\/drive.google.com\/file\/d\/1zIjYyKpZ2Pn91BpwEkfj1QXF4IsEhe9T\/view?usp=sharing\">com tractar els ecoBooks al llarg del curs<\/a>, <a href=\"https:\/\/drive.google.com\/file\/d\/1yUEe1khNvDc293VeHrkit3Q-jLqbpZq0\/view?usp=sharing\">com retornar els ecoBooks en finalitzar el curs<\/a>, i els <a href=\"https:\/\/drive.google.com\/file\/d\/1WHlw8iZkExMN4HFS03fNPUOkex5pX-Ll\/view?usp=sharing\">criteris de qualitat que han de complir els ecoBooks<\/a> per ser acceptats quan es retornen.<\/p>\n\n\n\n<h1 class=\"wp-block-heading\"><strong>Reuni\u00f3 benvinguda fam\u00edlies 1r d&#8217;ESO<\/strong><\/h1>\n\n\n\n<p>Reuni\u00f3&nbsp;presencial 4 de juliol de 2024 a les 18:00 per a fam\u00edlies de 1r d&#8217;ESO del curs 2024-25.<\/p>\n\n\n\n<p>En <a href=\"https:\/\/drive.google.com\/file\/d\/1k8dDD-M3peI5aoNOa4fVrnJ-vc3tCLq6\/view?usp=drive_link\">aquest enlla\u00e7<\/a> poden veure la presentaci\u00f3 que es va projectar a la reuni\u00f3.<\/p>\n\n\n\n<h1 class=\"wp-block-heading\"><strong>Reuni\u00f3 fam\u00edlies inici de curs<\/strong><\/h1>\n\n\n\n<p><a href=\"https:\/\/drive.google.com\/file\/d\/1AV3530srYUyS-GXbHl_PWLZe0n3Wu1yr\/view?usp=sharing\">Enlla\u00e7 a la presentaci\u00f3 de la reuni\u00f3&nbsp;del 7 d&#8217;octubre de 2024 per a fam\u00edlies d&#8217;ESO del curs 2024-25<\/a><\/p>\n\n\n\n<h1 class=\"wp-block-heading\">&nbsp;<\/h1>\n\n\n\n<h1 class=\"wp-block-heading\">Curs 2023-24:<\/h1>\n\n\n\n<h1 class=\"wp-block-heading\"><strong>Llibres curs 2023-24<\/strong><\/h1>\n\n\n\n<p><a href=\"https:\/\/docs.google.com\/document\/d\/16mgO5seeY5GCFzI9DOKEJI4hYNBkXaFZ7hHIrwzYaBw\/edit?usp=sharing\"><strong>1r ESO<\/strong><\/a>&#8211;<a href=\"https:\/\/docs.google.com\/document\/d\/1EC-IDsUpjHH-fl8FU6lnt58_I4AOnLtAGPfZqE7snck\/edit?usp=sharing\"><strong>2n ESO<\/strong><\/a>&nbsp;&#8211;&nbsp;<a href=\"https:\/\/docs.google.com\/document\/d\/1rTYctqUP_yA75ytSOJtyVTMO0F7scXrn5ryH7omxMdk\/edit?usp=sharing\"><strong>3r ESO<\/strong><\/a>&nbsp;&#8211; &nbsp;<a href=\"https:\/\/docs.google.com\/document\/d\/1fnzJXtuE05HcJe5aLRAOmxzgDLnSNNGzDD5GAmmfkQg\/edit?usp=sharing\"><strong>4t ESO<\/strong><\/a><strong>&nbsp; (publicat el 16 juny de 2023)<\/strong><\/p>\n\n\n\n<p>Les fam\u00edlies que vulguin fer \u00fas del&nbsp;<strong>servei de reutilitzaci\u00f3 de llibres<\/strong>&nbsp;de l&#8217;AFA amb l&#8217;empresa Iddink, podran fer la comanda directament a la p\u00e0gina&nbsp;<a href=\"https:\/\/www.iddink.cat\/\" target=\"_blank\" rel=\"noreferrer noopener\"><strong>iddink.cat<\/strong><\/a>&nbsp;o per tel\u00e8fon, segons el document&nbsp;<a href=\"https:\/\/drive.google.com\/file\/d\/1AxxoLkFaWX514ZrV8szcIOWX3z4rOueC\/view?usp=sharing\">Com fer la teva comanda<\/a><strong>.<\/strong><\/p>\n\n\n\n<p>En el seg\u00fcent v\u00eddeo explicatiu preparat per IDDINK es pot veure&nbsp;<a href=\"https:\/\/drive.google.com\/file\/d\/1-ySzXUEdMV5Ei0Gek9xHVSfqAZuuwjCt\/view?usp=sharing\">Com fer una comanda tractar els llibres i retornar-los a final de curs<\/a>.<\/p>\n\n\n\n<h1 class=\"wp-block-heading\"><strong>Reuni\u00f3 benvinguda fam\u00edlies 1r d&#8217;ESO<\/strong><\/h1>\n\n\n\n<p><a href=\"https:\/\/www.canva.com\/design\/DAFnADNAyI4\/MlQv6-pcvZFPkjcz9Kwj8g\/view?utm_content=DAFnADNAyI4&amp;utm_campaign=designshare&amp;utm_medium=link&amp;utm_source=publishsharelink#1\">Enlla\u00e7 a la presentaci\u00f3 de la reuni\u00f3&nbsp;del 3 de juliol de 2023 per a fam\u00edlies de 1r d&#8217;ESO del curs 2023-24<\/a><\/p>\n\n\n\n<hr class=\"wp-block-separator has-alpha-channel-opacity\"\/>\n\n\n\n<h1 class=\"wp-block-heading\">Curs 2022-23:<\/h1>\n\n\n\n<h1 class=\"wp-block-heading\"><strong>Llibres curs 2022-23<\/strong><\/h1>\n\n\n\n<p><a href=\"https:\/\/docs.google.com\/document\/d\/1qrz7ApTPKHe9wdgnPTAHOygCsvBsK8E8GRFPc5xpMYg\/edit?usp=sharing\"><strong>1r ESO<\/strong><\/a>&#8211;<a href=\"https:\/\/docs.google.com\/document\/d\/1RMJzQbbgZ67i6kmOHLZKHiM8jH9xN615LXgbgxHGMvc\/edit?usp=sharing\"><strong>2n ESO<\/strong><\/a>&nbsp;&#8211;&nbsp;<a href=\"https:\/\/docs.google.com\/document\/d\/1sUN2O2DtYP1xhd5NP1PDJVwJhXGVY1eueROPerOOV_s\/edit?usp=sharing\"><strong>3r ESO<\/strong><\/a>&nbsp;&#8211; &nbsp;<a href=\"https:\/\/docs.google.com\/document\/d\/1GBQXvZb7Dkn39lkL9pisT4fhomk5qffn7ZsJvWoEHwE\/edit?usp=sharing\"><strong>4t ESO<\/strong><\/a><strong>&nbsp; (actualitzat el 21 juny de 2022)<\/strong><\/p>\n\n\n\n<p>Les fam\u00edlies que vulguin fer \u00fas del&nbsp;<strong>servei de reutilitzaci\u00f3 de llibres<\/strong>&nbsp;de l&#8217;AFA amb l&#8217;empresa Iddink, podran fer la comanda directament a la p\u00e0gina&nbsp;<a href=\"https:\/\/www.iddink.cat\/\" target=\"_blank\" rel=\"noreferrer noopener\"><strong>iddink.cat<\/strong><\/a>&nbsp;o per tel\u00e8fon, segons el document&nbsp;<a href=\"https:\/\/drive.google.com\/file\/d\/1z3rySgGKu_d1vmWpxd022U0VABljBeu-\/view?usp=sharing\">Com fer la teva comanda<\/a><strong>.<\/strong><\/p>\n\n\n\n<p>En el seg\u00fcent v\u00eddeo explicatiu preparat per IDDINK es pot veure&nbsp;<a href=\"https:\/\/drive.google.com\/file\/d\/1-ySzXUEdMV5Ei0Gek9xHVSfqAZuuwjCt\/view?usp=sharing\">Com fer una comanda tractar els llibres i retornar-los a final de curs<\/a>.<\/p>\n\n\n\n<h1 class=\"wp-block-heading\"><strong>Reuni\u00f3 benvinguda fam\u00edlies 1r d&#8217;ESO<\/strong><\/h1>\n\n\n\n<p><a href=\"https:\/\/drive.google.com\/file\/d\/1VDMhh_C3ExQM8LtfKPJuHZ8W8O8vWItA\/view?usp=sharing\">Enlla\u00e7 a la presentaci\u00f3 de la reuni\u00f3&nbsp;del 5 de juliol de 2022 per a fam\u00edlies de 1r d&#8217;ESO del curs 2022-23<\/a><\/p>\n\n\n\n<h1 class=\"wp-block-heading\"><strong>Calendari<\/strong><\/h1>\n\n\n\n<p><a href=\"https:\/\/drive.google.com\/file\/d\/1ABZsJJmApnlRYq3-raE8hugYBj80w50e\/view?usp=sharing\"><strong>Calendari del curs 2023-2024<\/strong><\/a>&nbsp;(Actualitzat a 25 setembre 2023)<br><a href=\"https:\/\/drive.google.com\/file\/d\/1r3kcOE23vtZxpMDTbtGvfno5zo9WmOsM\/view?usp=sharing\"><strong>Calendari sortides i activitats 2023-2024<\/strong><\/a>&nbsp;(Actualitzat a 25 setembre 2023)<\/p>\n\n\n\n<h1 class=\"wp-block-heading\"><strong>Indicacions inici de curs&nbsp;<\/strong>(reuni\u00f3 tutoria)<\/h1>\n\n\n\n<p><a href=\"https:\/\/drive.google.com\/file\/d\/1MDaSNW_R7d88zl2RNrIRc0mdAVlz9sOq\/view?usp=sharing\"><strong>Reuni\u00f3 fam\u00edlies ESO<\/strong><\/a>(octubre 2023)<\/p>\n\n\n\n<h1 class=\"wp-block-heading\"><strong>Informaci\u00f3 viatges<\/strong><\/h1>\n\n\n\n<p>Col\u00f2nies 1r ESO<br>Sortida a la neu 4t ESO<\/p>\n","protected":false},"excerpt":{"rendered":"<p>Curs 2025-26: Calendari Calendari del curs 2025-2026Calendari sortides i activitats 2025-2026&nbsp; &nbsp; Reuni\u00f3 benvinguda fam\u00edlies 1r d&#8217;ESO&nbsp; Reuni\u00f3&nbsp;presencial 3 de juliol de 2025 a les 18:00 per a fam\u00edlies de 1r d&#8217;ESO del curs 2025-26. En aquest enlla\u00e7 poden veure la presentaci\u00f3 que es va projectar a la reuni\u00f3. Llibres curs 2025-26 1r ESO&#8211;2n ESO&nbsp;&#8211;&nbsp;3r [&hellip;]<\/p>\n","protected":false},"author":1,"featured_media":0,"parent":0,"menu_order":0,"comment_status":"closed","ping_status":"close","template":"","meta":{"site-sidebar-layout":"default","site-content-layout":"","ast-site-content-layout":"default","site-content-style":"default","site-sidebar-style":"default","ast-global-header-display":"","ast-banner-title-visibility":"","ast-main-header-display":"","ast-hfb-above-header-display":"","ast-hfb-below-header-display":"","ast-hfb-mobile-header-display":"","site-post-title":"","ast-breadcrumbs-content":"","ast-featured-img":"","footer-sml-layout":"","theme-transparent-header-meta":"","adv-header-id-meta":"","stick-header-meta":"","header-above-stick-meta":"","header-main-stick-meta":"","header-below-stick-meta":"","astra-migrate-meta-layouts":"set","ast-page-background-enabled":"default","ast-page-background-meta":{"desktop":{"background-color":"var(--ast-global-color-4)","background-image":"","background-repeat":"repeat","background-position":"center center","background-size":"auto","background-attachment":"scroll","background-type":"","background-media":"","overlay-type":"","overlay-color":"","overlay-opacity":"","overlay-gradient":""},"tablet":{"background-color":"","background-image":"","background-repeat":"repeat","background-position":"center center","background-size":"auto","background-attachment":"scroll","background-type":"","background-media":"","overlay-type":"","overlay-color":"","overlay-opacity":"","overlay-gradient":""},"mobile":{"background-color":"","background-image":"","background-repeat":"repeat","background-position":"center center","background-size":"auto","background-attachment":"scroll","background-type":"","background-media":"","overlay-type":"","overlay-color":"","overlay-opacity":"","overlay-gradient":""}},"ast-content-background-meta":{"desktop":{"background-color":"var(--ast-global-color-5)","background-image":"","background-repeat":"repeat","background-position":"center center","background-size":"auto","background-attachment":"scroll","background-type":"","background-media":"","overlay-type":"","overlay-color":"","overlay-opacity":"","overlay-gradient":""},"tablet":{"background-color":"var(--ast-global-color-5)","background-image":"","background-repeat":"repeat","background-position":"center center","background-size":"auto","background-attachment":"scroll","background-type":"","background-media":"","overlay-type":"","overlay-color":"","overlay-opacity":"","overlay-gradient":""},"mobile":{"background-color":"var(--ast-global-color-5)","background-image":"","background-repeat":"repeat","background-position":"center center","background-size":"auto","background-attachment":"scroll","background-type":"","background-media":"","overlay-type":"","overlay-color":"","overlay-opacity":"","overlay-gradient":""}},"footnotes":""},"class_list":["post-916","page","type-page","status-publish","hentry"],"post_mailing_queue_ids":[],"_links":{"self":[{"href":"https:\/\/agora.xtec.cat\/iesolorda\/wp-json\/wp\/v2\/pages\/916","targetHints":{"allow":["GET"]}}],"collection":[{"href":"https:\/\/agora.xtec.cat\/iesolorda\/wp-json\/wp\/v2\/pages"}],"about":[{"href":"https:\/\/agora.xtec.cat\/iesolorda\/wp-json\/wp\/v2\/types\/page"}],"author":[{"embeddable":true,"href":"https:\/\/agora.xtec.cat\/iesolorda\/wp-json\/wp\/v2\/users\/1"}],"replies":[{"embeddable":true,"href":"https:\/\/agora.xtec.cat\/iesolorda\/wp-json\/wp\/v2\/comments?post=916"}],"version-history":[{"count":2,"href":"https:\/\/agora.xtec.cat\/iesolorda\/wp-json\/wp\/v2\/pages\/916\/revisions"}],"predecessor-version":[{"id":930,"href":"https:\/\/agora.xtec.cat\/iesolorda\/wp-json\/wp\/v2\/pages\/916\/revisions\/930"}],"wp:attachment":[{"href":"https:\/\/agora.xtec.cat\/iesolorda\/wp-json\/wp\/v2\/media?parent=916"}],"curies":[{"name":"wp","href":"https:\/\/api.w.org\/{rel}","templated":true}]}}