{"id":883,"date":"2026-03-24T09:19:13","date_gmt":"2026-03-24T08:19:13","guid":{"rendered":"https:\/\/agora.xtec.cat\/iesolorda\/?page_id=883"},"modified":"2026-04-24T09:21:23","modified_gmt":"2026-04-24T07:21:23","slug":"incidencies-informatica","status":"publish","type":"page","link":"https:\/\/agora.xtec.cat\/iesolorda\/incidencies-informatica\/","title":{"rendered":"Incid\u00e8ncies inform\u00e0tica"},"content":{"rendered":"\n<p>Des d&#8217;aqu\u00ed podeu fer peticions al coordinador digital.&nbsp;<br>Totes les respostes als formularis s&#8217;envien immediatament al seu correu.&nbsp;<\/p>\n\n\n\n<p><strong>En alguns formularis cal accedir-hi amb correu xtec<\/strong>.<\/p>\n\n\n\n<div style=\"height:45px\" aria-hidden=\"true\" class=\"wp-block-spacer\"><\/div>\n\n\n\n<p><strong>ALUMNAT:<\/strong><\/p>\n\n\n\n<p><a href=\"https:\/\/docs.google.com\/forms\/d\/e\/1FAIpQLSdqcduW820MwpfU1SSn4c-0TdQTc2Ti7aHurPBDY9668nHzFA\/viewform\">Incid\u00e8ncia <strong>PORT\u00c0TIL ALUMNAT<\/strong><\/a><\/p>\n\n\n\n<div style=\"height:60px\" aria-hidden=\"true\" class=\"wp-block-spacer\"><\/div>\n\n\n\n<p><strong>NOM\u00c9S PROFESSORAT:<\/strong><\/p>\n\n\n\n<p><a href=\"https:\/\/docs.google.com\/forms\/d\/e\/1FAIpQLSfgjef1DszmKXt4bSF_nYhLisvFcHNLh4d9aMh2dpnDkOovuQ\/viewform\">Incid\u00e8ncia sobre equipament d&#8217;aula<\/a> <\/p>\n\n\n\n<p><a href=\"https:\/\/docs.google.com\/forms\/d\/e\/1FAIpQLSebPU8mfPifHUInCKCusea9X69z3DLDvauGmO5BpsDJtP3LRA\/viewform\">Usuari Classroom \/ Moodle<\/a><\/p>\n\n\n\n<p><a href=\"https:\/\/docs.google.com\/forms\/d\/e\/1FAIpQLSclrF_009oezmynxZStThxafpkH83jSdVFTr47KM_KlaJU15Q\/viewform\">Petici\u00f3 v\u00eddeos \/ documentals<\/a><\/p>\n\n\n\n<p><a href=\"https:\/\/docs.google.com\/forms\/d\/e\/1FAIpQLSeGib6HtRsdaf-bIM1SGJhCeCqmd_-HHg0pWedGFgBVdK_3Wg\/viewform?usp=sf_link\">Creaci\u00f3 curs Moodle 2025-26<\/a><\/p>\n\n\n\n<p><\/p>\n","protected":false},"excerpt":{"rendered":"<p>Des d&#8217;aqu\u00ed podeu fer peticions al coordinador digital.&nbsp;Totes les respostes als formularis s&#8217;envien immediatament al seu correu.&nbsp; En alguns formularis cal accedir-hi amb correu xtec. ALUMNAT: Incid\u00e8ncia PORT\u00c0TIL ALUMNAT NOM\u00c9S PROFESSORAT: Incid\u00e8ncia sobre equipament d&#8217;aula Usuari Classroom \/ Moodle Petici\u00f3 v\u00eddeos \/ documentals Creaci\u00f3 curs Moodle 2025-26<\/p>\n","protected":false},"author":1,"featured_media":0,"parent":0,"menu_order":0,"comment_status":"closed","ping_status":"close","template":"","meta":{"site-sidebar-layout":"default","site-content-layout":"","ast-site-content-layout":"default","site-content-style":"default","site-sidebar-style":"default","ast-global-header-display":"","ast-banner-title-visibility":"","ast-main-header-display":"","ast-hfb-above-header-display":"","ast-hfb-below-header-display":"","ast-hfb-mobile-header-display":"","site-post-title":"","ast-breadcrumbs-content":"","ast-featured-img":"","footer-sml-layout":"","theme-transparent-header-meta":"","adv-header-id-meta":"","stick-header-meta":"","header-above-stick-meta":"","header-main-stick-meta":"","header-below-stick-meta":"","astra-migrate-meta-layouts":"set","ast-page-background-enabled":"default","ast-page-background-meta":{"desktop":{"background-color":"var(--ast-global-color-4)","background-image":"","background-repeat":"repeat","background-position":"center center","background-size":"auto","background-attachment":"scroll","background-type":"","background-media":"","overlay-type":"","overlay-color":"","overlay-opacity":"","overlay-gradient":""},"tablet":{"background-color":"","background-image":"","background-repeat":"repeat","background-position":"center center","background-size":"auto","background-attachment":"scroll","background-type":"","background-media":"","overlay-type":"","overlay-color":"","overlay-opacity":"","overlay-gradient":""},"mobile":{"background-color":"","background-image":"","background-repeat":"repeat","background-position":"center center","background-size":"auto","background-attachment":"scroll","background-type":"","background-media":"","overlay-type":"","overlay-color":"","overlay-opacity":"","overlay-gradient":""}},"ast-content-background-meta":{"desktop":{"background-color":"var(--ast-global-color-5)","background-image":"","background-repeat":"repeat","background-position":"center center","background-size":"auto","background-attachment":"scroll","background-type":"","background-media":"","overlay-type":"","overlay-color":"","overlay-opacity":"","overlay-gradient":""},"tablet":{"background-color":"var(--ast-global-color-5)","background-image":"","background-repeat":"repeat","background-position":"center center","background-size":"auto","background-attachment":"scroll","background-type":"","background-media":"","overlay-type":"","overlay-color":"","overlay-opacity":"","overlay-gradient":""},"mobile":{"background-color":"var(--ast-global-color-5)","background-image":"","background-repeat":"repeat","background-position":"center center","background-size":"auto","background-attachment":"scroll","background-type":"","background-media":"","overlay-type":"","overlay-color":"","overlay-opacity":"","overlay-gradient":""}},"footnotes":""},"class_list":["post-883","page","type-page","status-publish","hentry"],"post_mailing_queue_ids":[],"_links":{"self":[{"href":"https:\/\/agora.xtec.cat\/iesolorda\/wp-json\/wp\/v2\/pages\/883","targetHints":{"allow":["GET"]}}],"collection":[{"href":"https:\/\/agora.xtec.cat\/iesolorda\/wp-json\/wp\/v2\/pages"}],"about":[{"href":"https:\/\/agora.xtec.cat\/iesolorda\/wp-json\/wp\/v2\/types\/page"}],"author":[{"embeddable":true,"href":"https:\/\/agora.xtec.cat\/iesolorda\/wp-json\/wp\/v2\/users\/1"}],"replies":[{"embeddable":true,"href":"https:\/\/agora.xtec.cat\/iesolorda\/wp-json\/wp\/v2\/comments?post=883"}],"version-history":[{"count":6,"href":"https:\/\/agora.xtec.cat\/iesolorda\/wp-json\/wp\/v2\/pages\/883\/revisions"}],"predecessor-version":[{"id":1507,"href":"https:\/\/agora.xtec.cat\/iesolorda\/wp-json\/wp\/v2\/pages\/883\/revisions\/1507"}],"wp:attachment":[{"href":"https:\/\/agora.xtec.cat\/iesolorda\/wp-json\/wp\/v2\/media?parent=883"}],"curies":[{"name":"wp","href":"https:\/\/api.w.org\/{rel}","templated":true}]}}