{"id":801,"date":"2026-03-24T08:58:02","date_gmt":"2026-03-24T07:58:02","guid":{"rendered":"https:\/\/agora.xtec.cat\/iesolorda\/?page_id=801"},"modified":"2026-04-23T10:22:31","modified_gmt":"2026-04-23T08:22:31","slug":"matematiques","status":"publish","type":"page","link":"https:\/\/agora.xtec.cat\/iesolorda\/matematiques\/","title":{"rendered":"Matem\u00e0tiques"},"content":{"rendered":"\n<p><img loading=\"lazy\" decoding=\"async\" src=\"https:\/\/agora.xtec.cat\/iesolorda\/wp-content\/uploads\/usu3186\/2026\/04\/MATES_banner.png\" width=\"400\" height=\"76\"> <a href=\"https:\/\/agora.xtec.cat\/iesolorda\/departaments\">Torna a departaments<\/a><\/p>\n\n\n\n<p><strong>Criteris<\/strong><\/p>\n\n\n\n<figure class=\"wp-block-table\"><table class=\"has-fixed-layout\"><tbody><tr><td><a href=\"https:\/\/docs.google.com\/document\/d\/1QxHE7HVFgmQUte-t8uRkqUjdi-Hp13aB\/edit?usp=sharing&amp;ouid=116884878668790070596&amp;rtpof=true&amp;sd=true\" target=\"_blank\" rel=\"noreferrer noopener\"><strong>Matem\u00e0tiques ESO<\/strong><\/a><\/td><td><a href=\"https:\/\/docs.google.com\/document\/d\/1lZscOOPwP4CBUicuGO3W84RGMByaXFzT\/edit?usp=sharing&amp;ouid=116884878668790070596&amp;rtpof=true&amp;sd=true\"><strong>Matem\u00e0tiques 1r i 2n BAT<\/strong><\/a><\/td><\/tr><tr><td><a href=\"https:\/\/docs.google.com\/document\/d\/1By0ZM4h6bz5nUGXA3nJT3wUsAq6fKcXe\/edit?usp=sharing&amp;ouid=116884878668790070596&amp;rtpof=true&amp;sd=true\" target=\"_blank\" rel=\"noreferrer noopener\"><strong>Emprenedoria de 3rr ESO<\/strong><\/a><\/td><td><a href=\"https:\/\/docs.google.com\/document\/d\/1ZAG-n0MCTnkmu3az2-cwe277AIGKrlgA\/edit?usp=sharing&amp;ouid=116884878668790070596&amp;rtpof=true&amp;sd=true\"><strong>Economia 1r BAT<\/strong><\/a><\/td><\/tr><tr><td><a href=\"https:\/\/docs.google.com\/document\/d\/1MfvQIAjAPZjqW3BJpJ3rCyjw7VtbbUQN\/edit?usp=sharing&amp;ouid=116884878668790070596&amp;rtpof=true&amp;sd=true\"><strong>Economia b\u00e0sica 4t ESO<\/strong><\/a><\/td><td><a href=\"https:\/\/docs.google.com\/document\/d\/1_9M6ljBhUDWvgIVV08UhRsjZFpw-opSK\/edit?usp=sharing&amp;ouid=116884878668790070596&amp;rtpof=true&amp;sd=true\" target=\"_blank\" rel=\"noreferrer noopener\"><strong>Economia i funcionament de l&#8217;empresa de 1r BAT<\/strong><\/a><\/td><\/tr><tr><td><a href=\"https:\/\/drive.google.com\/open?id=1tML31srMFsdLi9q4Ud-T2rvjkTvklwku\" target=\"_blank\" rel=\"noreferrer noopener\"><strong>Proves cangur<\/strong><\/a><\/td><td><a href=\"https:\/\/docs.google.com\/document\/d\/1u_a0HGq2i-8-9omCApni1OT8eeFLUESy\/edit?usp=sharing&amp;ouid=116884878668790070596&amp;rtpof=true&amp;sd=true\"><strong>Funcionament de l\u2019Empresa i Disseny de Models de Negoci 2n BAT<\/strong><\/a><\/td><\/tr><\/tbody><\/table><\/figure>\n\n\n\n<p><strong>Programacions<\/strong><\/p>\n\n\n\n<figure class=\"wp-block-table\"><table class=\"has-fixed-layout\"><tbody><tr><td><strong>ESO<\/strong><\/td><td><strong>1r batxillerat<\/strong><\/td><td><strong>2n batxillerat<\/strong><\/td><\/tr><tr><td><a href=\"https:\/\/docs.google.com\/document\/d\/116m7rHCVZZcngxWbb1X6vMMRmdV1nCau\/edit?usp=drive_link&amp;ouid=116884878668790070596&amp;rtpof=true&amp;sd=true\" target=\"_blank\" rel=\"noreferrer noopener\"><strong>1r ESO<\/strong><\/a><\/td><td><a href=\"https:\/\/docs.google.com\/document\/d\/166QfDJ9cnt6Jd22x4q3tl6RQy-l-Z4ow\/edit?usp=drive_link&amp;ouid=116884878668790070596&amp;rtpof=true&amp;sd=true\" target=\"_blank\" rel=\"noreferrer noopener\"><strong>Matem\u00e0tiques (cient\u00edfic)<\/strong><\/a><\/td><td><a href=\"https:\/\/docs.google.com\/document\/d\/1EWZ5VFxviklJje4S8mQxQZjdrRpM6jf3\/edit?usp=drive_link&amp;ouid=116884878668790070596&amp;rtpof=true&amp;sd=true\" target=\"_blank\" rel=\"noreferrer noopener\"><strong>Matem\u00e0tiques (cient\u00edfic)<\/strong><\/a><\/td><\/tr><tr><td><a href=\"https:\/\/docs.google.com\/document\/d\/1WD8Sq7jGwR_JHxcotwDlymTj_iTc4ITo\/edit?usp=drive_link&amp;ouid=116884878668790070596&amp;rtpof=true&amp;sd=true\" target=\"_blank\" rel=\"noreferrer noopener\"><strong>2n ESO<\/strong><\/a><\/td><td><a href=\"https:\/\/docs.google.com\/document\/d\/1WWO3y8EfY8laQXShWdb7W2-77_oax-bo\/edit?usp=drive_link&amp;ouid=116884878668790070596&amp;rtpof=true&amp;sd=true\" target=\"_blank\" rel=\"noreferrer noopener\"><strong>Economia d&#8217;empresa<\/strong><\/a><\/td><td><a href=\"https:\/\/docs.google.com\/document\/d\/1uvQI2AoLEacMCtH2HUGKv7Uw8NwGLtTS\/edit?usp=drive_link&amp;ouid=116884878668790070596&amp;rtpof=true&amp;sd=true\"><strong>Funcionament de l&#8217;empresa<\/strong><\/a><\/td><\/tr><tr><td><a href=\"https:\/\/docs.google.com\/document\/d\/1Hbce7GjLf3YrSHllA8zJyItpNdPfweOl\/edit?usp=drive_link&amp;ouid=116884878668790070596&amp;rtpof=true&amp;sd=true\" target=\"_blank\" rel=\"noreferrer noopener\"><strong>3r ESO<\/strong><\/a> \/ <a href=\"https:\/\/docs.google.com\/document\/d\/1mXAHCPi1GxQNtUFnPPhXree-mrVvF9yT\/edit?usp=drive_link&amp;ouid=116884878668790070596&amp;rtpof=true&amp;sd=true\"><strong>Emprenedoria<\/strong><\/a><\/td><td><a href=\"https:\/\/docs.google.com\/document\/d\/1l3ifz3Z1JQ4xukaVW75yFKADZu5nMggn\/edit?usp=drive_link&amp;ouid=116884878668790070596&amp;rtpof=true&amp;sd=true\"><strong>Funcionament de l&#8217;empresa<\/strong><\/a><\/td><td>&nbsp;<\/td><\/tr><tr><td><a href=\"https:\/\/docs.google.com\/document\/d\/1YR04135t-fT5WlwnBPnNz_1swGpEFuFQ\/edit?usp=drive_link&amp;ouid=116884878668790070596&amp;rtpof=true&amp;sd=true\" target=\"_blank\" rel=\"noreferrer noopener\"><strong>4r ESO<\/strong><\/a> \/ <a href=\"https:\/\/docs.google.com\/document\/d\/1yyPu61Q349gxQhX4oaW9JDMWDUzjERs-\/edit?usp=drive_link&amp;ouid=116884878668790070596&amp;rtpof=true&amp;sd=true\" target=\"_blank\" rel=\"noreferrer noopener\"><strong>4t ESO economia<\/strong><\/a><\/td><td>&nbsp;<\/td><td>&nbsp;<\/td><\/tr><\/tbody><\/table><\/figure>\n\n\n\n<p><strong>Materials addicionals<\/strong><\/p>\n\n\n\n<figure class=\"wp-block-table\"><table class=\"has-fixed-layout\"><tbody><tr><td colspan=\"3\"><a href=\"http:\/\/iesolorda.cat\/departaments\/inf\/grafics_2btx\/index.htm\" target=\"_blank\" rel=\"noreferrer noopener\"><strong>Gr\u00e0fics<\/strong><\/a>. Material desenvolupat com <strong>optativa a 2n BTX de Ci\u00e8ncies Socials<\/strong>&nbsp;en cursos anteriors, en els quals s&#8217;apliquen conceptes tractats en aquest curs.<\/td><\/tr><\/tbody><\/table><\/figure>\n","protected":false},"excerpt":{"rendered":"<p>Torna a departaments Criteris Matem\u00e0tiques ESO Matem\u00e0tiques 1r i 2n BAT Emprenedoria de 3rr ESO Economia 1r BAT Economia b\u00e0sica 4t ESO Economia i funcionament de l&#8217;empresa de 1r BAT Proves cangur Funcionament de l\u2019Empresa i Disseny de Models de Negoci 2n BAT Programacions ESO 1r batxillerat 2n batxillerat 1r ESO Matem\u00e0tiques (cient\u00edfic) Matem\u00e0tiques (cient\u00edfic) [&hellip;]<\/p>\n","protected":false},"author":1,"featured_media":0,"parent":0,"menu_order":0,"comment_status":"closed","ping_status":"close","template":"","meta":{"site-sidebar-layout":"default","site-content-layout":"","ast-site-content-layout":"default","site-content-style":"default","site-sidebar-style":"default","ast-global-header-display":"","ast-banner-title-visibility":"","ast-main-header-display":"","ast-hfb-above-header-display":"","ast-hfb-below-header-display":"","ast-hfb-mobile-header-display":"","site-post-title":"","ast-breadcrumbs-content":"","ast-featured-img":"","footer-sml-layout":"","theme-transparent-header-meta":"","adv-header-id-meta":"","stick-header-meta":"","header-above-stick-meta":"","header-main-stick-meta":"","header-below-stick-meta":"","astra-migrate-meta-layouts":"set","ast-page-background-enabled":"default","ast-page-background-meta":{"desktop":{"background-color":"var(--ast-global-color-4)","background-image":"","background-repeat":"repeat","background-position":"center center","background-size":"auto","background-attachment":"scroll","background-type":"","background-media":"","overlay-type":"","overlay-color":"","overlay-opacity":"","overlay-gradient":""},"tablet":{"background-color":"","background-image":"","background-repeat":"repeat","background-position":"center center","background-size":"auto","background-attachment":"scroll","background-type":"","background-media":"","overlay-type":"","overlay-color":"","overlay-opacity":"","overlay-gradient":""},"mobile":{"background-color":"","background-image":"","background-repeat":"repeat","background-position":"center center","background-size":"auto","background-attachment":"scroll","background-type":"","background-media":"","overlay-type":"","overlay-color":"","overlay-opacity":"","overlay-gradient":""}},"ast-content-background-meta":{"desktop":{"background-color":"var(--ast-global-color-5)","background-image":"","background-repeat":"repeat","background-position":"center center","background-size":"auto","background-attachment":"scroll","background-type":"","background-media":"","overlay-type":"","overlay-color":"","overlay-opacity":"","overlay-gradient":""},"tablet":{"background-color":"var(--ast-global-color-5)","background-image":"","background-repeat":"repeat","background-position":"center center","background-size":"auto","background-attachment":"scroll","background-type":"","background-media":"","overlay-type":"","overlay-color":"","overlay-opacity":"","overlay-gradient":""},"mobile":{"background-color":"var(--ast-global-color-5)","background-image":"","background-repeat":"repeat","background-position":"center center","background-size":"auto","background-attachment":"scroll","background-type":"","background-media":"","overlay-type":"","overlay-color":"","overlay-opacity":"","overlay-gradient":""}},"footnotes":""},"class_list":["post-801","page","type-page","status-publish","hentry"],"post_mailing_queue_ids":[],"_links":{"self":[{"href":"https:\/\/agora.xtec.cat\/iesolorda\/wp-json\/wp\/v2\/pages\/801","targetHints":{"allow":["GET"]}}],"collection":[{"href":"https:\/\/agora.xtec.cat\/iesolorda\/wp-json\/wp\/v2\/pages"}],"about":[{"href":"https:\/\/agora.xtec.cat\/iesolorda\/wp-json\/wp\/v2\/types\/page"}],"author":[{"embeddable":true,"href":"https:\/\/agora.xtec.cat\/iesolorda\/wp-json\/wp\/v2\/users\/1"}],"replies":[{"embeddable":true,"href":"https:\/\/agora.xtec.cat\/iesolorda\/wp-json\/wp\/v2\/comments?post=801"}],"version-history":[{"count":4,"href":"https:\/\/agora.xtec.cat\/iesolorda\/wp-json\/wp\/v2\/pages\/801\/revisions"}],"predecessor-version":[{"id":1471,"href":"https:\/\/agora.xtec.cat\/iesolorda\/wp-json\/wp\/v2\/pages\/801\/revisions\/1471"}],"wp:attachment":[{"href":"https:\/\/agora.xtec.cat\/iesolorda\/wp-json\/wp\/v2\/media?parent=801"}],"curies":[{"name":"wp","href":"https:\/\/api.w.org\/{rel}","templated":true}]}}