{"id":798,"date":"2026-03-24T08:58:01","date_gmt":"2026-03-24T07:58:01","guid":{"rendered":"https:\/\/agora.xtec.cat\/iesolorda\/?page_id=798"},"modified":"2026-04-23T10:23:54","modified_gmt":"2026-04-23T08:23:54","slug":"tecnologia","status":"publish","type":"page","link":"https:\/\/agora.xtec.cat\/iesolorda\/tecnologia\/","title":{"rendered":"Tecnologia"},"content":{"rendered":"\n<p><img loading=\"lazy\" decoding=\"async\" src=\"https:\/\/agora.xtec.cat\/iesolorda\/wp-content\/uploads\/usu3186\/2026\/04\/TECNOLOGIA_banner.png\" width=\"400\" height=\"76\"> <a href=\"https:\/\/agora.xtec.cat\/iesolorda\/departaments\">Torna a departaments<\/a><\/p>\n\n\n\n<p><strong>Programacions i criteris<\/strong><\/p>\n\n\n\n<figure class=\"wp-block-table\"><table class=\"has-fixed-layout\"><tbody><tr><td><strong>ESO<\/strong><\/td><td><strong>1r Batxillerat<\/strong><\/td><\/tr><tr><td><a href=\"https:\/\/docs.google.com\/document\/d\/1ts_1jen7PoKeB64BhHPo6rueoszzL_lM\/edit?usp=drive_link&amp;ouid=116884878668790070596&amp;rtpof=true&amp;sd=true\" target=\"_blank\" rel=\"noreferrer noopener\"><strong>1r ESO<\/strong><\/a><\/td><td><a href=\"https:\/\/docs.google.com\/document\/d\/17Vy9duCuw1VH9E0k6VzCJ7Go_tuK0dCk\/edit?usp=drive_link&amp;ouid=116884878668790070596&amp;rtpof=true&amp;sd=true\"><strong>OPT Rob\u00f2tica<\/strong><\/a><\/td><\/tr><tr><td><a href=\"https:\/\/docs.google.com\/document\/d\/1CZHpB7tt9Brd8DPvmGpxc0Pora6mmYvU\/edit?usp=drive_link&amp;ouid=116884878668790070596&amp;rtpof=true&amp;sd=true\" target=\"_blank\" rel=\"noreferrer noopener\"><strong>2n ESO<\/strong><\/a><\/td><td>&nbsp;<\/td><\/tr><tr><td><a href=\"https:\/\/docs.google.com\/document\/d\/1FHuPDxTZR3g-d4Fgcl2ftv8kL6g8gf0H\/edit?usp=drive_link&amp;ouid=116884878668790070596&amp;rtpof=true&amp;sd=true\"><strong>3r ESO OPT Rob\u00f2tica<\/strong><\/a><\/td><td>&nbsp;<\/td><\/tr><tr><td><a href=\"https:\/\/docs.google.com\/document\/d\/1oskWaLA7gVnpyE0GvG72S6twS8bpzNQ8\/edit?usp=drive_link&amp;ouid=116884878668790070596&amp;rtpof=true&amp;sd=true\"><strong>4t ESO OPT Digitalitzaci\u00f3<\/strong><\/a><\/td><td>&nbsp;<\/td><\/tr><tr><td><a href=\"https:\/\/docs.google.com\/document\/d\/1bne1KnpPLOJOakKWCeeXoAmljDgquwuA\/edit?usp=drive_link&amp;ouid=116884878668790070596&amp;rtpof=true&amp;sd=true\"><strong>4t ESO OPT Rob\u00f2tica<\/strong><\/a><\/td><td>&nbsp;<\/td><\/tr><\/tbody><\/table><\/figure>\n\n\n\n<p><strong>Enlla\u00e7os<\/strong><\/p>\n\n\n\n<figure class=\"wp-block-table\"><table class=\"has-fixed-layout\"><tbody><tr><td><a href=\"http:\/\/iesolorda.cat\/departaments\/tec\/eines\/portal.htm\" target=\"_blank\" rel=\"noreferrer noopener\"><strong>Eines aula de tecnologia<\/strong><\/a><\/td><\/tr><tr><td><a href=\"http:\/\/iesolorda.cat\/departaments\/inf\/excel\/index.htm\" target=\"_blank\" rel=\"noreferrer noopener\"><strong>Activitats de full de c\u00e0lcul<\/strong><\/a><\/td><\/tr><\/tbody><\/table><\/figure>\n","protected":false},"excerpt":{"rendered":"<p>Torna a departaments Programacions i criteris ESO 1r Batxillerat 1r ESO OPT Rob\u00f2tica 2n ESO &nbsp; 3r ESO OPT Rob\u00f2tica &nbsp; 4t ESO OPT Digitalitzaci\u00f3 &nbsp; 4t ESO OPT Rob\u00f2tica &nbsp; Enlla\u00e7os Eines aula de tecnologia Activitats de full de c\u00e0lcul<\/p>\n","protected":false},"author":1,"featured_media":0,"parent":0,"menu_order":0,"comment_status":"closed","ping_status":"close","template":"","meta":{"site-sidebar-layout":"default","site-content-layout":"","ast-site-content-layout":"default","site-content-style":"default","site-sidebar-style":"default","ast-global-header-display":"","ast-banner-title-visibility":"","ast-main-header-display":"","ast-hfb-above-header-display":"","ast-hfb-below-header-display":"","ast-hfb-mobile-header-display":"","site-post-title":"","ast-breadcrumbs-content":"","ast-featured-img":"","footer-sml-layout":"","theme-transparent-header-meta":"","adv-header-id-meta":"","stick-header-meta":"","header-above-stick-meta":"","header-main-stick-meta":"","header-below-stick-meta":"","astra-migrate-meta-layouts":"set","ast-page-background-enabled":"default","ast-page-background-meta":{"desktop":{"background-color":"var(--ast-global-color-4)","background-image":"","background-repeat":"repeat","background-position":"center center","background-size":"auto","background-attachment":"scroll","background-type":"","background-media":"","overlay-type":"","overlay-color":"","overlay-opacity":"","overlay-gradient":""},"tablet":{"background-color":"","background-image":"","background-repeat":"repeat","background-position":"center center","background-size":"auto","background-attachment":"scroll","background-type":"","background-media":"","overlay-type":"","overlay-color":"","overlay-opacity":"","overlay-gradient":""},"mobile":{"background-color":"","background-image":"","background-repeat":"repeat","background-position":"center center","background-size":"auto","background-attachment":"scroll","background-type":"","background-media":"","overlay-type":"","overlay-color":"","overlay-opacity":"","overlay-gradient":""}},"ast-content-background-meta":{"desktop":{"background-color":"var(--ast-global-color-5)","background-image":"","background-repeat":"repeat","background-position":"center center","background-size":"auto","background-attachment":"scroll","background-type":"","background-media":"","overlay-type":"","overlay-color":"","overlay-opacity":"","overlay-gradient":""},"tablet":{"background-color":"var(--ast-global-color-5)","background-image":"","background-repeat":"repeat","background-position":"center center","background-size":"auto","background-attachment":"scroll","background-type":"","background-media":"","overlay-type":"","overlay-color":"","overlay-opacity":"","overlay-gradient":""},"mobile":{"background-color":"var(--ast-global-color-5)","background-image":"","background-repeat":"repeat","background-position":"center center","background-size":"auto","background-attachment":"scroll","background-type":"","background-media":"","overlay-type":"","overlay-color":"","overlay-opacity":"","overlay-gradient":""}},"footnotes":""},"class_list":["post-798","page","type-page","status-publish","hentry"],"post_mailing_queue_ids":[],"_links":{"self":[{"href":"https:\/\/agora.xtec.cat\/iesolorda\/wp-json\/wp\/v2\/pages\/798","targetHints":{"allow":["GET"]}}],"collection":[{"href":"https:\/\/agora.xtec.cat\/iesolorda\/wp-json\/wp\/v2\/pages"}],"about":[{"href":"https:\/\/agora.xtec.cat\/iesolorda\/wp-json\/wp\/v2\/types\/page"}],"author":[{"embeddable":true,"href":"https:\/\/agora.xtec.cat\/iesolorda\/wp-json\/wp\/v2\/users\/1"}],"replies":[{"embeddable":true,"href":"https:\/\/agora.xtec.cat\/iesolorda\/wp-json\/wp\/v2\/comments?post=798"}],"version-history":[{"count":3,"href":"https:\/\/agora.xtec.cat\/iesolorda\/wp-json\/wp\/v2\/pages\/798\/revisions"}],"predecessor-version":[{"id":1474,"href":"https:\/\/agora.xtec.cat\/iesolorda\/wp-json\/wp\/v2\/pages\/798\/revisions\/1474"}],"wp:attachment":[{"href":"https:\/\/agora.xtec.cat\/iesolorda\/wp-json\/wp\/v2\/media?parent=798"}],"curies":[{"name":"wp","href":"https:\/\/api.w.org\/{rel}","templated":true}]}}