{"id":796,"date":"2026-03-24T08:58:00","date_gmt":"2026-03-24T07:58:00","guid":{"rendered":"https:\/\/agora.xtec.cat\/iesolorda\/?page_id=796"},"modified":"2026-04-23T10:21:29","modified_gmt":"2026-04-23T08:21:29","slug":"historia","status":"publish","type":"page","link":"https:\/\/agora.xtec.cat\/iesolorda\/historia\/","title":{"rendered":"Geografia i hist\u00f2ria"},"content":{"rendered":"\n<p><img loading=\"lazy\" decoding=\"async\" src=\"https:\/\/agora.xtec.cat\/iesolorda\/wp-content\/uploads\/usu3186\/2026\/04\/HISTORIA_banner.png\" width=\"400\" height=\"76\"> <a href=\"https:\/\/agora.xtec.cat\/iesolorda\/departaments\">Torna a departaments<\/a><\/p>\n\n\n\n<p><strong>Criteris<\/strong><\/p>\n\n\n\n<figure class=\"wp-block-table\"><table class=\"has-fixed-layout\"><tbody><tr><td><strong>ESO i batxillerat<\/strong><\/td><td>&nbsp;<\/td><\/tr><tr><td><a href=\"https:\/\/drive.google.com\/file\/d\/1gja-3IMrpg5HJu9rCZx8p1bGHbLW_gh9\/view?usp=sharing\"><strong>Totes les etapes<\/strong><\/a><\/td><td>&nbsp;<\/td><\/tr><\/tbody><\/table><\/figure>\n\n\n\n<p><strong>Programacions<\/strong><\/p>\n\n\n\n<figure class=\"wp-block-table\"><table class=\"has-fixed-layout\"><tbody><tr><td><strong>ESO<\/strong><\/td><td><strong>Batxillerat<\/strong><\/td><\/tr><tr><td><a href=\"https:\/\/drive.google.com\/file\/d\/16KOh-xikwTHQejtnXpDjTD2g3Q-ehKwA\/view?usp=drive_link\" target=\"_blank\" rel=\"noreferrer noopener\"><strong>1r d&#8217;ESO<\/strong><\/a><\/td><td><a href=\"https:\/\/drive.google.com\/file\/d\/1PPZ-8srR27ZRxK7JwtoVxqWdwMgvNFEK\/view?usp=drive_link\"><strong>Hist\u00f2ria del m\u00f3n contemporani<\/strong><\/a><\/td><\/tr><tr><td><a href=\"https:\/\/drive.google.com\/file\/d\/1qiO0k3M5mOLZ9PdI5frrESruaNbJSkZi\/view?usp=drive_link\"><strong>2n d&#8217;ESO<\/strong><\/a><\/td><td><a href=\"https:\/\/drive.google.com\/file\/d\/1q-pTjGLtHV0YorQCVYK0MEekPuwpjaHP\/view?usp=drive_link\"><strong>Hist\u00f2ria d&#8217;Espanya<\/strong><\/a><\/td><\/tr><tr><td><a href=\"https:\/\/drive.google.com\/file\/d\/199sgULFDZurR0neCjUV-sRfgR_HlqyyR\/view?usp=drive_link\"><strong>3r d&#8217;ESO<\/strong><\/a><\/td><td>&nbsp;<\/td><\/tr><tr><td><a href=\"https:\/\/drive.google.com\/file\/d\/1U8fErsfiu_dKPQQBT-bsfszfTUJTu4CL\/view?usp=drive_link\"><strong>4t d&#8217;ESO<\/strong><\/a><\/td><td>&nbsp;<\/td><\/tr><\/tbody><\/table><\/figure>\n\n\n\n<p><strong>Enlla\u00e7os<\/strong><\/p>\n\n\n\n<figure class=\"wp-block-table\"><table class=\"has-fixed-layout\"><tbody><tr><td><a href=\"http:\/\/www.bnc.cat\" target=\"_blank\" rel=\"noreferrer noopener\"><strong>Biblioteca de Catalunya<\/strong><\/a><\/td><\/tr><tr><td><a href=\"http:\/\/www.bne.es\" target=\"_blank\" rel=\"noreferrer noopener\"><strong>Biblioteca Nacional<\/strong><\/a><\/td><\/tr><tr><td><a href=\"http:\/\/hispania.revistas.csic.es\/index.php\/hispania\" target=\"_blank\" rel=\"noreferrer noopener\"><strong>Hispania. Revista d&#8217;hist\u00f2ria<\/strong><\/a><\/td><\/tr><tr><td><a href=\"http:\/\/www.rah.es\" target=\"_blank\" rel=\"noreferrer noopener\"><strong>Real Acad\u00e8mia de la hist\u00f2ria<\/strong><\/a><\/td><\/tr><tr><td><a href=\"http:\/\/www.nodulo.org\/ec\" target=\"_blank\" rel=\"noreferrer noopener\"><strong>Catoblepas. Revista de filosofia e historia<\/strong><\/a><\/td><\/tr><tr><td><a href=\"http:\/\/blogs.iec.cat\/sceh\/\" target=\"_blank\" rel=\"noreferrer noopener\"><strong>Societat Catalana d&#8217;Estudis Hist\u00f2rics<\/strong><\/a><\/td><\/tr><tr><td><a href=\"http:\/\/www.ub.edu\/histodidactica\/\" target=\"_blank\" rel=\"noreferrer noopener\"><strong>Histodid\u00e0ctica. Universitat de Barcelona<\/strong><\/a><\/td><\/tr><tr><td><a href=\"http:\/\/pares.mcu.es\" target=\"_blank\" rel=\"noreferrer noopener\"><strong>Pares. Portal de Archivos Espa\u00f1oles<\/strong><\/a><\/td><\/tr><\/tbody><\/table><\/figure>\n\n\n\n<p><\/p>\n","protected":false},"excerpt":{"rendered":"<p>Torna a departaments Criteris ESO i batxillerat &nbsp; Totes les etapes &nbsp; Programacions ESO Batxillerat 1r d&#8217;ESO Hist\u00f2ria del m\u00f3n contemporani 2n d&#8217;ESO Hist\u00f2ria d&#8217;Espanya 3r d&#8217;ESO &nbsp; 4t d&#8217;ESO &nbsp; Enlla\u00e7os Biblioteca de Catalunya Biblioteca Nacional Hispania. Revista d&#8217;hist\u00f2ria Real Acad\u00e8mia de la hist\u00f2ria Catoblepas. Revista de filosofia e historia Societat Catalana d&#8217;Estudis Hist\u00f2rics [&hellip;]<\/p>\n","protected":false},"author":1,"featured_media":0,"parent":0,"menu_order":0,"comment_status":"closed","ping_status":"close","template":"","meta":{"site-sidebar-layout":"default","site-content-layout":"","ast-site-content-layout":"default","site-content-style":"default","site-sidebar-style":"default","ast-global-header-display":"","ast-banner-title-visibility":"","ast-main-header-display":"","ast-hfb-above-header-display":"","ast-hfb-below-header-display":"","ast-hfb-mobile-header-display":"","site-post-title":"","ast-breadcrumbs-content":"","ast-featured-img":"","footer-sml-layout":"","theme-transparent-header-meta":"","adv-header-id-meta":"","stick-header-meta":"","header-above-stick-meta":"","header-main-stick-meta":"","header-below-stick-meta":"","astra-migrate-meta-layouts":"set","ast-page-background-enabled":"default","ast-page-background-meta":{"desktop":{"background-color":"var(--ast-global-color-4)","background-image":"","background-repeat":"repeat","background-position":"center center","background-size":"auto","background-attachment":"scroll","background-type":"","background-media":"","overlay-type":"","overlay-color":"","overlay-opacity":"","overlay-gradient":""},"tablet":{"background-color":"","background-image":"","background-repeat":"repeat","background-position":"center center","background-size":"auto","background-attachment":"scroll","background-type":"","background-media":"","overlay-type":"","overlay-color":"","overlay-opacity":"","overlay-gradient":""},"mobile":{"background-color":"","background-image":"","background-repeat":"repeat","background-position":"center center","background-size":"auto","background-attachment":"scroll","background-type":"","background-media":"","overlay-type":"","overlay-color":"","overlay-opacity":"","overlay-gradient":""}},"ast-content-background-meta":{"desktop":{"background-color":"var(--ast-global-color-5)","background-image":"","background-repeat":"repeat","background-position":"center center","background-size":"auto","background-attachment":"scroll","background-type":"","background-media":"","overlay-type":"","overlay-color":"","overlay-opacity":"","overlay-gradient":""},"tablet":{"background-color":"var(--ast-global-color-5)","background-image":"","background-repeat":"repeat","background-position":"center center","background-size":"auto","background-attachment":"scroll","background-type":"","background-media":"","overlay-type":"","overlay-color":"","overlay-opacity":"","overlay-gradient":""},"mobile":{"background-color":"var(--ast-global-color-5)","background-image":"","background-repeat":"repeat","background-position":"center center","background-size":"auto","background-attachment":"scroll","background-type":"","background-media":"","overlay-type":"","overlay-color":"","overlay-opacity":"","overlay-gradient":""}},"footnotes":""},"class_list":["post-796","page","type-page","status-publish","hentry"],"post_mailing_queue_ids":[],"_links":{"self":[{"href":"https:\/\/agora.xtec.cat\/iesolorda\/wp-json\/wp\/v2\/pages\/796","targetHints":{"allow":["GET"]}}],"collection":[{"href":"https:\/\/agora.xtec.cat\/iesolorda\/wp-json\/wp\/v2\/pages"}],"about":[{"href":"https:\/\/agora.xtec.cat\/iesolorda\/wp-json\/wp\/v2\/types\/page"}],"author":[{"embeddable":true,"href":"https:\/\/agora.xtec.cat\/iesolorda\/wp-json\/wp\/v2\/users\/1"}],"replies":[{"embeddable":true,"href":"https:\/\/agora.xtec.cat\/iesolorda\/wp-json\/wp\/v2\/comments?post=796"}],"version-history":[{"count":5,"href":"https:\/\/agora.xtec.cat\/iesolorda\/wp-json\/wp\/v2\/pages\/796\/revisions"}],"predecessor-version":[{"id":1469,"href":"https:\/\/agora.xtec.cat\/iesolorda\/wp-json\/wp\/v2\/pages\/796\/revisions\/1469"}],"wp:attachment":[{"href":"https:\/\/agora.xtec.cat\/iesolorda\/wp-json\/wp\/v2\/media?parent=796"}],"curies":[{"name":"wp","href":"https:\/\/api.w.org\/{rel}","templated":true}]}}