{"id":794,"date":"2026-03-24T08:57:59","date_gmt":"2026-03-24T07:57:59","guid":{"rendered":"https:\/\/agora.xtec.cat\/iesolorda\/?page_id=794"},"modified":"2026-04-23T10:20:12","modified_gmt":"2026-04-23T08:20:12","slug":"filosofia","status":"publish","type":"page","link":"https:\/\/agora.xtec.cat\/iesolorda\/filosofia\/","title":{"rendered":"Filosofia"},"content":{"rendered":"\n<p><img loading=\"lazy\" decoding=\"async\" src=\"https:\/\/agora.xtec.cat\/iesolorda\/wp-content\/uploads\/usu3186\/2026\/04\/FILOSOFIA_banner.png\" width=\"400\" height=\"76\"> <a href=\"https:\/\/agora.xtec.cat\/iesolorda\/departaments\">Torna a departaments<\/a><\/p>\n\n\n\n<p><strong>Criteris<\/strong><\/p>\n\n\n\n<figure class=\"wp-block-table\"><table class=\"has-fixed-layout\"><tbody><tr><td><strong>ESO<\/strong><\/td><td><strong>1r batxillerat<\/strong><\/td><td><strong>2n batxillerat<\/strong><\/td><\/tr><tr><td><a href=\"https:\/\/drive.google.com\/file\/d\/1TNAXnRngqk1DAvHwS-3shCrNUfxFLdzE\/view?usp=sharing\" target=\"_blank\" rel=\"noreferrer noopener\"><strong>4t &#8211; Educaci\u00f3<\/strong><strong>&nbsp;valors c\u00edvics i&nbsp;\u00e8tics<\/strong><\/a><\/td><td><a href=\"https:\/\/docs.google.com\/document\/d\/15uvXobvDDAyQ7q68ipfzjfYZu92qClaT\/edit?usp=sharing&amp;ouid=116884878668790070596&amp;rtpof=true&amp;sd=true\" target=\"_blank\" rel=\"noreferrer noopener\"><strong>Filosofia i ciutadania<\/strong><\/a><\/td><td><a href=\"https:\/\/docs.google.com\/document\/d\/1jdGbwGJRwf-nxmR5YRFCN3i-1hDytj0b\/edit?usp=sharing&amp;ouid=116884878668790070596&amp;rtpof=true&amp;sd=true\" target=\"_blank\" rel=\"noreferrer noopener\"><strong>Hist\u00f2ria de la filosofia<\/strong><\/a><\/td><\/tr><tr><td>&nbsp;<\/td><td><a href=\"https:\/\/docs.google.com\/document\/d\/1uBMlQONRib9ASvw9Vz3N0ViDkqMMvMTI\/edit?usp=sharing&amp;ouid=116884878668790070596&amp;rtpof=true&amp;sd=true\"><strong>OPT Psicologia<\/strong><\/a><\/td><td>&nbsp;<\/td><\/tr><\/tbody><\/table><\/figure>\n\n\n\n<p><strong>Programacions<\/strong><\/p>\n\n\n\n<figure class=\"wp-block-table\"><table class=\"has-fixed-layout\"><tbody><tr><td><strong>ESO<\/strong><\/td><td><strong>1r batxillerat<\/strong><\/td><td><strong>2n batxillerat<\/strong><\/td><\/tr><tr><td>4t &#8211; Cultura i valors \u00e8tics<\/td><td><a href=\"https:\/\/docs.google.com\/document\/d\/10TH1BQTc_m7cd0OItJHxJIzPJGOp8pJc\/edit?usp=drive_link&amp;ouid=116884878668790070596&amp;rtpof=true&amp;sd=true\" target=\"_blank\" rel=\"noreferrer noopener\"><strong>Filosofia<\/strong><\/a><\/td><td><a href=\"https:\/\/docs.google.com\/document\/d\/1jRAcprpIQ_yQV9OKrPSg_XzxIpniYn-T\/edit?usp=drive_link&amp;ouid=116884878668790070596&amp;rtpof=true&amp;sd=true\" target=\"_blank\" rel=\"noreferrer noopener\"><strong>Hist\u00f2ria de la filosofia<\/strong><\/a><\/td><\/tr><tr><td>&nbsp;<\/td><td><strong>OPT <\/strong><a href=\"https:\/\/docs.google.com\/document\/d\/1daKKgF8MQDHpxYXAni-lnrr6_iAfuly9\/edit?usp=drive_link&amp;ouid=116884878668790070596&amp;rtpof=true&amp;sd=true\"><strong>Psicologia<\/strong><\/a><\/td><td>&nbsp;<\/td><\/tr><\/tbody><\/table><\/figure>\n\n\n\n<p><\/p>\n","protected":false},"excerpt":{"rendered":"<p>Torna a departaments Criteris ESO 1r batxillerat 2n batxillerat 4t &#8211; Educaci\u00f3&nbsp;valors c\u00edvics i&nbsp;\u00e8tics Filosofia i ciutadania Hist\u00f2ria de la filosofia &nbsp; OPT Psicologia &nbsp; Programacions ESO 1r batxillerat 2n batxillerat 4t &#8211; Cultura i valors \u00e8tics Filosofia Hist\u00f2ria de la filosofia &nbsp; OPT Psicologia &nbsp;<\/p>\n","protected":false},"author":1,"featured_media":0,"parent":0,"menu_order":0,"comment_status":"closed","ping_status":"close","template":"","meta":{"site-sidebar-layout":"default","site-content-layout":"","ast-site-content-layout":"default","site-content-style":"default","site-sidebar-style":"default","ast-global-header-display":"","ast-banner-title-visibility":"","ast-main-header-display":"","ast-hfb-above-header-display":"","ast-hfb-below-header-display":"","ast-hfb-mobile-header-display":"","site-post-title":"","ast-breadcrumbs-content":"","ast-featured-img":"","footer-sml-layout":"","theme-transparent-header-meta":"","adv-header-id-meta":"","stick-header-meta":"","header-above-stick-meta":"","header-main-stick-meta":"","header-below-stick-meta":"","astra-migrate-meta-layouts":"set","ast-page-background-enabled":"default","ast-page-background-meta":{"desktop":{"background-color":"var(--ast-global-color-4)","background-image":"","background-repeat":"repeat","background-position":"center center","background-size":"auto","background-attachment":"scroll","background-type":"","background-media":"","overlay-type":"","overlay-color":"","overlay-opacity":"","overlay-gradient":""},"tablet":{"background-color":"","background-image":"","background-repeat":"repeat","background-position":"center center","background-size":"auto","background-attachment":"scroll","background-type":"","background-media":"","overlay-type":"","overlay-color":"","overlay-opacity":"","overlay-gradient":""},"mobile":{"background-color":"","background-image":"","background-repeat":"repeat","background-position":"center center","background-size":"auto","background-attachment":"scroll","background-type":"","background-media":"","overlay-type":"","overlay-color":"","overlay-opacity":"","overlay-gradient":""}},"ast-content-background-meta":{"desktop":{"background-color":"var(--ast-global-color-5)","background-image":"","background-repeat":"repeat","background-position":"center center","background-size":"auto","background-attachment":"scroll","background-type":"","background-media":"","overlay-type":"","overlay-color":"","overlay-opacity":"","overlay-gradient":""},"tablet":{"background-color":"var(--ast-global-color-5)","background-image":"","background-repeat":"repeat","background-position":"center center","background-size":"auto","background-attachment":"scroll","background-type":"","background-media":"","overlay-type":"","overlay-color":"","overlay-opacity":"","overlay-gradient":""},"mobile":{"background-color":"var(--ast-global-color-5)","background-image":"","background-repeat":"repeat","background-position":"center center","background-size":"auto","background-attachment":"scroll","background-type":"","background-media":"","overlay-type":"","overlay-color":"","overlay-opacity":"","overlay-gradient":""}},"footnotes":""},"class_list":["post-794","page","type-page","status-publish","hentry"],"post_mailing_queue_ids":[],"_links":{"self":[{"href":"https:\/\/agora.xtec.cat\/iesolorda\/wp-json\/wp\/v2\/pages\/794","targetHints":{"allow":["GET"]}}],"collection":[{"href":"https:\/\/agora.xtec.cat\/iesolorda\/wp-json\/wp\/v2\/pages"}],"about":[{"href":"https:\/\/agora.xtec.cat\/iesolorda\/wp-json\/wp\/v2\/types\/page"}],"author":[{"embeddable":true,"href":"https:\/\/agora.xtec.cat\/iesolorda\/wp-json\/wp\/v2\/users\/1"}],"replies":[{"embeddable":true,"href":"https:\/\/agora.xtec.cat\/iesolorda\/wp-json\/wp\/v2\/comments?post=794"}],"version-history":[{"count":5,"href":"https:\/\/agora.xtec.cat\/iesolorda\/wp-json\/wp\/v2\/pages\/794\/revisions"}],"predecessor-version":[{"id":1466,"href":"https:\/\/agora.xtec.cat\/iesolorda\/wp-json\/wp\/v2\/pages\/794\/revisions\/1466"}],"wp:attachment":[{"href":"https:\/\/agora.xtec.cat\/iesolorda\/wp-json\/wp\/v2\/media?parent=794"}],"curies":[{"name":"wp","href":"https:\/\/api.w.org\/{rel}","templated":true}]}}