{"id":793,"date":"2026-03-24T08:57:59","date_gmt":"2026-03-24T07:57:59","guid":{"rendered":"https:\/\/agora.xtec.cat\/iesolorda\/?page_id=793"},"modified":"2026-04-23T10:18:23","modified_gmt":"2026-04-23T08:18:23","slug":"educacio-fisica","status":"publish","type":"page","link":"https:\/\/agora.xtec.cat\/iesolorda\/educacio-fisica\/","title":{"rendered":"Educaci\u00f3 F\u00edsica"},"content":{"rendered":"\n<p><img loading=\"lazy\" decoding=\"async\" src=\"https:\/\/agora.xtec.cat\/iesolorda\/wp-content\/uploads\/usu3186\/2026\/04\/EFISICA_banner.png\" width=\"400\" height=\"76\"> <a href=\"https:\/\/agora.xtec.cat\/iesolorda\/departaments\">Torna a departaments<\/a><\/p>\n\n\n\n<p><strong>Criteris<\/strong><\/p>\n\n\n\n<figure class=\"wp-block-table\"><table class=\"has-fixed-layout\"><tbody><tr><td><strong>ESO<\/strong><\/td><td><strong>1r batxillerat<\/strong><\/td><\/tr><tr><td><a href=\"https:\/\/drive.google.com\/file\/d\/1Cccq9rQZ8FHTin02qWzHWAzTdXhnWeZb\/view?usp=sharing\" target=\"_blank\" rel=\"noreferrer noopener\"><strong>Metodologia d&#8217;avaluaci\u00f3<\/strong><\/a><\/td><td><a href=\"https:\/\/drive.google.com\/file\/d\/1fyzEMHRcIWUSQGGWoHqXiTWHzoh2hKef\/view\" target=\"_blank\" rel=\"noreferrer noopener\"><strong>Metodologia d&#8217;avaluaci\u00f3<\/strong><\/a><\/td><\/tr><tr><td><a href=\"https:\/\/drive.google.com\/file\/d\/1VK25X9ZTuF8kT51YB3u9yMQJCZpRW3KX\/view?usp=sharing\"><strong>1r ESO<\/strong><\/a><strong> &#8211; <\/strong><a href=\"https:\/\/drive.google.com\/file\/d\/1-LyT26chdC6CHzZOaCYoA6z61A9MfXIg\/view?usp=sharing\"><strong>2n ESO<\/strong><\/a> &#8211; <a href=\"https:\/\/drive.google.com\/file\/d\/1qBsn5ZRS-irR2OGprMYs3dBxeAe5OKWB\/view?usp=sharing\"><strong>3r ESO<\/strong><\/a> &#8211; <a href=\"https:\/\/drive.google.com\/file\/d\/1qK7i6P0d7JwxaFH6EG-4wm-22z0A-pnV\/view?usp=sharing\"><strong>4t ESO<\/strong><\/a><\/td><td><a href=\"https:\/\/drive.google.com\/file\/d\/1PtK9Xa-ES_9DETJAmLFsZPuZiY8RLvtu\/view?usp=sharing\" target=\"_blank\" rel=\"noreferrer noopener\"><strong>Criteris generals<\/strong><\/a><\/td><\/tr><tr><td>&nbsp;<\/td><td><a href=\"https:\/\/drive.google.com\/file\/d\/1Unte7IYJwOTHbLveDZlFsPPVN0t5gFdA\/view?usp=sharing\"><strong>Taller de creaci\u00f3 esc\u00e8nica<\/strong><\/a><\/td><\/tr><\/tbody><\/table><\/figure>\n\n\n\n<p><strong>Programacions<\/strong><\/p>\n\n\n\n<figure class=\"wp-block-table\"><table class=\"has-fixed-layout\"><tbody><tr><td><strong>ESO<\/strong><\/td><td><strong>1r batxillerat<\/strong><\/td><td>&nbsp;<\/td><\/tr><tr><td><a href=\"https:\/\/docs.google.com\/document\/d\/1SQ_Z1zhOKqq8VB51bQIipUcxSXjKuHbf\/edit?usp=drive_link&amp;ouid=116884878668790070596&amp;rtpof=true&amp;sd=true\" target=\"_blank\" rel=\"noreferrer noopener\"><strong>1r ESO<\/strong><\/a><\/td><td><a href=\"https:\/\/docs.google.com\/document\/d\/1fGWsLP_MncS72nHb48i-cizz3u1zAh2d\/edit?usp=sharing&amp;ouid=116884878668790070596&amp;rtpof=true&amp;sd=true\" target=\"_blank\" rel=\"noreferrer noopener\"><strong>Educaci\u00f3 f\u00edsica<\/strong><\/a><\/td><td>&nbsp;<\/td><\/tr><tr><td><a href=\"https:\/\/docs.google.com\/document\/d\/1Ylq_ou2zn3spD_RkhqqnGrRLK6arNf6M\/edit?usp=drive_link&amp;ouid=116884878668790070596&amp;rtpof=true&amp;sd=true\" target=\"_blank\" rel=\"noreferrer noopener\"><strong>2n ESO<\/strong><\/a><\/td><td><a href=\"https:\/\/docs.google.com\/document\/d\/1KzEHKju5vHQ-fAGNGZCZNDffUOzks-Kn\/edit?usp=sharing&amp;ouid=116884878668790070596&amp;rtpof=true&amp;sd=true\"><strong>Taller de creaci\u00f3 esc\u00e8nica<\/strong><\/a><\/td><td>&nbsp;<\/td><\/tr><tr><td><a href=\"https:\/\/docs.google.com\/document\/d\/1tVEBNbcVGIpIGIsjHrd_w3l7vSEbI5IZ\/edit?usp=drive_link&amp;ouid=116884878668790070596&amp;rtpof=true&amp;sd=true\" target=\"_blank\" rel=\"noreferrer noopener\"><strong>3r ESO<\/strong><\/a><\/td><td>&nbsp;<\/td><td>&nbsp;<\/td><\/tr><tr><td><a href=\"https:\/\/docs.google.com\/document\/d\/1UE_CCVT2_aUHIdmMXY6RLxDq4n6vK-31\/edit?usp=drive_link&amp;ouid=116884878668790070596&amp;rtpof=true&amp;sd=true\" target=\"_blank\" rel=\"noreferrer noopener\"><strong>4t ESO<\/strong><\/a><\/td><td>&nbsp;<\/td><td>&nbsp;<\/td><\/tr><\/tbody><\/table><\/figure>\n\n\n\n<p><strong>Altres<\/strong><\/p>\n\n\n\n<figure class=\"wp-block-table\"><table class=\"has-fixed-layout\"><tbody><tr><td colspan=\"3\"><a href=\"https:\/\/drive.google.com\/file\/d\/1qLJ4NPynnOP3FOwV2R625V1ztwPv3jlu\/view?usp=sharing\"><strong>Informaci\u00f3 fam\u00edlies<\/strong><\/a><\/td><\/tr><tr><td colspan=\"3\">&nbsp;<\/td><\/tr><\/tbody><\/table><\/figure>\n","protected":false},"excerpt":{"rendered":"<p>Torna a departaments Criteris ESO 1r batxillerat Metodologia d&#8217;avaluaci\u00f3 Metodologia d&#8217;avaluaci\u00f3 1r ESO &#8211; 2n ESO &#8211; 3r ESO &#8211; 4t ESO Criteris generals &nbsp; Taller de creaci\u00f3 esc\u00e8nica Programacions ESO 1r batxillerat &nbsp; 1r ESO Educaci\u00f3 f\u00edsica &nbsp; 2n ESO Taller de creaci\u00f3 esc\u00e8nica &nbsp; 3r ESO &nbsp; &nbsp; 4t ESO &nbsp; &nbsp; Altres [&hellip;]<\/p>\n","protected":false},"author":1,"featured_media":0,"parent":0,"menu_order":0,"comment_status":"closed","ping_status":"close","template":"","meta":{"site-sidebar-layout":"default","site-content-layout":"","ast-site-content-layout":"default","site-content-style":"default","site-sidebar-style":"default","ast-global-header-display":"","ast-banner-title-visibility":"","ast-main-header-display":"","ast-hfb-above-header-display":"","ast-hfb-below-header-display":"","ast-hfb-mobile-header-display":"","site-post-title":"","ast-breadcrumbs-content":"","ast-featured-img":"","footer-sml-layout":"","theme-transparent-header-meta":"","adv-header-id-meta":"","stick-header-meta":"","header-above-stick-meta":"","header-main-stick-meta":"","header-below-stick-meta":"","astra-migrate-meta-layouts":"set","ast-page-background-enabled":"default","ast-page-background-meta":{"desktop":{"background-color":"var(--ast-global-color-4)","background-image":"","background-repeat":"repeat","background-position":"center center","background-size":"auto","background-attachment":"scroll","background-type":"","background-media":"","overlay-type":"","overlay-color":"","overlay-opacity":"","overlay-gradient":""},"tablet":{"background-color":"","background-image":"","background-repeat":"repeat","background-position":"center center","background-size":"auto","background-attachment":"scroll","background-type":"","background-media":"","overlay-type":"","overlay-color":"","overlay-opacity":"","overlay-gradient":""},"mobile":{"background-color":"","background-image":"","background-repeat":"repeat","background-position":"center center","background-size":"auto","background-attachment":"scroll","background-type":"","background-media":"","overlay-type":"","overlay-color":"","overlay-opacity":"","overlay-gradient":""}},"ast-content-background-meta":{"desktop":{"background-color":"var(--ast-global-color-5)","background-image":"","background-repeat":"repeat","background-position":"center center","background-size":"auto","background-attachment":"scroll","background-type":"","background-media":"","overlay-type":"","overlay-color":"","overlay-opacity":"","overlay-gradient":""},"tablet":{"background-color":"var(--ast-global-color-5)","background-image":"","background-repeat":"repeat","background-position":"center center","background-size":"auto","background-attachment":"scroll","background-type":"","background-media":"","overlay-type":"","overlay-color":"","overlay-opacity":"","overlay-gradient":""},"mobile":{"background-color":"var(--ast-global-color-5)","background-image":"","background-repeat":"repeat","background-position":"center center","background-size":"auto","background-attachment":"scroll","background-type":"","background-media":"","overlay-type":"","overlay-color":"","overlay-opacity":"","overlay-gradient":""}},"footnotes":""},"class_list":["post-793","page","type-page","status-publish","hentry"],"post_mailing_queue_ids":[],"_links":{"self":[{"href":"https:\/\/agora.xtec.cat\/iesolorda\/wp-json\/wp\/v2\/pages\/793","targetHints":{"allow":["GET"]}}],"collection":[{"href":"https:\/\/agora.xtec.cat\/iesolorda\/wp-json\/wp\/v2\/pages"}],"about":[{"href":"https:\/\/agora.xtec.cat\/iesolorda\/wp-json\/wp\/v2\/types\/page"}],"author":[{"embeddable":true,"href":"https:\/\/agora.xtec.cat\/iesolorda\/wp-json\/wp\/v2\/users\/1"}],"replies":[{"embeddable":true,"href":"https:\/\/agora.xtec.cat\/iesolorda\/wp-json\/wp\/v2\/comments?post=793"}],"version-history":[{"count":3,"href":"https:\/\/agora.xtec.cat\/iesolorda\/wp-json\/wp\/v2\/pages\/793\/revisions"}],"predecessor-version":[{"id":1464,"href":"https:\/\/agora.xtec.cat\/iesolorda\/wp-json\/wp\/v2\/pages\/793\/revisions\/1464"}],"wp:attachment":[{"href":"https:\/\/agora.xtec.cat\/iesolorda\/wp-json\/wp\/v2\/media?parent=793"}],"curies":[{"name":"wp","href":"https:\/\/api.w.org\/{rel}","templated":true}]}}