{"id":792,"date":"2026-03-24T08:57:58","date_gmt":"2026-03-24T07:57:58","guid":{"rendered":"https:\/\/agora.xtec.cat\/iesolorda\/?page_id=792"},"modified":"2026-04-23T10:17:27","modified_gmt":"2026-04-23T08:17:27","slug":"plastica","status":"publish","type":"page","link":"https:\/\/agora.xtec.cat\/iesolorda\/plastica\/","title":{"rendered":"Visual i pl\u00e0stica"},"content":{"rendered":"\n<p><img loading=\"lazy\" decoding=\"async\" src=\"https:\/\/agora.xtec.cat\/iesolorda\/wp-content\/uploads\/usu3186\/2026\/04\/PLASTICA_banner.png\" width=\"400\" height=\"76\"> <a href=\"https:\/\/agora.xtec.cat\/iesolorda\/departaments\">Torna a departaments<\/a><\/p>\n\n\n\n<p><strong>Criteris<\/strong><\/p>\n\n\n\n<figure class=\"wp-block-table\"><table class=\"has-fixed-layout\"><tbody><tr><td><strong>ESO<\/strong><\/td><td><strong>1r batxillerat<\/strong><\/td><td><strong>2n batxillerat<\/strong><\/td><\/tr><tr><td><a href=\"https:\/\/docs.google.com\/document\/d\/1dGryrTHstLuGqJgt8okioep6Pf8TpoRi\/edit?usp=sharing&amp;ouid=116884878668790070596&amp;rtpof=true&amp;sd=true\" target=\"_blank\" rel=\"noreferrer noopener\"><strong>1r&nbsp;ESO<\/strong><\/a><\/td><td><a href=\"https:\/\/docs.google.com\/document\/d\/1X-htZgbl8QyIfz12tdk-dR_FH68oJ2JK\/edit?usp=sharing&amp;ouid=116884878668790070596&amp;rtpof=true&amp;sd=true\" target=\"_blank\" rel=\"noreferrer noopener\"><strong>Dibuix art\u00edstic I<\/strong><\/a><\/td><td><a href=\"https:\/\/docs.google.com\/document\/d\/1YlPz0bSMPwifdc63XQx4mlK4qSoNl8Oq\/edit?usp=sharing&amp;ouid=116884878668790070596&amp;rtpof=true&amp;sd=true\"><strong>Dibuix art\u00edstic II<\/strong><\/a><\/td><\/tr><tr><td><a href=\"https:\/\/docs.google.com\/document\/d\/1dGryrTHstLuGqJgt8okioep6Pf8TpoRi\/edit?usp=sharing&amp;ouid=116884878668790070596&amp;rtpof=true&amp;sd=true\"><strong>2n ESO<\/strong><\/a><\/td><td><a href=\"https:\/\/docs.google.com\/document\/d\/1X7eU4T4AGJMM9Audzfok7ciz_yiAP-Xy\/edit?usp=sharing&amp;ouid=116884878668790070596&amp;rtpof=true&amp;sd=true\" target=\"_blank\" rel=\"noreferrer noopener\"><strong>Dibuix t\u00e8cnic I<\/strong><\/a><\/td><td><a href=\"https:\/\/docs.google.com\/document\/d\/1RrCj1pWW1YMd6EFaA3RUQDEBkEuCWFLU\/edit?usp=sharing&amp;ouid=116884878668790070596&amp;rtpof=true&amp;sd=true\" target=\"_blank\" rel=\"noreferrer noopener\"><strong>Dibuix t\u00e8cnic II<\/strong><\/a><\/td><\/tr><tr><td><a href=\"https:\/\/docs.google.com\/document\/d\/1F4ev39pi6XquC5AiMsu3G4YHQxJx2MOD\/edit?usp=sharing&amp;ouid=116884878668790070596&amp;rtpof=true&amp;sd=true\" target=\"_blank\" rel=\"noreferrer noopener\"><strong>4t ESO<\/strong><\/a><strong>&#8211; Expressi\u00f3 art\u00edstica<\/strong><\/td><td><a href=\"https:\/\/docs.google.com\/document\/d\/1v0sKUjvN3Nf42Dh2IZZgQogXx6XyQnoa\/edit?usp=sharing&amp;ouid=116884878668790070596&amp;rtpof=true&amp;sd=true\" target=\"_blank\" rel=\"noreferrer noopener\"><strong>Cultura audiovisual<\/strong><\/a><\/td><td><a href=\"https:\/\/docs.google.com\/document\/d\/1jvpfzq7PWJx5Ufj1swX3UDu4Kw_0BUiv\/edit?usp=sharing&amp;ouid=116884878668790070596&amp;rtpof=true&amp;sd=true\" target=\"_blank\" rel=\"noreferrer noopener\"><strong>Fonaments de l&#8217;art II<\/strong><\/a><\/td><\/tr><tr><td>&nbsp;<\/td><td><a href=\"https:\/\/docs.google.com\/document\/d\/18jt19D9nn4a8LgQXhhkl_xf8CinIusTj\/edit?usp=sharing&amp;ouid=116884878668790070596&amp;rtpof=true&amp;sd=true\"><strong>Dibuix t\u00e8cnic aplicat I<\/strong><\/a><\/td><td><a href=\"https:\/\/docs.google.com\/document\/d\/1gNT7UqjIwJvkVFiutsvZLH9T2h3Z0mXi\/edit?usp=sharing&amp;ouid=116884878668790070596&amp;rtpof=true&amp;sd=true\" target=\"_blank\" rel=\"noreferrer noopener\"><strong>Disseny<\/strong><\/a><\/td><\/tr><tr><td>&nbsp;<\/td><td><a href=\"https:\/\/docs.google.com\/document\/d\/1r2Wqld5H7NDfwfKYDh6S931sVCXnTgEq\/edit?usp=sharing&amp;ouid=116884878668790070596&amp;rtpof=true&amp;sd=true\" target=\"_blank\" rel=\"noreferrer noopener\"><strong>Volum<\/strong><\/a><\/td><td><a href=\"https:\/\/docs.google.com\/document\/d\/1t6QSRFz-GGePmBkcLUktRentdT-yfKfu\/edit?usp=sharing&amp;ouid=116884878668790070596&amp;rtpof=true&amp;sd=true\" target=\"_blank\" rel=\"noreferrer noopener\"><strong>Hist\u00f2ria de l&#8217;art<\/strong><\/a>(bat social)<\/td><\/tr><tr><td>&nbsp;<\/td><td><a href=\"https:\/\/docs.google.com\/document\/d\/1dkxJ-JExDuTBucTSZRt4h8qmYRMkskQ2\/edit?usp=sharing&amp;ouid=116884878668790070596&amp;rtpof=true&amp;sd=true\">OPT:<strong> Publicitat<\/strong><\/a><\/td><td><a href=\"https:\/\/docs.google.com\/document\/d\/1141kqciuqpaS9ONrl5C9K8LVGoY_CDpQ\/edit?usp=sharing&amp;ouid=116884878668790070596&amp;rtpof=true&amp;sd=true\"><strong>T\u00e8cniques d&#8217;expressi\u00f3 graficopl\u00e0stica<\/strong><\/a><\/td><\/tr><tr><td>&nbsp;<\/td><td><a href=\"https:\/\/docs.google.com\/document\/d\/17KzvlEllXFAKgmesaDK15mTIieP4MeQL\/edit?usp=sharing&amp;ouid=116884878668790070596&amp;rtpof=true&amp;sd=true\">OPT: <strong>Creaci\u00f3 fotografica i v\u00eddeo<\/strong><\/a><\/td><td>&nbsp;<\/td><\/tr><tr><td>&nbsp;<\/td><td><a href=\"https:\/\/docs.google.com\/document\/d\/1xgPQrYbn9R8GqHe5fDPd3f2YFSDymCsG\/edit?usp=sharing&amp;ouid=116884878668790070596&amp;rtpof=true&amp;sd=true\">OPT:&nbsp;<strong>Comunicaci\u00f3 audiovisual<\/strong><\/a><\/td><td>&nbsp;<\/td><\/tr><\/tbody><\/table><\/figure>\n\n\n\n<p><strong>Programacions<\/strong><\/p>\n\n\n\n<figure class=\"wp-block-table\"><table class=\"has-fixed-layout\"><tbody><tr><td><strong>ESO<\/strong><\/td><td><strong>1r batxillerat<\/strong><\/td><td><strong>2n batxillerat<\/strong><\/td><\/tr><tr><td><a href=\"https:\/\/docs.google.com\/document\/d\/1bn9p9Uo39HVffokjS76RWGaHuYFQZZPY\/edit?usp=drive_link&amp;ouid=116884878668790070596&amp;rtpof=true&amp;sd=true\" target=\"_blank\" rel=\"noreferrer noopener\"><strong>1r ESO<\/strong><\/a><\/td><td><a href=\"https:\/\/docs.google.com\/document\/d\/1hbCxrDx0Vb66Dg5aKkENEPNGrW3xC-co\/edit?usp=drive_link&amp;ouid=116884878668790070596&amp;rtpof=true&amp;sd=true\" target=\"_blank\" rel=\"noreferrer noopener\"><strong>Dibuix art\u00edstic I<\/strong><\/a><\/td><td><a href=\"https:\/\/docs.google.com\/document\/d\/1MUmE_9YhaA1tUM-VPXYECcMRxXRrHZDB\/edit?usp=drive_link&amp;ouid=116884878668790070596&amp;rtpof=true&amp;sd=true\" target=\"_blank\" rel=\"noreferrer noopener\"><strong>Dibuix art\u00edstic II<\/strong><\/a><\/td><\/tr><tr><td><a href=\"https:\/\/drive.google.com\/file\/d\/1ouRU_xpb2PnGgkD6bSnUSUPFY-xfIPuA\/view?usp=drive_link\" target=\"_blank\" rel=\"noreferrer noopener\"><strong>2n ESO<\/strong><\/a><\/td><td><a href=\"https:\/\/docs.google.com\/document\/d\/1VCAVAEGLdDs645VLRjeuIPITL8OLWdor\/edit?usp=drive_link&amp;ouid=116884878668790070596&amp;rtpof=true&amp;sd=true\" target=\"_blank\" rel=\"noreferrer noopener\"><strong>Dibuix t\u00e8cnic I<\/strong><\/a><\/td><td><a href=\"https:\/\/docs.google.com\/document\/d\/19kFzS6MgEzZ7AE2tSBMvbSKak748C6BI\/edit?usp=drive_link&amp;ouid=116884878668790070596&amp;rtpof=true&amp;sd=true\"><strong>Hist\u00f2ria de l&#8217;art<\/strong><\/a> (bat social)<\/td><\/tr><tr><td><a href=\"https:\/\/docs.google.com\/document\/d\/1J-v6z2DiQWrNsFVmAa9k0SiigNqdtJ0m\/edit?usp=drive_link&amp;ouid=116884878668790070596&amp;rtpof=true&amp;sd=true\" target=\"_blank\" rel=\"noreferrer noopener\"><strong>4r ESO<\/strong><\/a><\/td><td><a href=\"https:\/\/docs.google.com\/document\/d\/1jWAOD35czc3tzOIJV9pTUU0UjT8B_wPY\/edit?usp=drive_link&amp;ouid=116884878668790070596&amp;rtpof=true&amp;sd=true\"><strong>Dibuix t\u00e8cnic aplicat a les arts<\/strong><\/a><\/td><td><a href=\"https:\/\/docs.google.com\/document\/d\/1Kf2JcOwVT0sCbwx0OZqcIXtly9eqt-r3\/edit?usp=drive_link&amp;ouid=116884878668790070596&amp;rtpof=true&amp;sd=true\" target=\"_blank\" rel=\"noreferrer noopener\"><strong>Fonaments de les arts<\/strong><\/a><\/td><\/tr><tr><td>&nbsp;<\/td><td><a href=\"https:\/\/docs.google.com\/document\/d\/138kW7MoiO1wjvPdPmPTHhmZraKIBvrKR\/edit?usp=drive_link&amp;ouid=116884878668790070596&amp;rtpof=true&amp;sd=true\" target=\"_blank\" rel=\"noreferrer noopener\"><strong>Cultura audiovisual<\/strong><\/a><\/td><td><a href=\"https:\/\/docs.google.com\/document\/d\/1iOKGwYKRBH8BoKUTesejAnjNPqtIvFSM\/edit?usp=drive_link&amp;ouid=116884878668790070596&amp;rtpof=true&amp;sd=true\" target=\"_blank\" rel=\"noreferrer noopener\"><strong>Disseny<\/strong><\/a><\/td><\/tr><tr><td>&nbsp;<\/td><td><a href=\"https:\/\/drive.google.com\/file\/d\/13tds5toSGeRWdlE7k2aq3BatpExaQ7Xn\/view?usp=sharing\" target=\"_blank\" rel=\"noreferrer noopener\"><strong>Fonaments de l&#8217;art I<\/strong><\/a><\/td><td><a href=\"https:\/\/docs.google.com\/document\/d\/1Bw2OH0fL-JcUSOUKQUuKqRZzitZWB70x\/edit?usp=drive_link&amp;ouid=116884878668790070596&amp;rtpof=true&amp;sd=true\" target=\"_blank\" rel=\"noreferrer noopener\"><strong>T\u00e8cniques<\/strong><\/a><\/td><\/tr><tr><td>&nbsp;<\/td><td><a href=\"https:\/\/docs.google.com\/document\/d\/1exYMf6cVLH94kdxpvlWoAfxVdLHSHRNo\/edit?usp=drive_link&amp;ouid=116884878668790070596&amp;rtpof=true&amp;sd=true\" target=\"_blank\" rel=\"noreferrer noopener\"><strong>Volum<\/strong><\/a><\/td><td>&nbsp;<\/td><\/tr><tr><td>&nbsp;<\/td><td><a href=\"https:\/\/docs.google.com\/document\/d\/1Gwk94n106ZWH7wu-YwfAdj8vlFtUScEk\/edit?usp=drive_link&amp;ouid=116884878668790070596&amp;rtpof=true&amp;sd=true\"><strong>OPT Publicitat<\/strong><\/a><\/td><td>&nbsp;<\/td><\/tr><tr><td>&nbsp;<\/td><td><a href=\"https:\/\/docs.google.com\/document\/d\/1zLFHRDYmSfNqODvvOzlYuDVuDkUTEAUz\/edit?usp=drive_link&amp;ouid=116884878668790070596&amp;rtpof=true&amp;sd=true\"><strong>OPT Creaci\u00f3 fotogr\u00e0fica<\/strong><\/a><\/td><td>&nbsp;<\/td><\/tr><\/tbody><\/table><\/figure>\n\n\n\n<p><strong>Enlla\u00e7os<\/strong><\/p>\n\n\n\n<figure class=\"wp-block-table\"><table class=\"has-fixed-layout\"><tbody><tr><td><a href=\"http:\/\/arts.iesolorda.cat\/\"><strong>plastica.cat<\/strong><\/a><a href=\"http:\/\/www.plastica.cat\" target=\"_blank\" rel=\"noreferrer noopener\"><strong> &#8211; Web del professor Albert Puigpin\u00f3s<\/strong><\/a><\/td><\/tr><tr><td><a href=\"http:\/\/artsolorda.blogspot.com\/\" target=\"_blank\" rel=\"noreferrer noopener\"><strong>Arts Olorda &#8211; Bloc del batxillerat art\u00edstic<\/strong><\/a><a href=\"http:\/\/arts.iesolorda.cat\/\"><strong>&nbsp;(ANTIC)<\/strong><\/a><\/td><\/tr><tr><td><a href=\"http:\/\/arts.iesolorda.cat\/\" target=\"_blank\" rel=\"noreferrer noopener\"><strong>Arts Olorda &#8211; Galeria de treballs<\/strong><\/a><\/td><\/tr><\/tbody><\/table><\/figure>\n","protected":false},"excerpt":{"rendered":"<p>Torna a departaments Criteris ESO 1r batxillerat 2n batxillerat 1r&nbsp;ESO Dibuix art\u00edstic I Dibuix art\u00edstic II 2n ESO Dibuix t\u00e8cnic I Dibuix t\u00e8cnic II 4t ESO&#8211; Expressi\u00f3 art\u00edstica Cultura audiovisual Fonaments de l&#8217;art II &nbsp; Dibuix t\u00e8cnic aplicat I Disseny &nbsp; Volum Hist\u00f2ria de l&#8217;art(bat social) &nbsp; OPT: Publicitat T\u00e8cniques d&#8217;expressi\u00f3 graficopl\u00e0stica &nbsp; OPT: Creaci\u00f3 [&hellip;]<\/p>\n","protected":false},"author":1,"featured_media":0,"parent":0,"menu_order":0,"comment_status":"closed","ping_status":"close","template":"","meta":{"site-sidebar-layout":"default","site-content-layout":"","ast-site-content-layout":"default","site-content-style":"default","site-sidebar-style":"default","ast-global-header-display":"","ast-banner-title-visibility":"","ast-main-header-display":"","ast-hfb-above-header-display":"","ast-hfb-below-header-display":"","ast-hfb-mobile-header-display":"","site-post-title":"","ast-breadcrumbs-content":"","ast-featured-img":"","footer-sml-layout":"","theme-transparent-header-meta":"","adv-header-id-meta":"","stick-header-meta":"","header-above-stick-meta":"","header-main-stick-meta":"","header-below-stick-meta":"","astra-migrate-meta-layouts":"set","ast-page-background-enabled":"default","ast-page-background-meta":{"desktop":{"background-color":"var(--ast-global-color-4)","background-image":"","background-repeat":"repeat","background-position":"center center","background-size":"auto","background-attachment":"scroll","background-type":"","background-media":"","overlay-type":"","overlay-color":"","overlay-opacity":"","overlay-gradient":""},"tablet":{"background-color":"","background-image":"","background-repeat":"repeat","background-position":"center center","background-size":"auto","background-attachment":"scroll","background-type":"","background-media":"","overlay-type":"","overlay-color":"","overlay-opacity":"","overlay-gradient":""},"mobile":{"background-color":"","background-image":"","background-repeat":"repeat","background-position":"center center","background-size":"auto","background-attachment":"scroll","background-type":"","background-media":"","overlay-type":"","overlay-color":"","overlay-opacity":"","overlay-gradient":""}},"ast-content-background-meta":{"desktop":{"background-color":"var(--ast-global-color-5)","background-image":"","background-repeat":"repeat","background-position":"center center","background-size":"auto","background-attachment":"scroll","background-type":"","background-media":"","overlay-type":"","overlay-color":"","overlay-opacity":"","overlay-gradient":""},"tablet":{"background-color":"var(--ast-global-color-5)","background-image":"","background-repeat":"repeat","background-position":"center center","background-size":"auto","background-attachment":"scroll","background-type":"","background-media":"","overlay-type":"","overlay-color":"","overlay-opacity":"","overlay-gradient":""},"mobile":{"background-color":"var(--ast-global-color-5)","background-image":"","background-repeat":"repeat","background-position":"center center","background-size":"auto","background-attachment":"scroll","background-type":"","background-media":"","overlay-type":"","overlay-color":"","overlay-opacity":"","overlay-gradient":""}},"footnotes":""},"class_list":["post-792","page","type-page","status-publish","hentry"],"post_mailing_queue_ids":[],"_links":{"self":[{"href":"https:\/\/agora.xtec.cat\/iesolorda\/wp-json\/wp\/v2\/pages\/792","targetHints":{"allow":["GET"]}}],"collection":[{"href":"https:\/\/agora.xtec.cat\/iesolorda\/wp-json\/wp\/v2\/pages"}],"about":[{"href":"https:\/\/agora.xtec.cat\/iesolorda\/wp-json\/wp\/v2\/types\/page"}],"author":[{"embeddable":true,"href":"https:\/\/agora.xtec.cat\/iesolorda\/wp-json\/wp\/v2\/users\/1"}],"replies":[{"embeddable":true,"href":"https:\/\/agora.xtec.cat\/iesolorda\/wp-json\/wp\/v2\/comments?post=792"}],"version-history":[{"count":3,"href":"https:\/\/agora.xtec.cat\/iesolorda\/wp-json\/wp\/v2\/pages\/792\/revisions"}],"predecessor-version":[{"id":1463,"href":"https:\/\/agora.xtec.cat\/iesolorda\/wp-json\/wp\/v2\/pages\/792\/revisions\/1463"}],"wp:attachment":[{"href":"https:\/\/agora.xtec.cat\/iesolorda\/wp-json\/wp\/v2\/media?parent=792"}],"curies":[{"name":"wp","href":"https:\/\/api.w.org\/{rel}","templated":true}]}}