{"id":788,"date":"2026-03-24T08:57:57","date_gmt":"2026-03-24T07:57:57","guid":{"rendered":"https:\/\/agora.xtec.cat\/iesolorda\/?page_id=788"},"modified":"2026-04-23T10:11:22","modified_gmt":"2026-04-23T08:11:22","slug":"angles","status":"publish","type":"page","link":"https:\/\/agora.xtec.cat\/iesolorda\/angles\/","title":{"rendered":"Angl\u00e8s"},"content":{"rendered":"\n<p><img loading=\"lazy\" decoding=\"async\" width=\"400\" height=\"76\" src=\"https:\/\/agora.xtec.cat\/iesolorda\/wp-content\/uploads\/usu3186\/2026\/04\/ANGLES_banner.png\"> <a href=\"https:\/\/agora.xtec.cat\/iesolorda\/departaments\/\">Torna a departaments<\/a><\/p>\n\n\n\n<p><strong>Criteris<\/strong><\/p>\n\n\n\n<figure class=\"wp-block-table\"><table class=\"has-fixed-layout\"><tbody><tr><td><strong>ESO<\/strong><\/td><td><strong>Batxillerat<\/strong><\/td><\/tr><tr><td><a href=\"https:\/\/drive.google.com\/file\/d\/1dRlIM89Lf47ZFZ5-XMdAJDGP_bE9EUbO\/view\" target=\"_blank\" rel=\"noreferrer noopener\"><strong>ESO<\/strong><\/a><\/td><td><a href=\"https:\/\/drive.google.com\/file\/d\/15ApuBpkpLJGgI2z-GX1weKgsJHlrT_SK\/view?usp=sharing\" target=\"_blank\" rel=\"noreferrer noopener\"><strong>Angl\u00e8s<\/strong><\/a><\/td><\/tr><\/tbody><\/table><\/figure>\n\n\n\n<p><strong>Programacions<\/strong><\/p>\n\n\n\n<figure class=\"wp-block-table\"><table class=\"has-fixed-layout\"><tbody><tr><td><strong>ESO<\/strong><\/td><td><strong>1r batxillerat<\/strong><\/td><td><strong>2n batxillerat<\/strong><\/td><\/tr><tr><td><a href=\"https:\/\/drive.google.com\/file\/d\/1WcJ9CAqD3C1In5MBeRAONvGKv_LPIAUx\/view?usp=sharing\" target=\"_blank\" rel=\"noreferrer noopener\"><strong>1r ESO<\/strong><\/a><\/td><td><a href=\"https:\/\/docs.google.com\/document\/d\/1GRxWaNyDlqz9XVTb-_qpa0CIowZHwE-i\/edit?usp=sharing&amp;ouid=116884878668790070596&amp;rtpof=true&amp;sd=true\" target=\"_blank\" rel=\"noreferrer noopener\"><strong>Angl\u00e8s<\/strong><\/a><\/td><td><a href=\"https:\/\/docs.google.com\/document\/d\/1_Bsec7mFKuCVzNGQ0HhY2bgpLLwfoGnX\/edit?usp=drive_link&amp;ouid=116884878668790070596&amp;rtpof=true&amp;sd=true\" target=\"_blank\" rel=\"noreferrer noopener\"><strong>Angl\u00e8s<\/strong><\/a><\/td><\/tr><tr><td><a href=\"https:\/\/docs.google.com\/document\/d\/1D0--I6kBS9hDmFIB6GJWgG_gMa02aYm8\/edit?usp=sharing&amp;ouid=116884878668790070596&amp;rtpof=true&amp;sd=true\" target=\"_blank\" rel=\"noreferrer noopener\"><strong>2n ESO<\/strong><\/a><\/td><td>&nbsp;<\/td><td>&nbsp;<\/td><\/tr><tr><td><a href=\"https:\/\/docs.google.com\/document\/d\/1ruXSwqrigydZ6AsS72sqdPZhlmcgc4-05Pz7lzwxLN0\/edit?usp=sharing\" target=\"_blank\" rel=\"noreferrer noopener\"><strong>3r ESO<\/strong><\/a><\/td><td>&nbsp;<\/td><td>&nbsp;<\/td><\/tr><tr><td><a href=\"https:\/\/docs.google.com\/document\/d\/1rCR8eyHOMovHPdCk2j8fuOxh0BmNibtg\/edit?usp=sharing&amp;ouid=116884878668790070596&amp;rtpof=true&amp;sd=true\" target=\"_blank\" rel=\"noreferrer noopener\"><strong>4r ESO<\/strong><\/a><\/td><td>&nbsp;<\/td><td>&nbsp;<\/td><\/tr><\/tbody><\/table><\/figure>\n\n\n\n<p><strong>Enlla\u00e7os<\/strong><\/p>\n\n\n\n<figure class=\"wp-block-table\"><table class=\"has-fixed-layout\"><tbody><tr><td><a href=\"http:\/\/iesolorda.cat\/departaments\/an\/an_lectures_recomanades.pdf\" target=\"_blank\" rel=\"noreferrer noopener\"><strong>Lectures recomanades<\/strong><\/a><\/td><\/tr><tr><td><a href=\"http:\/\/iesolorda.cat\/departaments\/an\/an_webs.pdf\" target=\"_blank\" rel=\"noreferrer noopener\"><strong>Webs d&#8217;inter\u00e8s<\/strong><\/a><\/td><\/tr><\/tbody><\/table><\/figure>\n","protected":false},"excerpt":{"rendered":"<p>Torna a departaments Criteris ESO Batxillerat ESO Angl\u00e8s Programacions ESO 1r batxillerat 2n batxillerat 1r ESO Angl\u00e8s Angl\u00e8s 2n ESO &nbsp; &nbsp; 3r ESO &nbsp; &nbsp; 4r ESO &nbsp; &nbsp; Enlla\u00e7os Lectures recomanades Webs d&#8217;inter\u00e8s<\/p>\n","protected":false},"author":1,"featured_media":0,"parent":0,"menu_order":0,"comment_status":"closed","ping_status":"close","template":"","meta":{"site-sidebar-layout":"default","site-content-layout":"","ast-site-content-layout":"default","site-content-style":"default","site-sidebar-style":"default","ast-global-header-display":"","ast-banner-title-visibility":"","ast-main-header-display":"","ast-hfb-above-header-display":"","ast-hfb-below-header-display":"","ast-hfb-mobile-header-display":"","site-post-title":"","ast-breadcrumbs-content":"","ast-featured-img":"","footer-sml-layout":"","theme-transparent-header-meta":"","adv-header-id-meta":"","stick-header-meta":"","header-above-stick-meta":"","header-main-stick-meta":"","header-below-stick-meta":"","astra-migrate-meta-layouts":"set","ast-page-background-enabled":"default","ast-page-background-meta":{"desktop":{"background-color":"var(--ast-global-color-4)","background-image":"","background-repeat":"repeat","background-position":"center center","background-size":"auto","background-attachment":"scroll","background-type":"","background-media":"","overlay-type":"","overlay-color":"","overlay-opacity":"","overlay-gradient":""},"tablet":{"background-color":"","background-image":"","background-repeat":"repeat","background-position":"center center","background-size":"auto","background-attachment":"scroll","background-type":"","background-media":"","overlay-type":"","overlay-color":"","overlay-opacity":"","overlay-gradient":""},"mobile":{"background-color":"","background-image":"","background-repeat":"repeat","background-position":"center center","background-size":"auto","background-attachment":"scroll","background-type":"","background-media":"","overlay-type":"","overlay-color":"","overlay-opacity":"","overlay-gradient":""}},"ast-content-background-meta":{"desktop":{"background-color":"var(--ast-global-color-5)","background-image":"","background-repeat":"repeat","background-position":"center center","background-size":"auto","background-attachment":"scroll","background-type":"","background-media":"","overlay-type":"","overlay-color":"","overlay-opacity":"","overlay-gradient":""},"tablet":{"background-color":"var(--ast-global-color-5)","background-image":"","background-repeat":"repeat","background-position":"center center","background-size":"auto","background-attachment":"scroll","background-type":"","background-media":"","overlay-type":"","overlay-color":"","overlay-opacity":"","overlay-gradient":""},"mobile":{"background-color":"var(--ast-global-color-5)","background-image":"","background-repeat":"repeat","background-position":"center center","background-size":"auto","background-attachment":"scroll","background-type":"","background-media":"","overlay-type":"","overlay-color":"","overlay-opacity":"","overlay-gradient":""}},"footnotes":""},"class_list":["post-788","page","type-page","status-publish","hentry"],"post_mailing_queue_ids":[],"_links":{"self":[{"href":"https:\/\/agora.xtec.cat\/iesolorda\/wp-json\/wp\/v2\/pages\/788","targetHints":{"allow":["GET"]}}],"collection":[{"href":"https:\/\/agora.xtec.cat\/iesolorda\/wp-json\/wp\/v2\/pages"}],"about":[{"href":"https:\/\/agora.xtec.cat\/iesolorda\/wp-json\/wp\/v2\/types\/page"}],"author":[{"embeddable":true,"href":"https:\/\/agora.xtec.cat\/iesolorda\/wp-json\/wp\/v2\/users\/1"}],"replies":[{"embeddable":true,"href":"https:\/\/agora.xtec.cat\/iesolorda\/wp-json\/wp\/v2\/comments?post=788"}],"version-history":[{"count":4,"href":"https:\/\/agora.xtec.cat\/iesolorda\/wp-json\/wp\/v2\/pages\/788\/revisions"}],"predecessor-version":[{"id":1455,"href":"https:\/\/agora.xtec.cat\/iesolorda\/wp-json\/wp\/v2\/pages\/788\/revisions\/1455"}],"wp:attachment":[{"href":"https:\/\/agora.xtec.cat\/iesolorda\/wp-json\/wp\/v2\/media?parent=788"}],"curies":[{"name":"wp","href":"https:\/\/api.w.org\/{rel}","templated":true}]}}