{"id":734,"date":"2026-03-24T08:29:39","date_gmt":"2026-03-24T07:29:39","guid":{"rendered":"https:\/\/agora.xtec.cat\/iesolorda\/?page_id=734"},"modified":"2026-03-24T08:37:15","modified_gmt":"2026-03-24T07:37:15","slug":"secretaria-i-gestions","status":"publish","type":"page","link":"https:\/\/agora.xtec.cat\/iesolorda\/secretaria-i-gestions\/","title":{"rendered":"Secretaria i gestions"},"content":{"rendered":"\n<h1 class=\"wp-block-heading\">Horari de Secretaria<\/h1>\n\n\n\n<p>Es recomana demanar cita pr\u00e8via per realitzar els tr\u00e0mits.<\/p>\n\n\n\n<p>Juny, juliol, setembre<br><strong>MATINS:&nbsp;<\/strong>de dilluns a divendres de 9 a 14h.<\/p>\n\n\n\n<p>D&#8217;octubre a maig<br><strong>MATINS:&nbsp;<\/strong>de dilluns a divendres de 9:30 a 14:30h.<\/p>\n\n\n\n<h1 class=\"wp-block-heading\">Tr\u00e0mits administratius que es poden realitzar a la secretaria del centre<\/h1>\n\n\n\n<h2 class=\"wp-block-heading\">&#8211; CERTIFICAT CATAL\u00c0 (equivalent al C1 MECR)<\/h2>\n\n\n\n<p><strong>Pot tramitar-se en qualsevol institut p\u00fablic. En per\u00edodes de preinscripci\u00f3 i matr\u00edcula no es trametran certificats (consultar dates al web del <\/strong><a href=\"https:\/\/preinscripcio.gencat.cat\/ca\/detalls\/noticia\/dates-preinscripcio-2023-2024\"><strong>departament d&#8217;educaci<\/strong><\/a><strong>\u00f3).&nbsp;L\u2019obtenci\u00f3 del certificat \u00e9s gratu\u00efta.<\/strong><br><br><strong>QUI EL POT TRAMITAR?&nbsp;<\/strong><\/p>\n\n\n\n<ul class=\"wp-block-list\">\n<li>Qualsevol persona que hagi cursat estudis d\u2019FP o BUP a partir del curs 1978\/79<\/li>\n\n\n\n<li>Qualsevol persona que hagi cursat l\u2019ESO<\/li>\n\n\n\n<li>Persona interessada o persona autoritzada per qui sol\u00b7licita el certificat<\/li>\n<\/ul>\n\n\n\n<p><strong>COM ES POT TRAMITAR?<\/strong><\/p>\n\n\n\n<ul class=\"wp-block-list\">\n<li>Es recomana trucar al centre on es far\u00e0 el tr\u00e0mit perqu\u00e8 la documentaci\u00f3 necess\u00e0ria pot variar en funci\u00f3 dels estudis cursats.<\/li>\n\n\n\n<li>L\u2019entrega del certificat no \u00e9s en el moment en qu\u00e8 es fa la sol\u00b7licitud.<\/li>\n<\/ul>\n\n\n\n<p><strong>DOCUMENTACI\u00d3:<\/strong><\/p>\n\n\n\n<ul class=\"wp-block-list\">\n<li>Original i fotoc\u00f2pia DNI persona interessada<\/li>\n\n\n\n<li>Original i fotoc\u00f2pia certificaci\u00f3 acad\u00e8mica (historial o certificaci\u00f3 del centre con s\u2019han cursat els estudis) o llibre d\u2019escolaritat<\/li>\n\n\n\n<li>Original i fotoc\u00f2pia del t\u00edtol acreditatiu (FP, BUP o ESO)<\/li>\n<\/ul>\n\n\n\n<h2 class=\"wp-block-heading\">&#8211; T\u00cdTOL ESO<\/h2>\n\n\n\n<p><strong>Ha de tramitar-se en l\u2019institut p\u00fablic on s\u2019ha cursat l\u2019ESO. \u00c9s obligatori fer la tramesa en acabar el curs escolar de 4t d\u2019ESO. La seva obtenci\u00f3 \u00e9s gratu\u00efta.<\/strong><br>&nbsp;<\/p>\n\n\n\n<p><strong>QUI EL POT TRAMITAR?&nbsp;<\/strong><\/p>\n\n\n\n<ul class=\"wp-block-list\">\n<li>Persona interessada o els seus tutors legals<\/li>\n\n\n\n<li>L\u2019entrega del t\u00edtol no \u00e9s en el moment en qu\u00e8 es fa la sol\u00b7licitud<\/li>\n<\/ul>\n\n\n\n<p><strong>QUI EL POT RECOLLIR?<\/strong><\/p>\n\n\n\n<ul class=\"wp-block-list\">\n<li>Pot recollir-lo l\u2019alumne\/a sol\u00b7licitant amb el DNI i el resguard del t\u00edtol<\/li>\n\n\n\n<li>Qualsevol persona amb una autoritzaci\u00f3 signada per l\u2019alumne\/a sol\u00b7licitant i la documentaci\u00f3 requerida<\/li>\n<\/ul>\n\n\n\n<p><strong>DOCUMENTACI\u00d3:<\/strong><\/p>\n\n\n\n<ul class=\"wp-block-list\">\n<li>Original i fotoc\u00f2pia DNI persona interessada<\/li>\n\n\n\n<li>Butllet\u00ed notes de 4t ESO<\/li>\n<\/ul>\n\n\n\n<h2 class=\"wp-block-heading\">&#8211; T\u00cdTOL BATXILLERAT<\/h2>\n\n\n\n<p><strong>Ha de tramitar-se en l\u2019institut p\u00fablic on s\u2019ha cursat el batxillerat. Els alumnes interessats poden fer la tramesa en acabar el curs escolar de 2n batxillerat. L\u2019obtenci\u00f3 del t\u00edtol t\u00e9 una taxa establerta pel departament d\u2019educaci\u00f3 que s\u2019actualitza anualment.<\/strong><br>&nbsp;<\/p>\n\n\n\n<p><strong>QUI EL POT TRAMITAR?&nbsp;<\/strong><\/p>\n\n\n\n<ul class=\"wp-block-list\">\n<li>Persona interessada o els seus tutors legals<\/li>\n<\/ul>\n\n\n\n<p><strong>QUI EL POT RECOLLIR?<\/strong><\/p>\n\n\n\n<ul class=\"wp-block-list\">\n<li>Pot recollir-lo l\u2019alumne\/a sol\u00b7licitant amb el DNI i el resguard del t\u00edtol<\/li>\n\n\n\n<li>Qualsevol persona amb una autoritzaci\u00f3 signada per l\u2019alumne\/a sol\u00b7licitant i la documentaci\u00f3 requerida<\/li>\n<\/ul>\n\n\n\n<p><strong>DOCUMENTACI\u00d3:<\/strong><\/p>\n\n\n\n<ul class=\"wp-block-list\">\n<li>Original i fotoc\u00f2pia DNI persona interessada<\/li>\n\n\n\n<li>Butllet\u00ed notes de 2n batxillerat amb totes les assignatures superades<\/li>\n<\/ul>\n\n\n\n<h1 class=\"wp-block-heading\"><strong>Recuperar contrasenya iEduca<\/strong><\/h1>\n\n\n\n<figure class=\"wp-block-embed is-type-rich is-provider-gestor-del-servei wp-block-embed-gestor-del-servei wp-embed-aspect-16-9 wp-has-aspect-ratio\"><div class=\"wp-block-embed__wrapper\">\n<div class=\"ast-oembed-container \" style=\"height: 100%;\"><iframe loading=\"lazy\" title=\"iEduca recuperar contrasenya\" width=\"500\" height=\"281\" src=\"https:\/\/www.youtube.com\/embed\/9MfhGlsAQo8?feature=oembed\" frameborder=\"0\" allow=\"accelerometer; autoplay; clipboard-write; encrypted-media; gyroscope; picture-in-picture; web-share\" referrerpolicy=\"strict-origin-when-cross-origin\" allowfullscreen><\/iframe><\/div>\n<\/div><\/figure>\n","protected":false},"excerpt":{"rendered":"<p>Horari de Secretaria Es recomana demanar cita pr\u00e8via per realitzar els tr\u00e0mits. Juny, juliol, setembreMATINS:&nbsp;de dilluns a divendres de 9 a 14h. D&#8217;octubre a maigMATINS:&nbsp;de dilluns a divendres de 9:30 a 14:30h. Tr\u00e0mits administratius que es poden realitzar a la secretaria del centre &#8211; CERTIFICAT CATAL\u00c0 (equivalent al C1 MECR) Pot tramitar-se en qualsevol institut [&hellip;]<\/p>\n","protected":false},"author":1,"featured_media":0,"parent":0,"menu_order":0,"comment_status":"closed","ping_status":"close","template":"","meta":{"site-sidebar-layout":"default","site-content-layout":"","ast-site-content-layout":"default","site-content-style":"default","site-sidebar-style":"default","ast-global-header-display":"","ast-banner-title-visibility":"","ast-main-header-display":"","ast-hfb-above-header-display":"","ast-hfb-below-header-display":"","ast-hfb-mobile-header-display":"","site-post-title":"","ast-breadcrumbs-content":"","ast-featured-img":"","footer-sml-layout":"","theme-transparent-header-meta":"","adv-header-id-meta":"","stick-header-meta":"","header-above-stick-meta":"","header-main-stick-meta":"","header-below-stick-meta":"","astra-migrate-meta-layouts":"set","ast-page-background-enabled":"default","ast-page-background-meta":{"desktop":{"background-color":"var(--ast-global-color-4)","background-image":"","background-repeat":"repeat","background-position":"center center","background-size":"auto","background-attachment":"scroll","background-type":"","background-media":"","overlay-type":"","overlay-color":"","overlay-opacity":"","overlay-gradient":""},"tablet":{"background-color":"","background-image":"","background-repeat":"repeat","background-position":"center center","background-size":"auto","background-attachment":"scroll","background-type":"","background-media":"","overlay-type":"","overlay-color":"","overlay-opacity":"","overlay-gradient":""},"mobile":{"background-color":"","background-image":"","background-repeat":"repeat","background-position":"center center","background-size":"auto","background-attachment":"scroll","background-type":"","background-media":"","overlay-type":"","overlay-color":"","overlay-opacity":"","overlay-gradient":""}},"ast-content-background-meta":{"desktop":{"background-color":"var(--ast-global-color-5)","background-image":"","background-repeat":"repeat","background-position":"center center","background-size":"auto","background-attachment":"scroll","background-type":"","background-media":"","overlay-type":"","overlay-color":"","overlay-opacity":"","overlay-gradient":""},"tablet":{"background-color":"var(--ast-global-color-5)","background-image":"","background-repeat":"repeat","background-position":"center center","background-size":"auto","background-attachment":"scroll","background-type":"","background-media":"","overlay-type":"","overlay-color":"","overlay-opacity":"","overlay-gradient":""},"mobile":{"background-color":"var(--ast-global-color-5)","background-image":"","background-repeat":"repeat","background-position":"center center","background-size":"auto","background-attachment":"scroll","background-type":"","background-media":"","overlay-type":"","overlay-color":"","overlay-opacity":"","overlay-gradient":""}},"footnotes":""},"class_list":["post-734","page","type-page","status-publish","hentry"],"post_mailing_queue_ids":[],"_links":{"self":[{"href":"https:\/\/agora.xtec.cat\/iesolorda\/wp-json\/wp\/v2\/pages\/734","targetHints":{"allow":["GET"]}}],"collection":[{"href":"https:\/\/agora.xtec.cat\/iesolorda\/wp-json\/wp\/v2\/pages"}],"about":[{"href":"https:\/\/agora.xtec.cat\/iesolorda\/wp-json\/wp\/v2\/types\/page"}],"author":[{"embeddable":true,"href":"https:\/\/agora.xtec.cat\/iesolorda\/wp-json\/wp\/v2\/users\/1"}],"replies":[{"embeddable":true,"href":"https:\/\/agora.xtec.cat\/iesolorda\/wp-json\/wp\/v2\/comments?post=734"}],"version-history":[{"count":2,"href":"https:\/\/agora.xtec.cat\/iesolorda\/wp-json\/wp\/v2\/pages\/734\/revisions"}],"predecessor-version":[{"id":782,"href":"https:\/\/agora.xtec.cat\/iesolorda\/wp-json\/wp\/v2\/pages\/734\/revisions\/782"}],"wp:attachment":[{"href":"https:\/\/agora.xtec.cat\/iesolorda\/wp-json\/wp\/v2\/media?parent=734"}],"curies":[{"name":"wp","href":"https:\/\/api.w.org\/{rel}","templated":true}]}}