{"id":722,"date":"2026-03-23T23:21:31","date_gmt":"2026-03-23T22:21:31","guid":{"rendered":"https:\/\/agora.xtec.cat\/iesolorda\/?page_id=722"},"modified":"2026-04-21T13:12:59","modified_gmt":"2026-04-21T11:12:59","slug":"orientacio","status":"publish","type":"page","link":"https:\/\/agora.xtec.cat\/iesolorda\/orientacio\/","title":{"rendered":"Orientaci\u00f3"},"content":{"rendered":"\n<iframe loading=\"lazy\" src=\"https:\/\/drive.google.com\/file\/d\/1-OdWkMKLfGu9xq-xHGAUxgl358ZWmXrt\/preview\" width=\"100%\" height=\"480\"><\/iframe>\n\n\n\n<h1 class=\"wp-block-heading\"><strong>Orientaci\u00f3<\/strong><\/h1>\n\n\n\n<p><a href=\"http:\/\/queestudiar.gencat.cat\/ca\" target=\"_blank\" rel=\"noreferrer noopener\"><strong>Web estudiar a Catalunya<\/strong><\/a>. Informaci\u00f3 general sobre estudis a Catalunya.<br><a href=\"https:\/\/docs.google.com\/document\/d\/e\/2PACX-1vTiaErVKYUtcImYHnNg2xinpQpTZemTflZObJ97VzzX6P0KgKmFSTVjijVDLerqsw\/pub\" target=\"_blank\" rel=\"noreferrer noopener\"><strong>Orientacions d&#8217;estudis a Catalunya<\/strong><\/a>. Informaci\u00f3 de cicles mitjans i superiors,programes de formaci\u00f3 i d&#8217;inserci\u00f3, i enlla\u00e7os a les diferents universitats.<\/p>\n\n\n\n<h1 class=\"wp-block-heading\"><strong>Beques<\/strong><\/h1>\n\n\n\n<p>L\u2019Ajuntament ofereix a les fam\u00edlies empadronades a Sant Feliu, amb fills i filles escolaritzats a la ciutat, ajuts econ\u00f2mics destinats a subvencionar els llibres i les sortides escolars obligat\u00f2ries per al curs 2017-2018.<\/p>\n\n\n\n<p>Per a l\u2019esmentat curs 2017-2018, les fam\u00edlies hauran de presentar la sol\u00b7licitud del&nbsp;<strong>4 al 18 de setembre de 2017<\/strong>&nbsp;a l\u2019<strong>Oficina d\u2019Atenci\u00f3 Ciutadana<\/strong>&nbsp;\u2013 OAC (Pla\u00e7a de la Vila, 1), de la nostra ciutat, de&nbsp;<strong>dilluns a divendres de 8 a 20 h<\/strong>, tal i com s\u2019especifica en document adjunt.<\/p>\n\n\n\n<h1 class=\"wp-block-heading\"><strong>Orientaci\u00f3 4t ESO<\/strong><\/h1>\n\n\n\n<p><a href=\"https:\/\/drive.google.com\/file\/d\/1dbIMGLBH1NOWfi4nAUS05kb8WQU4wSvv\/view?usp=sharing\"><strong>Reuni\u00f3 orientaci\u00f3 fam\u00edlies 4t ESO.<\/strong><\/a><\/p>\n\n\n\n<h1 class=\"wp-block-heading\"><strong>Batxillerat i despr\u00e9s de batxillerat<\/strong><\/h1>\n\n\n\n<p><a href=\"http:\/\/unportal.cat\" target=\"_blank\" rel=\"noreferrer noopener\"><strong>Web unportal.cat<\/strong><\/a><br><a href=\"http:\/\/www.educaweb.cat\/continguts\/educatius\/batxillerat\/sortides-batxillerat-connexions-altres-estudis\/\" target=\"_blank\" rel=\"noreferrer noopener\"><strong>Sortides acad\u00e8miques de batxillerat<\/strong><\/a><br><br>&#8211; Connexi\u00f3 amb els graus universitaris:<\/p>\n\n\n\n<p><a href=\"https:\/\/docs.google.com\/document\/d\/e\/2PACX-1vQlbd8UEOhkD_P0WOI4AU2U9CQH6dTxLxdzUkarxa2yZjGD2bSkNTfzWTSvJWXNOA\/pub\"><strong>Graus branca arts i humanitats.<\/strong><\/a><br><a href=\"https:\/\/docs.google.com\/document\/d\/e\/2PACX-1vQH2KNOwRjQQXDlPsq7oeVmDpZvVWq4k8sA7w5UsH3zF7ykhL8u7B9jY-vAX6VLdA\/pub\"><strong>Graus branca ci\u00e8ncies socials i jur\u00eddiques.<\/strong><\/a><br><a href=\"https:\/\/docs.google.com\/document\/d\/e\/2PACX-1vSMAlFcvogwQaHTYzAvbsaY-Smh9PeTJnypFhA5O8vC-3WwzWdICm6mM7DtWpFSKQ\/pub\"><strong>Graus branca ci\u00e8ncies<\/strong><\/a>.<br><a href=\"https:\/\/docs.google.com\/document\/d\/e\/2PACX-1vQsWx2-yRl_iHHLcR7iEU2NAXD6E0UvOxAUkW4sVwo0fJZ24LVzFdD1QI4dieKT9A\/pub\"><strong>Graus branca enginyeria i arquitectura.<\/strong><\/a><br><a href=\"https:\/\/docs.google.com\/document\/d\/e\/2PACX-1vSAizfUlhADH1A1f5R6yf_VtxH6zeyZoebMWSEf9fITp83uH9v1BgvqOQg7YisRNw\/pub\"><strong>Graus &nbsp;branca ci\u00e8ncies de la salut.<\/strong><\/a><br><br>Document tria de modalitat per al curs 2024-25 (<a href=\"https:\/\/drive.google.com\/file\/d\/11Qkrc6uWQuDqLcI6fUaknhowj0RUqiun\/view?usp=sharing\" target=\"_blank\" rel=\"noreferrer noopener\"><strong>fitxer PDF per presentar<\/strong><\/a>).<\/p>\n\n\n\n<h1 class=\"wp-block-heading\"><strong>Treball de recerca<\/strong><\/h1>\n\n\n\n<p>1. <a href=\"https:\/\/drive.google.com\/file\/d\/14i5ltuinAt0Foe50qyobP2B0HstuIHhM\/view?usp=drive_link\" target=\"_blank\" rel=\"noreferrer noopener\"><strong>Pautes generals<\/strong><\/a><br>2. <a href=\"https:\/\/drive.google.com\/file\/d\/1El88P_SFjscbLABa_aTyBW__Nu4PdmX7\/view?usp=sharing\" target=\"_blank\" rel=\"noreferrer noopener\"><strong>Eines metodol\u00f2giques<\/strong><\/a><br>3. <a href=\"https:\/\/drive.google.com\/open?id=0B18dBTXs2bg4LXFUc1hOOFdyUmc\" target=\"_blank\" rel=\"noreferrer noopener\"><strong>Fases del treball<\/strong><\/a><br>4. <a href=\"https:\/\/drive.google.com\/file\/d\/1moaoj6d_QF1yF95hYvQ08BAA4vO3bWCa\/view?usp=sharing\" target=\"_blank\" rel=\"noreferrer noopener\"><strong>Primeres passes<\/strong><\/a><br>5.&nbsp;<a href=\"https:\/\/drive.google.com\/file\/d\/1SqTHbtw6P89J36SDovyXt-4yk4OFfMb6\/view?usp=sharing\"><strong>Calendari 2024-26<\/strong><\/a><br>6. <a href=\"https:\/\/drive.google.com\/file\/d\/1zwcsXHPJJTNifbRZjV57zaTy3Dyq1249\/view?usp=sharing\" target=\"_blank\" rel=\"noreferrer noopener\"><strong>Pautes de lliurament 2025<\/strong><\/a><br>7. <a href=\"https:\/\/docs.google.com\/document\/d\/1w6fLeOw99l_V68WX1ao_DflKmhHVNygP\/edit?usp=sharing&amp;ouid=116884878668790070596&amp;rtpof=true&amp;sd=true\" target=\"_blank\" rel=\"noreferrer noopener\"><strong>Criteris d&#8217;avaluaci\u00f3 i tribunals<\/strong><\/a><br>8. <a href=\"https:\/\/drive.google.com\/file\/d\/1JLKFuYC0oZ0sXL33h0h8gZQczHf9bvQ5\/view?usp=sharing\" target=\"_blank\" rel=\"noreferrer noopener\"><strong>Abstract<\/strong><\/a><br>9. <a href=\"https:\/\/drive.google.com\/file\/d\/18AjRNLyTdRmTXSSIebhMvT4HzrUaX7jM\/view?usp=sharing\" target=\"_blank\" rel=\"noreferrer noopener\"><strong>Citaci\u00f3 fonts APA<\/strong><\/a><\/p>\n\n\n\n<h1 class=\"wp-block-heading\"><strong>PAU<\/strong><\/h1>\n\n\n\n<p><a href=\"https:\/\/universitats.gencat.cat\/\" target=\"_blank\" rel=\"noreferrer noopener\"><strong>Informaci\u00f3 de les PAU<\/strong><\/a><\/p>\n\n\n\n<p><a href=\"https:\/\/drive.google.com\/file\/d\/1usek8qyEGiOxcrDAtD6HQ1LcDsnDMSL-\/view?usp=sharing\" target=\"_blank\" rel=\"noreferrer noopener\"><strong>Portal d&#8217;acc\u00e9s a la universitat<\/strong><\/a><\/p>\n\n\n\n<p><a href=\"https:\/\/drive.google.com\/file\/d\/1DGeLgOkSvuwSmg_i1LVq1QaigaSyKhnl\/view?usp=sharing\" target=\"_blank\" rel=\"noreferrer noopener\"><strong>Ponderacions 2025<\/strong><\/a>, <a href=\"https:\/\/drive.google.com\/file\/d\/1LY1BiTbZ8rCs4V2X89dU5QhMIND1coe4\/view?usp=sharing\"><strong>ponderacions 2026<\/strong><\/a>, <a href=\"https:\/\/drive.google.com\/file\/d\/1dibKpaDhoyVKQ3NGd4pKed7my3dwlj21\/view?usp=sharing\"><strong>ponderacions 2027<\/strong><\/a><\/p>\n\n\n\n<p><strong>Notes de tall:&nbsp;<\/strong> <a href=\"https:\/\/drive.google.com\/file\/d\/19k1rYxfILvKZO-mF6kCfPNqOBBGgFGbe\/view?usp=sharing\"><strong>juny 2023<\/strong><\/a> &#8211; <a href=\"https:\/\/drive.google.com\/file\/d\/1Tk1z7UDNkOtoAGVrbC5wmMhuXuMIgXbV\/view?usp=sharing\"><strong>setembre 2023<\/strong><\/a><strong> &#8211; <\/strong><a href=\"https:\/\/drive.google.com\/file\/d\/1BQ3ZXcaLqmy0cFy6d3ip3cM0PRpKUKbk\/view?usp=sharing\" target=\"_blank\" rel=\"noreferrer noopener\"><strong>juny 2024<\/strong><\/a><strong> (1a ass.)<\/strong>&nbsp;&#8211;&nbsp;<a href=\"https:\/\/drive.google.com\/file\/d\/10IT12A2qyk1VSigzIQqV5pqOXv-5acc7\/view?usp=sharing\" target=\"_blank\" rel=\"noreferrer noopener\"><strong>juny 2024<\/strong><\/a><strong> (3a ass.)<\/strong> &#8211; <a href=\"https:\/\/drive.google.com\/file\/d\/1cxgxakXAqNH2qawOyn6L1XRMAQ59GqLN\/view?usp=sharing\" target=\"_blank\" rel=\"noreferrer noopener\"><strong>juny 2024<\/strong><\/a><strong> (5a ass.) &#8211;<\/strong><a href=\"https:\/\/drive.google.com\/file\/d\/1mUtvI8RMg2UQi3hFqYChCmUwyWxN1A2J\/view?usp=sharing\"><strong> juny 2025 <\/strong><\/a><strong>(1a ass.) &#8211; <\/strong><a href=\"https:\/\/drive.google.com\/file\/d\/19lAAGEFFGETBgoa2phfzeLOd4-3tmkfP\/view?usp=sharing\"><strong>setembre 2025<\/strong><\/a><strong> (1a ass.) &#8211; <\/strong><a href=\"https:\/\/drive.google.com\/file\/d\/1mUtvI8RMg2UQi3hFqYChCmUwyWxN1A2J\/view?usp=sharing\"><strong>quadre comparatiu juny 2025<\/strong><\/a><strong> &#8211; <\/strong><a href=\"https:\/\/drive.google.com\/file\/d\/1KgagDANlCvAVFcQjkIUQYFMnYlpRksPu\/view?usp=sharing\"><strong>quadre comparatiu setembre 2025<\/strong><\/a> .<\/p>\n\n\n\n<p><br>Prematr\u00edcula:<br><a href=\"https:\/\/drive.google.com\/file\/d\/1CdbGKaDieD485EPZCeI5PPiiaeMLQwyB\/view?usp=sharing\"><strong>Guia informativa prematr\u00edcula&nbsp;PAU i matr\u00edcula PAP 2025<\/strong><\/a><\/p>\n\n\n\n<p>Matr\u00edcula PAU:<br><a href=\"https:\/\/drive.google.com\/file\/d\/1JXFFdAABJu4oIkGZLLch4QOTND29Scjr\/view?usp=sharing\"><strong>Instruccions per fer la matr\u00edcula<\/strong><\/a><br><a href=\"https:\/\/drive.google.com\/file\/d\/1NI341po5H0DCaUVkl3YjsMCKTEsmk5Ox\/view?usp=sharing\"><strong>Breu guia matr\u00edcula PAU 2025<\/strong><\/a><\/p>\n\n\n\n<h1 class=\"wp-block-heading\"><strong>Preinscripci\u00f3 Universit\u00e0ria<\/strong><\/h1>\n\n\n\n<p><a href=\"https:\/\/drive.google.com\/file\/d\/1615m13FJA94L6oGrhuKrP0yEOrblUWlo\/view?usp=sharing\" target=\"_blank\" rel=\"noreferrer noopener\"><strong>Preinscripci\u00f3 universit\u00e0ria 2025<\/strong><\/a><\/p>\n\n\n\n<p><\/p>\n","protected":false},"excerpt":{"rendered":"<p>Orientaci\u00f3 Web estudiar a Catalunya. Informaci\u00f3 general sobre estudis a Catalunya.Orientacions d&#8217;estudis a Catalunya. Informaci\u00f3 de cicles mitjans i superiors,programes de formaci\u00f3 i d&#8217;inserci\u00f3, i enlla\u00e7os a les diferents universitats. Beques L\u2019Ajuntament ofereix a les fam\u00edlies empadronades a Sant Feliu, amb fills i filles escolaritzats a la ciutat, ajuts econ\u00f2mics destinats a subvencionar els llibres [&hellip;]<\/p>\n","protected":false},"author":1,"featured_media":0,"parent":0,"menu_order":0,"comment_status":"closed","ping_status":"close","template":"","meta":{"site-sidebar-layout":"default","site-content-layout":"","ast-site-content-layout":"default","site-content-style":"default","site-sidebar-style":"default","ast-global-header-display":"","ast-banner-title-visibility":"","ast-main-header-display":"","ast-hfb-above-header-display":"","ast-hfb-below-header-display":"","ast-hfb-mobile-header-display":"","site-post-title":"","ast-breadcrumbs-content":"","ast-featured-img":"","footer-sml-layout":"","theme-transparent-header-meta":"","adv-header-id-meta":"","stick-header-meta":"","header-above-stick-meta":"","header-main-stick-meta":"","header-below-stick-meta":"","astra-migrate-meta-layouts":"set","ast-page-background-enabled":"default","ast-page-background-meta":{"desktop":{"background-color":"var(--ast-global-color-4)","background-image":"","background-repeat":"repeat","background-position":"center center","background-size":"auto","background-attachment":"scroll","background-type":"","background-media":"","overlay-type":"","overlay-color":"","overlay-opacity":"","overlay-gradient":""},"tablet":{"background-color":"","background-image":"","background-repeat":"repeat","background-position":"center center","background-size":"auto","background-attachment":"scroll","background-type":"","background-media":"","overlay-type":"","overlay-color":"","overlay-opacity":"","overlay-gradient":""},"mobile":{"background-color":"","background-image":"","background-repeat":"repeat","background-position":"center center","background-size":"auto","background-attachment":"scroll","background-type":"","background-media":"","overlay-type":"","overlay-color":"","overlay-opacity":"","overlay-gradient":""}},"ast-content-background-meta":{"desktop":{"background-color":"var(--ast-global-color-5)","background-image":"","background-repeat":"repeat","background-position":"center center","background-size":"auto","background-attachment":"scroll","background-type":"","background-media":"","overlay-type":"","overlay-color":"","overlay-opacity":"","overlay-gradient":""},"tablet":{"background-color":"var(--ast-global-color-5)","background-image":"","background-repeat":"repeat","background-position":"center center","background-size":"auto","background-attachment":"scroll","background-type":"","background-media":"","overlay-type":"","overlay-color":"","overlay-opacity":"","overlay-gradient":""},"mobile":{"background-color":"var(--ast-global-color-5)","background-image":"","background-repeat":"repeat","background-position":"center center","background-size":"auto","background-attachment":"scroll","background-type":"","background-media":"","overlay-type":"","overlay-color":"","overlay-opacity":"","overlay-gradient":""}},"footnotes":""},"class_list":["post-722","page","type-page","status-publish","hentry"],"post_mailing_queue_ids":[],"_links":{"self":[{"href":"https:\/\/agora.xtec.cat\/iesolorda\/wp-json\/wp\/v2\/pages\/722","targetHints":{"allow":["GET"]}}],"collection":[{"href":"https:\/\/agora.xtec.cat\/iesolorda\/wp-json\/wp\/v2\/pages"}],"about":[{"href":"https:\/\/agora.xtec.cat\/iesolorda\/wp-json\/wp\/v2\/types\/page"}],"author":[{"embeddable":true,"href":"https:\/\/agora.xtec.cat\/iesolorda\/wp-json\/wp\/v2\/users\/1"}],"replies":[{"embeddable":true,"href":"https:\/\/agora.xtec.cat\/iesolorda\/wp-json\/wp\/v2\/comments?post=722"}],"version-history":[{"count":5,"href":"https:\/\/agora.xtec.cat\/iesolorda\/wp-json\/wp\/v2\/pages\/722\/revisions"}],"predecessor-version":[{"id":1302,"href":"https:\/\/agora.xtec.cat\/iesolorda\/wp-json\/wp\/v2\/pages\/722\/revisions\/1302"}],"wp:attachment":[{"href":"https:\/\/agora.xtec.cat\/iesolorda\/wp-json\/wp\/v2\/media?parent=722"}],"curies":[{"name":"wp","href":"https:\/\/api.w.org\/{rel}","templated":true}]}}