{"id":1374,"date":"2026-04-22T11:27:26","date_gmt":"2026-04-22T09:27:26","guid":{"rendered":"https:\/\/agora.xtec.cat\/iesolorda\/?page_id=1374"},"modified":"2026-04-22T11:31:08","modified_gmt":"2026-04-22T09:31:08","slug":"preinscripcio","status":"publish","type":"page","link":"https:\/\/agora.xtec.cat\/iesolorda\/preinscripcio\/","title":{"rendered":"Preinscripci\u00f3"},"content":{"rendered":"\n<h2 class=\"wp-block-heading\">ESO<\/h2>\n\n\n\n<p>Avui s&#8217;ha publicat l&#8217;oferta inicial de places de preinscripci\u00f3 d&#8217;ESO per al curs 2026-27. Podeu consultar-la en l&#8217;enlla\u00e7\u00a0<a href=\"https:\/\/drive.google.com\/file\/d\/1jizNeoBVTjLE9DIp_JdnoFO1Ek4TyEsQ\/view?usp=drive_link\"><strong>Oferta inicial ESO<\/strong><\/a><\/p>\n\n\n\n<p><\/p>\n\n\n\n<h2 class=\"wp-block-heading\">Batxillerat<\/h2>\n\n\n\n<p>Avui s&#8217;ha publicat l&#8217;oferta inicial de places assignades al centre per a la preinscripci\u00f3 de Batxillerat per al curs 2026-27.<\/p>\n\n\n\n<iframe loading=\"lazy\" src=\"https:\/\/drive.google.com\/file\/d\/1B3oWa_XuTeS-7r0fWf3x9Zsl7bvaF3x9\/preview\" width=\"640\" height=\"480\"><\/iframe>\n\n\n\n<p><a href=\"https:\/\/tramits.gencat.cat\/ca\/tramits\/tramits-temes\/preinscripcio-batxillerat?&amp;moda=1\"><strong>Enlla\u00e7 a preinscripci\u00f3<\/strong><\/a>. Del 09\/04\/2026 al 16\/04\/2026<\/p>\n\n\n\n<p>Properament rebran un correu electr\u00f2nic (al correu informat a la preinscripci\u00f3) amb tota la informaci\u00f3 per realitzar la matr\u00edcula.&nbsp;<\/p>\n\n\n\n<p>Benvinguts al centre!<\/p>\n","protected":false},"excerpt":{"rendered":"<p>ESO Avui s&#8217;ha publicat l&#8217;oferta inicial de places de preinscripci\u00f3 d&#8217;ESO per al curs 2026-27. Podeu consultar-la en l&#8217;enlla\u00e7\u00a0Oferta inicial ESO Batxillerat Avui s&#8217;ha publicat l&#8217;oferta inicial de places assignades al centre per a la preinscripci\u00f3 de Batxillerat per al curs 2026-27. Enlla\u00e7 a preinscripci\u00f3. Del 09\/04\/2026 al 16\/04\/2026 Properament rebran un correu electr\u00f2nic (al [&hellip;]<\/p>\n","protected":false},"author":1,"featured_media":0,"parent":0,"menu_order":0,"comment_status":"closed","ping_status":"close","template":"","meta":{"site-sidebar-layout":"default","site-content-layout":"","ast-site-content-layout":"default","site-content-style":"default","site-sidebar-style":"default","ast-global-header-display":"","ast-banner-title-visibility":"","ast-main-header-display":"","ast-hfb-above-header-display":"","ast-hfb-below-header-display":"","ast-hfb-mobile-header-display":"","site-post-title":"","ast-breadcrumbs-content":"","ast-featured-img":"","footer-sml-layout":"","theme-transparent-header-meta":"","adv-header-id-meta":"","stick-header-meta":"","header-above-stick-meta":"","header-main-stick-meta":"","header-below-stick-meta":"","astra-migrate-meta-layouts":"set","ast-page-background-enabled":"default","ast-page-background-meta":{"desktop":{"background-color":"var(--ast-global-color-4)","background-image":"","background-repeat":"repeat","background-position":"center center","background-size":"auto","background-attachment":"scroll","background-type":"","background-media":"","overlay-type":"","overlay-color":"","overlay-opacity":"","overlay-gradient":""},"tablet":{"background-color":"","background-image":"","background-repeat":"repeat","background-position":"center center","background-size":"auto","background-attachment":"scroll","background-type":"","background-media":"","overlay-type":"","overlay-color":"","overlay-opacity":"","overlay-gradient":""},"mobile":{"background-color":"","background-image":"","background-repeat":"repeat","background-position":"center center","background-size":"auto","background-attachment":"scroll","background-type":"","background-media":"","overlay-type":"","overlay-color":"","overlay-opacity":"","overlay-gradient":""}},"ast-content-background-meta":{"desktop":{"background-color":"var(--ast-global-color-5)","background-image":"","background-repeat":"repeat","background-position":"center center","background-size":"auto","background-attachment":"scroll","background-type":"","background-media":"","overlay-type":"","overlay-color":"","overlay-opacity":"","overlay-gradient":""},"tablet":{"background-color":"var(--ast-global-color-5)","background-image":"","background-repeat":"repeat","background-position":"center center","background-size":"auto","background-attachment":"scroll","background-type":"","background-media":"","overlay-type":"","overlay-color":"","overlay-opacity":"","overlay-gradient":""},"mobile":{"background-color":"var(--ast-global-color-5)","background-image":"","background-repeat":"repeat","background-position":"center center","background-size":"auto","background-attachment":"scroll","background-type":"","background-media":"","overlay-type":"","overlay-color":"","overlay-opacity":"","overlay-gradient":""}},"footnotes":""},"class_list":["post-1374","page","type-page","status-publish","hentry"],"post_mailing_queue_ids":[],"_links":{"self":[{"href":"https:\/\/agora.xtec.cat\/iesolorda\/wp-json\/wp\/v2\/pages\/1374","targetHints":{"allow":["GET"]}}],"collection":[{"href":"https:\/\/agora.xtec.cat\/iesolorda\/wp-json\/wp\/v2\/pages"}],"about":[{"href":"https:\/\/agora.xtec.cat\/iesolorda\/wp-json\/wp\/v2\/types\/page"}],"author":[{"embeddable":true,"href":"https:\/\/agora.xtec.cat\/iesolorda\/wp-json\/wp\/v2\/users\/1"}],"replies":[{"embeddable":true,"href":"https:\/\/agora.xtec.cat\/iesolorda\/wp-json\/wp\/v2\/comments?post=1374"}],"version-history":[{"count":4,"href":"https:\/\/agora.xtec.cat\/iesolorda\/wp-json\/wp\/v2\/pages\/1374\/revisions"}],"predecessor-version":[{"id":1382,"href":"https:\/\/agora.xtec.cat\/iesolorda\/wp-json\/wp\/v2\/pages\/1374\/revisions\/1382"}],"wp:attachment":[{"href":"https:\/\/agora.xtec.cat\/iesolorda\/wp-json\/wp\/v2\/media?parent=1374"}],"curies":[{"name":"wp","href":"https:\/\/api.w.org\/{rel}","templated":true}]}}