{"id":975,"date":"2021-01-31T21:47:32","date_gmt":"2021-01-31T20:47:32","guid":{"rendered":"https:\/\/agora.xtec.cat\/iesnumancia\/?page_id=975"},"modified":"2025-04-22T23:35:54","modified_gmt":"2025-04-22T21:35:54","slug":"activitats-de-centre","status":"publish","type":"page","link":"https:\/\/agora.xtec.cat\/iesnumancia\/activitats-de-centre\/","title":{"rendered":"Activitats de centre"},"content":{"rendered":"<p style=\"text-align: justify;\">Com a complement essencial de les activitats lectives i com a part activa del proc\u00e9s formatiu de l\u2019alumnat, a l\u2019Institut organitzem diverses activitats complement\u00e0ries que enriqueixen el curr\u00edculum. Festes, celebracions, viatges, sortides culturals i activitats l\u00fadiques formen part de la nostra proposta educativa, amb l\u2019objectiu de promoure la conviv\u00e8ncia, el treball en equip i l\u2019aprenentatge vivencial m\u00e9s enll\u00e0 de l\u2019aula. Aquestes experi\u00e8ncies contribueixen al desenvolupament personal i social dels estudiants, i afavoreixen una educaci\u00f3 integral i significativa.<\/p>\n","protected":false},"excerpt":{"rendered":"<p>Com a complement essencial de les activitats lectives i com a part activa del proc\u00e9s formatiu de l\u2019alumnat, a l\u2019Institut organitzem diverses activitats complement\u00e0ries que enriqueixen el curr\u00edculum. Festes, celebracions, viatges, sortides culturals i activitats l\u00fadiques formen part de la nostra proposta educativa, amb l\u2019objectiu&hellip;  <a href=\"https:\/\/agora.xtec.cat\/iesnumancia\/activitats-de-centre\/\" title=\"Read Activitats de centre\">Llegeix m\u00e9s\u00bb<\/a><\/p>\n","protected":false},"author":1,"featured_media":0,"parent":0,"menu_order":0,"comment_status":"closed","ping_status":"closed","template":"page-templates\/side-menu.php","meta":{"_bbp_topic_count":0,"_bbp_reply_count":0,"_bbp_total_topic_count":0,"_bbp_total_reply_count":0,"_bbp_voice_count":0,"_bbp_anonymous_reply_count":0,"_bbp_topic_count_hidden":0,"_bbp_reply_count_hidden":0,"_bbp_forum_subforum_count":0,"footnotes":""},"class_list":["post-975","page","type-page","status-publish","hentry"],"post_mailing_queue_ids":[],"_links":{"self":[{"href":"https:\/\/agora.xtec.cat\/iesnumancia\/wp-json\/wp\/v2\/pages\/975","targetHints":{"allow":["GET"]}}],"collection":[{"href":"https:\/\/agora.xtec.cat\/iesnumancia\/wp-json\/wp\/v2\/pages"}],"about":[{"href":"https:\/\/agora.xtec.cat\/iesnumancia\/wp-json\/wp\/v2\/types\/page"}],"author":[{"embeddable":true,"href":"https:\/\/agora.xtec.cat\/iesnumancia\/wp-json\/wp\/v2\/users\/1"}],"replies":[{"embeddable":true,"href":"https:\/\/agora.xtec.cat\/iesnumancia\/wp-json\/wp\/v2\/comments?post=975"}],"version-history":[{"count":5,"href":"https:\/\/agora.xtec.cat\/iesnumancia\/wp-json\/wp\/v2\/pages\/975\/revisions"}],"predecessor-version":[{"id":8248,"href":"https:\/\/agora.xtec.cat\/iesnumancia\/wp-json\/wp\/v2\/pages\/975\/revisions\/8248"}],"wp:attachment":[{"href":"https:\/\/agora.xtec.cat\/iesnumancia\/wp-json\/wp\/v2\/media?parent=975"}],"curies":[{"name":"wp","href":"https:\/\/api.w.org\/{rel}","templated":true}]}}