{"id":957,"date":"2021-01-31T21:30:01","date_gmt":"2021-01-31T20:30:01","guid":{"rendered":"https:\/\/agora.xtec.cat\/iesnumancia\/?page_id=957"},"modified":"2021-02-09T17:18:38","modified_gmt":"2021-02-09T16:18:38","slug":"rai-eso-menjador-escola","status":"publish","type":"page","link":"https:\/\/agora.xtec.cat\/iesnumancia\/projectes\/rai-eso-menjador-escola\/","title":{"rendered":"RAI ESO. Menjador escola."},"content":{"rendered":"<p>L&#8217;institut Num\u00e0ncia, juntament amb l&#8217;ajuntament de Santa Coloma de Gramenet i la fundaci\u00f3 Probitas participa en el projecte <strong>&#8220;RAI-ESO. Dinem junts!!&#8221;.\u00a0<\/strong><\/p>\n<p>Aquest programa pret\u00e9n oferir un dinar saludable i un espai de protecci\u00f3 on realitzar activitats de lleure socioeducatiu a adolescents d&#8217;entre 11 i 17 anys en risc d&#8217;exclusi\u00f3 social. El programa inclou l&#8217;acc\u00e9s a un \u00e0pat saludable i a activitats socioeducatives de lleure i esportives i d&#8217;acompanyament a l&#8217;escolaritat entre les 14 hores i les 17 hores. A banda d&#8217;assegurar un plat nutritiu al dia i proporcionar un espai de protecci\u00f3, els objectius del programa s\u00f3n promocionar h\u00e0bits saludables, fer palesa la necessitat d&#8217;obrir els menjadors als instituts i treballar en xarxa.<\/p>\n<p>Els usuaris d&#8217;aquest servei s\u00f3n alumnes del barri, escolaritzats o no en el Num\u00e0ncia i que per les seves circumst\u00e0ncies personals han estat escollits per a participar en aquest programa.<\/p>\n","protected":false},"excerpt":{"rendered":"<p>L&#8217;institut Num\u00e0ncia, juntament amb l&#8217;ajuntament de Santa Coloma de Gramenet i la fundaci\u00f3 Probitas participa en el projecte &#8220;RAI-ESO. Dinem junts!!&#8221;.\u00a0<br \/>\nAquest programa pret\u00e9n oferir un dinar saludable i un espai de protecci\u00f3 on realitzar activitats de lleure socioeducatiu a adolescents d&#8217;entre 11 i 17 anys&hellip;  <a href=\"https:\/\/agora.xtec.cat\/iesnumancia\/projectes\/rai-eso-menjador-escola\/\" title=\"Read RAI ESO. Menjador escola.\">Llegeix m\u00e9s\u00bb<\/a><\/p>\n","protected":false},"author":1,"featured_media":0,"parent":929,"menu_order":10,"comment_status":"closed","ping_status":"closed","template":"page-templates\/side-menu.php","meta":{"_bbp_topic_count":0,"_bbp_reply_count":0,"_bbp_total_topic_count":0,"_bbp_total_reply_count":0,"_bbp_voice_count":0,"_bbp_anonymous_reply_count":0,"_bbp_topic_count_hidden":0,"_bbp_reply_count_hidden":0,"_bbp_forum_subforum_count":0,"footnotes":""},"class_list":["post-957","page","type-page","status-publish","hentry"],"post_mailing_queue_ids":[],"_links":{"self":[{"href":"https:\/\/agora.xtec.cat\/iesnumancia\/wp-json\/wp\/v2\/pages\/957","targetHints":{"allow":["GET"]}}],"collection":[{"href":"https:\/\/agora.xtec.cat\/iesnumancia\/wp-json\/wp\/v2\/pages"}],"about":[{"href":"https:\/\/agora.xtec.cat\/iesnumancia\/wp-json\/wp\/v2\/types\/page"}],"author":[{"embeddable":true,"href":"https:\/\/agora.xtec.cat\/iesnumancia\/wp-json\/wp\/v2\/users\/1"}],"replies":[{"embeddable":true,"href":"https:\/\/agora.xtec.cat\/iesnumancia\/wp-json\/wp\/v2\/comments?post=957"}],"version-history":[{"count":2,"href":"https:\/\/agora.xtec.cat\/iesnumancia\/wp-json\/wp\/v2\/pages\/957\/revisions"}],"predecessor-version":[{"id":1281,"href":"https:\/\/agora.xtec.cat\/iesnumancia\/wp-json\/wp\/v2\/pages\/957\/revisions\/1281"}],"up":[{"embeddable":true,"href":"https:\/\/agora.xtec.cat\/iesnumancia\/wp-json\/wp\/v2\/pages\/929"}],"wp:attachment":[{"href":"https:\/\/agora.xtec.cat\/iesnumancia\/wp-json\/wp\/v2\/media?parent=957"}],"curies":[{"name":"wp","href":"https:\/\/api.w.org\/{rel}","templated":true}]}}