{"id":955,"date":"2021-01-31T21:29:26","date_gmt":"2021-01-31T20:29:26","guid":{"rendered":"https:\/\/agora.xtec.cat\/iesnumancia\/?page_id=955"},"modified":"2021-02-12T18:12:53","modified_gmt":"2021-02-12T17:12:53","slug":"acompanyament-i-orientacio-families","status":"publish","type":"page","link":"https:\/\/agora.xtec.cat\/iesnumancia\/projectes\/acompanyament-i-orientacio-families\/","title":{"rendered":"Acompanyament a les fam\u00edlies."},"content":{"rendered":"<p style=\"text-align: justify;\">A l&#8217;Institut Num\u00e0ncia creiem que per educar \u00e9s molt important que l&#8217;escola i la fam\u00edlia treballin coordinadament. Per aquest motiu valorem molt la comunicaci\u00f3 entre els docents i les fam\u00edlies. Aix\u00ed doncs, posem de la nostra part tot el possible per a con\u00e8ixer-vos millor i us animem a que us poseu en contacte amb nosaltres per a resoldre qualsevol dubte o inquietud que us sorgeixi amb relaci\u00f3 a l&#8217;educaci\u00f3 dels vostres fills. Per tal de facilitar-ho, portem a terme les seg\u00fcents actuacions.<\/p>\n<ul style=\"text-align: justify;\">\n<li><span style=\"text-decoration: underline;\">Reuni\u00f3 inicial amb els futurs pares dels alumnes de 1r d&#8217;ESO.<\/span> Durant el mes de juny de l&#8217;any en qu\u00e8 els alumnes comen\u00e7aran la seva escolaritzaci\u00f3 al Num\u00e0ncia us citem a una primera reuni\u00f3 informativa i de presa de contacte amb el nou centre educatiu.<\/li>\n<li><span style=\"text-decoration: underline;\">Reunions d&#8217;inici de curs<\/span>: Cada any, a finals de setembre, els pares dels nostres alumnes tenen una primera reuni\u00f3 amb el nou tutor del seu fill\/a on s&#8217;exposaran els aspectes m\u00e9s importants del nou curs escolar.<\/li>\n<li><span style=\"text-decoration: underline;\">Reunions pr\u00e8vies a la realitzaci\u00f3 de viatges escolars.<\/span> Entenem que deixar als vostres fills en les nostres mans durant uns quants dies per la realitzaci\u00f3 d&#8217;un viatge d&#8217;estudis us pot causar certa inquietud. Per aquest motiu, unes setmanes abans de marxar us convidem a una xerrada amb l&#8217;ag\u00e8ncia organitzadora del viatge i els professors acompanyants per tal d&#8217;explicar-vos el pla de viatge i resoldre totes les preguntes que pugueu tenir.<\/li>\n<li><span style=\"text-decoration: underline;\">Reunions d&#8217;orientaci\u00f3 educativa amb els pares dels alumnes de 4t d&#8217;ESO.<\/span> Sabem que el final de l&#8217;escolaritzaci\u00f3 obligat\u00f2ria \u00e9s una \u00e8poca plena d&#8217;incerteses i dubtes. Per a facilitar que prengueu la millor decisi\u00f3 organitzem un parell de xerrades. Una d&#8217;elles est\u00e0 adre\u00e7ada als pares dels alumnes que continuaran estudiant un cicle formatiu on s&#8217;exposaran les caracter\u00edstiques dels cicles i el proc\u00e9s de preinscripci\u00f3. Realitzem tamb\u00e9 una xerrada adre\u00e7ada als pares dels alumnes que volen continuar cursant el batxillerat on els expliquem les peculiaritats d&#8217;aquesta nova etapa educativa i els itineraris que poden cursar si opten per a realitzar el batxillerat en el Num\u00e0ncia.<\/li>\n<li><span style=\"text-decoration: underline;\">Reunions d&#8217;orientaci\u00f3 per les proves PAU adre\u00e7ades als pares dels alumnes de 2n de batxillerat.<\/span> Presentar-se a les PAU i superar-les amb \u00e8xit \u00e9s tot un repte. Aix\u00ed doncs, per tal que pugueu ajudar als vostres fills en aquest proc\u00e9s, cada curs us convidem a una xerrada on la coordinadora de batxillerat us explicar\u00e0 en qu\u00e8 consisteixen aquestes proves i com podeu ajudar als vostres fills en el proc\u00e9s de preinscripci\u00f3 universit\u00e0ria.<\/li>\n<\/ul>\n<p style=\"text-align: justify;\">Per altra banda, estem sempre a la vostra disposici\u00f3 per a resoldre qualsevol problema individual que de forma inevitable pot sorgir en una etapa tan complicada com \u00e9s l&#8217;adolesc\u00e8ncia. En qualsevol moment podeu trucar al centre o enviar-nos un correu i demanar cita amb la direcci\u00f3 o l&#8217;orientadora. En la major brevetat possible ens posarem en contacte amb vosaltres per a tractar el tema.<\/p>\n","protected":false},"excerpt":{"rendered":"<p>A l&#8217;Institut Num\u00e0ncia creiem que per educar \u00e9s molt important que l&#8217;escola i la fam\u00edlia treballin coordinadament. Per aquest motiu valorem molt la comunicaci\u00f3 entre els docents i les fam\u00edlies. Aix\u00ed doncs, posem de la nostra part tot el possible per a con\u00e8ixer-vos millor i&hellip;  <a href=\"https:\/\/agora.xtec.cat\/iesnumancia\/projectes\/acompanyament-i-orientacio-families\/\" title=\"Read Acompanyament a les fam\u00edlies.\">Llegeix m\u00e9s\u00bb<\/a><\/p>\n","protected":false},"author":1,"featured_media":0,"parent":929,"menu_order":14,"comment_status":"closed","ping_status":"closed","template":"page-templates\/side-menu.php","meta":{"_bbp_topic_count":0,"_bbp_reply_count":0,"_bbp_total_topic_count":0,"_bbp_total_reply_count":0,"_bbp_voice_count":0,"_bbp_anonymous_reply_count":0,"_bbp_topic_count_hidden":0,"_bbp_reply_count_hidden":0,"_bbp_forum_subforum_count":0,"footnotes":""},"class_list":["post-955","page","type-page","status-publish","hentry"],"post_mailing_queue_ids":[],"_links":{"self":[{"href":"https:\/\/agora.xtec.cat\/iesnumancia\/wp-json\/wp\/v2\/pages\/955","targetHints":{"allow":["GET"]}}],"collection":[{"href":"https:\/\/agora.xtec.cat\/iesnumancia\/wp-json\/wp\/v2\/pages"}],"about":[{"href":"https:\/\/agora.xtec.cat\/iesnumancia\/wp-json\/wp\/v2\/types\/page"}],"author":[{"embeddable":true,"href":"https:\/\/agora.xtec.cat\/iesnumancia\/wp-json\/wp\/v2\/users\/1"}],"replies":[{"embeddable":true,"href":"https:\/\/agora.xtec.cat\/iesnumancia\/wp-json\/wp\/v2\/comments?post=955"}],"version-history":[{"count":4,"href":"https:\/\/agora.xtec.cat\/iesnumancia\/wp-json\/wp\/v2\/pages\/955\/revisions"}],"predecessor-version":[{"id":1497,"href":"https:\/\/agora.xtec.cat\/iesnumancia\/wp-json\/wp\/v2\/pages\/955\/revisions\/1497"}],"up":[{"embeddable":true,"href":"https:\/\/agora.xtec.cat\/iesnumancia\/wp-json\/wp\/v2\/pages\/929"}],"wp:attachment":[{"href":"https:\/\/agora.xtec.cat\/iesnumancia\/wp-json\/wp\/v2\/media?parent=955"}],"curies":[{"name":"wp","href":"https:\/\/api.w.org\/{rel}","templated":true}]}}