{"id":949,"date":"2021-01-31T21:27:33","date_gmt":"2021-01-31T20:27:33","guid":{"rendered":"https:\/\/agora.xtec.cat\/iesnumancia\/?page_id=949"},"modified":"2021-02-11T10:22:24","modified_gmt":"2021-02-11T09:22:24","slug":"centres-per-la-convivencia","status":"publish","type":"page","link":"https:\/\/agora.xtec.cat\/iesnumancia\/projectes\/centres-per-la-convivencia\/","title":{"rendered":"Centres per la conviv\u00e8ncia."},"content":{"rendered":"<p><span style=\"font-weight: 400;\"><a href=\"https:\/\/agora.xtec.cat\/iesnumancia\/wp-content\/uploads\/usu2267\/2021\/02\/Cabecera_CxC.png\"><img loading=\"lazy\" decoding=\"async\" class=\" wp-image-1398 alignleft\" src=\"https:\/\/agora.xtec.cat\/iesnumancia\/wp-content\/uploads\/usu2267\/2021\/02\/Cabecera_CxC.png\" alt=\"\" width=\"515\" height=\"193\" srcset=\"https:\/\/agora.xtec.cat\/iesnumancia\/wp-content\/uploads\/usu2267\/2021\/02\/Cabecera_CxC.png 800w, https:\/\/agora.xtec.cat\/iesnumancia\/wp-content\/uploads\/usu2267\/2021\/02\/Cabecera_CxC-300x113.png 300w, https:\/\/agora.xtec.cat\/iesnumancia\/wp-content\/uploads\/usu2267\/2021\/02\/Cabecera_CxC-768x288.png 768w\" sizes=\"auto, (max-width: 515px) 100vw, 515px\" \/><\/a>Des del curs 2017-18, el nostre centre participa en el programa <\/span><a href=\"http:\/\/jovesenxarxa.com\/\" target=\"_blank\" rel=\"noopener noreferrer\"><span style=\"font-weight: 400;\">Xarxa CxC<\/span><\/a><span style=\"font-weight: 400;\"> (Centres per la conviv\u00e8ncia),endegat per l\u2019Ajuntament de Santa Coloma de Gramenet.\u00a0<\/span><\/p>\n<p><span style=\"font-weight: 400;\">En aquestes trobades es realitza un intercanvi d\u2019experi\u00e8ncies dels centres p\u00fablics de la ciutat, partint de la realitat de cada institut, posant en com\u00fa els coneixements i experi\u00e8ncies compartides al llarg del temps per professorat, alumnat, professionals del Servei de Conviv\u00e8ncia i Educaci\u00f3 i d\u2019altres institucions.<\/span><\/p>\n<p>&nbsp;<\/p>\n","protected":false},"excerpt":{"rendered":"<p><a href=\"https:\/\/agora.xtec.cat\/iesnumancia\/wp-content\/uploads\/usu2267\/2021\/02\/Cabecera_CxC.png\"><\/a>Des del curs 2017-18, el nostre centre participa en el programa <a href=\"http:\/\/jovesenxarxa.com\/\" target=\"_blank\" rel=\"noopener noreferrer\">Xarxa CxC<\/a> (Centres per la conviv\u00e8ncia),endegat per l\u2019Ajuntament de Santa Coloma de Gramenet.\u00a0<br \/>\nEn aquestes trobades es realitza un intercanvi d\u2019experi\u00e8ncies dels centres p\u00fablics de la ciutat, partint de la&hellip;  <a href=\"https:\/\/agora.xtec.cat\/iesnumancia\/projectes\/centres-per-la-convivencia\/\" title=\"Read Centres per la conviv\u00e8ncia.\">Llegeix m\u00e9s\u00bb<\/a><\/p>\n","protected":false},"author":1,"featured_media":0,"parent":929,"menu_order":8,"comment_status":"closed","ping_status":"closed","template":"page-templates\/side-menu.php","meta":{"_bbp_topic_count":0,"_bbp_reply_count":0,"_bbp_total_topic_count":0,"_bbp_total_reply_count":0,"_bbp_voice_count":0,"_bbp_anonymous_reply_count":0,"_bbp_topic_count_hidden":0,"_bbp_reply_count_hidden":0,"_bbp_forum_subforum_count":0,"footnotes":""},"class_list":["post-949","page","type-page","status-publish","hentry"],"post_mailing_queue_ids":[],"_links":{"self":[{"href":"https:\/\/agora.xtec.cat\/iesnumancia\/wp-json\/wp\/v2\/pages\/949","targetHints":{"allow":["GET"]}}],"collection":[{"href":"https:\/\/agora.xtec.cat\/iesnumancia\/wp-json\/wp\/v2\/pages"}],"about":[{"href":"https:\/\/agora.xtec.cat\/iesnumancia\/wp-json\/wp\/v2\/types\/page"}],"author":[{"embeddable":true,"href":"https:\/\/agora.xtec.cat\/iesnumancia\/wp-json\/wp\/v2\/users\/1"}],"replies":[{"embeddable":true,"href":"https:\/\/agora.xtec.cat\/iesnumancia\/wp-json\/wp\/v2\/comments?post=949"}],"version-history":[{"count":3,"href":"https:\/\/agora.xtec.cat\/iesnumancia\/wp-json\/wp\/v2\/pages\/949\/revisions"}],"predecessor-version":[{"id":1400,"href":"https:\/\/agora.xtec.cat\/iesnumancia\/wp-json\/wp\/v2\/pages\/949\/revisions\/1400"}],"up":[{"embeddable":true,"href":"https:\/\/agora.xtec.cat\/iesnumancia\/wp-json\/wp\/v2\/pages\/929"}],"wp:attachment":[{"href":"https:\/\/agora.xtec.cat\/iesnumancia\/wp-json\/wp\/v2\/media?parent=949"}],"curies":[{"name":"wp","href":"https:\/\/api.w.org\/{rel}","templated":true}]}}