{"id":941,"date":"2021-01-31T21:25:35","date_gmt":"2021-01-31T20:25:35","guid":{"rendered":"https:\/\/agora.xtec.cat\/iesnumancia\/?page_id=941"},"modified":"2021-02-12T18:27:51","modified_gmt":"2021-02-12T17:27:51","slug":"el-cafe-del-numancia","status":"publish","type":"page","link":"https:\/\/agora.xtec.cat\/iesnumancia\/projectes\/el-cafe-del-numancia\/","title":{"rendered":"El caf\u00e8 del Num\u00e0ncia."},"content":{"rendered":"<p>&nbsp;<\/p>\n<p style=\"text-align: justify;\">Des de la direcci\u00f3 de l&#8217;Institut Num\u00e0ncia proposem un ventall d&#8217;activitats planificades al voltant del que anomenem &#8220;El Caf\u00e8 del Num\u00e0ncia&#8221;. L&#8217;objectiu \u00e9s apropar el centre a les fam\u00edlies oferint els recursos que estan al nostre abast per ajudar a les fam\u00edlies a l&#8217;acompanyament educatiu que necessiten els nostres alumnes, dins i fora de l&#8217;entorn familiar. \u00c9s per aix\u00f2 que vam proposar aquest projecte amb l&#8217;objectiu d&#8217;oferir cada curs un programa d&#8217;activitats amb xerrades, tert\u00falies pedag\u00f2giques i assessorament per a mares i pares.<\/p>\n<p>Aix\u00ed, fins al moment i durant el curs, oferim activitats d&#8217;aquest tipus:<\/p>\n<ul>\n<li><i><b>Com podem ajudar als nostres fills amb l&#8217;ordinador?<\/b><\/i> (Xerrada d&#8217;assessorament a fam\u00edlies dels grups de 1r d&#8217;ESO sobre eines digitals)<\/li>\n<li><i><b>La seguretat en la xarxa.<\/b><\/i> (Xerrada d&#8217;assessorament sobre ciberseguretat amb especialistes del cos de Mossos de Santa Coloma de Gramenet)<\/li>\n<li>Xerrades i assessorament sobre psicologia de la preadolesc\u00e8ncia.<\/li>\n<li>Xerrades sobre prevenci\u00f3 i salut.<\/li>\n<li>Activitats de coaching per a mares i pares.<\/li>\n<li>Taller sobre orientaci\u00f3 acad\u00e8mica i laboral per a fam\u00edlies, en col\u00b7laboraci\u00f3 amb la Diputaci\u00f3 de Barcelona.<\/li>\n<li><i><b>Orientaci\u00f3 acad\u00e8mica i fam\u00edlia: el batxillerat al Num\u00e0ncia.<\/b><\/i> (Xerrada sobre l&#8217;acompanyament familiar als alumnes, amb informaci\u00f3 sobre el batxillerat, sortides i continu\u00eftat formativa).<\/li>\n<li><i><b>Orientaci\u00f3 acad\u00e8mica i fam\u00edlia: l<\/b><\/i><i><b>a selectivitat\u00a0<\/b><\/i>(Xerrada informativa a fam\u00edlies de 2n de batxillerat sobre l&#8217;acompanyament familiar durant la selectivitat).<\/li>\n<li><i><b>Orientaci\u00f3 acad\u00e8mica i fam\u00edlia: els cicles formatius<\/b><\/i> (Xerrada sobre l&#8217;acompanyament familiar amb informaci\u00f3 sobre cicles formatius, sortides professionals i continu\u00eftat formativa).<br \/>\n<table style=\"width: 861px;\">\n<tbody>\n<tr>\n<td style=\"width: 343px;\"><a href=\"https:\/\/agora.xtec.cat\/iesnumancia\/wp-content\/uploads\/usu2267\/2021\/02\/Captura-de-Pantalla-2021-02-12-a-les-18.20.14.png\"><img loading=\"lazy\" decoding=\"async\" class=\"wp-image-1498 alignright\" src=\"https:\/\/agora.xtec.cat\/iesnumancia\/wp-content\/uploads\/usu2267\/2021\/02\/Captura-de-Pantalla-2021-02-12-a-les-18.20.14.png\" alt=\"\" width=\"337\" height=\"481\" srcset=\"https:\/\/agora.xtec.cat\/iesnumancia\/wp-content\/uploads\/usu2267\/2021\/02\/Captura-de-Pantalla-2021-02-12-a-les-18.20.14.png 696w, https:\/\/agora.xtec.cat\/iesnumancia\/wp-content\/uploads\/usu2267\/2021\/02\/Captura-de-Pantalla-2021-02-12-a-les-18.20.14-210x300.png 210w\" sizes=\"auto, (max-width: 337px) 100vw, 337px\" \/><\/a><\/td>\n<td style=\"width: 510px;\"><a href=\"https:\/\/agora.xtec.cat\/iesnumancia\/wp-content\/uploads\/usu2267\/2021\/02\/Escola-Families-1.jpg\"><img loading=\"lazy\" decoding=\"async\" class=\" wp-image-1304 alignleft\" src=\"https:\/\/agora.xtec.cat\/iesnumancia\/wp-content\/uploads\/usu2267\/2021\/02\/Escola-Families-1.jpg\" alt=\"\" width=\"485\" height=\"273\" srcset=\"https:\/\/agora.xtec.cat\/iesnumancia\/wp-content\/uploads\/usu2267\/2021\/02\/Escola-Families-1.jpg 640w, https:\/\/agora.xtec.cat\/iesnumancia\/wp-content\/uploads\/usu2267\/2021\/02\/Escola-Families-1-300x169.jpg 300w\" sizes=\"auto, (max-width: 485px) 100vw, 485px\" \/><\/a><\/td>\n<\/tr>\n<\/tbody>\n<\/table>\n<\/li>\n<\/ul>\n<p>&nbsp;<\/p>\n","protected":false},"excerpt":{"rendered":"<p>&nbsp;<br \/>\nDes de la direcci\u00f3 de l&#8217;Institut Num\u00e0ncia proposem un ventall d&#8217;activitats planificades al voltant del que anomenem &#8220;El Caf\u00e8 del Num\u00e0ncia&#8221;. L&#8217;objectiu \u00e9s apropar el centre a les fam\u00edlies oferint els recursos que estan al nostre abast per ajudar a les fam\u00edlies a l&#8217;acompanyament educatiu&hellip;  <a href=\"https:\/\/agora.xtec.cat\/iesnumancia\/projectes\/el-cafe-del-numancia\/\" title=\"Read El caf\u00e8 del Num\u00e0ncia.\">Llegeix m\u00e9s\u00bb<\/a><\/p>\n","protected":false},"author":1,"featured_media":0,"parent":929,"menu_order":15,"comment_status":"closed","ping_status":"closed","template":"page-templates\/side-menu.php","meta":{"_bbp_topic_count":0,"_bbp_reply_count":0,"_bbp_total_topic_count":0,"_bbp_total_reply_count":0,"_bbp_voice_count":0,"_bbp_anonymous_reply_count":0,"_bbp_topic_count_hidden":0,"_bbp_reply_count_hidden":0,"_bbp_forum_subforum_count":0,"footnotes":""},"class_list":["post-941","page","type-page","status-publish","hentry"],"post_mailing_queue_ids":[],"_links":{"self":[{"href":"https:\/\/agora.xtec.cat\/iesnumancia\/wp-json\/wp\/v2\/pages\/941","targetHints":{"allow":["GET"]}}],"collection":[{"href":"https:\/\/agora.xtec.cat\/iesnumancia\/wp-json\/wp\/v2\/pages"}],"about":[{"href":"https:\/\/agora.xtec.cat\/iesnumancia\/wp-json\/wp\/v2\/types\/page"}],"author":[{"embeddable":true,"href":"https:\/\/agora.xtec.cat\/iesnumancia\/wp-json\/wp\/v2\/users\/1"}],"replies":[{"embeddable":true,"href":"https:\/\/agora.xtec.cat\/iesnumancia\/wp-json\/wp\/v2\/comments?post=941"}],"version-history":[{"count":4,"href":"https:\/\/agora.xtec.cat\/iesnumancia\/wp-json\/wp\/v2\/pages\/941\/revisions"}],"predecessor-version":[{"id":1503,"href":"https:\/\/agora.xtec.cat\/iesnumancia\/wp-json\/wp\/v2\/pages\/941\/revisions\/1503"}],"up":[{"embeddable":true,"href":"https:\/\/agora.xtec.cat\/iesnumancia\/wp-json\/wp\/v2\/pages\/929"}],"wp:attachment":[{"href":"https:\/\/agora.xtec.cat\/iesnumancia\/wp-json\/wp\/v2\/media?parent=941"}],"curies":[{"name":"wp","href":"https:\/\/api.w.org\/{rel}","templated":true}]}}