{"id":939,"date":"2021-01-31T21:25:06","date_gmt":"2021-01-31T20:25:06","guid":{"rendered":"https:\/\/agora.xtec.cat\/iesnumancia\/?page_id=939"},"modified":"2023-06-29T11:00:57","modified_gmt":"2023-06-29T09:00:57","slug":"digitalitzacio-del-centre","status":"publish","type":"page","link":"https:\/\/agora.xtec.cat\/iesnumancia\/projectes\/digitalitzacio-del-centre\/","title":{"rendered":"Digitalitzaci\u00f3 del centre (EDC)"},"content":{"rendered":"<p style=\"text-align: justify;\">El centre digital \u00e9s un projecte promogut pel Departament d&#8217;Ensenyament de la Generalitat de Catalunya que implica la digitalitzaci\u00f3 global del centre, en tots els seus \u00e0mbits, amb l&#8217;objectiu de dotar de les eines necess\u00e0ries als alumnes, professors i fam\u00edlies, treballant per la desaparici\u00f3 de l&#8217;anomenada escletxa digital.<\/p>\n<p class=\"zfr3Q CDt4Ke \" dir=\"ltr\"><span class=\"C9DxTc \">En refer\u00e8ncia a tecnologia digital, cal tenir en compte que el centre fa anys que ha fet una clara aposta per la digitalitzaci\u00f3 del centre. En aquest sentit, el juny del 2009 es va decidir que des del curs 09\/10 s&#8217;iniciaria un model 1&#215;1, en qu\u00e8 cada alumne dispos\u00e9s d&#8217;un ordinador de propietat que porta cada dia al centre, emmarcat en un projecte del Departament d&#8217;Educaci\u00f3 (infraestructures de xarxa, electrificaci\u00f3 d&#8217;aules i dotaci\u00f3 de PDI per a 1r cicle de l&#8217;ESO) i amb la participaci\u00f3 de l&#8217;Ajuntament de Santa Coloma (subvenci\u00f3 del 50% del cost d&#8217;un port\u00e0til per a les fam\u00edlies de nova incorporaci\u00f3 a 1r d&#8217;ESO).\u00a0<\/span><\/p>\n<p class=\"zfr3Q CDt4Ke \" dir=\"ltr\"><span class=\"C9DxTc \">En el marc del Pla d&#8217;educaci\u00f3 digital de Catalunya, el\u00a0<\/span><a class=\"XqQF9c\" href=\"http:\/\/educacio.gencat.cat\/ca\/departament\/linies-estrategiques\/pla-educacio-digital\/centres\/\" target=\"_blank\" rel=\"noopener\"><span class=\"C9DxTc aw5Odc \">Projecte d&#8217;acceleraci\u00f3 de la transformaci\u00f3 digital<\/span><\/a><span class=\"C9DxTc \">\u00a0ha desplegat les intervencions referides a connectivitats, equipaments d&#8217;alumnat i equipaments del professorat a partir del curs 2020-2021, la qual cosa ha perm\u00e8s cedir un ordinador port\u00e0til a cada docent i alumne del centre.<\/span><span class=\"C9DxTc \">\u00a0<\/span><\/p>\n<p style=\"text-align: justify;\"><span style=\"font-family: inherit; font-size: 1em;\">En aquest moment el centre compta amb aules de grup classe i aules espec\u00edfiques completament digitalitzades. \u00c9s a dir, totes estan dotades de PDI (pissarra digital interactiva, ordinador i connexi\u00f3 wifi).<\/span><\/p>\n<p style=\"text-align: justify;\">Per altra banda, els continguts de les diverses mat\u00e8ries es treballen mitjan\u00e7ant llic\u00e8ncies digitals o b\u00e9 continguts propis elaborats pels mateixos professors i, per tant, adaptats a les necessitats de l&#8217;alumne.<\/p>\n<p>Des del curs 2020\/21 el nostre centre forma part tamb\u00e9 del Pla d&#8217;Educaci\u00f3 Digital de Catalunya del Departament d&#8217;Educaci\u00f3. Aquest pla t\u00e9 com a objectiu contribuir al desenvolupament de les compet\u00e8ncies digitals que els ciutadans i les ciutadanes necessiten per viure i treballar en una societat caracteritzada per les transformacions i els canvis accelerats derivats de les mateixes tecnologies.<\/p>\n<p class=\"zfr3Q CDt4Ke \" dir=\"ltr\"><span class=\"C9DxTc \">Durant el curs 2022\/23 s&#8217;ha treballat al centre en l&#8217;elaboraci\u00f3 de l&#8217;Estrat\u00e8gia Digital (EDC) dels pr\u00f2xims cursos.\u00a0<\/span><\/p>\n<p dir=\"ltr\">Els objectius a treballar s\u00f3n :<\/p>\n<section id=\"h.d5000e55abf3819_171\" class=\"yaqOZd qeLZfd\">\n<div class=\"mYVXT\">\n<div class=\"LS81yb VICjCf j5pSsc db35Fc\" tabindex=\"-1\">\n<div class=\"hJDwNd-AhqUyc-uQSCkd Ft7HRd-AhqUyc-uQSCkd purZT-AhqUyc-II5mzb ZcASvf-AhqUyc-II5mzb pSzOP-AhqUyc-qWD73c Ktthjf-AhqUyc-qWD73c JNdkSc SQVYQc\">\n<div class=\"JNdkSc-SmKAyb LkDMRd\">\n<div class=\"\">\n<div class=\"oKdM2c ZZyype Kzv0Me\">\n<div id=\"h.d5000e55abf3819_168\" class=\"hJDwNd-AhqUyc-uQSCkd Ft7HRd-AhqUyc-uQSCkd jXK9ad D2fZ2 zu5uec OjCsFc dmUFtb wHaque g5GTcb\">\n<div class=\"jXK9ad-SmKAyb\">\n<div class=\"tyJCtd mGzaTb Depvyb baZpAe\">\n<ul>\n<li class=\"zfr3Q CDt4Ke \" dir=\"ltr\"><span class=\"C9DxTc \">Objectiu 1 : M<\/span><span class=\"C9DxTc \">illorar la Compet\u00e8ncia Digital de l&#8217;Alumnat<\/span><\/li>\n<li class=\"zfr3Q CDt4Ke \" dir=\"ltr\"><span style=\"font-family: inherit; font-size: 1em;\">Objectiu 2 : <\/span><span style=\"font-family: inherit; font-size: 1em;\">Millorar l&#8217;empoderament de l&#8217;alumnat en l&#8217;\u00e0mbit digital, fomentant la seva independ\u00e8ncia en l&#8217;\u00fas de les tecnologies i promovent l&#8217;aprenentatge aut\u00f2nom.<\/span><\/li>\n<\/ul>\n<\/div>\n<\/div>\n<\/div>\n<\/div>\n<\/div>\n<\/div>\n<\/div>\n<\/div>\n<\/div>\n<\/section>\n<section id=\"h.d5000e55abf3819_179\" class=\"yaqOZd qeLZfd\">\n<ul>\n<li class=\"IFuOkc\"><span style=\"font-family: inherit; font-size: 1em;\">Objectiu 3 : <\/span><span style=\"font-family: inherit; font-size: 1em;\">Potenciar la compet\u00e8ncia digital del professorat a trav\u00e9s de la formaci\u00f3 cont\u00ednua i l&#8217;intercanvi d&#8217;experi\u00e8ncies i bones pr\u00e0ctiques.<\/span><\/li>\n<\/ul>\n<\/section>\n<section id=\"h.d5000e55abf3819_183\" class=\"yaqOZd\">\n<div class=\"mYVXT\">\n<div class=\"LS81yb VICjCf j5pSsc db35Fc\" tabindex=\"-1\">\n<div class=\"hJDwNd-AhqUyc-uQSCkd Ft7HRd-AhqUyc-uQSCkd purZT-AhqUyc-II5mzb ZcASvf-AhqUyc-II5mzb pSzOP-AhqUyc-qWD73c Ktthjf-AhqUyc-qWD73c JNdkSc SQVYQc\">\n<div class=\"JNdkSc-SmKAyb LkDMRd\">\n<div class=\"\">\n<div class=\"oKdM2c ZZyype Kzv0Me\">\n<div id=\"h.d5000e55abf3819_180\" class=\"hJDwNd-AhqUyc-uQSCkd Ft7HRd-AhqUyc-uQSCkd jXK9ad D2fZ2 zu5uec OjCsFc dmUFtb wHaque g5GTcb\">\n<div class=\"jXK9ad-SmKAyb\">\n<div class=\"tyJCtd mGzaTb Depvyb baZpAe\">\n<ul>\n<li><span class=\"C9DxTc \">Objectiu 4 : <\/span><span class=\"C9DxTc \">Promoure la inclusi\u00f3 digital, garantint l&#8217;acc\u00e9s equitatiu a les tecnologies per a tots els estudiants del centre.<\/span><\/li>\n<\/ul>\n<\/div>\n<\/div>\n<\/div>\n<\/div>\n<\/div>\n<\/div>\n<\/div>\n<\/div>\n<\/div>\n<\/section>\n<section id=\"h.d5000e55abf3819_187\" class=\"yaqOZd qeLZfd\">\n<ul>\n<li class=\"IFuOkc\"><span style=\"font-family: inherit; font-size: 1em;\">Objectiu 5 : <\/span><span style=\"font-family: inherit; font-size: 1em;\">Ampliar i assegurar la pres\u00e8ncia del centre en l&#8217;entorn digital, fent un \u00fas efectiu de les xarxes socials i altres eines de comunicaci\u00f3 en l\u00ednia per a la difusi\u00f3 de les activitats i not\u00edcies del centre.<\/span><\/li>\n<\/ul>\n<p>Trobareu la p\u00e0gina web de l&#8217;Estrat\u00e8gia Digital de Centre (EDC) al seg\u00fcent enlla\u00e7 :<\/p>\n<h3><a href=\"https:\/\/bit.ly\/EDCNumancia22\"><strong>bit.ly\/EDCNumancia22<\/strong><\/a><\/h3>\n<\/section>\n<p>&nbsp;<\/p>\n","protected":false},"excerpt":{"rendered":"<p>El centre digital \u00e9s un projecte promogut pel Departament d&#8217;Ensenyament de la Generalitat de Catalunya que implica la digitalitzaci\u00f3 global del centre, en tots els seus \u00e0mbits, amb l&#8217;objectiu de dotar de les eines necess\u00e0ries als alumnes, professors i fam\u00edlies, treballant per la desaparici\u00f3 de&hellip;  <a href=\"https:\/\/agora.xtec.cat\/iesnumancia\/projectes\/digitalitzacio-del-centre\/\" title=\"Read Digitalitzaci\u00f3 del centre (EDC)\">Llegeix m\u00e9s\u00bb<\/a><\/p>\n","protected":false},"author":1,"featured_media":0,"parent":929,"menu_order":2,"comment_status":"closed","ping_status":"closed","template":"page-templates\/side-menu.php","meta":{"_bbp_topic_count":0,"_bbp_reply_count":0,"_bbp_total_topic_count":0,"_bbp_total_reply_count":0,"_bbp_voice_count":0,"_bbp_anonymous_reply_count":0,"_bbp_topic_count_hidden":0,"_bbp_reply_count_hidden":0,"_bbp_forum_subforum_count":0,"footnotes":""},"class_list":["post-939","page","type-page","status-publish","hentry"],"post_mailing_queue_ids":[],"_links":{"self":[{"href":"https:\/\/agora.xtec.cat\/iesnumancia\/wp-json\/wp\/v2\/pages\/939","targetHints":{"allow":["GET"]}}],"collection":[{"href":"https:\/\/agora.xtec.cat\/iesnumancia\/wp-json\/wp\/v2\/pages"}],"about":[{"href":"https:\/\/agora.xtec.cat\/iesnumancia\/wp-json\/wp\/v2\/types\/page"}],"author":[{"embeddable":true,"href":"https:\/\/agora.xtec.cat\/iesnumancia\/wp-json\/wp\/v2\/users\/1"}],"replies":[{"embeddable":true,"href":"https:\/\/agora.xtec.cat\/iesnumancia\/wp-json\/wp\/v2\/comments?post=939"}],"version-history":[{"count":3,"href":"https:\/\/agora.xtec.cat\/iesnumancia\/wp-json\/wp\/v2\/pages\/939\/revisions"}],"predecessor-version":[{"id":5202,"href":"https:\/\/agora.xtec.cat\/iesnumancia\/wp-json\/wp\/v2\/pages\/939\/revisions\/5202"}],"up":[{"embeddable":true,"href":"https:\/\/agora.xtec.cat\/iesnumancia\/wp-json\/wp\/v2\/pages\/929"}],"wp:attachment":[{"href":"https:\/\/agora.xtec.cat\/iesnumancia\/wp-json\/wp\/v2\/media?parent=939"}],"curies":[{"name":"wp","href":"https:\/\/api.w.org\/{rel}","templated":true}]}}