{"id":935,"date":"2021-01-31T21:24:05","date_gmt":"2021-01-31T20:24:05","guid":{"rendered":"https:\/\/agora.xtec.cat\/iesnumancia\/?page_id=935"},"modified":"2021-02-15T20:09:43","modified_gmt":"2021-02-15T19:09:43","slug":"suport-llengues-estrangeres","status":"publish","type":"page","link":"https:\/\/agora.xtec.cat\/iesnumancia\/projectes\/suport-llengues-estrangeres\/","title":{"rendered":"Suport a les lleng\u00fces estrangeres"},"content":{"rendered":"<div>\n<p style=\"text-align: justify;\">Dins del Programa Experimental de Lleng\u00fces Estrangeres, organitzat pel Departament d&#8217;Ensenyament, l&#8217;alumnat de 4t ESO del nostre centre t\u00e9 l&#8217;oportunitat de rebre preparaci\u00f3 per obtenir el Certificat de nivell B1 de l&#8217;Escola Oficial d&#8217;Idiomes.<\/p>\n<p style=\"text-align: justify;\">Les classes s&#8217;organitzen en franges de dues hores setmanals, en horari extraescolar, i s\u00f3n impartides per una professora del centre amb experi\u00e8ncia docent en l&#8217;EOI. L&#8217;\u00fas de material aut\u00e8ntic i d&#8217;una metodologia comunicativa, aix\u00ed com el treball cooperatiu i en grups redu\u00efts, han garantit que, any rere any, h\u00e0gim pogut obtenir el 100% d&#8217;aprovats!<\/p>\n<p style=\"text-align: justify;\">Tant l&#8217;alumnat com les fam\u00edlies valoren molt positivament la preparaci\u00f3 per al B1. Tant \u00e9s aix\u00ed que un cop aconseguit el Certificat, els alumnes\/as acostumen a matricular-se pel seu compte i continuar els seus estudis en l&#8217;EOI.<\/p>\n<p style=\"text-align: justify;\">A continuaci\u00f3 podeu veure a alguns dels alumnes\/as del grup 2020-2021:<\/p>\n<\/div>\n<div>\n\n\t\t<style type=\"text\/css\">\n\t\t\t#gallery-1 {\n\t\t\t\tmargin: auto;\n\t\t\t}\n\t\t\t#gallery-1 .gallery-item {\n\t\t\t\tfloat: left;\n\t\t\t\tmargin-top: 10px;\n\t\t\t\ttext-align: center;\n\t\t\t\twidth: 50%;\n\t\t\t}\n\t\t\t#gallery-1 img {\n\t\t\t\tborder: 2px solid #cfcfcf;\n\t\t\t}\n\t\t\t#gallery-1 .gallery-caption {\n\t\t\t\tmargin-left: 0;\n\t\t\t}\n\t\t\t\/* see gallery_shortcode() in wp-includes\/media.php *\/\n\t\t<\/style>\n\t\t<div id='gallery-1' class='gallery galleryid-935 gallery-columns-2 gallery-size-full'><dl class='gallery-item'>\n\t\t\t<dt class='gallery-icon landscape'>\n\t\t\t\t<a href='https:\/\/agora.xtec.cat\/iesnumancia\/projectes\/suport-llengues-estrangeres\/attachment\/b1_group\/'><img loading=\"lazy\" decoding=\"async\" width=\"500\" height=\"375\" src=\"https:\/\/agora.xtec.cat\/iesnumancia\/wp-content\/uploads\/usu2267\/2021\/02\/B1_Group.jpg\" class=\"attachment-full size-full\" alt=\"\" srcset=\"https:\/\/agora.xtec.cat\/iesnumancia\/wp-content\/uploads\/usu2267\/2021\/02\/B1_Group.jpg 500w, https:\/\/agora.xtec.cat\/iesnumancia\/wp-content\/uploads\/usu2267\/2021\/02\/B1_Group-300x225.jpg 300w, https:\/\/agora.xtec.cat\/iesnumancia\/wp-content\/uploads\/usu2267\/2021\/02\/B1_Group-200x150.jpg 200w\" sizes=\"auto, (max-width: 500px) 100vw, 500px\" \/><\/a>\n\t\t\t<\/dt><\/dl><dl class='gallery-item'>\n\t\t\t<dt class='gallery-icon landscape'>\n\t\t\t\t<a href='https:\/\/agora.xtec.cat\/iesnumancia\/projectes\/suport-llengues-estrangeres\/attachment\/b1-online-class-2\/'><img loading=\"lazy\" decoding=\"async\" width=\"877\" height=\"462\" src=\"https:\/\/agora.xtec.cat\/iesnumancia\/wp-content\/uploads\/usu2267\/2021\/02\/B1-online-class-1.jpg\" class=\"attachment-full size-full\" alt=\"\" srcset=\"https:\/\/agora.xtec.cat\/iesnumancia\/wp-content\/uploads\/usu2267\/2021\/02\/B1-online-class-1.jpg 877w, https:\/\/agora.xtec.cat\/iesnumancia\/wp-content\/uploads\/usu2267\/2021\/02\/B1-online-class-1-300x158.jpg 300w, https:\/\/agora.xtec.cat\/iesnumancia\/wp-content\/uploads\/usu2267\/2021\/02\/B1-online-class-1-768x405.jpg 768w\" sizes=\"auto, (max-width: 877px) 100vw, 877px\" \/><\/a>\n\t\t\t<\/dt><\/dl><br style=\"clear: both\" \/>\n\t\t<\/div>\n\n<\/div>\n","protected":false},"excerpt":{"rendered":"<p>Dins del Programa Experimental de Lleng\u00fces Estrangeres, organitzat pel Departament d&#8217;Ensenyament, l&#8217;alumnat de 4t ESO del nostre centre t\u00e9 l&#8217;oportunitat de rebre preparaci\u00f3 per obtenir el Certificat de nivell B1 de l&#8217;Escola Oficial d&#8217;Idiomes.<br \/>\nLes classes s&#8217;organitzen en franges de dues hores setmanals, en horari extraescolar,&hellip;  <a href=\"https:\/\/agora.xtec.cat\/iesnumancia\/projectes\/suport-llengues-estrangeres\/\" title=\"Read Suport a les lleng\u00fces estrangeres\">Llegeix m\u00e9s\u00bb<\/a><\/p>\n","protected":false},"author":1,"featured_media":0,"parent":929,"menu_order":5,"comment_status":"closed","ping_status":"closed","template":"page-templates\/side-menu.php","meta":{"_bbp_topic_count":0,"_bbp_reply_count":0,"_bbp_total_topic_count":0,"_bbp_total_reply_count":0,"_bbp_voice_count":0,"_bbp_anonymous_reply_count":0,"_bbp_topic_count_hidden":0,"_bbp_reply_count_hidden":0,"_bbp_forum_subforum_count":0,"footnotes":""},"class_list":["post-935","page","type-page","status-publish","hentry"],"post_mailing_queue_ids":[],"_links":{"self":[{"href":"https:\/\/agora.xtec.cat\/iesnumancia\/wp-json\/wp\/v2\/pages\/935","targetHints":{"allow":["GET"]}}],"collection":[{"href":"https:\/\/agora.xtec.cat\/iesnumancia\/wp-json\/wp\/v2\/pages"}],"about":[{"href":"https:\/\/agora.xtec.cat\/iesnumancia\/wp-json\/wp\/v2\/types\/page"}],"author":[{"embeddable":true,"href":"https:\/\/agora.xtec.cat\/iesnumancia\/wp-json\/wp\/v2\/users\/1"}],"replies":[{"embeddable":true,"href":"https:\/\/agora.xtec.cat\/iesnumancia\/wp-json\/wp\/v2\/comments?post=935"}],"version-history":[{"count":3,"href":"https:\/\/agora.xtec.cat\/iesnumancia\/wp-json\/wp\/v2\/pages\/935\/revisions"}],"predecessor-version":[{"id":1646,"href":"https:\/\/agora.xtec.cat\/iesnumancia\/wp-json\/wp\/v2\/pages\/935\/revisions\/1646"}],"up":[{"embeddable":true,"href":"https:\/\/agora.xtec.cat\/iesnumancia\/wp-json\/wp\/v2\/pages\/929"}],"wp:attachment":[{"href":"https:\/\/agora.xtec.cat\/iesnumancia\/wp-json\/wp\/v2\/media?parent=935"}],"curies":[{"name":"wp","href":"https:\/\/api.w.org\/{rel}","templated":true}]}}