{"id":933,"date":"2021-01-31T21:23:36","date_gmt":"2021-01-31T20:23:36","guid":{"rendered":"https:\/\/agora.xtec.cat\/iesnumancia\/?page_id=933"},"modified":"2021-02-17T07:56:45","modified_gmt":"2021-02-17T06:56:45","slug":"xarxa-de-competencies","status":"publish","type":"page","link":"https:\/\/agora.xtec.cat\/iesnumancia\/projectes\/xarxa-de-competencies\/","title":{"rendered":"Xarxa de compet\u00e8ncies"},"content":{"rendered":"<p style=\"text-align: justify;\"><a href=\"https:\/\/agora.xtec.cat\/iesnumancia\/wp-content\/uploads\/usu2267\/2021\/02\/xcb.png\"><img loading=\"lazy\" decoding=\"async\" class=\"aligncenter size-medium wp-image-1718\" src=\"https:\/\/agora.xtec.cat\/iesnumancia\/wp-content\/uploads\/usu2267\/2021\/02\/xcb-300x181.png\" alt=\"\" width=\"300\" height=\"181\" srcset=\"https:\/\/agora.xtec.cat\/iesnumancia\/wp-content\/uploads\/usu2267\/2021\/02\/xcb-300x181.png 300w, https:\/\/agora.xtec.cat\/iesnumancia\/wp-content\/uploads\/usu2267\/2021\/02\/xcb.png 749w\" sizes=\"auto, (max-width: 300px) 100vw, 300px\" \/><\/a><strong>La Xarxa de Compet\u00e8ncies b\u00e0siques\u00a0<\/strong><\/p>\n<p>El nostre cam\u00ed a la Xarxa va comen\u00e7ar el curs 2016 quan ens vam incorporar a un equip de 50 centres de prim\u00e0ria i secund\u00e0ria d\u2019arreu de Catalunya.<\/p>\n<p>Amb la feina i l\u2019experi\u00e8ncia acumulada durant aquests primers anys per l&#8217;anomenada \u201cXarxa hist\u00f2rica\u201d de la que formem part, la Xarxa de Compet\u00e8ncies b\u00e0siques s\u2019ha anat fent gran fins a esdevenir una gran xarxa territorial que aplega, hores d\u2019ara, 57 CRP\u2019s i 699 centres.<\/p>\n<p>Es tracta d\u2019una formaci\u00f3 entre iguals on, el grup de docents que formen part del grup impulsor, establim un espai de reflexi\u00f3 i treball en equip al voltant d\u2019algun aspecte pedag\u00f2gic que pugui millorar els aprenentatges de l\u2019alumnat. Aquestes experi\u00e8ncies s\u00f3n compartides i intercanviades amb la resta dels centres de la xarxa i tamb\u00e9 es posen a disposici\u00f3 de la comunitat educativa en general.<\/p>\n<p><strong>L\u2019equip impulsor del nostre institut<\/strong><\/p>\n<p>Pel que fa al nostre institut hem tingut cada curs un grup impulsor que ha oscil\u00b7lat entre 15 a 17 membres amb un nucli de professorat que ha seguit tot el proc\u00e9s.<\/p>\n<p>Del 2016 al 20109 el nostre grup impulsor va estar treballant en la creaci\u00f3 de projectes que despr\u00e9s s\u2019han consolidat en una franja de 3 hores 1r i 2n d\u2019ESO i els cr\u00e8dits de s\u00edntesis que fem a finals de curs.<\/p>\n<p>D\u2019entre tots els materials creats, hem documentat dos projectes que han estat presentats a la jornada que anualment organitza la Xarxa. Els podeu consultar a:<\/p>\n<p><a href=\"https:\/\/blocs.xtec.cat\/xcbprojecte171\/\" target=\"_blank\" rel=\"noopener noreferrer\">Mirant el futur<\/a><br \/>\n<a href=\"https:\/\/blocs.xtec.cat\/xcbprojecte172\/\" target=\"_blank\" rel=\"noopener noreferrer\">Fem cinema<\/a><\/p>\n<p>El nou cicle que hem iniciat, 2019-2022, t\u00e9 com a eix central \u00a0l\u2019AVALUACI\u00d3.<\/p>\n<p>El curs 2019-20 ens vam centrar en una eina molt potent: la carpeta d&#8217;aprenentatge<\/p>\n<p>Durant el curs 2020-2021, sota el lema;: \u201cpassem el poder de l\u2019avaluaci\u00f3 als aprenents\u201d,<\/p>\n<p>treballarem l&#8217;avaluaci\u00f3 formativa, centrant-nos en 3 objectius:<\/p>\n<ul>\n<li>Dissenyar i implementar instruments i estrat\u00e8gies d\u2019avaluaci\u00f3 formativa a partir d\u2019objectius d\u2019aprenentatge competencials per promoure la regulaci\u00f3 entre iguals i l\u2019autoregulaci\u00f3.<\/li>\n<li>Consolidar l\u2019\u00fas de l\u2019avaluaci\u00f3 formativa per afavorir l\u2019adquisici\u00f3 d\u2019aprenentatges competencials i la inclusi\u00f3: recull personalitzat d\u2019evid\u00e8ncies i feedback.<\/li>\n<li>Estendre pr\u00e0ctiques d\u2019observaci\u00f3 entre iguals per fomentar el treball en equip del professorat, el modelatge del feedback i el desenvolupament professional docent.<\/li>\n<\/ul>\n<p><strong>La Xarxa com a eina transformadora del projecte educatiu de centre<\/strong><\/p>\n<p>Les reflexions i les experi\u00e8ncies compartides dins el grup impulsor o amb la resta de centres de la Xarxa pretenen ser un punt de partida per repensar el projecte educatiu de centre, refor\u00e7ant els nostres punts forts i definint noves prioritats per anar avan\u00e7ant cap a el model d&#8217;escola que volem.<\/p>\n<p>Les idees fruit del treball de la xarxa queden recollides al document:<\/p>\n<p><a href=\"https:\/\/drive.google.com\/file\/d\/1J8F4HGwsiNyLB3046eAQdD0DMOaclwvz\/view\" target=\"_blank\" rel=\"noopener noreferrer\">L\u2019escola que volem<\/a><\/p>\n","protected":false},"excerpt":{"rendered":"<p><a href=\"https:\/\/agora.xtec.cat\/iesnumancia\/wp-content\/uploads\/usu2267\/2021\/02\/xcb.png\"><\/a>La Xarxa de Compet\u00e8ncies b\u00e0siques\u00a0<br \/>\nEl nostre cam\u00ed a la Xarxa va comen\u00e7ar el curs 2016 quan ens vam incorporar a un equip de 50 centres de prim\u00e0ria i secund\u00e0ria d\u2019arreu de Catalunya.<br \/>\nAmb la feina i l\u2019experi\u00e8ncia acumulada durant aquests primers anys per l&#8217;anomenada \u201cXarxa&hellip;  <a href=\"https:\/\/agora.xtec.cat\/iesnumancia\/projectes\/xarxa-de-competencies\/\" title=\"Read Xarxa de compet\u00e8ncies\">Llegeix m\u00e9s\u00bb<\/a><\/p>\n","protected":false},"author":1,"featured_media":0,"parent":929,"menu_order":6,"comment_status":"closed","ping_status":"closed","template":"page-templates\/side-menu.php","meta":{"_bbp_topic_count":0,"_bbp_reply_count":0,"_bbp_total_topic_count":0,"_bbp_total_reply_count":0,"_bbp_voice_count":0,"_bbp_anonymous_reply_count":0,"_bbp_topic_count_hidden":0,"_bbp_reply_count_hidden":0,"_bbp_forum_subforum_count":0,"footnotes":""},"class_list":["post-933","page","type-page","status-publish","hentry"],"post_mailing_queue_ids":[],"_links":{"self":[{"href":"https:\/\/agora.xtec.cat\/iesnumancia\/wp-json\/wp\/v2\/pages\/933","targetHints":{"allow":["GET"]}}],"collection":[{"href":"https:\/\/agora.xtec.cat\/iesnumancia\/wp-json\/wp\/v2\/pages"}],"about":[{"href":"https:\/\/agora.xtec.cat\/iesnumancia\/wp-json\/wp\/v2\/types\/page"}],"author":[{"embeddable":true,"href":"https:\/\/agora.xtec.cat\/iesnumancia\/wp-json\/wp\/v2\/users\/1"}],"replies":[{"embeddable":true,"href":"https:\/\/agora.xtec.cat\/iesnumancia\/wp-json\/wp\/v2\/comments?post=933"}],"version-history":[{"count":3,"href":"https:\/\/agora.xtec.cat\/iesnumancia\/wp-json\/wp\/v2\/pages\/933\/revisions"}],"predecessor-version":[{"id":1719,"href":"https:\/\/agora.xtec.cat\/iesnumancia\/wp-json\/wp\/v2\/pages\/933\/revisions\/1719"}],"up":[{"embeddable":true,"href":"https:\/\/agora.xtec.cat\/iesnumancia\/wp-json\/wp\/v2\/pages\/929"}],"wp:attachment":[{"href":"https:\/\/agora.xtec.cat\/iesnumancia\/wp-json\/wp\/v2\/media?parent=933"}],"curies":[{"name":"wp","href":"https:\/\/api.w.org\/{rel}","templated":true}]}}