{"id":931,"date":"2021-01-31T21:23:10","date_gmt":"2021-01-31T20:23:10","guid":{"rendered":"https:\/\/agora.xtec.cat\/iesnumancia\/?page_id=931"},"modified":"2021-02-07T12:08:09","modified_gmt":"2021-02-07T11:08:09","slug":"mediacio-escolar","status":"publish","type":"page","link":"https:\/\/agora.xtec.cat\/iesnumancia\/projectes\/mediacio-escolar\/","title":{"rendered":"Mediaci\u00f3 escolar."},"content":{"rendered":"<h5>Qu\u00e8 \u00e9s la mediaci\u00f3?<\/h5>\n<p><iframe loading=\"lazy\" title=\"MEDIATION EXPERIENCE\" src=\"https:\/\/player.vimeo.com\/video\/509258909?dnt=1&amp;app_id=122963\" width=\"500\" height=\"281\" frameborder=\"0\" allow=\"autoplay; fullscreen; picture-in-picture; clipboard-write\"><\/iframe><\/p>\n<p style=\"text-align: justify;\">La mediaci\u00f3 \u00e9s una eina educativa que prepara a l&#8217;alumnat en totes aquelles compet\u00e8ncies que cada cop m\u00e9s ens exigeix la nostra societat: <strong>ser persones socialment competents. <\/strong><\/p>\n<h5 style=\"text-align: justify;\"><span style=\"color: #000000;\"><strong>\u00c9s una manera de resoldre conflictes entre dues o m\u00e9s persones implicades amb l&#8217;ajuda d&#8217;una tercera imparcial, la persona mediadora.<\/strong><\/span><\/h5>\n<h5 style=\"text-align: left;\"><span style=\"color: #000000;\"><strong><a href=\"https:\/\/agora.xtec.cat\/iesnumancia\/wp-content\/uploads\/usu2267\/2021\/02\/m10retall.png\"><img loading=\"lazy\" decoding=\"async\" class=\"wp-image-1182 aligncenter\" src=\"https:\/\/agora.xtec.cat\/iesnumancia\/wp-content\/uploads\/usu2267\/2021\/02\/m10retall.png\" alt=\"\" width=\"552\" height=\"474\" srcset=\"https:\/\/agora.xtec.cat\/iesnumancia\/wp-content\/uploads\/usu2267\/2021\/02\/m10retall.png 1000w, https:\/\/agora.xtec.cat\/iesnumancia\/wp-content\/uploads\/usu2267\/2021\/02\/m10retall-300x257.png 300w, https:\/\/agora.xtec.cat\/iesnumancia\/wp-content\/uploads\/usu2267\/2021\/02\/m10retall-768x659.png 768w\" sizes=\"auto, (max-width: 552px) 100vw, 552px\" \/><\/a><\/strong><\/span><\/h5>\n\n\t\t<style type=\"text\/css\">\n\t\t\t#gallery-1 {\n\t\t\t\tmargin: auto;\n\t\t\t}\n\t\t\t#gallery-1 .gallery-item {\n\t\t\t\tfloat: left;\n\t\t\t\tmargin-top: 10px;\n\t\t\t\ttext-align: center;\n\t\t\t\twidth: 33%;\n\t\t\t}\n\t\t\t#gallery-1 img {\n\t\t\t\tborder: 2px solid #cfcfcf;\n\t\t\t}\n\t\t\t#gallery-1 .gallery-caption {\n\t\t\t\tmargin-left: 0;\n\t\t\t}\n\t\t\t\/* see gallery_shortcode() in wp-includes\/media.php *\/\n\t\t<\/style>\n\t\t<div id='gallery-1' class='gallery galleryid-931 gallery-columns-3 gallery-size-large'><dl class='gallery-item'>\n\t\t\t<dt class='gallery-icon portrait'>\n\t\t\t\t<a href='https:\/\/agora.xtec.cat\/iesnumancia\/projectes\/mediacio-escolar\/attachment\/m55-2\/'><img loading=\"lazy\" decoding=\"async\" width=\"724\" height=\"1024\" src=\"https:\/\/agora.xtec.cat\/iesnumancia\/wp-content\/uploads\/usu2267\/2021\/02\/m55-1-724x1024.png\" class=\"attachment-large size-large\" alt=\"\" srcset=\"https:\/\/agora.xtec.cat\/iesnumancia\/wp-content\/uploads\/usu2267\/2021\/02\/m55-1-724x1024.png 724w, https:\/\/agora.xtec.cat\/iesnumancia\/wp-content\/uploads\/usu2267\/2021\/02\/m55-1-212x300.png 212w, https:\/\/agora.xtec.cat\/iesnumancia\/wp-content\/uploads\/usu2267\/2021\/02\/m55-1-768x1086.png 768w, https:\/\/agora.xtec.cat\/iesnumancia\/wp-content\/uploads\/usu2267\/2021\/02\/m55-1.png 1000w\" sizes=\"auto, (max-width: 724px) 100vw, 724px\" \/><\/a>\n\t\t\t<\/dt><\/dl><dl class='gallery-item'>\n\t\t\t<dt class='gallery-icon portrait'>\n\t\t\t\t<a href='https:\/\/agora.xtec.cat\/iesnumancia\/m19\/'><img loading=\"lazy\" decoding=\"async\" width=\"724\" height=\"1024\" src=\"https:\/\/agora.xtec.cat\/iesnumancia\/wp-content\/uploads\/usu2267\/2021\/02\/m19-724x1024.png\" class=\"attachment-large size-large\" alt=\"\" srcset=\"https:\/\/agora.xtec.cat\/iesnumancia\/wp-content\/uploads\/usu2267\/2021\/02\/m19-724x1024.png 724w, https:\/\/agora.xtec.cat\/iesnumancia\/wp-content\/uploads\/usu2267\/2021\/02\/m19-212x300.png 212w, https:\/\/agora.xtec.cat\/iesnumancia\/wp-content\/uploads\/usu2267\/2021\/02\/m19-768x1087.png 768w, https:\/\/agora.xtec.cat\/iesnumancia\/wp-content\/uploads\/usu2267\/2021\/02\/m19.png 1000w\" sizes=\"auto, (max-width: 724px) 100vw, 724px\" \/><\/a>\n\t\t\t<\/dt><\/dl><dl class='gallery-item'>\n\t\t\t<dt class='gallery-icon portrait'>\n\t\t\t\t<a href='https:\/\/agora.xtec.cat\/iesnumancia\/projectes\/mediacio-escolar\/attachment\/mapa-de-bit9\/'><img loading=\"lazy\" decoding=\"async\" width=\"724\" height=\"1024\" src=\"https:\/\/agora.xtec.cat\/iesnumancia\/wp-content\/uploads\/usu2267\/2021\/02\/mapa-de-bit9-724x1024.png\" class=\"attachment-large size-large\" alt=\"\" srcset=\"https:\/\/agora.xtec.cat\/iesnumancia\/wp-content\/uploads\/usu2267\/2021\/02\/mapa-de-bit9-724x1024.png 724w, https:\/\/agora.xtec.cat\/iesnumancia\/wp-content\/uploads\/usu2267\/2021\/02\/mapa-de-bit9-212x300.png 212w, https:\/\/agora.xtec.cat\/iesnumancia\/wp-content\/uploads\/usu2267\/2021\/02\/mapa-de-bit9-768x1086.png 768w\" sizes=\"auto, (max-width: 724px) 100vw, 724px\" \/><\/a>\n\t\t\t<\/dt><\/dl><br style=\"clear: both\" \/>\n\t\t<\/div>\n\n<p>&nbsp;<\/p>\n<p>&nbsp;<\/p>\n\r\n\t<div class=\"slideshow_container slideshow_container_style-light\" style=\"height: 700px; \" data-slideshow-id=\"1186\" data-style-name=\"style-light\" data-style-version=\"2.3.1\" >\r\n\r\n\t\t\t\t\t<div class=\"slideshow_loading_icon\"><\/div>\r\n\t\t\r\n\t\t<div class=\"slideshow_content\" style=\"display: none;\">\r\n\r\n\t\t\t<div class=\"slideshow_view\">\r\n\t\t\t\t<div class=\"slideshow_slide slideshow_slide_image\">\r\n\t\t\t\t\t\t\t\t\t\t\t<img src=\"https:\/\/agora.xtec.cat\/iesnumancia\/wp-content\/uploads\/usu2267\/2021\/02\/4t-mediadores.png\" alt=\"4t mediadores\" width=\"1000\" height=\"1414\" \/>\r\n\t\t\t\t\t\t\t\t\t\t<div class=\"slideshow_description_box slideshow_transparent\">\r\n\t\t\t\t\t\t<div class=\"slideshow_title\">4t mediadores<\/div>\t\t\t\t\t\t\t\t\t\t\t<\/div>\r\n\t\t\t\t<\/div>\r\n\r\n\t\t\t\t\t\t<div style=\"clear: both;\"><\/div><\/div><div class=\"slideshow_view\">\r\n\t\t\t\t<div class=\"slideshow_slide slideshow_slide_image\">\r\n\t\t\t\t\t\t\t\t\t\t\t<img src=\"https:\/\/agora.xtec.cat\/iesnumancia\/wp-content\/uploads\/usu2267\/2021\/02\/mediadores-3r.png\" alt=\"mediadores 3r\" width=\"1000\" height=\"1414\" \/>\r\n\t\t\t\t\t\t\t\t\t\t<div class=\"slideshow_description_box slideshow_transparent\">\r\n\t\t\t\t\t\t<div class=\"slideshow_title\">mediadores 3r<\/div>\t\t\t\t\t\t\t\t\t\t\t<\/div>\r\n\t\t\t\t<\/div>\r\n\r\n\t\t\t\t\t\t<div style=\"clear: both;\"><\/div><\/div><div class=\"slideshow_view\">\r\n\t\t\t\t<div class=\"slideshow_slide slideshow_slide_image\">\r\n\t\t\t\t\t\t\t\t\t\t\t<img src=\"https:\/\/agora.xtec.cat\/iesnumancia\/wp-content\/uploads\/usu2267\/2021\/02\/mediadores-2n-batx.png\" alt=\"mediadores 2n batx\" width=\"1000\" height=\"1414\" \/>\r\n\t\t\t\t\t\t\t\t\t\t<div class=\"slideshow_description_box slideshow_transparent\">\r\n\t\t\t\t\t\t<div class=\"slideshow_title\">mediadores 2n batx<\/div>\t\t\t\t\t\t\t\t\t\t\t<\/div>\r\n\t\t\t\t<\/div>\r\n\r\n\t\t\t\t\t\t<div style=\"clear: both;\"><\/div><\/div><div class=\"slideshow_view\">\r\n\t\t\t\t<div class=\"slideshow_slide slideshow_slide_image\">\r\n\t\t\t\t\t\t\t\t\t\t\t<img src=\"https:\/\/agora.xtec.cat\/iesnumancia\/wp-content\/uploads\/usu2267\/2021\/02\/mediadores-1r-batx.png\" alt=\"mediadores 1r batx\" width=\"1000\" height=\"1414\" \/>\r\n\t\t\t\t\t\t\t\t\t\t<div class=\"slideshow_description_box slideshow_transparent\">\r\n\t\t\t\t\t\t<div class=\"slideshow_title\">mediadores 1r batx<\/div>\t\t\t\t\t\t\t\t\t\t\t<\/div>\r\n\t\t\t\t<\/div>\r\n\r\n\t\t\t\t\t\t<div style=\"clear: both;\"><\/div><\/div>\r\n\t\t<\/div>\r\n\r\n\t\t<div class=\"slideshow_controlPanel slideshow_transparent\" style=\"display: none;\"><ul><li class=\"slideshow_togglePlay\" data-play-text=\"Visualitza\" data-pause-text=\"Pausa\"><\/li><\/ul><\/div>\r\n\r\n\t\t<div class=\"slideshow_button slideshow_previous slideshow_transparent\" role=\"button\" data-previous-text=\"Anterior\" style=\"display: none;\"><\/div>\r\n\t\t<div class=\"slideshow_button slideshow_next slideshow_transparent\" role=\"button\" data-next-text=\"Seg\u00fcent\" style=\"display: none;\"><\/div>\r\n\r\n\t\t<div class=\"slideshow_pagination\" style=\"display: none;\" data-go-to-text=\"V\u00e9s a la diapositiva\"><div class=\"slideshow_pagination_center\"><\/div><\/div>\r\n\r\n\t\t<!-- WordPress Slideshow Version 2.3.1 -->\r\n\r\n\t\t\t<\/div>\r\n\r\n\n<p>&nbsp;<\/p>\n<p>&nbsp;<\/p>\n<p>&nbsp;<\/p>\n","protected":false},"excerpt":{"rendered":"<p>Qu\u00e8 \u00e9s la mediaci\u00f3?<\/p>\n<p>La mediaci\u00f3 \u00e9s una eina educativa que prepara a l&#8217;alumnat en totes aquelles compet\u00e8ncies que cada cop m\u00e9s ens exigeix la nostra societat: ser persones socialment competents.<br \/>\n\u00c9s una manera de resoldre conflictes entre dues o m\u00e9s persones implicades amb l&#8217;ajuda d&#8217;una&hellip;  <a href=\"https:\/\/agora.xtec.cat\/iesnumancia\/projectes\/mediacio-escolar\/\" title=\"Read Mediaci\u00f3 escolar.\">Llegeix m\u00e9s\u00bb<\/a><\/p>\n","protected":false},"author":1,"featured_media":0,"parent":929,"menu_order":3,"comment_status":"closed","ping_status":"closed","template":"page-templates\/side-menu.php","meta":{"_bbp_topic_count":0,"_bbp_reply_count":0,"_bbp_total_topic_count":0,"_bbp_total_reply_count":0,"_bbp_voice_count":0,"_bbp_anonymous_reply_count":0,"_bbp_topic_count_hidden":0,"_bbp_reply_count_hidden":0,"_bbp_forum_subforum_count":0,"footnotes":""},"class_list":["post-931","page","type-page","status-publish","hentry"],"post_mailing_queue_ids":[],"_links":{"self":[{"href":"https:\/\/agora.xtec.cat\/iesnumancia\/wp-json\/wp\/v2\/pages\/931","targetHints":{"allow":["GET"]}}],"collection":[{"href":"https:\/\/agora.xtec.cat\/iesnumancia\/wp-json\/wp\/v2\/pages"}],"about":[{"href":"https:\/\/agora.xtec.cat\/iesnumancia\/wp-json\/wp\/v2\/types\/page"}],"author":[{"embeddable":true,"href":"https:\/\/agora.xtec.cat\/iesnumancia\/wp-json\/wp\/v2\/users\/1"}],"replies":[{"embeddable":true,"href":"https:\/\/agora.xtec.cat\/iesnumancia\/wp-json\/wp\/v2\/comments?post=931"}],"version-history":[{"count":4,"href":"https:\/\/agora.xtec.cat\/iesnumancia\/wp-json\/wp\/v2\/pages\/931\/revisions"}],"predecessor-version":[{"id":1222,"href":"https:\/\/agora.xtec.cat\/iesnumancia\/wp-json\/wp\/v2\/pages\/931\/revisions\/1222"}],"up":[{"embeddable":true,"href":"https:\/\/agora.xtec.cat\/iesnumancia\/wp-json\/wp\/v2\/pages\/929"}],"wp:attachment":[{"href":"https:\/\/agora.xtec.cat\/iesnumancia\/wp-json\/wp\/v2\/media?parent=931"}],"curies":[{"name":"wp","href":"https:\/\/api.w.org\/{rel}","templated":true}]}}