{"id":929,"date":"2021-01-31T21:21:59","date_gmt":"2021-01-31T20:21:59","guid":{"rendered":"https:\/\/agora.xtec.cat\/iesnumancia\/?page_id=929"},"modified":"2021-02-19T10:25:51","modified_gmt":"2021-02-19T09:25:51","slug":"projectes","status":"publish","type":"page","link":"https:\/\/agora.xtec.cat\/iesnumancia\/projectes\/","title":{"rendered":"Projectes"},"content":{"rendered":"<p>El nostre projecte educatiu inclou la participaci\u00f3 activa en diversos projectes, ja sigui desenvolupats internament amb la participaci\u00f3 del claustre, ja sigui en col\u00b7laboraci\u00f3 en xarxes amb altres centres d&#8217;arreu de Catalunya. Alguns es troben ben consolidats en el centre, sent pioners en alguns casos, i els portem a terme des de ja fa molts temps. D&#8217;altres estan tot just comen\u00e7ant amb l&#8217;objectiu de refermar el nostre comprom\u00eds amb la qualitat i l&#8217;equitat educativa.. En tots ells, per\u00f2, els docents hi posem totes les ganes per a qu\u00e8 serveixin d&#8217;est\u00edmul pels nostres alumnes.<\/p>\n","protected":false},"excerpt":{"rendered":"<p>El nostre projecte educatiu inclou la participaci\u00f3 activa en diversos projectes, ja sigui desenvolupats internament amb la participaci\u00f3 del claustre, ja sigui en col\u00b7laboraci\u00f3 en xarxes amb altres centres d&#8217;arreu de Catalunya. Alguns es troben ben consolidats en el centre, sent pioners en alguns casos,&hellip;  <a href=\"https:\/\/agora.xtec.cat\/iesnumancia\/projectes\/\" title=\"Read Projectes\">Llegeix m\u00e9s\u00bb<\/a><\/p>\n","protected":false},"author":1,"featured_media":0,"parent":0,"menu_order":0,"comment_status":"closed","ping_status":"closed","template":"page-templates\/side-menu.php","meta":{"_bbp_topic_count":0,"_bbp_reply_count":0,"_bbp_total_topic_count":0,"_bbp_total_reply_count":0,"_bbp_voice_count":0,"_bbp_anonymous_reply_count":0,"_bbp_topic_count_hidden":0,"_bbp_reply_count_hidden":0,"_bbp_forum_subforum_count":0,"footnotes":""},"class_list":["post-929","page","type-page","status-publish","hentry"],"post_mailing_queue_ids":[],"_links":{"self":[{"href":"https:\/\/agora.xtec.cat\/iesnumancia\/wp-json\/wp\/v2\/pages\/929","targetHints":{"allow":["GET"]}}],"collection":[{"href":"https:\/\/agora.xtec.cat\/iesnumancia\/wp-json\/wp\/v2\/pages"}],"about":[{"href":"https:\/\/agora.xtec.cat\/iesnumancia\/wp-json\/wp\/v2\/types\/page"}],"author":[{"embeddable":true,"href":"https:\/\/agora.xtec.cat\/iesnumancia\/wp-json\/wp\/v2\/users\/1"}],"replies":[{"embeddable":true,"href":"https:\/\/agora.xtec.cat\/iesnumancia\/wp-json\/wp\/v2\/comments?post=929"}],"version-history":[{"count":3,"href":"https:\/\/agora.xtec.cat\/iesnumancia\/wp-json\/wp\/v2\/pages\/929\/revisions"}],"predecessor-version":[{"id":1735,"href":"https:\/\/agora.xtec.cat\/iesnumancia\/wp-json\/wp\/v2\/pages\/929\/revisions\/1735"}],"wp:attachment":[{"href":"https:\/\/agora.xtec.cat\/iesnumancia\/wp-json\/wp\/v2\/media?parent=929"}],"curies":[{"name":"wp","href":"https:\/\/api.w.org\/{rel}","templated":true}]}}