{"id":927,"date":"2021-01-31T21:12:05","date_gmt":"2021-01-31T20:12:05","guid":{"rendered":"https:\/\/agora.xtec.cat\/iesnumancia\/?page_id=927"},"modified":"2021-02-02T14:17:57","modified_gmt":"2021-02-02T13:17:57","slug":"impulsem-la-robotica-tecnologies-creatives-a-laula","status":"publish","type":"page","link":"https:\/\/agora.xtec.cat\/iesnumancia\/projectes\/impulsem-la-robotica-tecnologies-creatives-a-laula\/","title":{"rendered":"Impulsem la rob\u00f2tica."},"content":{"rendered":"<p style=\"text-align: justify;\"><span style=\"font-weight: 400;\">L\u2019alumnat de 4t d\u2019ESO ha estat participant en els darrers anys en el projecte <strong>\u201cImpulsem la Rob\u00f2tica\u201d.<\/strong> Durant el primer i segon trimestre de l\u2019assignatura de l\u2019optativa de tecnologia de 4t d\u2019ESO els alumnes fan una descoberta de la programaci\u00f3, disseny i construcci\u00f3 de diversos sistemes rob\u00f2tics.\u00a0 \u00a0 \u00a0 \u00a0 \u00a0 \u00a0 \u00a0 \u00a0 \u00a0 \u00a0 \u00a0 \u00a0<\/span><\/p>\n<p><iframe loading=\"lazy\" title=\"Optativa Rob\u00f2tica 4t ESO Num\u00e0ncia\" src=\"https:\/\/player.vimeo.com\/video\/507475385?dnt=1&amp;app_id=122963\" width=\"500\" height=\"281\" frameborder=\"0\" allow=\"autoplay; fullscreen; picture-in-picture; clipboard-write\"><\/iframe><\/p>\n<p style=\"text-align: justify;\"><span style=\"font-weight: 400;\">\u00a0 \u00a0 \u00a0 \u00a0 \u00a0 \u00a0 \u00a0 \u00a0 \u00a0 \u00a0 \u00a0 \u00a0 \u00a0 \u00a0 \u00a0 \u00a0 \u00a0 \u00a0 \u00a0 \u00a0 \u00a0 \u00a0 \u00a0 \u00a0 \u00a0 \u00a0 \u00a0 \u00a0 \u00a0 \u00a0 \u00a0 \u00a0 \u00a0 \u00a0 \u00a0 \u00a0 \u00a0 \u00a0\u00a0<\/span><\/p>\n<p style=\"text-align: justify;\"><span style=\"font-weight: 400;\">El curs 2016\/2017 l\u2019institut Num\u00e0ncia va participar per primera vegada en el programa de Rob\u00f2tica educativa. El programa \u00e9s l\u2019adaptaci\u00f3 al sistema educatiu catal\u00e0 del projecte \u201c<strong>Clase de Tecnolog\u00edas Creativas (CTC)\u201d<\/strong> dissenyat i suportat per Arduino Verkstad. El professorat participant va rebre una formaci\u00f3 intensiva abans d\u2019iniciar el curs i una formaci\u00f3 i suport en l\u00ednia mentre es va desenvolupar\u00a0 l\u2019activitat acad\u00e8mica.\u00a0 \u00a0 \u00a0 \u00a0 \u00a0 \u00a0 \u00a0 \u00a0 \u00a0 \u00a0 \u00a0 \u00a0 \u00a0 \u00a0 \u00a0 \u00a0<\/span><\/p>\n\n\t\t<style type=\"text\/css\">\n\t\t\t#gallery-1 {\n\t\t\t\tmargin: auto;\n\t\t\t}\n\t\t\t#gallery-1 .gallery-item {\n\t\t\t\tfloat: left;\n\t\t\t\tmargin-top: 10px;\n\t\t\t\ttext-align: center;\n\t\t\t\twidth: 50%;\n\t\t\t}\n\t\t\t#gallery-1 img {\n\t\t\t\tborder: 2px solid #cfcfcf;\n\t\t\t}\n\t\t\t#gallery-1 .gallery-caption {\n\t\t\t\tmargin-left: 0;\n\t\t\t}\n\t\t\t\/* see gallery_shortcode() in wp-includes\/media.php *\/\n\t\t<\/style>\n\t\t<div id='gallery-1' class='gallery galleryid-927 gallery-columns-2 gallery-size-full'><dl class='gallery-item'>\n\t\t\t<dt class='gallery-icon landscape'>\n\t\t\t\t<a href='https:\/\/agora.xtec.cat\/iesnumancia\/cof\/'><img loading=\"lazy\" decoding=\"async\" width=\"1000\" height=\"565\" src=\"https:\/\/agora.xtec.cat\/iesnumancia\/wp-content\/uploads\/usu2267\/2021\/02\/redim3.jpg\" class=\"attachment-full size-full\" alt=\"\" aria-describedby=\"gallery-1-1116\" srcset=\"https:\/\/agora.xtec.cat\/iesnumancia\/wp-content\/uploads\/usu2267\/2021\/02\/redim3.jpg 1000w, https:\/\/agora.xtec.cat\/iesnumancia\/wp-content\/uploads\/usu2267\/2021\/02\/redim3-300x170.jpg 300w, https:\/\/agora.xtec.cat\/iesnumancia\/wp-content\/uploads\/usu2267\/2021\/02\/redim3-768x434.jpg 768w\" sizes=\"auto, (max-width: 1000px) 100vw, 1000px\" \/><\/a>\n\t\t\t<\/dt>\n\t\t\t\t<dd class='wp-caption-text gallery-caption' id='gallery-1-1116'>\n\t\t\t\t4t Impressora 3D\n\t\t\t\t<\/dd><\/dl><dl class='gallery-item'>\n\t\t\t<dt class='gallery-icon landscape'>\n\t\t\t\t<a href='https:\/\/agora.xtec.cat\/iesnumancia\/projectes\/impulsem-la-robotica-tecnologies-creatives-a-laula\/attachment\/dav\/'><img loading=\"lazy\" decoding=\"async\" width=\"980\" height=\"544\" src=\"https:\/\/agora.xtec.cat\/iesnumancia\/wp-content\/uploads\/usu2267\/2021\/02\/redim2.jpg\" class=\"attachment-full size-full\" alt=\"\" aria-describedby=\"gallery-1-1117\" srcset=\"https:\/\/agora.xtec.cat\/iesnumancia\/wp-content\/uploads\/usu2267\/2021\/02\/redim2.jpg 980w, https:\/\/agora.xtec.cat\/iesnumancia\/wp-content\/uploads\/usu2267\/2021\/02\/redim2-300x167.jpg 300w, https:\/\/agora.xtec.cat\/iesnumancia\/wp-content\/uploads\/usu2267\/2021\/02\/redim2-768x426.jpg 768w\" sizes=\"auto, (max-width: 980px) 100vw, 980px\" \/><\/a>\n\t\t\t<\/dt>\n\t\t\t\t<dd class='wp-caption-text gallery-caption' id='gallery-1-1117'>\n\t\t\t\t1r Batx Impressora 3D\n\t\t\t\t<\/dd><\/dl><br style=\"clear: both\" \/>\n\t\t<\/div>\n\n<p style=\"text-align: justify;\"><span style=\"font-weight: 400;\">\u00a0<\/span><\/p>\n<p style=\"text-align: justify;\"><span style=\"font-weight: 400;\">L\u2019alumnat disposa d\u2019un entorn de treball en l\u00ednia amb les pautes de treball com aix\u00ed tamb\u00e9 el suport conceptual i procedimental que acompanya els dispositius f\u00edsics del kit d\u2019activitats. Aquest consta de diferents dispositius electr\u00f2nics, sensors, actuadors, placa de control (Arduino UNO) i un conjunt d\u2019elements en fusta per muntar els projectes d\u2019aprenentatge. Per implementar els algorismes de control s\u2019empra l\u2019entorn de desenvolupament (IDE) d\u2019Arduino.<\/span><\/p>\n<p style=\"text-align: justify;\"><span style=\"font-weight: 400;\">Des d\u2019aleshores aquests alumnes de l\u2019assignatura de rob\u00f2tica han participat en les\u00a0 fires del projecte \u201cImpulsem la Rob\u00f2tica. Tecnologies Creatives a l\u2019Aula\u201d que tenen lloc a principis d\u2019any al Cosmocaixa de Barcelona. En aquesta trobada es poden veure molt\u00edssims projectes presentats per escoles i instituts de tota Catalunya entre ells els projectes presentats pel nostre alumnat. Les darreres fires han estat tot un \u00e8xit, amb la pres\u00e8ncia de 4500 participants i convidats, 175 centres i m\u00e9s de 400 projectes.<\/span><\/p>\n\n\t\t<style type=\"text\/css\">\n\t\t\t#gallery-2 {\n\t\t\t\tmargin: auto;\n\t\t\t}\n\t\t\t#gallery-2 .gallery-item {\n\t\t\t\tfloat: left;\n\t\t\t\tmargin-top: 10px;\n\t\t\t\ttext-align: center;\n\t\t\t\twidth: 50%;\n\t\t\t}\n\t\t\t#gallery-2 img {\n\t\t\t\tborder: 2px solid #cfcfcf;\n\t\t\t}\n\t\t\t#gallery-2 .gallery-caption {\n\t\t\t\tmargin-left: 0;\n\t\t\t}\n\t\t\t\/* see gallery_shortcode() in wp-includes\/media.php *\/\n\t\t<\/style>\n\t\t<div id='gallery-2' class='gallery galleryid-927 gallery-columns-2 gallery-size-full'><dl class='gallery-item'>\n\t\t\t<dt class='gallery-icon landscape'>\n\t\t\t\t<a href='https:\/\/agora.xtec.cat\/iesnumancia\/projectes\/impulsem-la-robotica-tecnologies-creatives-a-laula\/attachment\/sdr-2\/'><img loading=\"lazy\" decoding=\"async\" width=\"3968\" height=\"2240\" src=\"https:\/\/agora.xtec.cat\/iesnumancia\/wp-content\/uploads\/usu2267\/2021\/02\/IMG_20180223_132957-1.jpg\" class=\"attachment-full size-full\" alt=\"\" srcset=\"https:\/\/agora.xtec.cat\/iesnumancia\/wp-content\/uploads\/usu2267\/2021\/02\/IMG_20180223_132957-1.jpg 3968w, https:\/\/agora.xtec.cat\/iesnumancia\/wp-content\/uploads\/usu2267\/2021\/02\/IMG_20180223_132957-1-300x169.jpg 300w, https:\/\/agora.xtec.cat\/iesnumancia\/wp-content\/uploads\/usu2267\/2021\/02\/IMG_20180223_132957-1-768x434.jpg 768w, https:\/\/agora.xtec.cat\/iesnumancia\/wp-content\/uploads\/usu2267\/2021\/02\/IMG_20180223_132957-1-1024x578.jpg 1024w\" sizes=\"auto, (max-width: 3968px) 100vw, 3968px\" \/><\/a>\n\t\t\t<\/dt><\/dl><dl class='gallery-item'>\n\t\t\t<dt class='gallery-icon landscape'>\n\t\t\t\t<a href='https:\/\/agora.xtec.cat\/iesnumancia\/projectes\/impulsem-la-robotica-tecnologies-creatives-a-laula\/attachment\/img_20170217_130955-1\/'><img loading=\"lazy\" decoding=\"async\" width=\"3264\" height=\"1836\" src=\"https:\/\/agora.xtec.cat\/iesnumancia\/wp-content\/uploads\/usu2267\/2021\/02\/IMG_20170217_130955-1.jpg\" class=\"attachment-full size-full\" alt=\"\" aria-describedby=\"gallery-2-1130\" srcset=\"https:\/\/agora.xtec.cat\/iesnumancia\/wp-content\/uploads\/usu2267\/2021\/02\/IMG_20170217_130955-1.jpg 3264w, https:\/\/agora.xtec.cat\/iesnumancia\/wp-content\/uploads\/usu2267\/2021\/02\/IMG_20170217_130955-1-300x169.jpg 300w, https:\/\/agora.xtec.cat\/iesnumancia\/wp-content\/uploads\/usu2267\/2021\/02\/IMG_20170217_130955-1-768x432.jpg 768w, https:\/\/agora.xtec.cat\/iesnumancia\/wp-content\/uploads\/usu2267\/2021\/02\/IMG_20170217_130955-1-1024x576.jpg 1024w\" sizes=\"auto, (max-width: 3264px) 100vw, 3264px\" \/><\/a>\n\t\t\t<\/dt>\n\t\t\t\t<dd class='wp-caption-text gallery-caption' id='gallery-2-1130'>\n\t\t\t\tTrobada de centres participants al Cosmocaixa.\n\t\t\t\t<\/dd><\/dl><br style=\"clear: both\" \/>\n\t\t<\/div>\n\n<p>&nbsp;<\/p>\n<p style=\"text-align: justify;\"><span style=\"font-weight: 400;\">Des del primer moment l\u2019alumnat s\u2019implica activament en l\u2019aprenentatge en el qual el fet d&#8217;aprendre a partir de l\u2019acci\u00f3 n\u2019\u00e9s la base que s\u2019encadena amb el treball per projectes. Aquests no consisteix nom\u00e9s en robots sin\u00f3 en tota mena de ginys tecnol\u00f2gics en els quals la interacci\u00f3 de l\u2019objecte amb l\u2019entorn i amb les persones es fa a trav\u00e9s d\u2019un microcontrolador programable amb un conjunt d\u2019actuadors i de sensors. L\u2019equipament t\u00e9 un car\u00e0cter obert i universal de f\u00e0cil acc\u00e9s i ampliaci\u00f3 amb costos raonables. La seva estructura permet treballar amb diferents nivells i ritmes d\u2019aprenentatge deixant lloc a l\u2019excel\u00b7l\u00e8ncia.<\/span><\/p>\n<p><iframe loading=\"lazy\" title=\"Exposici\u00f3 rob\u00f2tica 4t d&#039; ESO\" src=\"https:\/\/player.vimeo.com\/video\/507509993?dnt=1&amp;app_id=122963\" width=\"500\" height=\"281\" frameborder=\"0\" allow=\"autoplay; fullscreen; picture-in-picture; clipboard-write\"><\/iframe><\/p>\n<p style=\"text-align: justify;\"><span style=\"font-weight: 400;\">Durant la Setmana de la Ci\u00e8ncia i formant part del conjunt d\u2019activitats que oferim en el nostre institut, l\u2019alumnat de 4t d\u2019ESO hi participa organitza tallers adre\u00e7ats als alumnes de 3r d\u2019ESO per donar a con\u00e8ixer els projectes fets a les optatives d&#8217;inform\u00e0tica i rob\u00f2tica. Aquesta \u00e9s una mostra desl tallers:\u00a0\u00a0<\/span><\/p>\n<ul>\n<li style=\"font-weight: 400; text-align: justify;\" aria-level=\"1\"><span style=\"font-weight: 400;\">Visites comentades a l&#8217;exposici\u00f3 de rob\u00f2tica i treballs de recerca a la biblioteca del nostre institut.<\/span><\/li>\n<li style=\"font-weight: 400; text-align: justify;\" aria-level=\"1\"><span style=\"font-weight: 400;\">Tallers d\u2019App Inventors a alumnes de 3r d\u2019ESO: com construir una app. Aquesta activitat l\u2019organitza l\u2019alumnat de 1r de batxillerat tecnol\u00f2gic.<\/span><\/li>\n<li style=\"font-weight: 400; text-align: justify;\" aria-level=\"1\"><span style=\"font-weight: 400;\">Tallers inicials de programari de disseny i impressi\u00f3 3D adre\u00e7at a l&#8217;alumnat del Batxillerat human\u00edstic i social.<\/span><\/li>\n<\/ul>\n","protected":false},"excerpt":{"rendered":"<p>L\u2019alumnat de 4t d\u2019ESO ha estat participant en els darrers anys en el projecte \u201cImpulsem la Rob\u00f2tica\u201d. Durant el primer i segon trimestre de l\u2019assignatura de l\u2019optativa de tecnologia de 4t d\u2019ESO els alumnes fan una descoberta de la programaci\u00f3, disseny i construcci\u00f3 de diversos&hellip;  <a href=\"https:\/\/agora.xtec.cat\/iesnumancia\/projectes\/impulsem-la-robotica-tecnologies-creatives-a-laula\/\" title=\"Read Impulsem la rob\u00f2tica.\">Llegeix m\u00e9s\u00bb<\/a><\/p>\n","protected":false},"author":1,"featured_media":0,"parent":929,"menu_order":0,"comment_status":"closed","ping_status":"closed","template":"page-templates\/side-menu.php","meta":{"_bbp_topic_count":0,"_bbp_reply_count":0,"_bbp_total_topic_count":0,"_bbp_total_reply_count":0,"_bbp_voice_count":0,"_bbp_anonymous_reply_count":0,"_bbp_topic_count_hidden":0,"_bbp_reply_count_hidden":0,"_bbp_forum_subforum_count":0,"footnotes":""},"class_list":["post-927","page","type-page","status-publish","hentry"],"post_mailing_queue_ids":[],"_links":{"self":[{"href":"https:\/\/agora.xtec.cat\/iesnumancia\/wp-json\/wp\/v2\/pages\/927","targetHints":{"allow":["GET"]}}],"collection":[{"href":"https:\/\/agora.xtec.cat\/iesnumancia\/wp-json\/wp\/v2\/pages"}],"about":[{"href":"https:\/\/agora.xtec.cat\/iesnumancia\/wp-json\/wp\/v2\/types\/page"}],"author":[{"embeddable":true,"href":"https:\/\/agora.xtec.cat\/iesnumancia\/wp-json\/wp\/v2\/users\/1"}],"replies":[{"embeddable":true,"href":"https:\/\/agora.xtec.cat\/iesnumancia\/wp-json\/wp\/v2\/comments?post=927"}],"version-history":[{"count":3,"href":"https:\/\/agora.xtec.cat\/iesnumancia\/wp-json\/wp\/v2\/pages\/927\/revisions"}],"predecessor-version":[{"id":1134,"href":"https:\/\/agora.xtec.cat\/iesnumancia\/wp-json\/wp\/v2\/pages\/927\/revisions\/1134"}],"up":[{"embeddable":true,"href":"https:\/\/agora.xtec.cat\/iesnumancia\/wp-json\/wp\/v2\/pages\/929"}],"wp:attachment":[{"href":"https:\/\/agora.xtec.cat\/iesnumancia\/wp-json\/wp\/v2\/media?parent=927"}],"curies":[{"name":"wp","href":"https:\/\/api.w.org\/{rel}","templated":true}]}}