{"id":8261,"date":"2025-04-23T01:47:32","date_gmt":"2025-04-22T23:47:32","guid":{"rendered":"https:\/\/agora.xtec.cat\/iesnumancia\/?page_id=8261"},"modified":"2025-05-04T14:10:55","modified_gmt":"2025-05-04T12:10:55","slug":"diada-de-la-sang-ens-mobilitzem-per-la-donacio-de-sang","status":"publish","type":"page","link":"https:\/\/agora.xtec.cat\/iesnumancia\/projectes\/diada-de-la-sang-ens-mobilitzem-per-la-donacio-de-sang\/","title":{"rendered":"Diada de la sang: Num\u00e0ncia batega_ens mobilitzem per la donaci\u00f3 de sang"},"content":{"rendered":"<p><img loading=\"lazy\" decoding=\"async\" class=\"aligncenter wp-image-8339\" src=\"https:\/\/agora.xtec.cat\/iesnumancia\/wp-content\/uploads\/usu2267\/2025\/05\/Captura-de-pantalla-2025-05-04-135645.png\" alt=\"\" width=\"700\" height=\"639\" srcset=\"https:\/\/agora.xtec.cat\/iesnumancia\/wp-content\/uploads\/usu2267\/2025\/05\/Captura-de-pantalla-2025-05-04-135645.png 823w, https:\/\/agora.xtec.cat\/iesnumancia\/wp-content\/uploads\/usu2267\/2025\/05\/Captura-de-pantalla-2025-05-04-135645-300x274.png 300w, https:\/\/agora.xtec.cat\/iesnumancia\/wp-content\/uploads\/usu2267\/2025\/05\/Captura-de-pantalla-2025-05-04-135645-768x701.png 768w\" sizes=\"auto, (max-width: 700px) 100vw, 700px\" \/><\/p>\n<p>Amb l\u2019objectiu de fomentar la solidaritat, el comprom\u00eds social i la responsabilitat col\u00b7lectiva, durant el curs 23-24, els nous integrants de l\u2019equip impulsor de la<em><strong> Xarxa de compet\u00e8ncies b\u00e0siques (XCB)\u00a0 <\/strong><\/em>del Num\u00e0ncia, hem engegat un nou projecte de centre, la Diada de la Sang, que t\u00e9 com a centre d\u2019inter\u00e8s una<em><strong> Campanya de donaci\u00f3 de Sang<\/strong><\/em>. La data de la primera diada ha estat el 30 d\u2019Abril de 2024. Hem pogut comptar amb la col\u00b7laboraci\u00f3 del <strong><em>Banc de Sang i Teixits <\/em><\/strong>i l\u2019ajuda i la implicaci\u00f3 de la comunitat educativa del centre i un bon gruix d\u2019alumnat.<\/p>\n<p><span style=\"font-weight: 400;\">Movent-nos en la direcci\u00f3 entre els interessos del pla general anual (PGA) del centre i els objectius de la XCB hem dissenyat aquesta jornada i totes les activitats pr\u00e8vies des de diferents \u00e0mbits i a tots els nivells, de forma sostenible per a mantenir el projecte en cursos vinents.\u00a0Algunes activitats que hem dut a terme han estat:<\/span><\/p>\n<ul>\n<li style=\"font-weight: 400;\" aria-level=\"1\"><span style=\"font-weight: 400;\">Elaboraci\u00f3 d\u2019un obsequi per als donants (1r ESO).<\/span><\/li>\n<li style=\"font-weight: 400;\" aria-level=\"1\"><span style=\"font-weight: 400;\">P\u00f2dcast sobre les donacions de sang (2n ESO).<\/span><\/li>\n<li style=\"font-weight: 400;\" aria-level=\"1\"><span style=\"font-weight: 400;\">Infografia sobre la sang i els grups sanguinis i formaci\u00f3 de la m\u00e0 del banc de sang i teixits (3r ESO).<\/span><\/li>\n<li style=\"font-weight: 400;\" aria-level=\"1\"><span style=\"font-weight: 400;\">Disseny de cartells de la campanya de donaci\u00f3 de sang amb la posterior difusi\u00f3 pel municipi i cinef\u00f2rum (4t ESO).<\/span><\/li>\n<li style=\"font-weight: 400;\" aria-level=\"1\"><span style=\"font-weight: 400;\">Creaci\u00f3 de diferents formats literaris sobre la sang (1r Batxillerat)\u00a0<\/span><\/li>\n<\/ul>\n<p><span style=\"font-weight: 400;\">El dia de la donaci\u00f3 l\u2019alumnat voluntari ha muntat una exposici\u00f3 de totes les activitats esmentades i ha pogut atendre els donants repartint els refrigeris.<\/span><\/p>\n<table style=\"border-collapse: collapse; width: 100%;\">\n<tbody>\n<tr>\n<td style=\"width: 50%;\"><img loading=\"lazy\" decoding=\"async\" class=\"size-full wp-image-8337 alignright\" src=\"https:\/\/agora.xtec.cat\/iesnumancia\/wp-content\/uploads\/usu2267\/2025\/05\/Captura-de-pantalla-2025-05-04-135802.png\" alt=\"\" width=\"424\" height=\"496\" srcset=\"https:\/\/agora.xtec.cat\/iesnumancia\/wp-content\/uploads\/usu2267\/2025\/05\/Captura-de-pantalla-2025-05-04-135802.png 424w, https:\/\/agora.xtec.cat\/iesnumancia\/wp-content\/uploads\/usu2267\/2025\/05\/Captura-de-pantalla-2025-05-04-135802-256x300.png 256w\" sizes=\"auto, (max-width: 424px) 100vw, 424px\" \/><\/td>\n<td style=\"width: 50%;\"><img loading=\"lazy\" decoding=\"async\" class=\"wp-image-8340 alignleft\" src=\"https:\/\/agora.xtec.cat\/iesnumancia\/wp-content\/uploads\/usu2267\/2025\/05\/Captura-de-pantalla-2025-05-04-135725.png\" alt=\"\" width=\"375\" height=\"498\" srcset=\"https:\/\/agora.xtec.cat\/iesnumancia\/wp-content\/uploads\/usu2267\/2025\/05\/Captura-de-pantalla-2025-05-04-135725.png 429w, https:\/\/agora.xtec.cat\/iesnumancia\/wp-content\/uploads\/usu2267\/2025\/05\/Captura-de-pantalla-2025-05-04-135725-226x300.png 226w\" sizes=\"auto, (max-width: 375px) 100vw, 375px\" \/><\/td>\n<\/tr>\n<\/tbody>\n<\/table>\n<p>Els resultats de la campanya han estat molt satisfactoris amb un total de 66 assistents dels quals 50 donants de sang i 4 de plasma. Un fet a destacar \u00e9s que <strong>un 33% dels donants han estat nous<\/strong>, quan habitualment sol estar al voltant del 23 % la nova assist\u00e8ncia.<img loading=\"lazy\" decoding=\"async\" class=\"aligncenter size-large wp-image-8338\" src=\"https:\/\/agora.xtec.cat\/iesnumancia\/wp-content\/uploads\/usu2267\/2025\/05\/Captura-de-pantalla-2025-05-04-135527-1024x457.png\" alt=\"\" width=\"1024\" height=\"457\" srcset=\"https:\/\/agora.xtec.cat\/iesnumancia\/wp-content\/uploads\/usu2267\/2025\/05\/Captura-de-pantalla-2025-05-04-135527-1024x457.png 1024w, https:\/\/agora.xtec.cat\/iesnumancia\/wp-content\/uploads\/usu2267\/2025\/05\/Captura-de-pantalla-2025-05-04-135527-300x134.png 300w, https:\/\/agora.xtec.cat\/iesnumancia\/wp-content\/uploads\/usu2267\/2025\/05\/Captura-de-pantalla-2025-05-04-135527-768x343.png 768w, https:\/\/agora.xtec.cat\/iesnumancia\/wp-content\/uploads\/usu2267\/2025\/05\/Captura-de-pantalla-2025-05-04-135527.png 1458w\" sizes=\"auto, (max-width: 1024px) 100vw, 1024px\" \/><\/p>\n<p>Aquesta iniciativa no nom\u00e9s contribueix a salvar vides, sin\u00f3 que tamb\u00e9 es converteix en una <strong>oportunitat educativa per sensibilitzar l\u2019alumnat sobre la import\u00e0ncia d\u2019actes altruistes<\/strong> com aquest. Des del centre, promovem la <strong>participaci\u00f3 activa de l\u2019alumnat<\/strong> que col\u00b7labora en la difusi\u00f3, organitzaci\u00f3 i dinamitzaci\u00f3 de l\u2019activitat i la<strong> implicaci\u00f3 de les fam\u00edlies<\/strong> en activitats del centre educatiu.<\/p>\n<p>Amb el lema <em><strong>\u201cDona sang, dona vida\u201d, us convidem a formar part d\u2019aquest projecte solidari i a sumar-vos a una causa que pot marcar la difer\u00e8ncia per a moltes persones. Perqu\u00e8 cada gota compta\u2026 i cada gest tamb\u00e9.<\/strong><\/em><\/p>\n","protected":false},"excerpt":{"rendered":"<p>Amb l\u2019objectiu de fomentar la solidaritat, el comprom\u00eds social i la responsabilitat col\u00b7lectiva, durant el curs 23-24, els nous integrants de l\u2019equip impulsor de la Xarxa de compet\u00e8ncies b\u00e0siques (XCB)\u00a0 del Num\u00e0ncia, hem engegat un nou projecte de centre, la Diada de la Sang, que&hellip;  <a href=\"https:\/\/agora.xtec.cat\/iesnumancia\/projectes\/diada-de-la-sang-ens-mobilitzem-per-la-donacio-de-sang\/\" title=\"Read Diada de la sang: Num\u00e0ncia batega_ens mobilitzem per la donaci\u00f3 de sang\">Llegeix m\u00e9s\u00bb<\/a><\/p>\n","protected":false},"author":1,"featured_media":0,"parent":929,"menu_order":0,"comment_status":"closed","ping_status":"closed","template":"page-templates\/side-menu.php","meta":{"_bbp_topic_count":0,"_bbp_reply_count":0,"_bbp_total_topic_count":0,"_bbp_total_reply_count":0,"_bbp_voice_count":0,"_bbp_anonymous_reply_count":0,"_bbp_topic_count_hidden":0,"_bbp_reply_count_hidden":0,"_bbp_forum_subforum_count":0,"footnotes":""},"class_list":["post-8261","page","type-page","status-publish","hentry"],"post_mailing_queue_ids":[],"_links":{"self":[{"href":"https:\/\/agora.xtec.cat\/iesnumancia\/wp-json\/wp\/v2\/pages\/8261","targetHints":{"allow":["GET"]}}],"collection":[{"href":"https:\/\/agora.xtec.cat\/iesnumancia\/wp-json\/wp\/v2\/pages"}],"about":[{"href":"https:\/\/agora.xtec.cat\/iesnumancia\/wp-json\/wp\/v2\/types\/page"}],"author":[{"embeddable":true,"href":"https:\/\/agora.xtec.cat\/iesnumancia\/wp-json\/wp\/v2\/users\/1"}],"replies":[{"embeddable":true,"href":"https:\/\/agora.xtec.cat\/iesnumancia\/wp-json\/wp\/v2\/comments?post=8261"}],"version-history":[{"count":5,"href":"https:\/\/agora.xtec.cat\/iesnumancia\/wp-json\/wp\/v2\/pages\/8261\/revisions"}],"predecessor-version":[{"id":8341,"href":"https:\/\/agora.xtec.cat\/iesnumancia\/wp-json\/wp\/v2\/pages\/8261\/revisions\/8341"}],"up":[{"embeddable":true,"href":"https:\/\/agora.xtec.cat\/iesnumancia\/wp-json\/wp\/v2\/pages\/929"}],"wp:attachment":[{"href":"https:\/\/agora.xtec.cat\/iesnumancia\/wp-json\/wp\/v2\/media?parent=8261"}],"curies":[{"name":"wp","href":"https:\/\/api.w.org\/{rel}","templated":true}]}}