{"id":745,"date":"2021-01-28T12:53:58","date_gmt":"2021-01-28T11:53:58","guid":{"rendered":"https:\/\/agora.xtec.cat\/iesnumancia\/?page_id=745"},"modified":"2021-07-01T10:07:26","modified_gmt":"2021-07-01T08:07:26","slug":"linia-pedagogica-del-centre","status":"publish","type":"page","link":"https:\/\/agora.xtec.cat\/iesnumancia\/projecte-educatiu\/linia-pedagogica-del-centre\/","title":{"rendered":"L\u00ednia pedag\u00f2gica del centre"},"content":{"rendered":"<p>Aquest \u00e9s un document viu, un document perp\u00e8tuament modificat fruit de la reflexi\u00f3 i l&#8217;an\u00e0lisi pedag\u00f2gics del claustre del centre, curs rere curs. No hi ha solucions m\u00e0giques en educaci\u00f3, per\u00f2 sempre hi ha la possibilitat de millorar el nivell de la qualitat, les condicions d&#8217;equitat, la inclusi\u00f3 o l&#8217;excel\u00b7l\u00e8ncia acad\u00e8mica o docent per a qu\u00e8 tots els nostres alumnes acabin els seus estudis en les millors condicions que garanteixin la seva formaci\u00f3 i projecci\u00f3 futures.<\/p>\n<p>Als diferents apartats del document trobareu tota la informaci\u00f3 sobre com treballem al nostre centre i els fonaments a partir dels quals argumentem la nostra proposta pedag\u00f2gica.<\/p>\n<p><a href=\"https:\/\/drive.google.com\/file\/d\/1zNhp9LU7JTfx5406Hsn_6-nwW8dNV69l\/view?usp=sharing\">Enlla\u00e7 al document &#8220;L\u00ednia Pedag\u00f2gica de Centre&#8221;<\/a><\/p>\n","protected":false},"excerpt":{"rendered":"<p>Aquest \u00e9s un document viu, un document perp\u00e8tuament modificat fruit de la reflexi\u00f3 i l&#8217;an\u00e0lisi pedag\u00f2gics del claustre del centre, curs rere curs. No hi ha solucions m\u00e0giques en educaci\u00f3, per\u00f2 sempre hi ha la possibilitat de millorar el nivell de la qualitat, les condicions&hellip;  <a href=\"https:\/\/agora.xtec.cat\/iesnumancia\/projecte-educatiu\/linia-pedagogica-del-centre\/\" title=\"Read L\u00ednia pedag\u00f2gica del centre\">Llegeix m\u00e9s\u00bb<\/a><\/p>\n","protected":false},"author":1,"featured_media":0,"parent":57,"menu_order":4,"comment_status":"closed","ping_status":"closed","template":"page-templates\/side-menu.php","meta":{"_bbp_topic_count":0,"_bbp_reply_count":0,"_bbp_total_topic_count":0,"_bbp_total_reply_count":0,"_bbp_voice_count":0,"_bbp_anonymous_reply_count":0,"_bbp_topic_count_hidden":0,"_bbp_reply_count_hidden":0,"_bbp_forum_subforum_count":0,"footnotes":""},"class_list":["post-745","page","type-page","status-publish","hentry"],"post_mailing_queue_ids":[],"_links":{"self":[{"href":"https:\/\/agora.xtec.cat\/iesnumancia\/wp-json\/wp\/v2\/pages\/745","targetHints":{"allow":["GET"]}}],"collection":[{"href":"https:\/\/agora.xtec.cat\/iesnumancia\/wp-json\/wp\/v2\/pages"}],"about":[{"href":"https:\/\/agora.xtec.cat\/iesnumancia\/wp-json\/wp\/v2\/types\/page"}],"author":[{"embeddable":true,"href":"https:\/\/agora.xtec.cat\/iesnumancia\/wp-json\/wp\/v2\/users\/1"}],"replies":[{"embeddable":true,"href":"https:\/\/agora.xtec.cat\/iesnumancia\/wp-json\/wp\/v2\/comments?post=745"}],"version-history":[{"count":3,"href":"https:\/\/agora.xtec.cat\/iesnumancia\/wp-json\/wp\/v2\/pages\/745\/revisions"}],"predecessor-version":[{"id":2318,"href":"https:\/\/agora.xtec.cat\/iesnumancia\/wp-json\/wp\/v2\/pages\/745\/revisions\/2318"}],"up":[{"embeddable":true,"href":"https:\/\/agora.xtec.cat\/iesnumancia\/wp-json\/wp\/v2\/pages\/57"}],"wp:attachment":[{"href":"https:\/\/agora.xtec.cat\/iesnumancia\/wp-json\/wp\/v2\/media?parent=745"}],"curies":[{"name":"wp","href":"https:\/\/api.w.org\/{rel}","templated":true}]}}