{"id":744,"date":"2021-01-28T12:53:58","date_gmt":"2021-01-28T11:53:58","guid":{"rendered":"https:\/\/agora.xtec.cat\/iesnumancia\/?page_id=744"},"modified":"2021-02-09T23:18:18","modified_gmt":"2021-02-09T22:18:18","slug":"projecte-de-convivencia","status":"publish","type":"page","link":"https:\/\/agora.xtec.cat\/iesnumancia\/projecte-educatiu\/projecte-de-convivencia\/","title":{"rendered":"Projecte de conviv\u00e8ncia"},"content":{"rendered":"<p>El Projecte de Conviv\u00e8ncia \u00e9s tamb\u00e9 un document fonamental de l&#8217;Institut. Estem orgullosos de la feina feta amb aquest projecte, del seu redactat que reflecteix la sensibilitat i implicaci\u00f3 de les persones que hi han participat, dels principis i estrat\u00e8gies que es desenvolupen i, per descomptat, que sigui fruit de la participaci\u00f3 dels diferents agents del centre.<\/p>\n<p>El Projecte de Conviv\u00e8ncia posa en relleu els valors i les estrat\u00e8gies educatives que s&#8217;aplicaran pel seu desenvolupament. El centre no nom\u00e9s ha de formar acad\u00e8micament buscant sempre l&#8217;excel\u00b7l\u00e8ncia, tamb\u00e9 ha de formar persones implicades amb la seva societat i el seu temps.<\/p>\n<p style=\"text-align: left;\"><a href=\"https:\/\/drive.google.com\/file\/d\/1Ylcm3Dy0Mz-29M5FVwJtBdsnprVg6y3D\/view?usp=sharing\" target=\"_blank\" rel=\"noopener noreferrer\">Enlla\u00e7 al nostre Projecte de Conviv\u00e8ncia<\/a><\/p>\n","protected":false},"excerpt":{"rendered":"<p>El Projecte de Conviv\u00e8ncia \u00e9s tamb\u00e9 un document fonamental de l&#8217;Institut. Estem orgullosos de la feina feta amb aquest projecte, del seu redactat que reflecteix la sensibilitat i implicaci\u00f3 de les persones que hi han participat, dels principis i estrat\u00e8gies que es desenvolupen i, per&hellip;  <a href=\"https:\/\/agora.xtec.cat\/iesnumancia\/projecte-educatiu\/projecte-de-convivencia\/\" title=\"Read Projecte de conviv\u00e8ncia\">Llegeix m\u00e9s\u00bb<\/a><\/p>\n","protected":false},"author":1,"featured_media":0,"parent":57,"menu_order":3,"comment_status":"closed","ping_status":"closed","template":"page-templates\/side-menu.php","meta":{"_bbp_topic_count":0,"_bbp_reply_count":0,"_bbp_total_topic_count":0,"_bbp_total_reply_count":0,"_bbp_voice_count":0,"_bbp_anonymous_reply_count":0,"_bbp_topic_count_hidden":0,"_bbp_reply_count_hidden":0,"_bbp_forum_subforum_count":0,"footnotes":""},"class_list":["post-744","page","type-page","status-publish","hentry"],"post_mailing_queue_ids":[],"_links":{"self":[{"href":"https:\/\/agora.xtec.cat\/iesnumancia\/wp-json\/wp\/v2\/pages\/744","targetHints":{"allow":["GET"]}}],"collection":[{"href":"https:\/\/agora.xtec.cat\/iesnumancia\/wp-json\/wp\/v2\/pages"}],"about":[{"href":"https:\/\/agora.xtec.cat\/iesnumancia\/wp-json\/wp\/v2\/types\/page"}],"author":[{"embeddable":true,"href":"https:\/\/agora.xtec.cat\/iesnumancia\/wp-json\/wp\/v2\/users\/1"}],"replies":[{"embeddable":true,"href":"https:\/\/agora.xtec.cat\/iesnumancia\/wp-json\/wp\/v2\/comments?post=744"}],"version-history":[{"count":3,"href":"https:\/\/agora.xtec.cat\/iesnumancia\/wp-json\/wp\/v2\/pages\/744\/revisions"}],"predecessor-version":[{"id":1312,"href":"https:\/\/agora.xtec.cat\/iesnumancia\/wp-json\/wp\/v2\/pages\/744\/revisions\/1312"}],"up":[{"embeddable":true,"href":"https:\/\/agora.xtec.cat\/iesnumancia\/wp-json\/wp\/v2\/pages\/57"}],"wp:attachment":[{"href":"https:\/\/agora.xtec.cat\/iesnumancia\/wp-json\/wp\/v2\/media?parent=744"}],"curies":[{"name":"wp","href":"https:\/\/api.w.org\/{rel}","templated":true}]}}