{"id":742,"date":"2021-01-28T12:53:58","date_gmt":"2021-01-28T11:53:58","guid":{"rendered":"https:\/\/agora.xtec.cat\/iesnumancia\/?page_id=742"},"modified":"2021-08-31T13:35:04","modified_gmt":"2021-08-31T11:35:04","slug":"que-oferim","status":"publish","type":"page","link":"https:\/\/agora.xtec.cat\/iesnumancia\/projecte-educatiu\/que-oferim\/","title":{"rendered":"Qu\u00e8 oferim?"},"content":{"rendered":"<p style=\"text-align: justify;\">L&#8217;Institut Num\u00e0ncia es defineix en el seu Projecte Educatiu com a un centre de car\u00e0cter laic i respectu\u00f3s amb totes les creences de la comunitat educativa que l&#8217;integra: professorat, alumnat, fam\u00edlies i personal d&#8217;administraci\u00f3 i serveis. Tenim com a objectius primordials la formaci\u00f3 integral de la persona (capacitats intel\u00b7lectuals, \u00e8tiques, f\u00edsiques, emocionals i socials), la qualitat de l\u2019educaci\u00f3 i la consecuci\u00f3 de l\u2019excel\u00b7l\u00e8ncia (dedicaci\u00f3, innovaci\u00f3, professionalitat docent, avaluaci\u00f3 i retiment de comptes), aix\u00ed com l\u2019educaci\u00f3 en els valors del respecte i la preservaci\u00f3 del medi ambient, dels recursos naturals i del paisatge.<\/p>\n<p style=\"text-align: justify;\">La nostra finalitat \u00e9s formar persones que, des del coneixement i la comprensi\u00f3 del propi context social, siguin capaces de mantenir una actitud cr\u00edtica i constructiva per poder fer aportacions raonades que millorin el present i construeixin futur. El nom del centre ja fa menci\u00f3 precisament a aquest esperit incansable i lluitador que va tenir des de l&#8217;inici.<\/p>\n<p style=\"text-align: justify;\">El nostre Institut \u00e9s un centre d&#8217;educaci\u00f3 secund\u00e0ria, un centre p\u00fablic que vol defensar amb la seva feina el car\u00e0cter de qualitat i innovaci\u00f3 que mereix l&#8217;educaci\u00f3 p\u00fablica. Oferim els diferents nivells d&#8217;ESO i el Batxillerat en les modalitats de Ci\u00e8ncies, Tecnologia, Humanitats i Ci\u00e8ncies Socials. Comptem amb una plantilla docent estable, amb experi\u00e8ncia, amb visi\u00f3 global i amb la mirada especialitzada que \u00e9s imprescindible per a formar els nostres alumnes fins a portar-los a la Universitat o a l&#8217;itinerari formatiu que decideixi l&#8217;alumne en les millors condicions. Aquest \u00e9s el nostre comprom\u00eds.<\/p>\n<p style=\"text-align: justify;\">\n","protected":false},"excerpt":{"rendered":"<p>L&#8217;Institut Num\u00e0ncia es defineix en el seu Projecte Educatiu com a un centre de car\u00e0cter laic i respectu\u00f3s amb totes les creences de la comunitat educativa que l&#8217;integra: professorat, alumnat, fam\u00edlies i personal d&#8217;administraci\u00f3 i serveis. Tenim com a objectius primordials la formaci\u00f3 integral de&hellip;  <a href=\"https:\/\/agora.xtec.cat\/iesnumancia\/projecte-educatiu\/que-oferim\/\" title=\"Read Qu\u00e8 oferim?\">Llegeix m\u00e9s\u00bb<\/a><\/p>\n","protected":false},"author":1,"featured_media":0,"parent":57,"menu_order":1,"comment_status":"closed","ping_status":"closed","template":"page-templates\/side-menu.php","meta":{"_bbp_topic_count":0,"_bbp_reply_count":0,"_bbp_total_topic_count":0,"_bbp_total_reply_count":0,"_bbp_voice_count":0,"_bbp_anonymous_reply_count":0,"_bbp_topic_count_hidden":0,"_bbp_reply_count_hidden":0,"_bbp_forum_subforum_count":0,"footnotes":""},"class_list":["post-742","page","type-page","status-publish","hentry"],"post_mailing_queue_ids":[],"_links":{"self":[{"href":"https:\/\/agora.xtec.cat\/iesnumancia\/wp-json\/wp\/v2\/pages\/742","targetHints":{"allow":["GET"]}}],"collection":[{"href":"https:\/\/agora.xtec.cat\/iesnumancia\/wp-json\/wp\/v2\/pages"}],"about":[{"href":"https:\/\/agora.xtec.cat\/iesnumancia\/wp-json\/wp\/v2\/types\/page"}],"author":[{"embeddable":true,"href":"https:\/\/agora.xtec.cat\/iesnumancia\/wp-json\/wp\/v2\/users\/1"}],"replies":[{"embeddable":true,"href":"https:\/\/agora.xtec.cat\/iesnumancia\/wp-json\/wp\/v2\/comments?post=742"}],"version-history":[{"count":4,"href":"https:\/\/agora.xtec.cat\/iesnumancia\/wp-json\/wp\/v2\/pages\/742\/revisions"}],"predecessor-version":[{"id":2351,"href":"https:\/\/agora.xtec.cat\/iesnumancia\/wp-json\/wp\/v2\/pages\/742\/revisions\/2351"}],"up":[{"embeddable":true,"href":"https:\/\/agora.xtec.cat\/iesnumancia\/wp-json\/wp\/v2\/pages\/57"}],"wp:attachment":[{"href":"https:\/\/agora.xtec.cat\/iesnumancia\/wp-json\/wp\/v2\/media?parent=742"}],"curies":[{"name":"wp","href":"https:\/\/api.w.org\/{rel}","templated":true}]}}