{"id":739,"date":"2021-01-28T12:53:58","date_gmt":"2021-01-28T11:53:58","guid":{"rendered":"https:\/\/agora.xtec.cat\/iesnumancia\/?page_id=739"},"modified":"2021-02-21T19:50:26","modified_gmt":"2021-02-21T18:50:26","slug":"galeria-fotografica","status":"publish","type":"page","link":"https:\/\/agora.xtec.cat\/iesnumancia\/linstitut\/galeria-fotografica\/","title":{"rendered":"Moments estel\u00b7lars."},"content":{"rendered":"<p style=\"text-align: justify;\"><strong>Moments estel\u00b7lars: 25 anys de Num\u00e0ncia<\/strong>, \u00e9s un recorregut per aquells moments que ens han aportat coneixement, satisfacci\u00f3, tendresa, superaci\u00f3, reflexi\u00f3&#8230;. la llista \u00e9s infinita.La tria dels v\u00eddeos o presentacions ha estat guiada per la immensa projecci\u00f3 d&#8217;aquells moments encara avui, anys despr\u00e9s.<\/p>\n<p>&nbsp;<\/p>\n<p><strong>Lipdub Num\u00e0ncia: un macro projecte! 2011<\/strong><\/p>\n<p>&#8221; 99 ballons &#8220;. Alumnes de l&#8217;assignatura d&#8217;alemany<a href=\"https:\/\/vimeo.com\/21744953\"><img loading=\"lazy\" decoding=\"async\" class=\"aligncenter wp-image-1106\" src=\"https:\/\/agora.xtec.cat\/iesnumancia\/wp-content\/uploads\/usu2267\/2021\/02\/LIPDUB-NUM\u00c0NCIA-300x191.jpg\" alt=\"\" width=\"319\" height=\"203\" srcset=\"https:\/\/agora.xtec.cat\/iesnumancia\/wp-content\/uploads\/usu2267\/2021\/02\/LIPDUB-NUM\u00c0NCIA-300x191.jpg 300w, https:\/\/agora.xtec.cat\/iesnumancia\/wp-content\/uploads\/usu2267\/2021\/02\/LIPDUB-NUM\u00c0NCIA.jpg 461w\" sizes=\"auto, (max-width: 319px) 100vw, 319px\" \/><\/a><\/p>\n<p>____________________________________________________________________________<\/p>\n<p>Programa <strong>Salvados <\/strong><strong>&#8221; De hijos a padres&#8221;, 2016<\/strong><\/p>\n<p style=\"text-align: justify;\">El programa\u00a0<strong>Salvados<\/strong> del canal de televisi\u00f3 La Sexta, ha gravat un programa dedicat als adolescents al nostre centre. En aquest programa han intervingut alumnes, fam\u00edlies i professors de l&#8217;Institut Num\u00e0ncia. Ha sigut un plaer col\u00b7laborar amb el Jordi \u00c9vole i els professionals de la productora Producciones del Barrio. <em>&#8220;De hijos a padres&#8221;<\/em> es va emetre \u00a0el dia 20 de novembre 2016.<\/p>\n<p><a href=\"https:\/\/www.lasexta.com\/programas\/salvados\/mejores-momentos\/gabriel-fernandez-en-cada-fracaso-escolar-hay-un-adulto-que-es-responsable_20161120583206ae0cf24c3ff69bb376.html\"><img loading=\"lazy\" decoding=\"async\" class=\"aligncenter wp-image-1150\" src=\"https:\/\/agora.xtec.cat\/iesnumancia\/wp-content\/uploads\/usu2267\/2021\/02\/salvados-thumbnail-300x159.jpg\" alt=\"\" width=\"333\" height=\"177\" srcset=\"https:\/\/agora.xtec.cat\/iesnumancia\/wp-content\/uploads\/usu2267\/2021\/02\/salvados-thumbnail-300x159.jpg 300w, https:\/\/agora.xtec.cat\/iesnumancia\/wp-content\/uploads\/usu2267\/2021\/02\/salvados-thumbnail.jpg 647w\" sizes=\"auto, (max-width: 333px) 100vw, 333px\" \/><\/a><\/p>\n<p>____________________________________________________________________________<\/p>\n<p><strong>Taller de g\u00e8nere i educaci\u00f3 al programa Banda Ampla TV3, 2012<\/strong><\/p>\n<p><strong><a href=\"https:\/\/www.ccma.cat\/tv3\/alacarta\/programa\/prevencio-a-lescola\/video\/3956390\/\"><img loading=\"lazy\" decoding=\"async\" class=\"aligncenter wp-image-1441\" src=\"https:\/\/agora.xtec.cat\/iesnumancia\/wp-content\/uploads\/usu2267\/2021\/02\/banda-ampla.jpg\" alt=\"\" width=\"350\" height=\"193\" srcset=\"https:\/\/agora.xtec.cat\/iesnumancia\/wp-content\/uploads\/usu2267\/2021\/02\/banda-ampla.jpg 866w, https:\/\/agora.xtec.cat\/iesnumancia\/wp-content\/uploads\/usu2267\/2021\/02\/banda-ampla-300x165.jpg 300w, https:\/\/agora.xtec.cat\/iesnumancia\/wp-content\/uploads\/usu2267\/2021\/02\/banda-ampla-768x423.jpg 768w\" sizes=\"auto, (max-width: 350px) 100vw, 350px\" \/><\/a><\/strong><\/p>\n<p>____________________________________________________________________________<\/p>\n<p style=\"text-align: justify;\"><strong>Making off de l&#8217;enregistrament del v\u00eddeo dirigit per la professora de m\u00fasica Merc\u00e8 Aranda<\/strong><strong> amb motiu de la\u00a0 jubilaci\u00f3 del professor Mariano Izquierdo.<\/strong> Bona sort Mariano!, 2012.<a href=\"https:\/\/vimeo.com\/40541039\"><img loading=\"lazy\" decoding=\"async\" class=\"aligncenter wp-image-1575\" src=\"https:\/\/agora.xtec.cat\/iesnumancia\/wp-content\/uploads\/usu2267\/2021\/02\/v\u00eddeo-comiat-300x162.jpg\" alt=\"\" width=\"332\" height=\"179\" srcset=\"https:\/\/agora.xtec.cat\/iesnumancia\/wp-content\/uploads\/usu2267\/2021\/02\/v\u00eddeo-comiat-300x162.jpg 300w, https:\/\/agora.xtec.cat\/iesnumancia\/wp-content\/uploads\/usu2267\/2021\/02\/v\u00eddeo-comiat.jpg 317w\" sizes=\"auto, (max-width: 332px) 100vw, 332px\" \/><\/a><\/p>\n<p>____________________________________________________________________________<\/p>\n<p><strong>Carnestoltes Inoblidable!! 2013<\/strong><\/p>\n<p style=\"text-align: justify;\">Actuaci\u00f3 de 3r C i el seu tutor!Gr\u00e0cies per aquests moments!!!<a href=\"https:\/\/vimeo.com\/88801158\"><img loading=\"lazy\" decoding=\"async\" class=\"aligncenter wp-image-1577\" src=\"https:\/\/agora.xtec.cat\/iesnumancia\/wp-content\/uploads\/usu2267\/2021\/02\/benito-300x188.jpg\" alt=\"\" width=\"332\" height=\"208\" srcset=\"https:\/\/agora.xtec.cat\/iesnumancia\/wp-content\/uploads\/usu2267\/2021\/02\/benito-300x188.jpg 300w, https:\/\/agora.xtec.cat\/iesnumancia\/wp-content\/uploads\/usu2267\/2021\/02\/benito.jpg 670w\" sizes=\"auto, (max-width: 332px) 100vw, 332px\" \/><\/a><\/p>\n<p>____________________________________________________________________________<\/p>\n<p><strong>Perqveu Num\u00e0ncia, el cor jove del nostre institut. 2013.<\/strong><\/p>\n<p style=\"text-align: justify;\">Aquest v\u00eddeo \u00e9s la mostra de l&#8217;actuaci\u00f3 d&#8217;aquella generaci\u00f3 d&#8217;alumnes que s&#8217;estimaven tant i tant cantar i que van ser el cor del Num\u00e0ncia.<\/p>\n<p><a href=\"https:\/\/vimeo.com\/69425069\"><img loading=\"lazy\" decoding=\"async\" class=\"aligncenter wp-image-1582\" src=\"https:\/\/agora.xtec.cat\/iesnumancia\/wp-content\/uploads\/usu2267\/2021\/02\/perqveu-300x139.jpg\" alt=\"\" width=\"338\" height=\"157\" srcset=\"https:\/\/agora.xtec.cat\/iesnumancia\/wp-content\/uploads\/usu2267\/2021\/02\/perqveu-300x139.jpg 300w, https:\/\/agora.xtec.cat\/iesnumancia\/wp-content\/uploads\/usu2267\/2021\/02\/perqveu-768x355.jpg 768w, https:\/\/agora.xtec.cat\/iesnumancia\/wp-content\/uploads\/usu2267\/2021\/02\/perqveu.jpg 950w\" sizes=\"auto, (max-width: 338px) 100vw, 338px\" \/><\/a><\/p>\n<p>____________________________________________________________________________<\/p>\n<p>&nbsp;<\/p>\n","protected":false},"excerpt":{"rendered":"<p>Moments estel\u00b7lars: 25 anys de Num\u00e0ncia, \u00e9s un recorregut per aquells moments que ens han aportat coneixement, satisfacci\u00f3, tendresa, superaci\u00f3, reflexi\u00f3&#8230;. la llista \u00e9s infinita.La tria dels v\u00eddeos o presentacions ha estat guiada per la immensa projecci\u00f3 d&#8217;aquells moments encara avui, anys despr\u00e9s.<br \/>\n&nbsp;<br \/>\nLipdub Num\u00e0ncia: un&hellip;  <a href=\"https:\/\/agora.xtec.cat\/iesnumancia\/linstitut\/galeria-fotografica\/\" title=\"Read Moments estel\u00b7lars.\">Llegeix m\u00e9s\u00bb<\/a><\/p>\n","protected":false},"author":1,"featured_media":0,"parent":19,"menu_order":99,"comment_status":"closed","ping_status":"closed","template":"page-templates\/side-menu.php","meta":{"_bbp_topic_count":0,"_bbp_reply_count":0,"_bbp_total_topic_count":0,"_bbp_total_reply_count":0,"_bbp_voice_count":0,"_bbp_anonymous_reply_count":0,"_bbp_topic_count_hidden":0,"_bbp_reply_count_hidden":0,"_bbp_forum_subforum_count":0,"footnotes":""},"class_list":["post-739","page","type-page","status-publish","hentry"],"post_mailing_queue_ids":[],"_links":{"self":[{"href":"https:\/\/agora.xtec.cat\/iesnumancia\/wp-json\/wp\/v2\/pages\/739","targetHints":{"allow":["GET"]}}],"collection":[{"href":"https:\/\/agora.xtec.cat\/iesnumancia\/wp-json\/wp\/v2\/pages"}],"about":[{"href":"https:\/\/agora.xtec.cat\/iesnumancia\/wp-json\/wp\/v2\/types\/page"}],"author":[{"embeddable":true,"href":"https:\/\/agora.xtec.cat\/iesnumancia\/wp-json\/wp\/v2\/users\/1"}],"replies":[{"embeddable":true,"href":"https:\/\/agora.xtec.cat\/iesnumancia\/wp-json\/wp\/v2\/comments?post=739"}],"version-history":[{"count":4,"href":"https:\/\/agora.xtec.cat\/iesnumancia\/wp-json\/wp\/v2\/pages\/739\/revisions"}],"predecessor-version":[{"id":1605,"href":"https:\/\/agora.xtec.cat\/iesnumancia\/wp-json\/wp\/v2\/pages\/739\/revisions\/1605"}],"up":[{"embeddable":true,"href":"https:\/\/agora.xtec.cat\/iesnumancia\/wp-json\/wp\/v2\/pages\/19"}],"wp:attachment":[{"href":"https:\/\/agora.xtec.cat\/iesnumancia\/wp-json\/wp\/v2\/media?parent=739"}],"curies":[{"name":"wp","href":"https:\/\/api.w.org\/{rel}","templated":true}]}}