{"id":6074,"date":"2024-03-12T19:32:03","date_gmt":"2024-03-12T18:32:03","guid":{"rendered":"https:\/\/agora.xtec.cat\/iesnumancia\/?page_id=6074"},"modified":"2026-01-29T08:14:05","modified_gmt":"2026-01-29T07:14:05","slug":"gradia","status":"publish","type":"page","link":"https:\/\/agora.xtec.cat\/iesnumancia\/gradia\/","title":{"rendered":"GESO (Graduat en Educaci\u00f3 Secund\u00e0ria Obligat\u00f2ria)"},"content":{"rendered":"<p><strong>Proves GESO 2026<\/strong><\/p>\n<p>Cada any es convoquen proves per a l&#8217;obtenci\u00f3 del t\u00edtol de graduat\/ada en educaci\u00f3 secund\u00e0ria obligat\u00f2ria (GESO), per als alumnes que no l&#8217;hagin obtingut en finalitzar l&#8217;etapa.<br \/>\nEl centre de realitzaci\u00f3 de la prova \u00e9s aquell on es troba l\u2019expedient de l\u2019alumne o alumna.<\/p>\n<p>Podeu trobar tota la informaci\u00f3 de les proves per l&#8217;obtenci\u00f3 del Graduat en Educaci\u00f3 Secund\u00e0ria Obligat\u00f2ria en el seg\u00fcent <a href=\"https:\/\/educacio.gencat.cat\/ca\/serveis-tramits\/proves\/proves-lliures-obtencio-titols\/obtencio-titol-eso\/\" target=\"_blank\" rel=\"noopener\"><strong>enlla\u00e7.<\/strong><\/a><\/p>\n<p><strong>Presentaci\u00f3 de sol\u00b7licituds GESO 2026<\/strong><\/p>\n<p>El termini de presentaci\u00f3 de sol\u00b7licituds d\u2019inscripci\u00f3 \u00e9s del 2 al 13 de febrer del 2026. Ho podeu fer a trav\u00e9s de l\u2019impr\u00e8s que trobareu en el seg\u00fcent <a href=\"https:\/\/drive.google.com\/file\/d\/1hCroHEuB9ts3LvV0XUgq0oesOLUvUCE6\/view?usp=sharing\" target=\"_blank\" rel=\"noopener\"><strong>enlla\u00e7<\/strong> <\/a>i que s\u2019ha de presentar a l\u2019administaci\u00f3 del centre educatiu.<\/p>\n<p>&nbsp;<\/p>\n<p>&nbsp;<\/p>\n<p>&nbsp;<\/p>\n<p>&nbsp;<\/p>\n<p>&nbsp;<\/p>\n<p>&nbsp;<\/p>\n","protected":false},"excerpt":{"rendered":"<p>Proves GESO 2026<br \/>\nCada any es convoquen proves per a l&#8217;obtenci\u00f3 del t\u00edtol de graduat\/ada en educaci\u00f3 secund\u00e0ria obligat\u00f2ria (GESO), per als alumnes que no l&#8217;hagin obtingut en finalitzar l&#8217;etapa.<br \/>\nEl centre de realitzaci\u00f3 de la prova \u00e9s aquell on es troba l\u2019expedient de l\u2019alumne o alumna.<br \/>\nPodeu&hellip;  <a href=\"https:\/\/agora.xtec.cat\/iesnumancia\/gradia\/\" title=\"Read GESO (Graduat en Educaci\u00f3 Secund\u00e0ria Obligat\u00f2ria)\">Llegeix m\u00e9s\u00bb<\/a><\/p>\n","protected":false},"author":1,"featured_media":0,"parent":0,"menu_order":0,"comment_status":"closed","ping_status":"closed","template":"","meta":{"_bbp_topic_count":0,"_bbp_reply_count":0,"_bbp_total_topic_count":0,"_bbp_total_reply_count":0,"_bbp_voice_count":0,"_bbp_anonymous_reply_count":0,"_bbp_topic_count_hidden":0,"_bbp_reply_count_hidden":0,"_bbp_forum_subforum_count":0,"footnotes":""},"class_list":["post-6074","page","type-page","status-publish","hentry"],"post_mailing_queue_ids":[],"_links":{"self":[{"href":"https:\/\/agora.xtec.cat\/iesnumancia\/wp-json\/wp\/v2\/pages\/6074","targetHints":{"allow":["GET"]}}],"collection":[{"href":"https:\/\/agora.xtec.cat\/iesnumancia\/wp-json\/wp\/v2\/pages"}],"about":[{"href":"https:\/\/agora.xtec.cat\/iesnumancia\/wp-json\/wp\/v2\/types\/page"}],"author":[{"embeddable":true,"href":"https:\/\/agora.xtec.cat\/iesnumancia\/wp-json\/wp\/v2\/users\/1"}],"replies":[{"embeddable":true,"href":"https:\/\/agora.xtec.cat\/iesnumancia\/wp-json\/wp\/v2\/comments?post=6074"}],"version-history":[{"count":6,"href":"https:\/\/agora.xtec.cat\/iesnumancia\/wp-json\/wp\/v2\/pages\/6074\/revisions"}],"predecessor-version":[{"id":9619,"href":"https:\/\/agora.xtec.cat\/iesnumancia\/wp-json\/wp\/v2\/pages\/6074\/revisions\/9619"}],"wp:attachment":[{"href":"https:\/\/agora.xtec.cat\/iesnumancia\/wp-json\/wp\/v2\/media?parent=6074"}],"curies":[{"name":"wp","href":"https:\/\/api.w.org\/{rel}","templated":true}]}}