{"id":57,"date":"2014-09-17T17:01:07","date_gmt":"2014-09-17T17:01:07","guid":{"rendered":"http:\/\/agora.xtec.cat\/iesnumancia\/?page_id=57"},"modified":"2021-02-14T18:28:29","modified_gmt":"2021-02-14T17:28:29","slug":"projecte-educatiu","status":"publish","type":"page","link":"https:\/\/agora.xtec.cat\/iesnumancia\/projecte-educatiu\/","title":{"rendered":"Projecte educatiu"},"content":{"rendered":"<p>L\u2019Institut Num\u00e0ncia es caracteritza per ser un centre amb unes instal\u00b7lacions modernes, amb espais amplis i infraestructures actualitzades que permeten dur a terme la tasca educativa en les millors condicions. En el nostre Projecte Educatiu s&#8217;expliciten els nostres prop\u00f2sits:<\/p>\n<p>\u25cf Vetllar perqu\u00e8 tot l\u2019alumnat assoleixi els coneixements i les compet\u00e8ncies ling\u00fc\u00edstiques, human\u00edstiques, cient\u00edfiques i tecnol\u00f2giques que permetin la seva millor projecci\u00f3 futura.<\/p>\n<p>\u25cf Potenciar l\u2019\u00fas i el coneixement de les lleng\u00fces estrangeres.<\/p>\n<p>\u25cf Posar a l\u2019abast de l\u2019alumnat tecnologies de la informaci\u00f3 i el coneixement (TIC) com a eines fonamentals en el proc\u00e9s d\u2019aprenentatge (TAC).<\/p>\n<p>\u25cf Educar en la defensa i el comprom\u00eds dels valors democr\u00e0tics, del di\u00e0leg com a mitj\u00e0 de relaci\u00f3 i del respecte als individus.<\/p>\n<p>\u25cf Donar un gran valor a l\u2019acci\u00f3 tutorial com a eix fonamental de la tasca educativa.<\/p>\n<p>\u25cf Estimular l\u2019esperit investigador i de superaci\u00f3 entre els joves.<\/p>\n<p>\u25cf Promoure la formaci\u00f3 permanent i la innovaci\u00f3 educativa entre el professorat.<\/p>\n<p>A partir d\u2019aquestes prioritats hem dissenyat una organitzaci\u00f3 pedag\u00f2gica que posa l\u2019accent en l\u2019atenci\u00f3 individualitzada, el desenvolupament adequat de les capacitats dels nostres alumnes i en la innovaci\u00f3 educativa com a motor de millora i de qualitat.<\/p>\n<p>Actualment participem en diferents projectes d\u2019innovaci\u00f3 reconeguts pels Departament d\u2019Ensenyament:<\/p>\n<p>\u25cf Xarxa de Compet\u00e8ncies B\u00e0siques. Projecte d\u2019innovaci\u00f3 que agrupa a 50 centres de Catalunya per a la implementaci\u00f3 de metodologies d\u2019aula innovadores (treball cooperatiu, ABP, xarxes d\u2019aprenentatge, desenvolupament de projectes, autoavaluaci\u00f3 i coavaluaci\u00f3,&#8230;) aix\u00ed com altres propostes pedag\u00f2giques que afavoreixin el desenvolupament competencial<br \/>\ndels alumnes.<\/p>\n<p>\u25cf El Centre Digital. Projecte que potencia l\u2019\u00fas de les tecnologies digitals a l\u2019aula i afavoreix la realitzaci\u00f3 d\u2019activitats en xarxa, aix\u00ed com l\u2019\u00fas de materials digitals creats pels propis docents del nostre centre.<\/p>\n<p>\u25cf Tractament Integral de les Lleng\u00fces. Projecte d\u2019innovaci\u00f3 per afavorir l\u2019assoliment de les compet\u00e8ncies ling\u00fc\u00edstiques integrant l\u2019ensenyament del catal\u00e0 i el castell\u00e0, aix\u00ed com l\u2019ensenyament d\u2019idiomes estrangers com l\u2019angl\u00e8s i l\u2019alemany.<\/p>\n<p>A m\u00e9s, impulsem altres projectes propis del centre, com: Estada ling\u00fc\u00edstica a Anglaterra, Intercanvis internacionals, Mediaci\u00f3 escolar, Setmana de la ci\u00e8ncia, Escola de fam\u00edlies, Programa salut i escola, Projecte solidari,&#8230; En tot cas, defensem i creiem en una educaci\u00f3 p\u00fablica compromesa amb el seu entorn social i, per suposat, d\u2019alta qualitat.<\/p>\n","protected":false},"excerpt":{"rendered":"<p>L\u2019Institut Num\u00e0ncia es caracteritza per ser un centre amb unes instal\u00b7lacions modernes, amb espais amplis i infraestructures actualitzades que permeten dur a terme la tasca educativa en les millors condicions. En el nostre Projecte Educatiu s&#8217;expliciten els nostres prop\u00f2sits:<br \/>\n\u25cf Vetllar perqu\u00e8 tot l\u2019alumnat assoleixi els&hellip;  <a href=\"https:\/\/agora.xtec.cat\/iesnumancia\/projecte-educatiu\/\" title=\"Read Projecte educatiu\">Llegeix m\u00e9s\u00bb<\/a><\/p>\n","protected":false},"author":1,"featured_media":0,"parent":0,"menu_order":0,"comment_status":"closed","ping_status":"closed","template":"page-templates\/side-menu.php","meta":{"_bbp_topic_count":0,"_bbp_reply_count":0,"_bbp_total_topic_count":0,"_bbp_total_reply_count":0,"_bbp_voice_count":0,"_bbp_anonymous_reply_count":0,"_bbp_topic_count_hidden":0,"_bbp_reply_count_hidden":0,"_bbp_forum_subforum_count":0,"footnotes":""},"class_list":["post-57","page","type-page","status-publish","hentry"],"post_mailing_queue_ids":[],"_links":{"self":[{"href":"https:\/\/agora.xtec.cat\/iesnumancia\/wp-json\/wp\/v2\/pages\/57","targetHints":{"allow":["GET"]}}],"collection":[{"href":"https:\/\/agora.xtec.cat\/iesnumancia\/wp-json\/wp\/v2\/pages"}],"about":[{"href":"https:\/\/agora.xtec.cat\/iesnumancia\/wp-json\/wp\/v2\/types\/page"}],"author":[{"embeddable":true,"href":"https:\/\/agora.xtec.cat\/iesnumancia\/wp-json\/wp\/v2\/users\/1"}],"replies":[{"embeddable":true,"href":"https:\/\/agora.xtec.cat\/iesnumancia\/wp-json\/wp\/v2\/comments?post=57"}],"version-history":[{"count":2,"href":"https:\/\/agora.xtec.cat\/iesnumancia\/wp-json\/wp\/v2\/pages\/57\/revisions"}],"predecessor-version":[{"id":1581,"href":"https:\/\/agora.xtec.cat\/iesnumancia\/wp-json\/wp\/v2\/pages\/57\/revisions\/1581"}],"wp:attachment":[{"href":"https:\/\/agora.xtec.cat\/iesnumancia\/wp-json\/wp\/v2\/media?parent=57"}],"curies":[{"name":"wp","href":"https:\/\/api.w.org\/{rel}","templated":true}]}}