{"id":55,"date":"2014-09-17T16:59:49","date_gmt":"2014-09-17T16:59:49","guid":{"rendered":"http:\/\/agora.xtec.cat\/iesnumancia\/?page_id=55"},"modified":"2023-09-29T12:16:42","modified_gmt":"2023-09-29T10:16:42","slug":"horaris","status":"publish","type":"page","link":"https:\/\/agora.xtec.cat\/iesnumancia\/linstitut\/horaris\/","title":{"rendered":"Horaris"},"content":{"rendered":"<p style=\"text-align: justify;\">L&#8217;horari lectiu dels alumnes tant a l&#8217;ESO com al batxillerat \u00e9s de les 08:10 a les 14:35 h amb 30 minuts d&#8217;esbarjo (des de les 11:10 h a les 11:40 h)<\/p>\n<p style=\"text-align: justify;\">L&#8217;horari d&#8217;atenci\u00f3 al p\u00fablic de l&#8217;administraci\u00f3 del centre \u00e9s dilluns a divendres de 08:30 h a 13:30 h i dimarts i dijous de 15:00 h a 17:30h.<\/p>\n<p>Podeu consultar els horaris dels grups a l&#8217;apartat estudis del men\u00fa.<\/p>\n","protected":false},"excerpt":{"rendered":"<p>L&#8217;horari lectiu dels alumnes tant a l&#8217;ESO com al batxillerat \u00e9s de les 08:10 a les 14:35 h amb 30 minuts d&#8217;esbarjo (des de les 11:10 h a les 11:40 h)<br \/>\nL&#8217;horari d&#8217;atenci\u00f3 al p\u00fablic de l&#8217;administraci\u00f3 del centre \u00e9s dilluns a divendres de 08:30 h&hellip;  <a href=\"https:\/\/agora.xtec.cat\/iesnumancia\/linstitut\/horaris\/\" title=\"Read Horaris\">Llegeix m\u00e9s\u00bb<\/a><\/p>\n","protected":false},"author":1,"featured_media":0,"parent":19,"menu_order":80,"comment_status":"closed","ping_status":"closed","template":"page-templates\/side-menu.php","meta":{"_bbp_topic_count":0,"_bbp_reply_count":0,"_bbp_total_topic_count":0,"_bbp_total_reply_count":0,"_bbp_voice_count":0,"_bbp_anonymous_reply_count":0,"_bbp_topic_count_hidden":0,"_bbp_reply_count_hidden":0,"_bbp_forum_subforum_count":0,"footnotes":""},"class_list":["post-55","page","type-page","status-publish","hentry"],"post_mailing_queue_ids":[],"_links":{"self":[{"href":"https:\/\/agora.xtec.cat\/iesnumancia\/wp-json\/wp\/v2\/pages\/55","targetHints":{"allow":["GET"]}}],"collection":[{"href":"https:\/\/agora.xtec.cat\/iesnumancia\/wp-json\/wp\/v2\/pages"}],"about":[{"href":"https:\/\/agora.xtec.cat\/iesnumancia\/wp-json\/wp\/v2\/types\/page"}],"author":[{"embeddable":true,"href":"https:\/\/agora.xtec.cat\/iesnumancia\/wp-json\/wp\/v2\/users\/1"}],"replies":[{"embeddable":true,"href":"https:\/\/agora.xtec.cat\/iesnumancia\/wp-json\/wp\/v2\/comments?post=55"}],"version-history":[{"count":5,"href":"https:\/\/agora.xtec.cat\/iesnumancia\/wp-json\/wp\/v2\/pages\/55\/revisions"}],"predecessor-version":[{"id":5401,"href":"https:\/\/agora.xtec.cat\/iesnumancia\/wp-json\/wp\/v2\/pages\/55\/revisions\/5401"}],"up":[{"embeddable":true,"href":"https:\/\/agora.xtec.cat\/iesnumancia\/wp-json\/wp\/v2\/pages\/19"}],"wp:attachment":[{"href":"https:\/\/agora.xtec.cat\/iesnumancia\/wp-json\/wp\/v2\/media?parent=55"}],"curies":[{"name":"wp","href":"https:\/\/api.w.org\/{rel}","templated":true}]}}