{"id":5411,"date":"2023-10-03T20:37:24","date_gmt":"2023-10-03T18:37:24","guid":{"rendered":"https:\/\/agora.xtec.cat\/iesnumancia\/?page_id=5411"},"modified":"2023-10-03T20:37:24","modified_gmt":"2023-10-03T18:37:24","slug":"pla-de-millora-doportunitats-educatives-pmoe","status":"publish","type":"page","link":"https:\/\/agora.xtec.cat\/iesnumancia\/pla-de-millora-doportunitats-educatives-pmoe\/","title":{"rendered":"Pla de millora d\u2019oportunitats educatives (PMOE)"},"content":{"rendered":"<p style=\"text-align: justify;\">El centre participa del <strong>Pla de millora d\u2019oportunitats educatives (PMOE)<\/strong> en el marc de les mesures per refor\u00e7ar els centres educatius amb m\u00e9s complexitat i vulnerabilitat educativa.Aquest pla s\u2019integra al Programa del Ministeri d\u2019Educaci\u00f3 i Formaci\u00f3 Professional de cooperaci\u00f3 territorial per a l\u2019orientaci\u00f3, aven\u00e7 i enriquiment educatiu PROA+, que forma part del component 21 \u201cModernitzaci\u00f3 i digitalitzaci\u00f3 del sistema educatiu, inclosa l\u2019educaci\u00f3 primerenca de 0 a 3 anys\u201d del Pla de Recuperaci\u00f3, Transformaci\u00f3 i Resili\u00e8ncia finan\u00e7ats amb fons Next Generation.<\/p>\n<p style=\"text-align: justify;\">En el marc d&#8217;aquest programa el centre ofereix activitats extraescolars gratu\u00eftes als alumnes de l&#8217;ESO de diversos tipus:<\/p>\n<p style=\"text-align: justify;\">&#8211; Refor\u00e7 assistit a l&#8217;estudi<br \/>\n&#8211; Rob\u00f2tica<br \/>\n&#8211; Taller Esportiu<br \/>\n&#8211; Taller de teatre.<\/p>\n<p style=\"text-align: justify;\">Les activitats tenen lloc a les instal\u00b7lacions del centre els dimarts i dijous per la tarda en horari de 16:00 a 17:30 i les realitzen monitors externs.<\/p>\n<p style=\"text-align: justify;\"><img loading=\"lazy\" decoding=\"async\" class=\"aligncenter size-full wp-image-3036\" src=\"https:\/\/agora.xtec.cat\/iesnumancia\/wp-content\/uploads\/usu2267\/2022\/04\/baixa-1.png\" alt=\"\" width=\"436\" height=\"115\" srcset=\"https:\/\/agora.xtec.cat\/iesnumancia\/wp-content\/uploads\/usu2267\/2022\/04\/baixa-1.png 436w, https:\/\/agora.xtec.cat\/iesnumancia\/wp-content\/uploads\/usu2267\/2022\/04\/baixa-1-300x79.png 300w\" sizes=\"auto, (max-width: 436px) 100vw, 436px\" \/><\/p>\n","protected":false},"excerpt":{"rendered":"<p>El centre participa del Pla de millora d\u2019oportunitats educatives (PMOE) en el marc de les mesures per refor\u00e7ar els centres educatius amb m\u00e9s complexitat i vulnerabilitat educativa.Aquest pla s\u2019integra al Programa del Ministeri d\u2019Educaci\u00f3 i Formaci\u00f3 Professional de cooperaci\u00f3 territorial per a l\u2019orientaci\u00f3, aven\u00e7 i&hellip;  <a href=\"https:\/\/agora.xtec.cat\/iesnumancia\/pla-de-millora-doportunitats-educatives-pmoe\/\" title=\"Read Pla de millora d\u2019oportunitats educatives (PMOE)\">Llegeix m\u00e9s\u00bb<\/a><\/p>\n","protected":false},"author":1,"featured_media":0,"parent":0,"menu_order":0,"comment_status":"closed","ping_status":"closed","template":"","meta":{"_bbp_topic_count":0,"_bbp_reply_count":0,"_bbp_total_topic_count":0,"_bbp_total_reply_count":0,"_bbp_voice_count":0,"_bbp_anonymous_reply_count":0,"_bbp_topic_count_hidden":0,"_bbp_reply_count_hidden":0,"_bbp_forum_subforum_count":0,"footnotes":""},"class_list":["post-5411","page","type-page","status-publish","hentry"],"post_mailing_queue_ids":[],"_links":{"self":[{"href":"https:\/\/agora.xtec.cat\/iesnumancia\/wp-json\/wp\/v2\/pages\/5411","targetHints":{"allow":["GET"]}}],"collection":[{"href":"https:\/\/agora.xtec.cat\/iesnumancia\/wp-json\/wp\/v2\/pages"}],"about":[{"href":"https:\/\/agora.xtec.cat\/iesnumancia\/wp-json\/wp\/v2\/types\/page"}],"author":[{"embeddable":true,"href":"https:\/\/agora.xtec.cat\/iesnumancia\/wp-json\/wp\/v2\/users\/1"}],"replies":[{"embeddable":true,"href":"https:\/\/agora.xtec.cat\/iesnumancia\/wp-json\/wp\/v2\/comments?post=5411"}],"version-history":[{"count":2,"href":"https:\/\/agora.xtec.cat\/iesnumancia\/wp-json\/wp\/v2\/pages\/5411\/revisions"}],"predecessor-version":[{"id":5413,"href":"https:\/\/agora.xtec.cat\/iesnumancia\/wp-json\/wp\/v2\/pages\/5411\/revisions\/5413"}],"wp:attachment":[{"href":"https:\/\/agora.xtec.cat\/iesnumancia\/wp-json\/wp\/v2\/media?parent=5411"}],"curies":[{"name":"wp","href":"https:\/\/api.w.org\/{rel}","templated":true}]}}