{"id":4870,"date":"2023-05-09T21:03:16","date_gmt":"2023-05-09T19:03:16","guid":{"rendered":"https:\/\/agora.xtec.cat\/iesnumancia\/?page_id=4870"},"modified":"2023-05-09T21:33:43","modified_gmt":"2023-05-09T19:33:43","slug":"plastificats-2022-23","status":"publish","type":"page","link":"https:\/\/agora.xtec.cat\/iesnumancia\/plastificats-2022-23\/","title":{"rendered":"Plastificats! 2022-23"},"content":{"rendered":"<p style=\"text-align: justify;\">Divendres passat, 5 de maig, va quedar inaugurada l&#8217;exposici\u00f3 &#8220;Plastificats!&#8221;. Es tracta d&#8217;una mostra sobre els pl\u00e0stics que els alumnes de 1r de batxillerat de la mat\u00e8ria optativa de Reptes Actuals de la F\u00edsica i Qu\u00edmica han realitzat al vest\u00edbul del centre. L&#8217;exposici\u00f3 va acompanyada d&#8217;un recull de v\u00eddeos que pretenen sensibilitzar a la comunitat educativa sobre la import\u00e0ncia del reciclatge.<br \/>\nEn l&#8217;exposici\u00f3 es pret\u00e9n mostrar la versatilitat i abund\u00e0ncia dels pl\u00e0stics que ens envolten i els problemes mediambientals que porta associat seu \u00fas de forma indiscriminada.<\/p>\n<p>L&#8217;alumnat de 1r d&#8217;ESO visitar\u00e0 l&#8217;exposici\u00f3 acompanyats dels mateixos alumnes de 1r batxillerat que els faran de guies!!<img loading=\"lazy\" decoding=\"async\" class=\"wp-image-4862 alignleft\" src=\"https:\/\/agora.xtec.cat\/iesnumancia\/wp-content\/uploads\/usu2267\/2023\/05\/Plastificats_3_2023.jpg\" alt=\"\" width=\"833\" height=\"375\" srcset=\"https:\/\/agora.xtec.cat\/iesnumancia\/wp-content\/uploads\/usu2267\/2023\/05\/Plastificats_3_2023.jpg 1020w, https:\/\/agora.xtec.cat\/iesnumancia\/wp-content\/uploads\/usu2267\/2023\/05\/Plastificats_3_2023-300x135.jpg 300w, https:\/\/agora.xtec.cat\/iesnumancia\/wp-content\/uploads\/usu2267\/2023\/05\/Plastificats_3_2023-768x346.jpg 768w\" sizes=\"auto, (max-width: 833px) 100vw, 833px\" \/><img loading=\"lazy\" decoding=\"async\" class=\"wp-image-4860 alignleft\" src=\"https:\/\/agora.xtec.cat\/iesnumancia\/wp-content\/uploads\/usu2267\/2023\/05\/Plastificats_1_2023.jpg\" alt=\"\" width=\"500\" height=\"375\" srcset=\"https:\/\/agora.xtec.cat\/iesnumancia\/wp-content\/uploads\/usu2267\/2023\/05\/Plastificats_1_2023.jpg 1020w, https:\/\/agora.xtec.cat\/iesnumancia\/wp-content\/uploads\/usu2267\/2023\/05\/Plastificats_1_2023-300x225.jpg 300w, https:\/\/agora.xtec.cat\/iesnumancia\/wp-content\/uploads\/usu2267\/2023\/05\/Plastificats_1_2023-768x576.jpg 768w, https:\/\/agora.xtec.cat\/iesnumancia\/wp-content\/uploads\/usu2267\/2023\/05\/Plastificats_1_2023-200x150.jpg 200w\" sizes=\"auto, (max-width: 500px) 100vw, 500px\" \/><\/p>\n<p>&nbsp;<\/p>\n<p>&nbsp;<\/p>\n<p>&nbsp;<\/p>\n<p>&nbsp;<\/p>\n<p>&nbsp;<\/p>\n<p>&nbsp;<\/p>\n<p>&nbsp;<\/p>\n<p>&nbsp;<\/p>\n<p>&nbsp;<\/p>\n<p><span class=\"hiddenSpellError\">Aix\u00ed mateix<\/span>, podeu veure al nostre canal a Vimeo, els v\u00eddeos, tamb\u00e9 creats pels alumnes, sobre els diferents tipus de pl\u00e0stics. Una manera molt din\u00e0mica de mostrar el contingut!!!<\/p>\n<p><img loading=\"lazy\" decoding=\"async\" class=\"wp-image-4863 aligncenter\" src=\"https:\/\/agora.xtec.cat\/iesnumancia\/wp-content\/uploads\/usu2267\/2023\/05\/Plastificats_2_2023.jpg\" alt=\"\" width=\"580\" height=\"258\" srcset=\"https:\/\/agora.xtec.cat\/iesnumancia\/wp-content\/uploads\/usu2267\/2023\/05\/Plastificats_2_2023.jpg 1020w, https:\/\/agora.xtec.cat\/iesnumancia\/wp-content\/uploads\/usu2267\/2023\/05\/Plastificats_2_2023-300x134.jpg 300w, https:\/\/agora.xtec.cat\/iesnumancia\/wp-content\/uploads\/usu2267\/2023\/05\/Plastificats_2_2023-768x342.jpg 768w\" sizes=\"auto, (max-width: 580px) 100vw, 580px\" \/><\/p>\n<table style=\"border-collapse: collapse; width: 100%;\">\n<tbody>\n<tr>\n<td style=\"width: 50%;\"><a href=\"https:\/\/vimeo.com\/825195835?share=copy\"><img loading=\"lazy\" decoding=\"async\" class=\"alignleft wp-image-4867\" src=\"https:\/\/agora.xtec.cat\/iesnumancia\/wp-content\/uploads\/usu2267\/2023\/05\/Captura-de-pantalla-2023-05-09-a-les-20.28.16-1024x578.png\" alt=\"\" width=\"668\" height=\"377\" srcset=\"https:\/\/agora.xtec.cat\/iesnumancia\/wp-content\/uploads\/usu2267\/2023\/05\/Captura-de-pantalla-2023-05-09-a-les-20.28.16-1024x578.png 1024w, https:\/\/agora.xtec.cat\/iesnumancia\/wp-content\/uploads\/usu2267\/2023\/05\/Captura-de-pantalla-2023-05-09-a-les-20.28.16-300x169.png 300w, https:\/\/agora.xtec.cat\/iesnumancia\/wp-content\/uploads\/usu2267\/2023\/05\/Captura-de-pantalla-2023-05-09-a-les-20.28.16-768x434.png 768w, https:\/\/agora.xtec.cat\/iesnumancia\/wp-content\/uploads\/usu2267\/2023\/05\/Captura-de-pantalla-2023-05-09-a-les-20.28.16-1536x868.png 1536w, https:\/\/agora.xtec.cat\/iesnumancia\/wp-content\/uploads\/usu2267\/2023\/05\/Captura-de-pantalla-2023-05-09-a-les-20.28.16-2048x1157.png 2048w\" sizes=\"auto, (max-width: 668px) 100vw, 668px\" \/><\/a><\/td>\n<td style=\"width: 50%;\"><a href=\"https:\/\/vimeo.com\/825196033?share=copy\"><img loading=\"lazy\" decoding=\"async\" class=\"aligncenter wp-image-4871\" src=\"https:\/\/agora.xtec.cat\/iesnumancia\/wp-content\/uploads\/usu2267\/2023\/05\/Plastificats-5_1r-batx_22_23-1024x575.png\" alt=\"\" width=\"700\" height=\"393\" srcset=\"https:\/\/agora.xtec.cat\/iesnumancia\/wp-content\/uploads\/usu2267\/2023\/05\/Plastificats-5_1r-batx_22_23-1024x575.png 1024w, https:\/\/agora.xtec.cat\/iesnumancia\/wp-content\/uploads\/usu2267\/2023\/05\/Plastificats-5_1r-batx_22_23-300x169.png 300w, https:\/\/agora.xtec.cat\/iesnumancia\/wp-content\/uploads\/usu2267\/2023\/05\/Plastificats-5_1r-batx_22_23-768x431.png 768w, https:\/\/agora.xtec.cat\/iesnumancia\/wp-content\/uploads\/usu2267\/2023\/05\/Plastificats-5_1r-batx_22_23-1536x863.png 1536w, https:\/\/agora.xtec.cat\/iesnumancia\/wp-content\/uploads\/usu2267\/2023\/05\/Plastificats-5_1r-batx_22_23-2048x1151.png 2048w\" sizes=\"auto, (max-width: 700px) 100vw, 700px\" \/><\/a><\/td>\n<\/tr>\n<tr>\n<td style=\"width: 50%;\"><a href=\"https:\/\/vimeo.com\/825196011?share=copy\"><img loading=\"lazy\" decoding=\"async\" class=\"aligncenter wp-image-4872 \" src=\"https:\/\/agora.xtec.cat\/iesnumancia\/wp-content\/uploads\/usu2267\/2023\/05\/plastificats-4_1r-batx_22_23-1024x576.png\" alt=\"\" width=\"673\" height=\"379\" srcset=\"https:\/\/agora.xtec.cat\/iesnumancia\/wp-content\/uploads\/usu2267\/2023\/05\/plastificats-4_1r-batx_22_23-1024x576.png 1024w, https:\/\/agora.xtec.cat\/iesnumancia\/wp-content\/uploads\/usu2267\/2023\/05\/plastificats-4_1r-batx_22_23-300x169.png 300w, https:\/\/agora.xtec.cat\/iesnumancia\/wp-content\/uploads\/usu2267\/2023\/05\/plastificats-4_1r-batx_22_23-768x432.png 768w, https:\/\/agora.xtec.cat\/iesnumancia\/wp-content\/uploads\/usu2267\/2023\/05\/plastificats-4_1r-batx_22_23-1536x864.png 1536w, https:\/\/agora.xtec.cat\/iesnumancia\/wp-content\/uploads\/usu2267\/2023\/05\/plastificats-4_1r-batx_22_23-2048x1152.png 2048w\" sizes=\"auto, (max-width: 673px) 100vw, 673px\" \/><\/a><\/td>\n<td style=\"width: 50%;\"><a href=\"https:\/\/vimeo.com\/825195896?share=copy\"><img loading=\"lazy\" decoding=\"async\" class=\"aligncenter wp-image-4873 \" src=\"https:\/\/agora.xtec.cat\/iesnumancia\/wp-content\/uploads\/usu2267\/2023\/05\/plastificats-3_1r-batx_22_23-1024x574.png\" alt=\"\" width=\"698\" height=\"391\" srcset=\"https:\/\/agora.xtec.cat\/iesnumancia\/wp-content\/uploads\/usu2267\/2023\/05\/plastificats-3_1r-batx_22_23-1024x574.png 1024w, https:\/\/agora.xtec.cat\/iesnumancia\/wp-content\/uploads\/usu2267\/2023\/05\/plastificats-3_1r-batx_22_23-300x168.png 300w, https:\/\/agora.xtec.cat\/iesnumancia\/wp-content\/uploads\/usu2267\/2023\/05\/plastificats-3_1r-batx_22_23-768x430.png 768w, https:\/\/agora.xtec.cat\/iesnumancia\/wp-content\/uploads\/usu2267\/2023\/05\/plastificats-3_1r-batx_22_23-1536x861.png 1536w, https:\/\/agora.xtec.cat\/iesnumancia\/wp-content\/uploads\/usu2267\/2023\/05\/plastificats-3_1r-batx_22_23-2048x1148.png 2048w\" sizes=\"auto, (max-width: 698px) 100vw, 698px\" \/><\/a><a href=\"https:\/\/vimeo.com\/825195896?share=copy\"><br \/>\n<\/a><\/td>\n<\/tr>\n<\/tbody>\n<\/table>\n<p><a href=\"https:\/\/vimeo.com\/825195896?share=copy\"><img loading=\"lazy\" decoding=\"async\" class=\"aligncenter wp-image-4874\" src=\"https:\/\/agora.xtec.cat\/iesnumancia\/wp-content\/uploads\/usu2267\/2023\/05\/plastificats-2_1r-batx_22_23-1024x574.png\" alt=\"\" width=\"723\" height=\"405\" srcset=\"https:\/\/agora.xtec.cat\/iesnumancia\/wp-content\/uploads\/usu2267\/2023\/05\/plastificats-2_1r-batx_22_23-1024x574.png 1024w, https:\/\/agora.xtec.cat\/iesnumancia\/wp-content\/uploads\/usu2267\/2023\/05\/plastificats-2_1r-batx_22_23-300x168.png 300w, https:\/\/agora.xtec.cat\/iesnumancia\/wp-content\/uploads\/usu2267\/2023\/05\/plastificats-2_1r-batx_22_23-768x430.png 768w, https:\/\/agora.xtec.cat\/iesnumancia\/wp-content\/uploads\/usu2267\/2023\/05\/plastificats-2_1r-batx_22_23-1536x860.png 1536w, https:\/\/agora.xtec.cat\/iesnumancia\/wp-content\/uploads\/usu2267\/2023\/05\/plastificats-2_1r-batx_22_23-2048x1147.png 2048w\" sizes=\"auto, (max-width: 723px) 100vw, 723px\" \/><\/a><\/p>\n","protected":false},"excerpt":{"rendered":"<p>Divendres passat, 5 de maig, va quedar inaugurada l&#8217;exposici\u00f3 &#8220;Plastificats!&#8221;. Es tracta d&#8217;una mostra sobre els pl\u00e0stics que els alumnes de 1r de batxillerat de la mat\u00e8ria optativa de Reptes Actuals de la F\u00edsica i Qu\u00edmica han realitzat al vest\u00edbul del centre. L&#8217;exposici\u00f3 va acompanyada&hellip;  <a href=\"https:\/\/agora.xtec.cat\/iesnumancia\/plastificats-2022-23\/\" title=\"Read Plastificats! 2022-23\">Llegeix m\u00e9s\u00bb<\/a><\/p>\n","protected":false},"author":1,"featured_media":0,"parent":0,"menu_order":0,"comment_status":"closed","ping_status":"closed","template":"","meta":{"_bbp_topic_count":0,"_bbp_reply_count":0,"_bbp_total_topic_count":0,"_bbp_total_reply_count":0,"_bbp_voice_count":0,"_bbp_anonymous_reply_count":0,"_bbp_topic_count_hidden":0,"_bbp_reply_count_hidden":0,"_bbp_forum_subforum_count":0,"footnotes":""},"class_list":["post-4870","page","type-page","status-publish","hentry"],"post_mailing_queue_ids":[],"_links":{"self":[{"href":"https:\/\/agora.xtec.cat\/iesnumancia\/wp-json\/wp\/v2\/pages\/4870","targetHints":{"allow":["GET"]}}],"collection":[{"href":"https:\/\/agora.xtec.cat\/iesnumancia\/wp-json\/wp\/v2\/pages"}],"about":[{"href":"https:\/\/agora.xtec.cat\/iesnumancia\/wp-json\/wp\/v2\/types\/page"}],"author":[{"embeddable":true,"href":"https:\/\/agora.xtec.cat\/iesnumancia\/wp-json\/wp\/v2\/users\/1"}],"replies":[{"embeddable":true,"href":"https:\/\/agora.xtec.cat\/iesnumancia\/wp-json\/wp\/v2\/comments?post=4870"}],"version-history":[{"count":3,"href":"https:\/\/agora.xtec.cat\/iesnumancia\/wp-json\/wp\/v2\/pages\/4870\/revisions"}],"predecessor-version":[{"id":4890,"href":"https:\/\/agora.xtec.cat\/iesnumancia\/wp-json\/wp\/v2\/pages\/4870\/revisions\/4890"}],"wp:attachment":[{"href":"https:\/\/agora.xtec.cat\/iesnumancia\/wp-json\/wp\/v2\/media?parent=4870"}],"curies":[{"name":"wp","href":"https:\/\/api.w.org\/{rel}","templated":true}]}}