{"id":46,"date":"2014-09-17T16:53:45","date_gmt":"2014-09-17T16:53:45","guid":{"rendered":"http:\/\/agora.xtec.cat\/iesnumancia\/?page_id=46"},"modified":"2025-08-29T10:10:55","modified_gmt":"2025-08-29T08:10:55","slug":"organigrama","status":"publish","type":"page","link":"https:\/\/agora.xtec.cat\/iesnumancia\/linstitut\/organigrama\/","title":{"rendered":"Organigrama"},"content":{"rendered":"<table style=\"width: 718px; border-color: #ffffff; height: 186px;\">\n<tbody>\n<tr style=\"height: 31px;\">\n<td style=\"width: 360px; text-align: right; height: 31px;\"><strong>EQUIP DIRECTIU<\/strong><\/td>\n<td style=\"width: 350px; height: 31px;\"><\/td>\n<\/tr>\n<tr style=\"height: 31px;\">\n<td style=\"width: 360px; text-align: right; height: 31px;\">Direcci\u00f3:<\/td>\n<td style=\"width: 350px; height: 31px;\">Marta G\u00f3mez Roig<\/td>\n<\/tr>\n<tr style=\"height: 31px;\">\n<td style=\"width: 360px; text-align: right; height: 31px;\">Cap d&#8217;Estudis:<\/td>\n<td style=\"width: 350px; height: 31px;\">Sergi Curtu Blanch<\/td>\n<\/tr>\n<tr style=\"height: 31px;\">\n<td style=\"width: 360px; text-align: right; height: 31px;\">Cap d&#8217;Estudis Adjunta:<\/td>\n<td style=\"width: 350px; height: 31px;\">Cristina Guerrero Campos<\/td>\n<\/tr>\n<tr style=\"height: 31px;\">\n<td style=\"width: 360px; text-align: right; height: 31px;\">Coordinadora Pedag\u00f2gica:<\/td>\n<td style=\"width: 350px; height: 31px;\">Leticia Segura Albesa<\/td>\n<\/tr>\n<tr style=\"height: 31px;\">\n<td style=\"width: 360px; text-align: right; height: 31px;\">Secret\u00e0ria:<\/td>\n<td style=\"width: 350px; height: 31px;\">Irene Miquel Plana<\/td>\n<\/tr>\n<\/tbody>\n<\/table>\n<table style=\"width: 722px;\">\n<tbody>\n<tr>\n<td style=\"width: 361px; text-align: right;\"><strong>EQUIP DE COORDINACI\u00d3<\/strong><\/td>\n<td style=\"width: 353px;\"><\/td>\n<\/tr>\n<tr>\n<td style=\"width: 361px; text-align: right;\">Coordinaci\u00f3 de Primer Cicle d&#8217;ESO:<\/td>\n<td style=\"width: 353px;\">Andrea Molano Fern\u00e1ndez<\/td>\n<\/tr>\n<tr>\n<td style=\"width: 361px; text-align: right;\">Coordinaci\u00f3 de Segon Cicle d&#8217;ESO:<\/td>\n<td style=\"width: 353px;\">Raquel Herrero Pernias<\/td>\n<\/tr>\n<tr>\n<td style=\"width: 361px; text-align: right;\">Coordinaci\u00f3 de Batxillerat:<\/td>\n<td style=\"width: 353px;\">Ana S\u00e1nchez Navarro<\/td>\n<\/tr>\n<tr>\n<td style=\"width: 361px; text-align: right;\">Coordinaci\u00f3 d&#8217;Activitats Complement\u00e0ries:<\/td>\n<td style=\"width: 353px;\">Saray Guirao Adan<\/td>\n<\/tr>\n<tr>\n<td style=\"width: 361px; text-align: right;\">Coordinaci\u00f3 TAC:<\/td>\n<td style=\"width: 353px;\">Josep Maria Agust\u00edn Bretos<\/td>\n<\/tr>\n<tr>\n<td style=\"width: 361px; text-align: right;\">Coordinaci\u00f3 d&#8217;Escola Verda i Servei Comunitari:<\/td>\n<td style=\"width: 353px;\">\u00c1ngeles Guerrero Tristante<\/td>\n<\/tr>\n<tr>\n<td style=\"width: 361px; text-align: right;\">Coordinaci\u00f3 de Projectes de Centre i Innovaci\u00f3:<\/td>\n<td style=\"width: 353px;\">N\u00e9stor Mart\u00ednez Hern\u00e1ndez<\/td>\n<\/tr>\n<tr>\n<td style=\"width: 361px; text-align: right;\">Coordinaci\u00f3 de Benestar de l&#8217;alumnat (COCOBE)<\/td>\n<td style=\"width: 353px;\">Laura Abad Herce<\/td>\n<\/tr>\n<tr>\n<td style=\"width: 361px; text-align: right;\">Coordinaci\u00f3 de l&#8217;\u00c0mbit Ling\u00fc\u00edstic:<\/td>\n<td style=\"width: 353px;\">Carles Brosel Oliu<\/td>\n<\/tr>\n<tr>\n<td style=\"width: 361px; text-align: right;\">Coordinaci\u00f3 de l&#8217;\u00c0mbit STEAM:<\/td>\n<td style=\"width: 353px;\">Pedro Garc\u00eda Garc\u00eda<\/td>\n<\/tr>\n<tr>\n<td style=\"width: 361px; text-align: right;\">Coordinaci\u00f3 de l&#8217;\u00c0mbit Social i Personal:<\/td>\n<td style=\"width: 353px;\">Cristina Barrena Losada<\/td>\n<\/tr>\n<tr>\n<td style=\"width: 361px; text-align: right;\">Coordinaci\u00f3 de Riscos Laborals i Imatge Institucional:<\/td>\n<td style=\"width: 353px;\">Emi Corral Garc\u00eda<\/td>\n<\/tr>\n<tr>\n<td style=\"width: 361px; text-align: right;\">Coordinaci\u00f3 de Llengua i Cohesi\u00f3 Social:<\/td>\n<td style=\"width: 353px;\">Claudia Gonz\u00e1lez Deumal<\/td>\n<\/tr>\n<\/tbody>\n<\/table>\n","protected":false},"excerpt":{"rendered":"<p>EQUIP DIRECTIU<\/p>\n<p>Direcci\u00f3:<br \/>\nMarta G\u00f3mez Roig<\/p>\n<p>Cap d&#8217;Estudis:<br \/>\nSergi Curtu Blanch<\/p>\n<p>Cap d&#8217;Estudis Adjunta:<br \/>\nCristina Guerrero Campos<\/p>\n<p>Coordinadora Pedag\u00f2gica:<br \/>\nLeticia Segura Albesa<\/p>\n<p>Secret\u00e0ria:<br \/>\nIrene Miquel Plana<\/p>\n<p>EQUIP DE COORDINACI\u00d3<\/p>\n<p>Coordinaci\u00f3 de Primer Cicle d&#8217;ESO:<br \/>\nAndrea Molano Fern\u00e1ndez<\/p>\n<p>Coordinaci\u00f3 de Segon Cicle d&#8217;ESO:<br \/>\nRaquel Herrero Pernias<\/p>\n<p>Coordinaci\u00f3 de Batxillerat:<br \/>\nAna S\u00e1nchez Navarro<\/p>\n<p>Coordinaci\u00f3 d&#8217;Activitats Complement\u00e0ries:<br \/>\nSaray Guirao Adan<\/p>\n<p>Coordinaci\u00f3 TAC:<br \/>\nJosep Maria Agust\u00edn Bretos<\/p>\n<p>Coordinaci\u00f3 d&#8217;Escola Verda i&hellip;  <a href=\"https:\/\/agora.xtec.cat\/iesnumancia\/linstitut\/organigrama\/\" title=\"Read Organigrama\">Llegeix m\u00e9s\u00bb<\/a><\/p>\n","protected":false},"author":1,"featured_media":0,"parent":19,"menu_order":50,"comment_status":"closed","ping_status":"closed","template":"page-templates\/side-menu.php","meta":{"_bbp_topic_count":0,"_bbp_reply_count":0,"_bbp_total_topic_count":0,"_bbp_total_reply_count":0,"_bbp_voice_count":0,"_bbp_anonymous_reply_count":0,"_bbp_topic_count_hidden":0,"_bbp_reply_count_hidden":0,"_bbp_forum_subforum_count":0,"footnotes":""},"class_list":["post-46","page","type-page","status-publish","hentry"],"post_mailing_queue_ids":[],"_links":{"self":[{"href":"https:\/\/agora.xtec.cat\/iesnumancia\/wp-json\/wp\/v2\/pages\/46","targetHints":{"allow":["GET"]}}],"collection":[{"href":"https:\/\/agora.xtec.cat\/iesnumancia\/wp-json\/wp\/v2\/pages"}],"about":[{"href":"https:\/\/agora.xtec.cat\/iesnumancia\/wp-json\/wp\/v2\/types\/page"}],"author":[{"embeddable":true,"href":"https:\/\/agora.xtec.cat\/iesnumancia\/wp-json\/wp\/v2\/users\/1"}],"replies":[{"embeddable":true,"href":"https:\/\/agora.xtec.cat\/iesnumancia\/wp-json\/wp\/v2\/comments?post=46"}],"version-history":[{"count":6,"href":"https:\/\/agora.xtec.cat\/iesnumancia\/wp-json\/wp\/v2\/pages\/46\/revisions"}],"predecessor-version":[{"id":8957,"href":"https:\/\/agora.xtec.cat\/iesnumancia\/wp-json\/wp\/v2\/pages\/46\/revisions\/8957"}],"up":[{"embeddable":true,"href":"https:\/\/agora.xtec.cat\/iesnumancia\/wp-json\/wp\/v2\/pages\/19"}],"wp:attachment":[{"href":"https:\/\/agora.xtec.cat\/iesnumancia\/wp-json\/wp\/v2\/media?parent=46"}],"curies":[{"name":"wp","href":"https:\/\/api.w.org\/{rel}","templated":true}]}}