{"id":3746,"date":"2022-07-08T09:08:27","date_gmt":"2022-07-08T07:08:27","guid":{"rendered":"https:\/\/agora.xtec.cat\/iesnumancia\/?page_id=3746"},"modified":"2022-07-08T09:08:27","modified_gmt":"2022-07-08T07:08:27","slug":"plc","status":"publish","type":"page","link":"https:\/\/agora.xtec.cat\/iesnumancia\/projecte-educatiu\/plc\/","title":{"rendered":"Pla Ling\u00fc\u00edstic de Centre"},"content":{"rendered":"<p style=\"text-align: justify;\">El document <a href=\"https:\/\/drive.google.com\/file\/d\/1gh9knsVmhE8VgDYc60SvBG5vB6tNslsX\/view?usp=sharing\">Pla ling\u00fc\u00edstic de Centre de l&#8217;Institut Num\u00e0ncia<\/a> ha estat redactat per una comissi\u00f3 de docents del claustre durant el curs 2021-22 a partir de la normativa publicada pel Departament d\u2019Educaci\u00f3 .<\/p>\n","protected":false},"excerpt":{"rendered":"<p>El document <a href=\"https:\/\/drive.google.com\/file\/d\/1gh9knsVmhE8VgDYc60SvBG5vB6tNslsX\/view?usp=sharing\">Pla ling\u00fc\u00edstic de Centre de l&#8217;Institut Num\u00e0ncia<\/a> ha estat redactat per una comissi\u00f3 de docents del claustre durant el curs 2021-22 a partir de la normativa publicada pel Departament d\u2019Educaci\u00f3 .<\/p>\n","protected":false},"author":1,"featured_media":0,"parent":57,"menu_order":7,"comment_status":"closed","ping_status":"closed","template":"","meta":{"_bbp_topic_count":0,"_bbp_reply_count":0,"_bbp_total_topic_count":0,"_bbp_total_reply_count":0,"_bbp_voice_count":0,"_bbp_anonymous_reply_count":0,"_bbp_topic_count_hidden":0,"_bbp_reply_count_hidden":0,"_bbp_forum_subforum_count":0,"footnotes":""},"class_list":["post-3746","page","type-page","status-publish","hentry"],"post_mailing_queue_ids":[],"_links":{"self":[{"href":"https:\/\/agora.xtec.cat\/iesnumancia\/wp-json\/wp\/v2\/pages\/3746","targetHints":{"allow":["GET"]}}],"collection":[{"href":"https:\/\/agora.xtec.cat\/iesnumancia\/wp-json\/wp\/v2\/pages"}],"about":[{"href":"https:\/\/agora.xtec.cat\/iesnumancia\/wp-json\/wp\/v2\/types\/page"}],"author":[{"embeddable":true,"href":"https:\/\/agora.xtec.cat\/iesnumancia\/wp-json\/wp\/v2\/users\/1"}],"replies":[{"embeddable":true,"href":"https:\/\/agora.xtec.cat\/iesnumancia\/wp-json\/wp\/v2\/comments?post=3746"}],"version-history":[{"count":1,"href":"https:\/\/agora.xtec.cat\/iesnumancia\/wp-json\/wp\/v2\/pages\/3746\/revisions"}],"predecessor-version":[{"id":3747,"href":"https:\/\/agora.xtec.cat\/iesnumancia\/wp-json\/wp\/v2\/pages\/3746\/revisions\/3747"}],"up":[{"embeddable":true,"href":"https:\/\/agora.xtec.cat\/iesnumancia\/wp-json\/wp\/v2\/pages\/57"}],"wp:attachment":[{"href":"https:\/\/agora.xtec.cat\/iesnumancia\/wp-json\/wp\/v2\/media?parent=3746"}],"curies":[{"name":"wp","href":"https:\/\/api.w.org\/{rel}","templated":true}]}}