{"id":3020,"date":"2022-04-19T18:56:20","date_gmt":"2022-04-19T16:56:20","guid":{"rendered":"https:\/\/agora.xtec.cat\/iesnumancia\/?page_id=3020"},"modified":"2022-04-21T19:11:32","modified_gmt":"2022-04-21T17:11:32","slug":"sant-jordi-2022","status":"publish","type":"page","link":"https:\/\/agora.xtec.cat\/iesnumancia\/activitats-de-centre\/festes-i-celebracions\/sant-jordi-2022\/","title":{"rendered":"Sant Jordi 2022: \u00e0mbit de lleng\u00fces"},"content":{"rendered":"<p><img loading=\"lazy\" decoding=\"async\" class=\"aligncenter wp-image-3018 \" src=\"https:\/\/agora.xtec.cat\/iesnumancia\/wp-content\/uploads\/usu2267\/2022\/04\/banner-sant-jordi-def3-1024x435.png\" alt=\"\" width=\"546\" height=\"232\" srcset=\"https:\/\/agora.xtec.cat\/iesnumancia\/wp-content\/uploads\/usu2267\/2022\/04\/banner-sant-jordi-def3-1024x435.png 1024w, https:\/\/agora.xtec.cat\/iesnumancia\/wp-content\/uploads\/usu2267\/2022\/04\/banner-sant-jordi-def3-300x127.png 300w, https:\/\/agora.xtec.cat\/iesnumancia\/wp-content\/uploads\/usu2267\/2022\/04\/banner-sant-jordi-def3-768x326.png 768w, https:\/\/agora.xtec.cat\/iesnumancia\/wp-content\/uploads\/usu2267\/2022\/04\/banner-sant-jordi-def3-1536x652.png 1536w, https:\/\/agora.xtec.cat\/iesnumancia\/wp-content\/uploads\/usu2267\/2022\/04\/banner-sant-jordi-def3.png 1731w\" sizes=\"auto, (max-width: 546px) 100vw, 546px\" \/><\/p>\n<p>Us proposem tres reptes: tres enigmes, un en angl\u00e8s, un en castell\u00e0 i un en catal\u00e0!<\/p>\n<p>Obriu el v\u00eddeo i endevineu la paraula amb el WORDLE!!!<\/p>\n<table style=\"border-collapse: collapse; width: 100%;\">\n<tbody>\n<tr>\n<td style=\"width: 50%;\"><a href=\"https:\/\/vimeo.com\/700589861\" target=\"_blank\" rel=\"noopener\"><img loading=\"lazy\" decoding=\"async\" class=\"alignright wp-image-3021 \" src=\"https:\/\/agora.xtec.cat\/iesnumancia\/wp-content\/uploads\/usu2267\/2022\/04\/english-riddle-video.png\" alt=\"\" width=\"265\" height=\"234\" srcset=\"https:\/\/agora.xtec.cat\/iesnumancia\/wp-content\/uploads\/usu2267\/2022\/04\/english-riddle-video.png 894w, https:\/\/agora.xtec.cat\/iesnumancia\/wp-content\/uploads\/usu2267\/2022\/04\/english-riddle-video-300x264.png 300w, https:\/\/agora.xtec.cat\/iesnumancia\/wp-content\/uploads\/usu2267\/2022\/04\/english-riddle-video-768x677.png 768w\" sizes=\"auto, (max-width: 265px) 100vw, 265px\" \/><\/a><\/td>\n<td style=\"width: 50%;\"><a href=\"https:\/\/mywordle.strivemath.com\/?word=dsirtra\"><img loading=\"lazy\" decoding=\"async\" class=\"wp-image-3022 alignleft\" src=\"https:\/\/agora.xtec.cat\/iesnumancia\/wp-content\/uploads\/usu2267\/2022\/04\/wordleenglish.png\" alt=\"\" width=\"256\" height=\"231\" srcset=\"https:\/\/agora.xtec.cat\/iesnumancia\/wp-content\/uploads\/usu2267\/2022\/04\/wordleenglish.png 1119w, https:\/\/agora.xtec.cat\/iesnumancia\/wp-content\/uploads\/usu2267\/2022\/04\/wordleenglish-300x271.png 300w, https:\/\/agora.xtec.cat\/iesnumancia\/wp-content\/uploads\/usu2267\/2022\/04\/wordleenglish-1024x924.png 1024w, https:\/\/agora.xtec.cat\/iesnumancia\/wp-content\/uploads\/usu2267\/2022\/04\/wordleenglish-768x693.png 768w\" sizes=\"auto, (max-width: 256px) 100vw, 256px\" \/><\/a><\/td>\n<\/tr>\n<\/tbody>\n<\/table>\n<table style=\"border-collapse: collapse; width: 100%;\">\n<tbody>\n<tr>\n<td style=\"width: 50%;\"><a href=\"https:\/\/vimeo.com\/700918389\"><img loading=\"lazy\" decoding=\"async\" class=\"alignright wp-image-3023\" src=\"https:\/\/agora.xtec.cat\/iesnumancia\/wp-content\/uploads\/usu2267\/2022\/04\/videoenigmacastellano.png\" alt=\"\" width=\"267\" height=\"235\" srcset=\"https:\/\/agora.xtec.cat\/iesnumancia\/wp-content\/uploads\/usu2267\/2022\/04\/videoenigmacastellano.png 894w, https:\/\/agora.xtec.cat\/iesnumancia\/wp-content\/uploads\/usu2267\/2022\/04\/videoenigmacastellano-300x264.png 300w, https:\/\/agora.xtec.cat\/iesnumancia\/wp-content\/uploads\/usu2267\/2022\/04\/videoenigmacastellano-768x677.png 768w\" sizes=\"auto, (max-width: 267px) 100vw, 267px\" \/><\/a><\/td>\n<td style=\"width: 50%;\"><a href=\"https:\/\/mywordle.strivemath.com\/?word=hwsuz&amp;lang=sp\"><img loading=\"lazy\" decoding=\"async\" class=\"alignleft wp-image-3024\" src=\"https:\/\/agora.xtec.cat\/iesnumancia\/wp-content\/uploads\/usu2267\/2022\/04\/wordlecastellano.png\" alt=\"\" width=\"257\" height=\"232\" srcset=\"https:\/\/agora.xtec.cat\/iesnumancia\/wp-content\/uploads\/usu2267\/2022\/04\/wordlecastellano.png 1119w, https:\/\/agora.xtec.cat\/iesnumancia\/wp-content\/uploads\/usu2267\/2022\/04\/wordlecastellano-300x271.png 300w, https:\/\/agora.xtec.cat\/iesnumancia\/wp-content\/uploads\/usu2267\/2022\/04\/wordlecastellano-1024x924.png 1024w, https:\/\/agora.xtec.cat\/iesnumancia\/wp-content\/uploads\/usu2267\/2022\/04\/wordlecastellano-768x693.png 768w\" sizes=\"auto, (max-width: 257px) 100vw, 257px\" \/><\/a><\/td>\n<\/tr>\n<\/tbody>\n<\/table>\n<table style=\"border-collapse: collapse; width: 100%;\">\n<tbody>\n<tr>\n<td style=\"width: 50%;\"><a href=\"https:\/\/vimeo.com\/700920634\"><img loading=\"lazy\" decoding=\"async\" class=\"alignright wp-image-3025\" src=\"https:\/\/agora.xtec.cat\/iesnumancia\/wp-content\/uploads\/usu2267\/2022\/04\/video-enigma-catala.png\" alt=\"\" width=\"254\" height=\"260\" srcset=\"https:\/\/agora.xtec.cat\/iesnumancia\/wp-content\/uploads\/usu2267\/2022\/04\/video-enigma-catala.png 769w, https:\/\/agora.xtec.cat\/iesnumancia\/wp-content\/uploads\/usu2267\/2022\/04\/video-enigma-catala-293x300.png 293w\" sizes=\"auto, (max-width: 254px) 100vw, 254px\" \/><\/a><\/td>\n<td style=\"width: 50%;\"><a href=\"https:\/\/mywordle.strivemath.com\/?word=lwebl&amp;lang=any\"><img loading=\"lazy\" decoding=\"async\" class=\"alignleft wp-image-3026\" src=\"https:\/\/agora.xtec.cat\/iesnumancia\/wp-content\/uploads\/usu2267\/2022\/04\/wordle-catala.png\" alt=\"\" width=\"263\" height=\"238\" srcset=\"https:\/\/agora.xtec.cat\/iesnumancia\/wp-content\/uploads\/usu2267\/2022\/04\/wordle-catala.png 1119w, https:\/\/agora.xtec.cat\/iesnumancia\/wp-content\/uploads\/usu2267\/2022\/04\/wordle-catala-300x271.png 300w, https:\/\/agora.xtec.cat\/iesnumancia\/wp-content\/uploads\/usu2267\/2022\/04\/wordle-catala-1024x924.png 1024w, https:\/\/agora.xtec.cat\/iesnumancia\/wp-content\/uploads\/usu2267\/2022\/04\/wordle-catala-768x693.png 768w\" sizes=\"auto, (max-width: 263px) 100vw, 263px\" \/><\/a><\/td>\n<\/tr>\n<\/tbody>\n<\/table>\n","protected":false},"excerpt":{"rendered":"<p>Us proposem tres reptes: tres enigmes, un en angl\u00e8s, un en castell\u00e0 i un en catal\u00e0!<br \/>\nObriu el v\u00eddeo i endevineu la paraula amb el WORDLE!!!<\/p>\n<p><a href=\"https:\/\/vimeo.com\/700589861\" target=\"_blank\" rel=\"noopener\"><\/a><br \/>\n<a href=\"https:\/\/mywordle.strivemath.com\/?word=dsirtra\"><\/a><\/p>\n<p><a href=\"https:\/\/vimeo.com\/700918389\"><\/a><br \/>\n<a href=\"https:\/\/mywordle.strivemath.com\/?word=hwsuz&amp;lang=sp\"><\/a><\/p>\n<p><a href=\"https:\/\/vimeo.com\/700920634\"><\/a><br \/>\n<a href=\"https:\/\/mywordle.strivemath.com\/?word=lwebl&amp;lang=any\"><\/a><\/p>\n","protected":false},"author":1,"featured_media":0,"parent":1457,"menu_order":1,"comment_status":"closed","ping_status":"closed","template":"","meta":{"_bbp_topic_count":0,"_bbp_reply_count":0,"_bbp_total_topic_count":0,"_bbp_total_reply_count":0,"_bbp_voice_count":0,"_bbp_anonymous_reply_count":0,"_bbp_topic_count_hidden":0,"_bbp_reply_count_hidden":0,"_bbp_forum_subforum_count":0,"footnotes":""},"class_list":["post-3020","page","type-page","status-publish","hentry"],"post_mailing_queue_ids":[],"_links":{"self":[{"href":"https:\/\/agora.xtec.cat\/iesnumancia\/wp-json\/wp\/v2\/pages\/3020","targetHints":{"allow":["GET"]}}],"collection":[{"href":"https:\/\/agora.xtec.cat\/iesnumancia\/wp-json\/wp\/v2\/pages"}],"about":[{"href":"https:\/\/agora.xtec.cat\/iesnumancia\/wp-json\/wp\/v2\/types\/page"}],"author":[{"embeddable":true,"href":"https:\/\/agora.xtec.cat\/iesnumancia\/wp-json\/wp\/v2\/users\/1"}],"replies":[{"embeddable":true,"href":"https:\/\/agora.xtec.cat\/iesnumancia\/wp-json\/wp\/v2\/comments?post=3020"}],"version-history":[{"count":4,"href":"https:\/\/agora.xtec.cat\/iesnumancia\/wp-json\/wp\/v2\/pages\/3020\/revisions"}],"predecessor-version":[{"id":3079,"href":"https:\/\/agora.xtec.cat\/iesnumancia\/wp-json\/wp\/v2\/pages\/3020\/revisions\/3079"}],"up":[{"embeddable":true,"href":"https:\/\/agora.xtec.cat\/iesnumancia\/wp-json\/wp\/v2\/pages\/1457"}],"wp:attachment":[{"href":"https:\/\/agora.xtec.cat\/iesnumancia\/wp-json\/wp\/v2\/media?parent=3020"}],"curies":[{"name":"wp","href":"https:\/\/api.w.org\/{rel}","templated":true}]}}