{"id":27,"date":"2014-09-17T16:24:03","date_gmt":"2014-09-17T16:24:03","guid":{"rendered":"http:\/\/agora.xtec.cat\/iesnumancia\/?page_id=27"},"modified":"2021-02-14T22:51:39","modified_gmt":"2021-02-14T21:51:39","slug":"historia","status":"publish","type":"page","link":"https:\/\/agora.xtec.cat\/iesnumancia\/linstitut\/historia\/","title":{"rendered":"Hist\u00f2ria"},"content":{"rendered":"<p style=\"text-align: justify;\">L\u2019Escola Num\u00e0ncia va ser una de les quatre escoles constru\u00efdes dins del Pla d\u2019Urg\u00e8ncies del 1971 pel Ministeri d\u2019Educaci\u00f3 i Ci\u00e8ncia i a causa del d\u00e8ficit de places escolars que patia la ciutat en aquell moment. Segons consta a l\u2019acta de la Comissi\u00f3 d\u2019Ensenyament Primari amb data 19 de juny de 1973, l\u2019origen del seu nom, a proposta del Consell d\u2019Inspecci\u00f3 de l\u2019\u00e8poca, va ser per \u201cla tenacidad del Municipio para resolver el problema escolar\u201d. Per tant, el nom de Num\u00e0ncia fa refer\u00e8ncia al car\u00e0cter lluitador i reivindicatiu dels ve\u00efns de la ciutat a l\u2019hora de reclamar els serveis p\u00fablics fonamentals. Popularment, tamb\u00e9 va ser coneguda com \u201cl\u2019escola del saul\u00f3\u201d a causa del tipus de terreny sobre el qual estan constru\u00efdes les seves instal\u00b7lacions.<\/p>\n<p style=\"text-align: justify;\">Va desapar\u00e8ixer com a centre de Prim\u00e0ria el juny de 1993 per convertir-se en centre de Secund\u00e0ria des del curs 1996-97. Despr\u00e9s de la primera adequaci\u00f3 de les seves instal\u00b7lacions, fins a l\u2019estiu de 1996, posteriorment, entre el 2008 i el 2010, el centre va ser objecte d\u2019una remodelaci\u00f3 integral, modernitzant aix\u00ed totes les seves instal\u00b7lacions.<\/p>\n<p><a href=\"https:\/\/agora.xtec.cat\/iesnumancia\/wp-content\/uploads\/usu2267\/2021\/01\/05.jpg\"><img loading=\"lazy\" decoding=\"async\" class=\"alignnone wp-image-672\" src=\"https:\/\/agora.xtec.cat\/iesnumancia\/wp-content\/uploads\/usu2267\/2021\/01\/05-1024x683.jpg\" alt=\"\" width=\"652\" height=\"435\" srcset=\"https:\/\/agora.xtec.cat\/iesnumancia\/wp-content\/uploads\/usu2267\/2021\/01\/05-1024x683.jpg 1024w, https:\/\/agora.xtec.cat\/iesnumancia\/wp-content\/uploads\/usu2267\/2021\/01\/05-300x200.jpg 300w, https:\/\/agora.xtec.cat\/iesnumancia\/wp-content\/uploads\/usu2267\/2021\/01\/05-768x512.jpg 768w\" sizes=\"auto, (max-width: 652px) 100vw, 652px\" \/><\/a><\/p>\n<p><em>Inauguraci\u00f3 de les noves instal\u00b7lacions de l&#8217;institut Num\u00e0ncia al setembre del 2010<\/em><\/p>\n","protected":false},"excerpt":{"rendered":"<p>L\u2019Escola Num\u00e0ncia va ser una de les quatre escoles constru\u00efdes dins del Pla d\u2019Urg\u00e8ncies del 1971 pel Ministeri d\u2019Educaci\u00f3 i Ci\u00e8ncia i a causa del d\u00e8ficit de places escolars que patia la ciutat en aquell moment. Segons consta a l\u2019acta de la Comissi\u00f3 d\u2019Ensenyament Primari&hellip;  <a href=\"https:\/\/agora.xtec.cat\/iesnumancia\/linstitut\/historia\/\" title=\"Read Hist\u00f2ria\">Llegeix m\u00e9s\u00bb<\/a><\/p>\n","protected":false},"author":1,"featured_media":0,"parent":19,"menu_order":20,"comment_status":"closed","ping_status":"closed","template":"page-templates\/side-menu.php","meta":{"_bbp_topic_count":0,"_bbp_reply_count":0,"_bbp_total_topic_count":0,"_bbp_total_reply_count":0,"_bbp_voice_count":0,"_bbp_anonymous_reply_count":0,"_bbp_topic_count_hidden":0,"_bbp_reply_count_hidden":0,"_bbp_forum_subforum_count":0,"footnotes":""},"class_list":["post-27","page","type-page","status-publish","hentry"],"post_mailing_queue_ids":[],"_links":{"self":[{"href":"https:\/\/agora.xtec.cat\/iesnumancia\/wp-json\/wp\/v2\/pages\/27","targetHints":{"allow":["GET"]}}],"collection":[{"href":"https:\/\/agora.xtec.cat\/iesnumancia\/wp-json\/wp\/v2\/pages"}],"about":[{"href":"https:\/\/agora.xtec.cat\/iesnumancia\/wp-json\/wp\/v2\/types\/page"}],"author":[{"embeddable":true,"href":"https:\/\/agora.xtec.cat\/iesnumancia\/wp-json\/wp\/v2\/users\/1"}],"replies":[{"embeddable":true,"href":"https:\/\/agora.xtec.cat\/iesnumancia\/wp-json\/wp\/v2\/comments?post=27"}],"version-history":[{"count":4,"href":"https:\/\/agora.xtec.cat\/iesnumancia\/wp-json\/wp\/v2\/pages\/27\/revisions"}],"predecessor-version":[{"id":1060,"href":"https:\/\/agora.xtec.cat\/iesnumancia\/wp-json\/wp\/v2\/pages\/27\/revisions\/1060"}],"up":[{"embeddable":true,"href":"https:\/\/agora.xtec.cat\/iesnumancia\/wp-json\/wp\/v2\/pages\/19"}],"wp:attachment":[{"href":"https:\/\/agora.xtec.cat\/iesnumancia\/wp-json\/wp\/v2\/media?parent=27"}],"curies":[{"name":"wp","href":"https:\/\/api.w.org\/{rel}","templated":true}]}}