{"id":2691,"date":"2022-02-21T22:22:21","date_gmt":"2022-02-21T21:22:21","guid":{"rendered":"https:\/\/agora.xtec.cat\/iesnumancia\/?page_id=2691"},"modified":"2024-09-17T22:25:27","modified_gmt":"2024-09-17T20:25:27","slug":"portes-obertes-video-caps-que-i-com-treballem","status":"publish","type":"page","link":"https:\/\/agora.xtec.cat\/iesnumancia\/linstitut\/portes-obertes-video-caps-que-i-com-treballem\/","title":{"rendered":"V\u00eddeo c\u00e0psules de l&#8217;alumnat: qu\u00e8 i com treballem."},"content":{"rendered":"<p><em><strong>L&#8217;alumnat, els millors guies!!!<\/strong><\/em><\/p>\n<table style=\"border-collapse: collapse; width: 100%;\">\n<tbody>\n<tr>\n<td style=\"width: 33.3333%;\"><iframe loading=\"lazy\" src=\"\/\/player.vimeo.com\/video\/800581840?title=0&amp;byline=0&amp;portrait=0&amp;color=8dc7dc\" width=\"325\" height=\"268\" allowfullscreen=\"allowfullscreen\"><\/iframe><\/td>\n<td style=\"width: 33.3333%;\"><iframe loading=\"lazy\" src=\"\/\/player.vimeo.com\/video\/796401953?title=0&amp;byline=0&amp;portrait=0&amp;color=8dc7dc\" width=\"325\" height=\"268\" allowfullscreen=\"allowfullscreen\"><\/iframe><\/td>\n<td style=\"width: 33.3333%;\"><iframe loading=\"lazy\" src=\"\/\/player.vimeo.com\/video\/796456440?title=0&amp;byline=0&amp;portrait=0&amp;color=8dc7dc\" width=\"325\" height=\"268\" allowfullscreen=\"allowfullscreen\"><\/iframe><\/td>\n<\/tr>\n<tr>\n<td style=\"width: 33.3333%;\"><iframe loading=\"lazy\" src=\"\/\/player.vimeo.com\/video\/800941401?title=0&amp;byline=0&amp;portrait=0&amp;color=8dc7dc\" width=\"325\" height=\"268\" allowfullscreen=\"allowfullscreen\"><\/iframe><\/td>\n<td style=\"width: 33.3333%;\"><iframe loading=\"lazy\" src=\"\/\/player.vimeo.com\/video\/800589782?title=0&amp;byline=0&amp;portrait=0&amp;color=8dc7dc\" width=\"325\" height=\"268\" allowfullscreen=\"allowfullscreen\"><\/iframe><\/td>\n<td style=\"width: 33.3333%;\"><iframe loading=\"lazy\" src=\"\/\/player.vimeo.com\/video\/800589696?title=0&amp;byline=0&amp;portrait=0&amp;color=8dc7dc\" width=\"325\" height=\"268\" allowfullscreen=\"allowfullscreen\"><\/iframe><\/td>\n<\/tr>\n<tr>\n<td style=\"width: 33.3333%;\"><iframe loading=\"lazy\" src=\"\/\/player.vimeo.com\/video\/802816981?title=0&amp;byline=0&amp;portrait=0&amp;color=8dc7dc\" width=\"300\" height=\"247\" allowfullscreen=\"allowfullscreen\"><\/iframe><\/td>\n<td style=\"width: 33.3333%;\"><iframe loading=\"lazy\" src=\"\/\/player.vimeo.com\/video\/800597275?title=0&amp;byline=0&amp;portrait=0&amp;color=8dc7dc\" width=\"325\" height=\"268\" allowfullscreen=\"allowfullscreen\"><\/iframe><\/td>\n<td style=\"width: 33.3333%;\"><iframe loading=\"lazy\" src=\"\/\/player.vimeo.com\/video\/800596087?title=0&amp;byline=0&amp;portrait=0&amp;color=8dc7dc\" width=\"325\" height=\"268\" allowfullscreen=\"allowfullscreen\"><\/iframe><\/td>\n<\/tr>\n<tr>\n<td style=\"width: 33.3333%;\"><iframe loading=\"lazy\" src=\"\/\/player.vimeo.com\/video\/800594770?title=0&amp;byline=0&amp;portrait=0&amp;color=8dc7dc\" width=\"325\" height=\"268\" allowfullscreen=\"allowfullscreen\"><\/iframe><\/td>\n<td style=\"width: 33.3333%;\"><iframe loading=\"lazy\" src=\"\/\/player.vimeo.com\/video\/800593533?title=0&amp;byline=0&amp;portrait=0&amp;color=8dc7dc\" width=\"325\" height=\"268\" allowfullscreen=\"allowfullscreen\"><\/iframe><\/td>\n<td style=\"width: 33.3333%;\"><iframe loading=\"lazy\" src=\"\/\/player.vimeo.com\/video\/802819733?title=0&amp;byline=0&amp;portrait=0&amp;color=8dc7dc\" width=\"325\" height=\"268\" allowfullscreen=\"allowfullscreen\"><\/iframe><\/td>\n<\/tr>\n<\/tbody>\n<\/table>\n<table style=\"border-collapse: collapse; width: 100%;\">\n<tbody>\n<tr>\n<td style=\"width: 100%;\"><em><strong>CURS 2021-22<\/strong><\/em><\/td>\n<\/tr>\n<\/tbody>\n<\/table>\n<p><a href=\"https:\/\/vimeo.com\/678440777\"><img loading=\"lazy\" decoding=\"async\" class=\"alignnone size-medium wp-image-2699\" src=\"https:\/\/agora.xtec.cat\/iesnumancia\/wp-content\/uploads\/usu2267\/2022\/02\/cast3-300x169.png\" alt=\"\" width=\"300\" height=\"169\" srcset=\"https:\/\/agora.xtec.cat\/iesnumancia\/wp-content\/uploads\/usu2267\/2022\/02\/cast3-300x169.png 300w, https:\/\/agora.xtec.cat\/iesnumancia\/wp-content\/uploads\/usu2267\/2022\/02\/cast3-768x432.png 768w, https:\/\/agora.xtec.cat\/iesnumancia\/wp-content\/uploads\/usu2267\/2022\/02\/cast3.png 1020w\" sizes=\"auto, (max-width: 300px) 100vw, 300px\" \/><\/a><a href=\"https:\/\/vimeo.com\/677882192\"><img loading=\"lazy\" decoding=\"async\" class=\"alignnone size-medium wp-image-2706\" src=\"https:\/\/agora.xtec.cat\/iesnumancia\/wp-content\/uploads\/usu2267\/2022\/02\/cient-2nbatx-300x170.png\" alt=\"\" width=\"300\" height=\"170\" srcset=\"https:\/\/agora.xtec.cat\/iesnumancia\/wp-content\/uploads\/usu2267\/2022\/02\/cient-2nbatx-300x170.png 300w, https:\/\/agora.xtec.cat\/iesnumancia\/wp-content\/uploads\/usu2267\/2022\/02\/cient-2nbatx-768x434.png 768w, https:\/\/agora.xtec.cat\/iesnumancia\/wp-content\/uploads\/usu2267\/2022\/02\/cient-2nbatx.png 1020w\" sizes=\"auto, (max-width: 300px) 100vw, 300px\" \/><\/a><a href=\"https:\/\/vimeo.com\/677847459\"><img loading=\"lazy\" decoding=\"async\" class=\"alignnone size-medium wp-image-2700\" src=\"https:\/\/agora.xtec.cat\/iesnumancia\/wp-content\/uploads\/usu2267\/2022\/02\/cient-1r-ESO-300x170.png\" alt=\"\" width=\"300\" height=\"170\" srcset=\"https:\/\/agora.xtec.cat\/iesnumancia\/wp-content\/uploads\/usu2267\/2022\/02\/cient-1r-ESO-300x170.png 300w, https:\/\/agora.xtec.cat\/iesnumancia\/wp-content\/uploads\/usu2267\/2022\/02\/cient-1r-ESO-768x434.png 768w, https:\/\/agora.xtec.cat\/iesnumancia\/wp-content\/uploads\/usu2267\/2022\/02\/cient-1r-ESO.png 1020w\" sizes=\"auto, (max-width: 300px) 100vw, 300px\" \/><\/a><a href=\"https:\/\/vimeo.com\/678940207\"><img loading=\"lazy\" decoding=\"async\" class=\"alignnone size-medium wp-image-2702\" src=\"https:\/\/agora.xtec.cat\/iesnumancia\/wp-content\/uploads\/usu2267\/2022\/02\/B1-300x170.png\" alt=\"\" width=\"300\" height=\"170\" srcset=\"https:\/\/agora.xtec.cat\/iesnumancia\/wp-content\/uploads\/usu2267\/2022\/02\/B1-300x170.png 300w, https:\/\/agora.xtec.cat\/iesnumancia\/wp-content\/uploads\/usu2267\/2022\/02\/B1-768x434.png 768w, https:\/\/agora.xtec.cat\/iesnumancia\/wp-content\/uploads\/usu2267\/2022\/02\/B1.png 1020w\" sizes=\"auto, (max-width: 300px) 100vw, 300px\" \/><\/a><a href=\"https:\/\/vimeo.com\/680117574\"><img loading=\"lazy\" decoding=\"async\" class=\"alignnone size-medium wp-image-2712\" src=\"https:\/\/agora.xtec.cat\/iesnumancia\/wp-content\/uploads\/usu2267\/2022\/02\/VIP-300x170.png\" alt=\"\" width=\"300\" height=\"170\" srcset=\"https:\/\/agora.xtec.cat\/iesnumancia\/wp-content\/uploads\/usu2267\/2022\/02\/VIP-300x170.png 300w, https:\/\/agora.xtec.cat\/iesnumancia\/wp-content\/uploads\/usu2267\/2022\/02\/VIP-768x434.png 768w, https:\/\/agora.xtec.cat\/iesnumancia\/wp-content\/uploads\/usu2267\/2022\/02\/VIP.png 1020w\" sizes=\"auto, (max-width: 300px) 100vw, 300px\" \/><\/a><a href=\"https:\/\/vimeo.com\/677941290\"><img loading=\"lazy\" decoding=\"async\" class=\"alignnone size-medium wp-image-2709\" src=\"https:\/\/agora.xtec.cat\/iesnumancia\/wp-content\/uploads\/usu2267\/2022\/02\/mus-300x170.png\" alt=\"\" width=\"300\" height=\"170\" srcset=\"https:\/\/agora.xtec.cat\/iesnumancia\/wp-content\/uploads\/usu2267\/2022\/02\/mus-300x170.png 300w, https:\/\/agora.xtec.cat\/iesnumancia\/wp-content\/uploads\/usu2267\/2022\/02\/mus-768x434.png 768w, https:\/\/agora.xtec.cat\/iesnumancia\/wp-content\/uploads\/usu2267\/2022\/02\/mus.png 1020w\" sizes=\"auto, (max-width: 300px) 100vw, 300px\" \/><\/a><a href=\"https:\/\/vimeo.com\/678449380\"><img loading=\"lazy\" decoding=\"async\" class=\"alignnone size-medium wp-image-2704\" src=\"https:\/\/agora.xtec.cat\/iesnumancia\/wp-content\/uploads\/usu2267\/2022\/02\/cast-1r-300x170.png\" alt=\"\" width=\"300\" height=\"170\" srcset=\"https:\/\/agora.xtec.cat\/iesnumancia\/wp-content\/uploads\/usu2267\/2022\/02\/cast-1r-300x170.png 300w, https:\/\/agora.xtec.cat\/iesnumancia\/wp-content\/uploads\/usu2267\/2022\/02\/cast-1r-768x434.png 768w, https:\/\/agora.xtec.cat\/iesnumancia\/wp-content\/uploads\/usu2267\/2022\/02\/cast-1r.png 1020w\" sizes=\"auto, (max-width: 300px) 100vw, 300px\" \/><\/a><a href=\"https:\/\/vimeo.com\/515799877\"><img loading=\"lazy\" decoding=\"async\" class=\"alignnone size-medium wp-image-2705\" src=\"https:\/\/agora.xtec.cat\/iesnumancia\/wp-content\/uploads\/usu2267\/2022\/02\/catala\u0300-300x170.png\" alt=\"\" width=\"300\" height=\"170\" srcset=\"https:\/\/agora.xtec.cat\/iesnumancia\/wp-content\/uploads\/usu2267\/2022\/02\/catala\u0300-300x170.png 300w, https:\/\/agora.xtec.cat\/iesnumancia\/wp-content\/uploads\/usu2267\/2022\/02\/catala\u0300-768x434.png 768w, https:\/\/agora.xtec.cat\/iesnumancia\/wp-content\/uploads\/usu2267\/2022\/02\/catala\u0300.png 1020w\" sizes=\"auto, (max-width: 300px) 100vw, 300px\" \/><\/a><a href=\"https:\/\/vimeo.com\/680166434\"><img loading=\"lazy\" decoding=\"async\" class=\"alignnone size-medium wp-image-2708\" src=\"https:\/\/agora.xtec.cat\/iesnumancia\/wp-content\/uploads\/usu2267\/2022\/02\/EF-300x170.png\" alt=\"\" width=\"300\" height=\"170\" srcset=\"https:\/\/agora.xtec.cat\/iesnumancia\/wp-content\/uploads\/usu2267\/2022\/02\/EF-300x170.png 300w, https:\/\/agora.xtec.cat\/iesnumancia\/wp-content\/uploads\/usu2267\/2022\/02\/EF-768x434.png 768w, https:\/\/agora.xtec.cat\/iesnumancia\/wp-content\/uploads\/usu2267\/2022\/02\/EF.png 1020w\" sizes=\"auto, (max-width: 300px) 100vw, 300px\" \/><\/a><a href=\"https:\/\/vimeo.com\/677850073\"><img loading=\"lazy\" decoding=\"async\" class=\"alignnone size-medium wp-image-2711\" src=\"https:\/\/agora.xtec.cat\/iesnumancia\/wp-content\/uploads\/usu2267\/2022\/02\/taller-hort-300x170.png\" alt=\"\" width=\"300\" height=\"170\" srcset=\"https:\/\/agora.xtec.cat\/iesnumancia\/wp-content\/uploads\/usu2267\/2022\/02\/taller-hort-300x170.png 300w, https:\/\/agora.xtec.cat\/iesnumancia\/wp-content\/uploads\/usu2267\/2022\/02\/taller-hort-768x434.png 768w, https:\/\/agora.xtec.cat\/iesnumancia\/wp-content\/uploads\/usu2267\/2022\/02\/taller-hort.png 1020w\" sizes=\"auto, (max-width: 300px) 100vw, 300px\" \/><\/a><a href=\"https:\/\/vimeo.com\/678946408\"><img loading=\"lazy\" decoding=\"async\" class=\"alignnone size-medium wp-image-2710\" src=\"https:\/\/agora.xtec.cat\/iesnumancia\/wp-content\/uploads\/usu2267\/2022\/02\/scape-room-2nbatx-300x170.png\" alt=\"\" width=\"300\" height=\"170\" srcset=\"https:\/\/agora.xtec.cat\/iesnumancia\/wp-content\/uploads\/usu2267\/2022\/02\/scape-room-2nbatx-300x170.png 300w, https:\/\/agora.xtec.cat\/iesnumancia\/wp-content\/uploads\/usu2267\/2022\/02\/scape-room-2nbatx-768x434.png 768w, https:\/\/agora.xtec.cat\/iesnumancia\/wp-content\/uploads\/usu2267\/2022\/02\/scape-room-2nbatx.png 1020w\" sizes=\"auto, (max-width: 300px) 100vw, 300px\" \/><\/a><a href=\"https:\/\/vimeo.com\/680124752\"><img loading=\"lazy\" decoding=\"async\" class=\"alignnone size-medium wp-image-2689\" src=\"https:\/\/agora.xtec.cat\/iesnumancia\/wp-content\/uploads\/usu2267\/2022\/02\/social22-300x168.png\" alt=\"\" width=\"300\" height=\"168\" srcset=\"https:\/\/agora.xtec.cat\/iesnumancia\/wp-content\/uploads\/usu2267\/2022\/02\/social22-300x168.png 300w, https:\/\/agora.xtec.cat\/iesnumancia\/wp-content\/uploads\/usu2267\/2022\/02\/social22-768x430.png 768w, https:\/\/agora.xtec.cat\/iesnumancia\/wp-content\/uploads\/usu2267\/2022\/02\/social22.png 1020w\" sizes=\"auto, (max-width: 300px) 100vw, 300px\" \/><\/a><a href=\"https:\/\/vimeo.com\/680119078\"><img loading=\"lazy\" decoding=\"async\" class=\"alignnone size-medium wp-image-2703\" src=\"https:\/\/agora.xtec.cat\/iesnumancia\/wp-content\/uploads\/usu2267\/2022\/02\/CA-2n-300x170.png\" alt=\"\" width=\"300\" height=\"170\" srcset=\"https:\/\/agora.xtec.cat\/iesnumancia\/wp-content\/uploads\/usu2267\/2022\/02\/CA-2n-300x170.png 300w, https:\/\/agora.xtec.cat\/iesnumancia\/wp-content\/uploads\/usu2267\/2022\/02\/CA-2n-768x434.png 768w, https:\/\/agora.xtec.cat\/iesnumancia\/wp-content\/uploads\/usu2267\/2022\/02\/CA-2n.png 1020w\" sizes=\"auto, (max-width: 300px) 100vw, 300px\" \/><\/a><a href=\"https:\/\/vimeo.com\/680176249\"><img loading=\"lazy\" decoding=\"async\" class=\"alignnone size-medium wp-image-2701\" src=\"https:\/\/agora.xtec.cat\/iesnumancia\/wp-content\/uploads\/usu2267\/2022\/02\/angle\u0300s4t-300x170.png\" alt=\"\" width=\"300\" height=\"170\" srcset=\"https:\/\/agora.xtec.cat\/iesnumancia\/wp-content\/uploads\/usu2267\/2022\/02\/angle\u0300s4t-300x170.png 300w, https:\/\/agora.xtec.cat\/iesnumancia\/wp-content\/uploads\/usu2267\/2022\/02\/angle\u0300s4t-768x434.png 768w, https:\/\/agora.xtec.cat\/iesnumancia\/wp-content\/uploads\/usu2267\/2022\/02\/angle\u0300s4t.png 1020w\" sizes=\"auto, (max-width: 300px) 100vw, 300px\" \/><\/a><a href=\"https:\/\/vimeo.com\/677871371\"><img loading=\"lazy\" decoding=\"async\" class=\"size-medium wp-image-2707 alignleft\" src=\"https:\/\/agora.xtec.cat\/iesnumancia\/wp-content\/uploads\/usu2267\/2022\/02\/cient-3r-300x170.png\" alt=\"\" width=\"300\" height=\"170\" srcset=\"https:\/\/agora.xtec.cat\/iesnumancia\/wp-content\/uploads\/usu2267\/2022\/02\/cient-3r-300x170.png 300w, https:\/\/agora.xtec.cat\/iesnumancia\/wp-content\/uploads\/usu2267\/2022\/02\/cient-3r-768x434.png 768w, https:\/\/agora.xtec.cat\/iesnumancia\/wp-content\/uploads\/usu2267\/2022\/02\/cient-3r.png 1020w\" sizes=\"auto, (max-width: 300px) 100vw, 300px\" \/><\/a><\/p>\n","protected":false},"excerpt":{"rendered":"<p>L&#8217;alumnat, els millors guies!!!<\/p>\n<p>CURS 2021-22<\/p>\n<p><a href=\"https:\/\/vimeo.com\/678440777\"><\/a><a href=\"https:\/\/vimeo.com\/677882192\"><\/a><a href=\"https:\/\/vimeo.com\/677847459\"><\/a><a href=\"https:\/\/vimeo.com\/678940207\"><\/a><a href=\"https:\/\/vimeo.com\/680117574\"><\/a><a href=\"https:\/\/vimeo.com\/677941290\"><\/a><a href=\"https:\/\/vimeo.com\/678449380\"><\/a><a href=\"https:\/\/vimeo.com\/515799877\"><\/a><a href=\"https:\/\/vimeo.com\/680166434\"><\/a><a href=\"https:\/\/vimeo.com\/677850073\"><\/a><a href=\"https:\/\/vimeo.com\/678946408\"><\/a><a href=\"https:\/\/vimeo.com\/680124752\"><\/a><a href=\"https:\/\/vimeo.com\/680119078\"><\/a><a href=\"https:\/\/vimeo.com\/680176249\"><\/a><a href=\"https:\/\/vimeo.com\/677871371\"><\/a><\/p>\n","protected":false},"author":1,"featured_media":0,"parent":19,"menu_order":300,"comment_status":"closed","ping_status":"closed","template":"page-templates\/side-menu.php","meta":{"_bbp_topic_count":0,"_bbp_reply_count":0,"_bbp_total_topic_count":0,"_bbp_total_reply_count":0,"_bbp_voice_count":0,"_bbp_anonymous_reply_count":0,"_bbp_topic_count_hidden":0,"_bbp_reply_count_hidden":0,"_bbp_forum_subforum_count":0,"footnotes":""},"class_list":["post-2691","page","type-page","status-publish","hentry"],"post_mailing_queue_ids":[],"_links":{"self":[{"href":"https:\/\/agora.xtec.cat\/iesnumancia\/wp-json\/wp\/v2\/pages\/2691","targetHints":{"allow":["GET"]}}],"collection":[{"href":"https:\/\/agora.xtec.cat\/iesnumancia\/wp-json\/wp\/v2\/pages"}],"about":[{"href":"https:\/\/agora.xtec.cat\/iesnumancia\/wp-json\/wp\/v2\/types\/page"}],"author":[{"embeddable":true,"href":"https:\/\/agora.xtec.cat\/iesnumancia\/wp-json\/wp\/v2\/users\/1"}],"replies":[{"embeddable":true,"href":"https:\/\/agora.xtec.cat\/iesnumancia\/wp-json\/wp\/v2\/comments?post=2691"}],"version-history":[{"count":6,"href":"https:\/\/agora.xtec.cat\/iesnumancia\/wp-json\/wp\/v2\/pages\/2691\/revisions"}],"predecessor-version":[{"id":7059,"href":"https:\/\/agora.xtec.cat\/iesnumancia\/wp-json\/wp\/v2\/pages\/2691\/revisions\/7059"}],"up":[{"embeddable":true,"href":"https:\/\/agora.xtec.cat\/iesnumancia\/wp-json\/wp\/v2\/pages\/19"}],"wp:attachment":[{"href":"https:\/\/agora.xtec.cat\/iesnumancia\/wp-json\/wp\/v2\/media?parent=2691"}],"curies":[{"name":"wp","href":"https:\/\/api.w.org\/{rel}","templated":true}]}}