{"id":2339,"date":"2021-08-31T10:20:05","date_gmt":"2021-08-31T08:20:05","guid":{"rendered":"https:\/\/agora.xtec.cat\/iesnumancia\/?page_id=2339"},"modified":"2025-09-12T10:12:00","modified_gmt":"2025-09-12T08:12:00","slug":"nofc","status":"publish","type":"page","link":"https:\/\/agora.xtec.cat\/iesnumancia\/projecte-educatiu\/nofc\/","title":{"rendered":"NOFC"},"content":{"rendered":"<p style=\"text-align: justify;\"><span style=\"font-weight: 400;\">L&#8217;acr\u00f2nim NOFC fa refer\u00e8ncia a les Normes d&#8217;Organitzaci\u00f3 i Funcionament de Centre i recull totes les normes i protocols que regulen la vida ordenada del centre, assegurant aix\u00ed el seu funcionament \u00f2ptim. Les NOFC afecten a totes les persones que convivim al centre i, per tant, s\u00f3n d&#8217;obligat compliment i coneixement per part de tothom. Aquestes normes i protocols estan aprovades pel Consell Escolar i han de preveure totes les situacions o circumst\u00e0ncies que es poden produir en la vida quotidiana de l&#8217;Institut. Per tant, s\u00f3n pautes i normes subjectes a revisi\u00f3 i actualitzaci\u00f3 cont\u00ednua per adaptar-se a les noves circumst\u00e0ncies o a la millora de les condicions. La versi\u00f3 que enllacem a continuaci\u00f3 \u00e9s l\u2019\u00faltima aprovada pel Consell Escolar.<\/span><\/p>\n<p><a href=\"https:\/\/drive.google.com\/file\/d\/1FQ2uyZK4kxwwigEgeHZcwEHLckklqf5X\/view?usp=sharing\"><span style=\"font-weight: 400;\">Enlla\u00e7 al document NOFC<\/span><\/a><\/p>\n","protected":false},"excerpt":{"rendered":"<p>L&#8217;acr\u00f2nim NOFC fa refer\u00e8ncia a les Normes d&#8217;Organitzaci\u00f3 i Funcionament de Centre i recull totes les normes i protocols que regulen la vida ordenada del centre, assegurant aix\u00ed el seu funcionament \u00f2ptim. Les NOFC afecten a totes les persones que convivim al centre i, per&hellip;  <a href=\"https:\/\/agora.xtec.cat\/iesnumancia\/projecte-educatiu\/nofc\/\" title=\"Read NOFC\">Llegeix m\u00e9s\u00bb<\/a><\/p>\n","protected":false},"author":1,"featured_media":0,"parent":57,"menu_order":4,"comment_status":"closed","ping_status":"closed","template":"","meta":{"_bbp_topic_count":0,"_bbp_reply_count":0,"_bbp_total_topic_count":0,"_bbp_total_reply_count":0,"_bbp_voice_count":0,"_bbp_anonymous_reply_count":0,"_bbp_topic_count_hidden":0,"_bbp_reply_count_hidden":0,"_bbp_forum_subforum_count":0,"footnotes":""},"class_list":["post-2339","page","type-page","status-publish","hentry"],"post_mailing_queue_ids":[],"_links":{"self":[{"href":"https:\/\/agora.xtec.cat\/iesnumancia\/wp-json\/wp\/v2\/pages\/2339","targetHints":{"allow":["GET"]}}],"collection":[{"href":"https:\/\/agora.xtec.cat\/iesnumancia\/wp-json\/wp\/v2\/pages"}],"about":[{"href":"https:\/\/agora.xtec.cat\/iesnumancia\/wp-json\/wp\/v2\/types\/page"}],"author":[{"embeddable":true,"href":"https:\/\/agora.xtec.cat\/iesnumancia\/wp-json\/wp\/v2\/users\/1"}],"replies":[{"embeddable":true,"href":"https:\/\/agora.xtec.cat\/iesnumancia\/wp-json\/wp\/v2\/comments?post=2339"}],"version-history":[{"count":5,"href":"https:\/\/agora.xtec.cat\/iesnumancia\/wp-json\/wp\/v2\/pages\/2339\/revisions"}],"predecessor-version":[{"id":9017,"href":"https:\/\/agora.xtec.cat\/iesnumancia\/wp-json\/wp\/v2\/pages\/2339\/revisions\/9017"}],"up":[{"embeddable":true,"href":"https:\/\/agora.xtec.cat\/iesnumancia\/wp-json\/wp\/v2\/pages\/57"}],"wp:attachment":[{"href":"https:\/\/agora.xtec.cat\/iesnumancia\/wp-json\/wp\/v2\/media?parent=2339"}],"curies":[{"name":"wp","href":"https:\/\/api.w.org\/{rel}","templated":true}]}}