{"id":2089,"date":"2021-05-07T08:36:40","date_gmt":"2021-05-07T06:36:40","guid":{"rendered":"https:\/\/agora.xtec.cat\/iesnumancia\/?page_id=2089"},"modified":"2026-04-08T10:49:58","modified_gmt":"2026-04-08T08:49:58","slug":"informacio-pre-inscripcio-i-matricula-batxillerat","status":"publish","type":"page","link":"https:\/\/agora.xtec.cat\/iesnumancia\/serveis\/informacio-pre-inscripcio-i-matricula-batxillerat\/","title":{"rendered":"Informaci\u00f3 preinscripci\u00f3 i matr\u00edcula BATXILLERAT"},"content":{"rendered":"<p>Podeu trobar tota la informaci\u00f3 relativa a la preinscripci\u00f3 pel curs 26-27 al batxillerat en el seg\u00fcent enlla\u00e7 del Departament d\u2019Ensenyament<\/p>\n<h3 style=\"text-align: center;\"><span id=\"preinscripciogencatcat\"><a href=\"https:\/\/preinscripcio.gencat.cat\/ca\/inici\" target=\"_blank\" rel=\"noopener noreferrer\"><strong>preinscripcio.gencat.cat<\/strong><\/a><\/span><\/h3>\n<p>Totes les sol\u00b7licituds s\u00f3n en format telem\u00e0tic i per tant no cal lliurar cap documentaci\u00f3 presencialment en el centre educatiu que indiqueu en primera opci\u00f3. Llegiu les instruccions de la p\u00e0gina web anterior on s\u2019explica com formalitzar la sol\u00b7licitud.<\/p>\n<p>El centre posa a la vostra disposici\u00f3 els seg\u00fcents mitjans per a resoldre les incid\u00e8ncies amb les que us pugueu trobar.<\/p>\n<p>Tel\u00e8fon de contacte: <strong>93 391 20 53<\/strong> (demanar per administraci\u00f3) en horari de 09:00 a 13:30 matins i de 15:30 a 17:00 tardes de dimarts i dijous.<\/p>\n<p>Correu electr\u00f2nic: <strong>gestiodg@numancia.cat <\/strong><\/p>\n<h5>Oferta de places (8 d&#8217;abril)<\/h5>\n<p>En el seg\u00fcent <a href=\"https:\/\/drive.google.com\/file\/d\/1NNatP1tzMSO2V9ZPckjCSW3NqDeNWE-k\/view?usp=sharing\" target=\"_blank\" rel=\"noopener\">document<\/a> podeu consultar l&#8217;oferta de places de batxillerat pel curs vinent.<\/p>\n<h5>Presentaci\u00f3 de sol\u00b7licituds (9 al 16 d&#8217;abril)<\/h5>\n<p>Les sol\u00b7licituds s&#8217;han de presentar de forma telem\u00e0tica en el <a href=\"https:\/\/tramits.gencat.cat\/ca\/tramits\/tramits-temes\/preinscripcio-batxillerat?&amp;moda=1\" target=\"_blank\" rel=\"noopener\">seg\u00fcent enlla\u00e7<\/a><\/p>\n<h5>Publicaci\u00f3 de la llista de sol\u00b7licituds amb la puntuaci\u00f3 provisional (14 de maig)<\/h5>\n<p>En el seg\u00fcent document podeu consultar el barem provisional<\/p>\n<h5>Publicaci\u00f3 de la llista amb la puntuaci\u00f3 definitiva un cop resoltes les reclamacions (26 de maig)<\/h5>\n<p>En el seg\u00fcent document podeu consultar el barem definitiu<\/p>\n<h5>Llista ordenada (29 de maig)<\/h5>\n<p>En el seg\u00fcent document podeu consultar la llista ordenada de sol.licituds<\/p>\n<h5>Oferta de places definitiva (17 de juny)<\/h5>\n<p>En el seg\u00fcent document podeu consultar l&#8217;oferta de places definitiva de batxillerat pel curs vinent.<\/p>\n<h5>Publicaci\u00f3 de la llista d&#8217;admesos i la llista d&#8217;espera (17 de juny)<\/h5>\n<p>En el seg\u00fcent document podeu consultar la llista ordenada definitiva d&#8217;alumnes admesos.<\/p>\n<p>En el seg\u00fcent document podeu consultar la llista d&#8217;espera<\/p>\n<p>En el seg\u00fcent document podeu consultar la llista d&#8217;alumnes preinscrits amb la seva assignaci\u00f3<\/p>\n<p>&nbsp;<\/p>\n<p>&nbsp;<\/p>\n","protected":false},"excerpt":{"rendered":"<p>Podeu trobar tota la informaci\u00f3 relativa a la preinscripci\u00f3 pel curs 26-27 al batxillerat en el seg\u00fcent enlla\u00e7 del Departament d\u2019Ensenyament<br \/>\n<a href=\"https:\/\/preinscripcio.gencat.cat\/ca\/inici\" target=\"_blank\" rel=\"noopener noreferrer\">preinscripcio.gencat.cat<\/a><br \/>\nTotes les sol\u00b7licituds s\u00f3n en format telem\u00e0tic i per tant no cal lliurar cap documentaci\u00f3 presencialment en el centre educatiu que&hellip;  <a href=\"https:\/\/agora.xtec.cat\/iesnumancia\/serveis\/informacio-pre-inscripcio-i-matricula-batxillerat\/\" title=\"Read Informaci\u00f3 preinscripci\u00f3 i matr\u00edcula BATXILLERAT\">Llegeix m\u00e9s\u00bb<\/a><\/p>\n","protected":false},"author":1,"featured_media":0,"parent":63,"menu_order":0,"comment_status":"closed","ping_status":"closed","template":"page-templates\/side-menu.php","meta":{"_bbp_topic_count":0,"_bbp_reply_count":0,"_bbp_total_topic_count":0,"_bbp_total_reply_count":0,"_bbp_voice_count":0,"_bbp_anonymous_reply_count":0,"_bbp_topic_count_hidden":0,"_bbp_reply_count_hidden":0,"_bbp_forum_subforum_count":0,"footnotes":""},"class_list":["post-2089","page","type-page","status-publish","hentry"],"post_mailing_queue_ids":[],"_links":{"self":[{"href":"https:\/\/agora.xtec.cat\/iesnumancia\/wp-json\/wp\/v2\/pages\/2089","targetHints":{"allow":["GET"]}}],"collection":[{"href":"https:\/\/agora.xtec.cat\/iesnumancia\/wp-json\/wp\/v2\/pages"}],"about":[{"href":"https:\/\/agora.xtec.cat\/iesnumancia\/wp-json\/wp\/v2\/types\/page"}],"author":[{"embeddable":true,"href":"https:\/\/agora.xtec.cat\/iesnumancia\/wp-json\/wp\/v2\/users\/1"}],"replies":[{"embeddable":true,"href":"https:\/\/agora.xtec.cat\/iesnumancia\/wp-json\/wp\/v2\/comments?post=2089"}],"version-history":[{"count":6,"href":"https:\/\/agora.xtec.cat\/iesnumancia\/wp-json\/wp\/v2\/pages\/2089\/revisions"}],"predecessor-version":[{"id":9874,"href":"https:\/\/agora.xtec.cat\/iesnumancia\/wp-json\/wp\/v2\/pages\/2089\/revisions\/9874"}],"up":[{"embeddable":true,"href":"https:\/\/agora.xtec.cat\/iesnumancia\/wp-json\/wp\/v2\/pages\/63"}],"wp:attachment":[{"href":"https:\/\/agora.xtec.cat\/iesnumancia\/wp-json\/wp\/v2\/media?parent=2089"}],"curies":[{"name":"wp","href":"https:\/\/api.w.org\/{rel}","templated":true}]}}