{"id":195,"date":"2014-09-22T10:39:39","date_gmt":"2014-09-22T10:39:39","guid":{"rendered":"http:\/\/agora.xtec.cat\/iesnumancia\/?page_id=195"},"modified":"2021-03-02T10:43:49","modified_gmt":"2021-03-02T09:43:49","slug":"estudis","status":"publish","type":"page","link":"https:\/\/agora.xtec.cat\/iesnumancia\/estudis\/","title":{"rendered":"Estudis"},"content":{"rendered":"<p>A l&#8217;Institut Num\u00e0ncia oferim estudis d&#8217;ESO i de batxillerat de les modalitats cient\u00edfico-tecnol\u00f2gica i social-human\u00edstica.<\/p>\n<p>A m\u00e9s a m\u00e9s, tamb\u00e9 disposem d&#8217;una unitat de suport intensiu a l&#8217;escolaritzaci\u00f3 inclusiva (SIEI) que at\u00e9n a uns 14 alumnes que cursen l&#8217;ESO i una professora d&#8217;audici\u00f3 i llenguatge que at\u00e9n a alumnes amb problemes auditius.<\/p>\n","protected":false},"excerpt":{"rendered":"<p>A l&#8217;Institut Num\u00e0ncia oferim estudis d&#8217;ESO i de batxillerat de les modalitats cient\u00edfico-tecnol\u00f2gica i social-human\u00edstica.<br \/>\nA m\u00e9s a m\u00e9s, tamb\u00e9 disposem d&#8217;una unitat de suport intensiu a l&#8217;escolaritzaci\u00f3 inclusiva (SIEI) que at\u00e9n a uns 14 alumnes que cursen l&#8217;ESO i una professora d&#8217;audici\u00f3 i llenguatge que&hellip;  <a href=\"https:\/\/agora.xtec.cat\/iesnumancia\/estudis\/\" title=\"Read Estudis\">Llegeix m\u00e9s\u00bb<\/a><\/p>\n","protected":false},"author":1,"featured_media":0,"parent":0,"menu_order":0,"comment_status":"closed","ping_status":"closed","template":"page-templates\/side-menu.php","meta":{"_bbp_topic_count":0,"_bbp_reply_count":0,"_bbp_total_topic_count":0,"_bbp_total_reply_count":0,"_bbp_voice_count":0,"_bbp_anonymous_reply_count":0,"_bbp_topic_count_hidden":0,"_bbp_reply_count_hidden":0,"_bbp_forum_subforum_count":0,"footnotes":""},"class_list":["post-195","page","type-page","status-publish","hentry"],"post_mailing_queue_ids":[],"_links":{"self":[{"href":"https:\/\/agora.xtec.cat\/iesnumancia\/wp-json\/wp\/v2\/pages\/195","targetHints":{"allow":["GET"]}}],"collection":[{"href":"https:\/\/agora.xtec.cat\/iesnumancia\/wp-json\/wp\/v2\/pages"}],"about":[{"href":"https:\/\/agora.xtec.cat\/iesnumancia\/wp-json\/wp\/v2\/types\/page"}],"author":[{"embeddable":true,"href":"https:\/\/agora.xtec.cat\/iesnumancia\/wp-json\/wp\/v2\/users\/1"}],"replies":[{"embeddable":true,"href":"https:\/\/agora.xtec.cat\/iesnumancia\/wp-json\/wp\/v2\/comments?post=195"}],"version-history":[{"count":4,"href":"https:\/\/agora.xtec.cat\/iesnumancia\/wp-json\/wp\/v2\/pages\/195\/revisions"}],"predecessor-version":[{"id":1869,"href":"https:\/\/agora.xtec.cat\/iesnumancia\/wp-json\/wp\/v2\/pages\/195\/revisions\/1869"}],"wp:attachment":[{"href":"https:\/\/agora.xtec.cat\/iesnumancia\/wp-json\/wp\/v2\/media?parent=195"}],"curies":[{"name":"wp","href":"https:\/\/api.w.org\/{rel}","templated":true}]}}