{"id":1722,"date":"2021-02-17T17:56:58","date_gmt":"2021-02-17T16:56:58","guid":{"rendered":"https:\/\/agora.xtec.cat\/iesnumancia\/?page_id=1722"},"modified":"2021-03-02T10:25:10","modified_gmt":"2021-03-02T09:25:10","slug":"tramits-administratius","status":"publish","type":"page","link":"https:\/\/agora.xtec.cat\/iesnumancia\/serveis\/tramits-administratius\/","title":{"rendered":"Tr\u00e0mits administratius"},"content":{"rendered":"<p>En aquest espai trobareu informaci\u00f3 sobre els tr\u00e0mits administratius en els que us podem ajudar.<\/p>\n<ul>\n<li><a href=\"https:\/\/web.gencat.cat\/ca\/tramits\/tramits-temes\/22046-reconeixement-b2-c1-catala?category=742b7874-a82c-11e3-a972-000c29052e2c\" target=\"_blank\" rel=\"noopener noreferrer\">Reconeixement dels nivells B2 i C1 de catal\u00e0 per escolaritat reglada no universit\u00e0ria<\/a><\/li>\n<li><a href=\"http:\/\/educacio.gencat.cat\/ca\/tramits\/tramits-temes\/358-ajuts-ministerio-NEE\" target=\"_blank\" rel=\"noopener noreferrer\">Beques per a alumnes amb necessitat espec\u00edfica de suport educatiu<\/a><\/li>\n<li><a href=\"http:\/\/educacio.gencat.cat\/ca\/tramits\/tramits-temes\/247-beques-ministerio-postobligatoris?category=7449fd1c-a82c-11e3-a972-000c29052e2c\" target=\"_blank\" rel=\"noopener noreferrer\">Beques per a ensenyaments postobligatoris no universitaris<\/a><\/li>\n<\/ul>\n<p>&nbsp;<\/p>\n","protected":false},"excerpt":{"rendered":"<p>En aquest espai trobareu informaci\u00f3 sobre els tr\u00e0mits administratius en els que us podem ajudar.<\/p>\n<ul>\n<li><a href=\"https:\/\/web.gencat.cat\/ca\/tramits\/tramits-temes\/22046-reconeixement-b2-c1-catala?category=742b7874-a82c-11e3-a972-000c29052e2c\" target=\"_blank\" rel=\"noopener noreferrer\">Reconeixement dels nivells B2 i C1 de catal\u00e0 per escolaritat reglada no universit\u00e0ria<\/a><\/li>\n<li><a href=\"http:\/\/educacio.gencat.cat\/ca\/tramits\/tramits-temes\/358-ajuts-ministerio-NEE\" target=\"_blank\" rel=\"noopener noreferrer\">Beques per a alumnes amb necessitat espec\u00edfica de suport educatiu<\/a><\/li>\n<li><a href=\"http:\/\/educacio.gencat.cat\/ca\/tramits\/tramits-temes\/247-beques-ministerio-postobligatoris?category=7449fd1c-a82c-11e3-a972-000c29052e2c\"&hellip;  <a href=\"https:\/\/agora.xtec.cat\/iesnumancia\/serveis\/tramits-administratius\/\" title=\"Read Tr\u00e0mits administratius\">Llegeix m\u00e9s\u00bb<\/a><br \/>\n","protected":false},"author":1,"featured_media":0,"parent":63,"menu_order":0,"comment_status":"closed","ping_status":"closed","template":"page-templates\/side-menu.php","meta":{"_bbp_topic_count":0,"_bbp_reply_count":0,"_bbp_total_topic_count":0,"_bbp_total_reply_count":0,"_bbp_voice_count":0,"_bbp_anonymous_reply_count":0,"_bbp_topic_count_hidden":0,"_bbp_reply_count_hidden":0,"_bbp_forum_subforum_count":0,"footnotes":""},"class_list":["post-1722","page","type-page","status-publish","hentry"],"post_mailing_queue_ids":[],"_links":{"self":[{"href":"https:\/\/agora.xtec.cat\/iesnumancia\/wp-json\/wp\/v2\/pages\/1722","targetHints":{"allow":["GET"]}}],"collection":[{"href":"https:\/\/agora.xtec.cat\/iesnumancia\/wp-json\/wp\/v2\/pages"}],"about":[{"href":"https:\/\/agora.xtec.cat\/iesnumancia\/wp-json\/wp\/v2\/types\/page"}],"author":[{"embeddable":true,"href":"https:\/\/agora.xtec.cat\/iesnumancia\/wp-json\/wp\/v2\/users\/1"}],"replies":[{"embeddable":true,"href":"https:\/\/agora.xtec.cat\/iesnumancia\/wp-json\/wp\/v2\/comments?post=1722"}],"version-history":[{"count":3,"href":"https:\/\/agora.xtec.cat\/iesnumancia\/wp-json\/wp\/v2\/pages\/1722\/revisions"}],"predecessor-version":[{"id":1867,"href":"https:\/\/agora.xtec.cat\/iesnumancia\/wp-json\/wp\/v2\/pages\/1722\/revisions\/1867"}],"up":[{"embeddable":true,"href":"https:\/\/agora.xtec.cat\/iesnumancia\/wp-json\/wp\/v2\/pages\/63"}],"wp:attachment":[{"href":"https:\/\/agora.xtec.cat\/iesnumancia\/wp-json\/wp\/v2\/media?parent=1722"}],"curies":[{"name":"wp","href":"https:\/\/api.w.org\/{rel}","templated":true}]}}