{"id":1681,"date":"2021-02-16T18:43:22","date_gmt":"2021-02-16T17:43:22","guid":{"rendered":"https:\/\/agora.xtec.cat\/iesnumancia\/?page_id=1681"},"modified":"2022-09-06T15:25:41","modified_gmt":"2022-09-06T13:25:41","slug":"siei","status":"publish","type":"page","link":"https:\/\/agora.xtec.cat\/iesnumancia\/estudis\/siei\/","title":{"rendered":"SIEI"},"content":{"rendered":"<p style=\"text-align: justify;\">La SIEI, \u00e9s un recurs per al centre, que at\u00e9n a 14 alumnes amb necessitats educatives especials. Est\u00e0 dotada de 2 psicopedagogues i 1 auxiliar d&#8217;educaci\u00f3 especial. Al SIEI, es treballa en grup redu\u00eft, de manera individualitzada i fent acompanyament a l&#8217;aula ordin\u00e0ria.<br \/>\nEls alumnes que reben el suport SIEI han de disposar del dictamen elaborat per l&#8217;EAP i del Pla individualitzat (PI). \u00c9s un document que recull totes les mesures necess\u00e0ries perqu\u00e8 l&#8217;alumne segueixi el curs. Aquests, s\u00f3n avaluats en funci\u00f3 d&#8217;aquest pla individualitzat.<br \/>\nEl SIEI ofereix una coordinaci\u00f3 propera amb les fam\u00edlies i els professionals externs que acompanyen aquests alumnes.<\/p>\n<p><a href=\"https:\/\/agora.xtec.cat\/iesnumancia\/wp-content\/uploads\/usu2267\/2021\/02\/SIEI.jpg\"><img loading=\"lazy\" decoding=\"async\" class=\"wp-image-1720 size-full aligncenter\" src=\"https:\/\/agora.xtec.cat\/iesnumancia\/wp-content\/uploads\/usu2267\/2021\/02\/SIEI.jpg\" alt=\"\" width=\"1000\" height=\"750\" srcset=\"https:\/\/agora.xtec.cat\/iesnumancia\/wp-content\/uploads\/usu2267\/2021\/02\/SIEI.jpg 1000w, https:\/\/agora.xtec.cat\/iesnumancia\/wp-content\/uploads\/usu2267\/2021\/02\/SIEI-300x225.jpg 300w, https:\/\/agora.xtec.cat\/iesnumancia\/wp-content\/uploads\/usu2267\/2021\/02\/SIEI-768x576.jpg 768w, https:\/\/agora.xtec.cat\/iesnumancia\/wp-content\/uploads\/usu2267\/2021\/02\/SIEI-200x150.jpg 200w\" sizes=\"auto, (max-width: 1000px) 100vw, 1000px\" \/><\/a><\/p>\n","protected":false},"excerpt":{"rendered":"<p>La SIEI, \u00e9s un recurs per al centre, que at\u00e9n a 14 alumnes amb necessitats educatives especials. Est\u00e0 dotada de 2 psicopedagogues i 1 auxiliar d&#8217;educaci\u00f3 especial. Al SIEI, es treballa en grup redu\u00eft, de manera individualitzada i fent acompanyament a l&#8217;aula ordin\u00e0ria.<br \/>\nEls alumnes que&hellip;  <a href=\"https:\/\/agora.xtec.cat\/iesnumancia\/estudis\/siei\/\" title=\"Read SIEI\">Llegeix m\u00e9s\u00bb<\/a><\/p>\n","protected":false},"author":1,"featured_media":0,"parent":195,"menu_order":0,"comment_status":"closed","ping_status":"closed","template":"page-templates\/side-menu.php","meta":{"_bbp_topic_count":0,"_bbp_reply_count":0,"_bbp_total_topic_count":0,"_bbp_total_reply_count":0,"_bbp_voice_count":0,"_bbp_anonymous_reply_count":0,"_bbp_topic_count_hidden":0,"_bbp_reply_count_hidden":0,"_bbp_forum_subforum_count":0,"footnotes":""},"class_list":["post-1681","page","type-page","status-publish","hentry"],"post_mailing_queue_ids":[],"_links":{"self":[{"href":"https:\/\/agora.xtec.cat\/iesnumancia\/wp-json\/wp\/v2\/pages\/1681","targetHints":{"allow":["GET"]}}],"collection":[{"href":"https:\/\/agora.xtec.cat\/iesnumancia\/wp-json\/wp\/v2\/pages"}],"about":[{"href":"https:\/\/agora.xtec.cat\/iesnumancia\/wp-json\/wp\/v2\/types\/page"}],"author":[{"embeddable":true,"href":"https:\/\/agora.xtec.cat\/iesnumancia\/wp-json\/wp\/v2\/users\/1"}],"replies":[{"embeddable":true,"href":"https:\/\/agora.xtec.cat\/iesnumancia\/wp-json\/wp\/v2\/comments?post=1681"}],"version-history":[{"count":3,"href":"https:\/\/agora.xtec.cat\/iesnumancia\/wp-json\/wp\/v2\/pages\/1681\/revisions"}],"predecessor-version":[{"id":3762,"href":"https:\/\/agora.xtec.cat\/iesnumancia\/wp-json\/wp\/v2\/pages\/1681\/revisions\/3762"}],"up":[{"embeddable":true,"href":"https:\/\/agora.xtec.cat\/iesnumancia\/wp-json\/wp\/v2\/pages\/195"}],"wp:attachment":[{"href":"https:\/\/agora.xtec.cat\/iesnumancia\/wp-json\/wp\/v2\/media?parent=1681"}],"curies":[{"name":"wp","href":"https:\/\/api.w.org\/{rel}","templated":true}]}}