{"id":1678,"date":"2021-02-16T17:38:00","date_gmt":"2021-02-16T16:38:00","guid":{"rendered":"https:\/\/agora.xtec.cat\/iesnumancia\/?page_id=1678"},"modified":"2025-12-15T19:16:14","modified_gmt":"2025-12-15T18:16:14","slug":"alumnat-premis-i-reconeixements","status":"publish","type":"page","link":"https:\/\/agora.xtec.cat\/iesnumancia\/linstitut\/alumnat-premis-i-reconeixements\/","title":{"rendered":"Alumnat: premis i reconeixements."},"content":{"rendered":"<p dir=\"ltr\"><strong>MIllor treball de recerca del Campus d&#8217;alimentaci\u00f3 de Torribera 2025 a l&#8217;alumna Judith Romero.<\/strong><\/p>\n<p dir=\"ltr\">El passat dimarts 9 de desembre a la Sala de Graus de l\u2019edifici Gramenet, Campus de l\u2019Alimentaci\u00f3 de la Universitat de Barcelona va tenir lloc ACTE DE PRESENTACI\u00d3 I ENTREGA DELS PREMIS SANTA COLOMA CIUTAT UNIVERSIT\u00c0RIA<\/p>\n<p dir=\"ltr\">Van fer l\u2019obertura de l\u2019acte\u00a0 la Dra. M. Carmen Vidal Carou, directora del Campus del\u2018Alimentaci\u00f3 de Torribera i la Sra. Blanca Padr\u00f3s Amat, 2a Tinenta d&#8217;alcaldessa de l&#8217;\u00e0rea d&#8217;Economia, Serveis Interns,Treball, Universitats, Innovaci\u00f3 i Transpar\u00e8ncia.<\/p>\n<p dir=\"ltr\">Dins de la categoria dels premis a la millor recepta de l\u2019\u00e0via,\u00a0 la Nicolly Brito va explicar la seva recepta al jurat en qualitat de finalista. L\u2019Arlet Campos ,l\u2019Aina D\u00edaz.,la Mar\u00eda Mimbrero tamb\u00e9 van estar presents a l\u2019acta ja que havien presentat les seves receptes.<\/p>\n<p dir=\"ltr\">En la categoria del millor treball de recerca, \u00a0 la Judith Romero va presentar durant 10 minuts el seu\u00a0 treball de recerca DESMITIFICANT LA REGLA DEls 5 SEGONS i el jurat li va atorgar el Premi al millor treball.<\/p>\n<p dir=\"ltr\"><img loading=\"lazy\" decoding=\"async\" class=\"aligncenter wp-image-9529\" src=\"https:\/\/agora.xtec.cat\/iesnumancia\/wp-content\/uploads\/usu2267\/2025\/12\/1000077381-1.jpg\" alt=\"\" width=\"500\" height=\"375\" srcset=\"https:\/\/agora.xtec.cat\/iesnumancia\/wp-content\/uploads\/usu2267\/2025\/12\/1000077381-1.jpg 955w, https:\/\/agora.xtec.cat\/iesnumancia\/wp-content\/uploads\/usu2267\/2025\/12\/1000077381-1-300x225.jpg 300w, https:\/\/agora.xtec.cat\/iesnumancia\/wp-content\/uploads\/usu2267\/2025\/12\/1000077381-1-768x576.jpg 768w, https:\/\/agora.xtec.cat\/iesnumancia\/wp-content\/uploads\/usu2267\/2025\/12\/1000077381-1-200x150.jpg 200w\" sizes=\"auto, (max-width: 500px) 100vw, 500px\" \/><\/p>\n<p><strong>__________________________________________________________________________________\u00a0 \u00a0 \u00a0<\/strong><strong>________________________________ I Premi Joan Vicente Castells als treballs de recerca en Ci\u00e8ncies 2022<\/strong><\/p>\n<p>Roger Herrando de 2n Batxillerat guanya el \u201cI Premi Joan Vicente Castells als treballs de recerca en Ci\u00e8ncies\u201d<\/p>\n<p>L&#8217;alumne Roger Herrando L\u00f3riz de 2n Batxillerat del nostre centre ha obtingut el 1r premi del concurs \u201cI Premi Joan Vicente Castells als treballs de recerca en Ci\u00e8ncies\u201d organitzat pel Centre d\u2019Estudis de la Natura del Barcelon\u00e8s Nord (CENBN), en col\u00b7laboraci\u00f3 amb l\u2019Ajuntament de Santa Coloma de Gramenet, el Museu Torre Balldovina i la cooperativa Abacus.<br \/>\nAquest premi va adre\u00e7at als alumnes de 2n de batxillerat dels instituts de Santa Coloma de Gramenet, amb la finalitat d\u2019estimular el foment de les ci\u00e8ncies i la seva divulgaci\u00f3 entre l&#8217;alumnat dels centres d&#8217;ensenyament de la ciutat i, tamb\u00e9, d\u2019elaborar articles cient\u00edfics que s\u2019adaptin als est\u00e0ndards actuals de publicacions d\u2019aquest \u00e0mbit.<\/p>\n<p>El treball del Roger es titula: &#8220;On hi ha m\u00e9s biodiversitat d&#8217;ocells a Santa Coloma de Gramenet, ciutat, muntanya o riu?&#8221; . L&#8217;\u00c0ngels Barb\u00e9, professora de biologia del Num\u00e0ncia, ha estat la tutora que li ha fet el seguiment de la recerca entre 1r i 2n de Batxillerat. En la part pr\u00e0ctica el Roger ha realitzat un atles amb la diversitat d&#8217;ocells que es troben a Santa Coloma de Gramenet. En el seg\u00fcent enlla\u00e7 es pot consultar el Treball de Recerca: https:\/\/cenbn.cat\/ca\/premi-jvc\/treballs-premiats.<\/p>\n<p>Moltes felicitats Roger per la feina ben feta!<\/p>\n<p>___________________________________________________________________________<\/p>\n<p><span style=\"color: #c93030;\"><strong>Premi Joan Gomis de Treballs de Recerca 2020.<\/strong><\/span><\/p>\n<p style=\"text-align: justify;\"><strong>Sofia L\u00f3pez Hern\u00e1ndez,<\/strong>\u00a0exalumna del nostre institut, ha estat la guanyadora del premi Joan Gomis d&#8217;enguany, amb el treball de recerca de batxillerat &#8221;\u00a0<em><strong>Els Jocs Ol\u00edmpics de Berl\u00edn 1936, superioritat racial o propaganda pol\u00edtica&#8221;<\/strong><\/em>, que va tenir com a tutor el professor\u00a0 Sergi Cervantes Furi\u00f3.<\/p>\n<p style=\"text-align: justify;\">Aquest guard\u00f3 s&#8217;emmarca en els Premis de Recerca per a la Pau de la Fundaci\u00f3 Solidaritat i l&#8217;Institut de Desenvolupament Professional ( IDP-ICE) de la Universitat de Barcelona.<\/p>\n<p>____________________________________________________________________________<\/p>\n<p><strong><span style=\"color: #c93030;\">Premi Recerca Jove 2019<\/span><\/strong><\/p>\n<p style=\"text-align: justify;\">La nostra exalumna\u00a0<strong>Maria Garc\u00eda Romera<\/strong>\u00a0ha rebut un dels\u00a0<strong>Premis Recerca Jove del Departament d&#8217;Empresa i Coneixement de la Generalitat de Catalunya<\/strong>\u00a0pel seu treball de recerca\u00a0&#8220;<strong><em>CRISPR: Redissenyant la vida&#8221;<\/em><\/strong>, dirigit per la professora Montse Estrada i presentat en el nostre centre al curs 18-19.<\/p>\n<p>____________________________________________________________________________<\/p>\n<p><span style=\"color: #c93030;\"><strong>Premi Projecte de recursos educatius 2019<\/strong><\/span><\/p>\n<p style=\"text-align: justify;\">El\u00a014 de novembre va ser premiat per la CONFAVC (Confederaci\u00f3 d&#8217;Associacions de Ve\u00efns de Catalunya) un projecte dut a terme per l&#8217;Institut Num\u00e0ncia durant el curs 2018-19. El projecte tenia com a objectiu oferir recursos d&#8217;\u00e8xit educatiu a alumnes en risc d&#8217;exclusi\u00f3. La Presidenta de\u00a0l\u2019Associaci\u00f3 Dona Bal\u00e0fia, Josepa Teresa Farreny, va ser l\u2019encarregada de donar el trofeu i el diploma a la representant de la\u00a0FAVGram, Pilar Gim\u00e9nez, entitat que va col\u00b7laborar i va donar visibilitat al projecte.<a href=\"https:\/\/agora.xtec.cat\/iesnumancia\/wp-content\/uploads\/usu2267\/2021\/02\/CONFAVC.jpg\"><img loading=\"lazy\" decoding=\"async\" class=\"aligncenter wp-image-1700 size-medium\" src=\"https:\/\/agora.xtec.cat\/iesnumancia\/wp-content\/uploads\/usu2267\/2021\/02\/CONFAVC-300x201.jpg\" alt=\"\" width=\"300\" height=\"201\" srcset=\"https:\/\/agora.xtec.cat\/iesnumancia\/wp-content\/uploads\/usu2267\/2021\/02\/CONFAVC-300x201.jpg 300w, https:\/\/agora.xtec.cat\/iesnumancia\/wp-content\/uploads\/usu2267\/2021\/02\/CONFAVC-768x514.jpg 768w, https:\/\/agora.xtec.cat\/iesnumancia\/wp-content\/uploads\/usu2267\/2021\/02\/CONFAVC-1024x685.jpg 1024w, https:\/\/agora.xtec.cat\/iesnumancia\/wp-content\/uploads\/usu2267\/2021\/02\/CONFAVC.jpg 1936w\" sizes=\"auto, (max-width: 300px) 100vw, 300px\" \/><\/a><\/p>\n<p>____________________________________________________________________________<\/p>\n<p style=\"text-align: justify;\"><span style=\"color: #c93030;\"><strong>Disseny portada publicaci\u00f3 Treballs de Recerca de 2n batxillerat. 2018.<\/strong><\/span><\/p>\n<p style=\"text-align: justify;\">L&#8217;alumnat de 1r de batxillerat de la mat\u00e8ria de Disseny es va presentar a la convocat\u00f2ria de dissenys de portades de la publicaci\u00f3 oficial que cada curs organitza el CRP. El disseny escollit \u00e9s creaci\u00f3 de l&#8217;alumne Carlos Alcivar de 1r batxillerat B.<\/p>\n<p style=\"text-align: justify;\" data-wp-editing=\"1\"><a href=\"https:\/\/agora.xtec.cat\/iesnumancia\/wp-content\/uploads\/usu2267\/2021\/02\/12.jpg\"><img loading=\"lazy\" decoding=\"async\" class=\"aligncenter wp-image-1707 size-medium\" src=\"https:\/\/agora.xtec.cat\/iesnumancia\/wp-content\/uploads\/usu2267\/2021\/02\/12-300x212.jpg\" alt=\"\" width=\"300\" height=\"212\" srcset=\"https:\/\/agora.xtec.cat\/iesnumancia\/wp-content\/uploads\/usu2267\/2021\/02\/12-300x212.jpg 300w, https:\/\/agora.xtec.cat\/iesnumancia\/wp-content\/uploads\/usu2267\/2021\/02\/12-768x543.jpg 768w, https:\/\/agora.xtec.cat\/iesnumancia\/wp-content\/uploads\/usu2267\/2021\/02\/12.jpg 1000w\" sizes=\"auto, (max-width: 300px) 100vw, 300px\" \/><\/a><br \/>\n____________________________________________________________________________<\/p>\n<p style=\"text-align: justify;\"><span style=\"color: #c93030;\"><strong>PREMI CONCURS REIMAGINA&#8217;T 2016<\/strong><\/span><\/p>\n<p style=\"text-align: justify;\">Les alumnes de l\u2019optativa de Visual i Pl\u00e0stica de 4t d\u2019 ESO,\u00a0Ana Maria Hirgau, Tanit Leiva, Yaiza Mar\u00edn i Laura Ramos,\u00a0han estat les guanyadores de la setena convocat\u00f2ria del concurs Re-imagina\u2019t\u00a0 de guions no sexistes per publicitat.<\/p>\n<p style=\"text-align: justify;\">La nostra ciutat forma part del conjunt del municipis a Catalunya que donen suport en aquesta iniciativa.<\/p>\n\n\t\t<style type=\"text\/css\">\n\t\t\t#gallery-1 {\n\t\t\t\tmargin: auto;\n\t\t\t}\n\t\t\t#gallery-1 .gallery-item {\n\t\t\t\tfloat: left;\n\t\t\t\tmargin-top: 10px;\n\t\t\t\ttext-align: center;\n\t\t\t\twidth: 100%;\n\t\t\t}\n\t\t\t#gallery-1 img {\n\t\t\t\tborder: 2px solid #cfcfcf;\n\t\t\t}\n\t\t\t#gallery-1 .gallery-caption {\n\t\t\t\tmargin-left: 0;\n\t\t\t}\n\t\t\t\/* see gallery_shortcode() in wp-includes\/media.php *\/\n\t\t<\/style>\n\t\t<div id='gallery-1' class='gallery galleryid-1678 gallery-columns-1 gallery-size-medium'><dl class='gallery-item'>\n\t\t\t<dt class='gallery-icon landscape'>\n\t\t\t\t<a href='https:\/\/agora.xtec.cat\/iesnumancia\/linstitut\/alumnat-premis-i-reconeixements\/attachment\/charsetascii-5\/'><img loading=\"lazy\" decoding=\"async\" width=\"300\" height=\"168\" src=\"https:\/\/agora.xtec.cat\/iesnumancia\/wp-content\/uploads\/usu2267\/2021\/02\/C\u00f2pia-de-DSC_0056-300x168.jpg\" class=\"attachment-medium size-medium\" alt=\"\" srcset=\"https:\/\/agora.xtec.cat\/iesnumancia\/wp-content\/uploads\/usu2267\/2021\/02\/C\u00f2pia-de-DSC_0056-300x168.jpg 300w, https:\/\/agora.xtec.cat\/iesnumancia\/wp-content\/uploads\/usu2267\/2021\/02\/C\u00f2pia-de-DSC_0056-768x429.jpg 768w, https:\/\/agora.xtec.cat\/iesnumancia\/wp-content\/uploads\/usu2267\/2021\/02\/C\u00f2pia-de-DSC_0056.jpg 1000w\" sizes=\"auto, (max-width: 300px) 100vw, 300px\" \/><\/a>\n\t\t\t<\/dt><\/dl><br style=\"clear: both\" \/>\n\t\t<\/div>\n\n<p style=\"text-align: justify;\">El grup guanyador i la professora, Emiliana Corral,\u00a0 van participar activament en la programaci\u00f3 i l\u2019enregistrament de l\u2019espot amb el grup d\u2019alumnes de la Universitat Blanquerna de Comunicaci\u00f3 , responsables de l\u2019edici\u00f3 final del gui\u00f3 premiat, en els plat\u00f3s de la Facultat a Barcelona.<\/p>\n<p style=\"text-align: justify;\">Podeu veure el resultat final a la web de\u00a0l\u2019Observatori de les dones en els mitjans de comunicaci\u00f3:<\/p>\n<p style=\"text-align: justify;\"><a href=\"https:\/\/reimaginat.observatoridelesdones.org\/portfolio-items\/sha-acabat-aixo-de-classificar-els-oficis-per-sexes\/\"><img loading=\"lazy\" decoding=\"async\" class=\"aligncenter wp-image-1699 size-medium\" src=\"https:\/\/agora.xtec.cat\/iesnumancia\/wp-content\/uploads\/usu2267\/2021\/02\/reimaginat-300x171.jpg\" alt=\"\" width=\"300\" height=\"171\" srcset=\"https:\/\/agora.xtec.cat\/iesnumancia\/wp-content\/uploads\/usu2267\/2021\/02\/reimaginat-300x171.jpg 300w, https:\/\/agora.xtec.cat\/iesnumancia\/wp-content\/uploads\/usu2267\/2021\/02\/reimaginat.jpg 523w\" sizes=\"auto, (max-width: 300px) 100vw, 300px\" \/><\/a>Gr\u00e0cies a la Universitat Blanquerna de Comunicaci\u00f3 i concretament als alumnes que han fet possible aquest resultat final i per la seva paci\u00e8ncia en el proc\u00e9s, gr\u00e0cies als nostres actors\/actrius\u00a0 ja que sense ells\/elles aquest espot hauria estat impossible i gr\u00e0cies a l\u2019Ajuntament de Santa Coloma de Gramenet que ens han donat l\u2019oportunitat de poder participar un any m\u00e9s en aquesta iniciativa per la igualtat de g\u00e8nere.<\/p>\n<p style=\"text-align: justify;\">Felicitats a les alumnes del Num\u00e0ncia per la feina ben feta!!!<\/p>\n<p><span style=\"color: #000000;\"><strong>____________________________________________________________________________<\/strong><\/span><\/p>\n<p><strong><span style=\"color: #c93030;\">Premi Arg\u00f3 de Treball de recerca 2015<\/span><\/strong><\/p>\n<p style=\"text-align: justify;\">La Universitat Aut\u00f2noma de Barcelona ha reconegut el valor acad\u00e8mic i professional del treball de recerca del nostre alumne <strong>Aleix Saura Vallverd\u00fa,<\/strong> estudiant de batxillerat tecnol\u00f2gic del nostre institut. L\u2019Aleix ha estat guardonat amb un dels premis Arg\u00f3 en categoria d\u2019Arts, pel seu projecte <strong><em>Disseny arquitect\u00f2nic d\u2019un refugi obert en el context de la muntanya de Montserrat.<\/em><\/strong><\/p>\n\n\t\t<style type=\"text\/css\">\n\t\t\t#gallery-2 {\n\t\t\t\tmargin: auto;\n\t\t\t}\n\t\t\t#gallery-2 .gallery-item {\n\t\t\t\tfloat: left;\n\t\t\t\tmargin-top: 10px;\n\t\t\t\ttext-align: center;\n\t\t\t\twidth: 50%;\n\t\t\t}\n\t\t\t#gallery-2 img {\n\t\t\t\tborder: 2px solid #cfcfcf;\n\t\t\t}\n\t\t\t#gallery-2 .gallery-caption {\n\t\t\t\tmargin-left: 0;\n\t\t\t}\n\t\t\t\/* see gallery_shortcode() in wp-includes\/media.php *\/\n\t\t<\/style>\n\t\t<div id='gallery-2' class='gallery galleryid-1678 gallery-columns-2 gallery-size-medium'><dl class='gallery-item'>\n\t\t\t<dt class='gallery-icon landscape'>\n\t\t\t\t<a href='https:\/\/agora.xtec.cat\/iesnumancia\/linstitut\/alumnat-premis-i-reconeixements\/attachment\/phoca_thumb_l_aleixargo1\/'><img loading=\"lazy\" decoding=\"async\" width=\"300\" height=\"200\" src=\"https:\/\/agora.xtec.cat\/iesnumancia\/wp-content\/uploads\/usu2267\/2021\/02\/phoca_thumb_l_aleixargo1-300x200.jpg\" class=\"attachment-medium size-medium\" alt=\"\" srcset=\"https:\/\/agora.xtec.cat\/iesnumancia\/wp-content\/uploads\/usu2267\/2021\/02\/phoca_thumb_l_aleixargo1-300x200.jpg 300w, https:\/\/agora.xtec.cat\/iesnumancia\/wp-content\/uploads\/usu2267\/2021\/02\/phoca_thumb_l_aleixargo1.jpg 640w\" sizes=\"auto, (max-width: 300px) 100vw, 300px\" \/><\/a>\n\t\t\t<\/dt><\/dl><dl class='gallery-item'>\n\t\t\t<dt class='gallery-icon landscape'>\n\t\t\t\t<a href='https:\/\/agora.xtec.cat\/iesnumancia\/linstitut\/alumnat-premis-i-reconeixements\/attachment\/phoca_thumb_l_aleixargo5\/'><img loading=\"lazy\" decoding=\"async\" width=\"300\" height=\"200\" src=\"https:\/\/agora.xtec.cat\/iesnumancia\/wp-content\/uploads\/usu2267\/2021\/02\/phoca_thumb_l_aleixargo5-300x200.jpg\" class=\"attachment-medium size-medium\" alt=\"\" srcset=\"https:\/\/agora.xtec.cat\/iesnumancia\/wp-content\/uploads\/usu2267\/2021\/02\/phoca_thumb_l_aleixargo5-300x200.jpg 300w, https:\/\/agora.xtec.cat\/iesnumancia\/wp-content\/uploads\/usu2267\/2021\/02\/phoca_thumb_l_aleixargo5.jpg 640w\" sizes=\"auto, (max-width: 300px) 100vw, 300px\" \/><\/a>\n\t\t\t<\/dt><\/dl><br style=\"clear: both\" \/>\n\t\t<\/div>\n\n<p>____________________________________________________________________________<\/p>\n<p><strong><span style=\"color: #c93030;\">Primer premi al concurs del campus universitari d&#8217; alimentaci\u00f3 2013<\/span><\/strong><\/p>\n<p style=\"text-align: justify;\">El passat dissabte dia 9 de novembre una representaci\u00f3 d&#8217;estudiants de l&#8217;institut Num\u00e0ncia va guanyar el primer premi del primer certamen del concurs gastron\u00f2mic de centres de secund\u00e0ria organitzat pel Campus d&#8217;Alimentaci\u00f3 de Torribera en el marc d&#8217;Expaliments 2013.<\/p>\n<p style=\"text-align: justify;\">Els estudiants mereixedors del premi son: Na Helena P\u00e9rez, en Pau Checa en V\u00edctor Barrantes i en Jorge Navarro.<a href=\"https:\/\/agora.xtec.cat\/iesnumancia\/wp-content\/uploads\/usu2267\/2021\/02\/phoca_thumb_l_alim6.jpg\"><img loading=\"lazy\" decoding=\"async\" class=\"aligncenter wp-image-1708 size-medium\" src=\"https:\/\/agora.xtec.cat\/iesnumancia\/wp-content\/uploads\/usu2267\/2021\/02\/phoca_thumb_l_alim6-300x225.jpg\" alt=\"\" width=\"300\" height=\"225\" srcset=\"https:\/\/agora.xtec.cat\/iesnumancia\/wp-content\/uploads\/usu2267\/2021\/02\/phoca_thumb_l_alim6-300x225.jpg 300w, https:\/\/agora.xtec.cat\/iesnumancia\/wp-content\/uploads\/usu2267\/2021\/02\/phoca_thumb_l_alim6-200x150.jpg 200w, https:\/\/agora.xtec.cat\/iesnumancia\/wp-content\/uploads\/usu2267\/2021\/02\/phoca_thumb_l_alim6.jpg 640w\" sizes=\"auto, (max-width: 300px) 100vw, 300px\" \/><\/a>______________________________________________<\/p>\n<p style=\"text-align: justify;\"><strong><span style=\"color: #c93030;\">1r Premi i premi del p\u00fablic per la animaci\u00f3 &#8220;CANVIEM EL M\u00d3N&#8221; en la convocat\u00f2ria del premi d&#8217;animacions per la Pau de Fundipau. 2012<\/span><\/strong><\/p>\n<p style=\"text-align: justify;\">Els alumnes de l&#8217;optativa de visual i Pl\u00e0stica de 4t d&#8217; ESO , Marcel Hita, Marc G\u00f3mez i Dani Mestre, han estat els guanyadors per aquest stop motion que promou el reciclatge d&#8217;actituds i objectes violents en actituds de Pau. Obriu el v\u00eddeo, molt bon treball!<\/p>\n<p><a href=\"https:\/\/vimeo.com\/90172153\"><img loading=\"lazy\" decoding=\"async\" class=\"aligncenter wp-image-1698 size-medium\" src=\"https:\/\/agora.xtec.cat\/iesnumancia\/wp-content\/uploads\/usu2267\/2021\/02\/canviem-el-m\u00f3n-300x214.jpg\" alt=\"\" width=\"300\" height=\"214\" srcset=\"https:\/\/agora.xtec.cat\/iesnumancia\/wp-content\/uploads\/usu2267\/2021\/02\/canviem-el-m\u00f3n-300x214.jpg 300w, https:\/\/agora.xtec.cat\/iesnumancia\/wp-content\/uploads\/usu2267\/2021\/02\/canviem-el-m\u00f3n.jpg 628w\" sizes=\"auto, (max-width: 300px) 100vw, 300px\" \/>____________________________________________________________________________<\/a><\/p>\n<p>&nbsp;<\/p>\n","protected":false},"excerpt":{"rendered":"<p>MIllor treball de recerca del Campus d&#8217;alimentaci\u00f3 de Torribera 2025 a l&#8217;alumna Judith Romero.<br \/>\nEl passat dimarts 9 de desembre a la Sala de Graus de l\u2019edifici Gramenet, Campus de l\u2019Alimentaci\u00f3 de la Universitat de Barcelona va tenir lloc ACTE DE PRESENTACI\u00d3 I ENTREGA DELS PREMIS&hellip;  <a href=\"https:\/\/agora.xtec.cat\/iesnumancia\/linstitut\/alumnat-premis-i-reconeixements\/\" title=\"Read Alumnat: premis i reconeixements.\">Llegeix m\u00e9s\u00bb<\/a><\/p>\n","protected":false},"author":1,"featured_media":0,"parent":19,"menu_order":99,"comment_status":"closed","ping_status":"closed","template":"page-templates\/side-menu.php","meta":{"_bbp_topic_count":0,"_bbp_reply_count":0,"_bbp_total_topic_count":0,"_bbp_total_reply_count":0,"_bbp_voice_count":0,"_bbp_anonymous_reply_count":0,"_bbp_topic_count_hidden":0,"_bbp_reply_count_hidden":0,"_bbp_forum_subforum_count":0,"footnotes":""},"class_list":["post-1678","page","type-page","status-publish","hentry"],"post_mailing_queue_ids":[],"_links":{"self":[{"href":"https:\/\/agora.xtec.cat\/iesnumancia\/wp-json\/wp\/v2\/pages\/1678","targetHints":{"allow":["GET"]}}],"collection":[{"href":"https:\/\/agora.xtec.cat\/iesnumancia\/wp-json\/wp\/v2\/pages"}],"about":[{"href":"https:\/\/agora.xtec.cat\/iesnumancia\/wp-json\/wp\/v2\/types\/page"}],"author":[{"embeddable":true,"href":"https:\/\/agora.xtec.cat\/iesnumancia\/wp-json\/wp\/v2\/users\/1"}],"replies":[{"embeddable":true,"href":"https:\/\/agora.xtec.cat\/iesnumancia\/wp-json\/wp\/v2\/comments?post=1678"}],"version-history":[{"count":5,"href":"https:\/\/agora.xtec.cat\/iesnumancia\/wp-json\/wp\/v2\/pages\/1678\/revisions"}],"predecessor-version":[{"id":9530,"href":"https:\/\/agora.xtec.cat\/iesnumancia\/wp-json\/wp\/v2\/pages\/1678\/revisions\/9530"}],"up":[{"embeddable":true,"href":"https:\/\/agora.xtec.cat\/iesnumancia\/wp-json\/wp\/v2\/pages\/19"}],"wp:attachment":[{"href":"https:\/\/agora.xtec.cat\/iesnumancia\/wp-json\/wp\/v2\/media?parent=1678"}],"curies":[{"name":"wp","href":"https:\/\/api.w.org\/{rel}","templated":true}]}}