{"id":1462,"date":"2021-02-12T11:52:13","date_gmt":"2021-02-12T10:52:13","guid":{"rendered":"https:\/\/agora.xtec.cat\/iesnumancia\/?page_id=1462"},"modified":"2021-06-28T13:24:48","modified_gmt":"2021-06-28T11:24:48","slug":"viatges","status":"publish","type":"page","link":"https:\/\/agora.xtec.cat\/iesnumancia\/activitats-de-centre\/viatges\/","title":{"rendered":"Viatges"},"content":{"rendered":"<p><span style=\"font-weight: 400;\">En l&#8217;institut Num\u00e0ncia, pensem que els viatges escolars s\u00f3n una pe\u00e7a clau en la formaci\u00f3 dels estudiants. Viatjar implica compartir, socialitzar, descobrir llocs nous, enfrontar-se a situacions inesperades i tot plegat contribueix a formar millors ciutadans.<\/span><\/p>\n<p><span style=\"font-weight: 400;\">Per aquest motiu, intentem que des de 2n d&#8217;ESO, els nostres estudiants tinguin l&#8217;oportunitat de poder fer algun viatge amb pernoctaci\u00f3 al llarg del curs escolar. A continuaci\u00f3 us presentem les activitats que normalment portem a terme:<\/span><\/p>\n<p><strong>2n d&#8217;ESO: estada de 3 dies a l&#8217;Estartit en el marc de la realitzaci\u00f3 del cr\u00e8dit de s\u00edntesi<\/strong><\/p>\n<table>\n<tbody>\n<tr>\n<td><a href=\"https:\/\/agora.xtec.cat\/iesnumancia\/wp-content\/uploads\/usu2267\/2021\/02\/estartit-2.jpg\"><img loading=\"lazy\" decoding=\"async\" class=\"aligncenter wp-image-1254\" src=\"https:\/\/agora.xtec.cat\/iesnumancia\/wp-content\/uploads\/usu2267\/2021\/02\/estartit-2.jpg\" alt=\"\" width=\"633\" height=\"475\" srcset=\"https:\/\/agora.xtec.cat\/iesnumancia\/wp-content\/uploads\/usu2267\/2021\/02\/estartit-2.jpg 1920w, https:\/\/agora.xtec.cat\/iesnumancia\/wp-content\/uploads\/usu2267\/2021\/02\/estartit-2-300x225.jpg 300w, https:\/\/agora.xtec.cat\/iesnumancia\/wp-content\/uploads\/usu2267\/2021\/02\/estartit-2-768x576.jpg 768w, https:\/\/agora.xtec.cat\/iesnumancia\/wp-content\/uploads\/usu2267\/2021\/02\/estartit-2-1024x768.jpg 1024w, https:\/\/agora.xtec.cat\/iesnumancia\/wp-content\/uploads\/usu2267\/2021\/02\/estartit-2-200x150.jpg 200w\" sizes=\"auto, (max-width: 633px) 100vw, 633px\" \/><\/a><\/td>\n<td><a href=\"https:\/\/agora.xtec.cat\/iesnumancia\/wp-content\/uploads\/usu2267\/2021\/02\/estartit-1.jpg\"><img loading=\"lazy\" decoding=\"async\" class=\"aligncenter wp-image-1253\" src=\"https:\/\/agora.xtec.cat\/iesnumancia\/wp-content\/uploads\/usu2267\/2021\/02\/estartit-1.jpg\" alt=\"\" width=\"631\" height=\"474\" srcset=\"https:\/\/agora.xtec.cat\/iesnumancia\/wp-content\/uploads\/usu2267\/2021\/02\/estartit-1.jpg 1600w, https:\/\/agora.xtec.cat\/iesnumancia\/wp-content\/uploads\/usu2267\/2021\/02\/estartit-1-300x225.jpg 300w, https:\/\/agora.xtec.cat\/iesnumancia\/wp-content\/uploads\/usu2267\/2021\/02\/estartit-1-768x576.jpg 768w, https:\/\/agora.xtec.cat\/iesnumancia\/wp-content\/uploads\/usu2267\/2021\/02\/estartit-1-1024x768.jpg 1024w, https:\/\/agora.xtec.cat\/iesnumancia\/wp-content\/uploads\/usu2267\/2021\/02\/estartit-1-200x150.jpg 200w\" sizes=\"auto, (max-width: 631px) 100vw, 631px\" \/><\/a><\/td>\n<\/tr>\n<\/tbody>\n<\/table>\n<p>&nbsp;<\/p>\n<p><span style=\"font-weight: 400;\"><strong>3r d&#8217;ESO: Estada de 3 dies a la neu en el marc de la mat\u00e8ria d&#8217;Educaci\u00f3 F\u00edsica<\/strong><\/span><\/p>\n<p><span style=\"font-weight: 400;\"><a href=\"https:\/\/agora.xtec.cat\/iesnumancia\/wp-content\/uploads\/usu2267\/2021\/02\/esqui-3.jpg\"><img loading=\"lazy\" decoding=\"async\" class=\"wp-image-1258 alignleft\" src=\"https:\/\/agora.xtec.cat\/iesnumancia\/wp-content\/uploads\/usu2267\/2021\/02\/esqui-3.jpg\" alt=\"\" width=\"641\" height=\"481\" srcset=\"https:\/\/agora.xtec.cat\/iesnumancia\/wp-content\/uploads\/usu2267\/2021\/02\/esqui-3.jpg 800w, https:\/\/agora.xtec.cat\/iesnumancia\/wp-content\/uploads\/usu2267\/2021\/02\/esqui-3-300x225.jpg 300w, https:\/\/agora.xtec.cat\/iesnumancia\/wp-content\/uploads\/usu2267\/2021\/02\/esqui-3-768x576.jpg 768w, https:\/\/agora.xtec.cat\/iesnumancia\/wp-content\/uploads\/usu2267\/2021\/02\/esqui-3-200x150.jpg 200w\" sizes=\"auto, (max-width: 641px) 100vw, 641px\" \/><\/a><\/span><\/p>\n<p>&nbsp;<\/p>\n<p>&nbsp;<\/p>\n<p>&nbsp;<\/p>\n<p>&nbsp;<\/p>\n<p>&nbsp;<\/p>\n<p>&nbsp;<\/p>\n<p>&nbsp;<\/p>\n<p>&nbsp;<\/p>\n<p>&nbsp;<\/p>\n<p>&nbsp;<\/p>\n<p>&nbsp;<\/p>\n<p>&nbsp;<\/p>\n<p><strong>4t d&#8217;ESO: Viatge de fi d&#8217;etapa a una localitzaci\u00f3 europea.<\/strong><\/p>\n<p><span style=\"font-weight: 400;\"><br \/>\n<a href=\"https:\/\/agora.xtec.cat\/iesnumancia\/wp-content\/uploads\/usu2267\/2021\/02\/italia.jpg\"><img loading=\"lazy\" decoding=\"async\" class=\"wp-image-1266 alignleft\" src=\"https:\/\/agora.xtec.cat\/iesnumancia\/wp-content\/uploads\/usu2267\/2021\/02\/italia.jpg\" alt=\"\" width=\"642\" height=\"491\" \/><\/a><\/span><\/p>\n<p>&nbsp;<\/p>\n<p>&nbsp;<\/p>\n<p>&nbsp;<\/p>\n<p>&nbsp;<\/p>\n<p>&nbsp;<\/p>\n<p>&nbsp;<\/p>\n<p>&nbsp;<\/p>\n<p>&nbsp;<\/p>\n<p>&nbsp;<\/p>\n<p>&nbsp;<\/p>\n<p>&nbsp;<\/p>\n<p><strong>1r de BATX: estada ling\u00fc\u00edstica a Broadstairs, Regne Unit<\/strong><\/p>\n<table style=\"width: 1045px;\">\n<tbody>\n<tr>\n<td style=\"width: 498px;\"><a href=\"https:\/\/agora.xtec.cat\/iesnumancia\/wp-content\/uploads\/usu2267\/2021\/02\/Copia-de-Uk23.jpg\"><img loading=\"lazy\" decoding=\"async\" class=\" wp-image-1263 alignright\" src=\"https:\/\/agora.xtec.cat\/iesnumancia\/wp-content\/uploads\/usu2267\/2021\/02\/Copia-de-Uk23.jpg\" alt=\"\" width=\"507\" height=\"381\" srcset=\"https:\/\/agora.xtec.cat\/iesnumancia\/wp-content\/uploads\/usu2267\/2021\/02\/Copia-de-Uk23.jpg 500w, https:\/\/agora.xtec.cat\/iesnumancia\/wp-content\/uploads\/usu2267\/2021\/02\/Copia-de-Uk23-300x225.jpg 300w, https:\/\/agora.xtec.cat\/iesnumancia\/wp-content\/uploads\/usu2267\/2021\/02\/Copia-de-Uk23-200x150.jpg 200w\" sizes=\"auto, (max-width: 507px) 100vw, 507px\" \/><\/a><\/td>\n<td style=\"width: 539px;\"><a href=\"https:\/\/agora.xtec.cat\/iesnumancia\/wp-content\/uploads\/usu2267\/2021\/02\/UK.jpg\"><img loading=\"lazy\" decoding=\"async\" class=\" wp-image-1264 alignleft\" src=\"https:\/\/agora.xtec.cat\/iesnumancia\/wp-content\/uploads\/usu2267\/2021\/02\/UK.jpg\" alt=\"\" width=\"469\" height=\"352\" srcset=\"https:\/\/agora.xtec.cat\/iesnumancia\/wp-content\/uploads\/usu2267\/2021\/02\/UK.jpg 500w, https:\/\/agora.xtec.cat\/iesnumancia\/wp-content\/uploads\/usu2267\/2021\/02\/UK-300x225.jpg 300w, https:\/\/agora.xtec.cat\/iesnumancia\/wp-content\/uploads\/usu2267\/2021\/02\/UK-200x150.jpg 200w\" sizes=\"auto, (max-width: 469px) 100vw, 469px\" \/><\/a><\/td>\n<\/tr>\n<\/tbody>\n<\/table>\n<p><strong>Estudiants d&#8217;alemany: Intercanvi amb un centre de secund\u00e0ria alemany<\/strong><\/p>\n<table>\n<tbody>\n<tr>\n<td><a href=\"https:\/\/agora.xtec.cat\/iesnumancia\/wp-content\/uploads\/usu2267\/2021\/02\/an-der-Mauer_2016.jpg\"><img loading=\"lazy\" decoding=\"async\" class=\"aligncenter wp-image-1694 size-full\" src=\"https:\/\/agora.xtec.cat\/iesnumancia\/wp-content\/uploads\/usu2267\/2021\/02\/an-der-Mauer_2016.jpg\" alt=\"\" width=\"500\" height=\"375\" srcset=\"https:\/\/agora.xtec.cat\/iesnumancia\/wp-content\/uploads\/usu2267\/2021\/02\/an-der-Mauer_2016.jpg 500w, https:\/\/agora.xtec.cat\/iesnumancia\/wp-content\/uploads\/usu2267\/2021\/02\/an-der-Mauer_2016-300x225.jpg 300w, https:\/\/agora.xtec.cat\/iesnumancia\/wp-content\/uploads\/usu2267\/2021\/02\/an-der-Mauer_2016-200x150.jpg 200w\" sizes=\"auto, (max-width: 500px) 100vw, 500px\" \/><\/a><\/td>\n<td><a href=\"https:\/\/agora.xtec.cat\/iesnumancia\/wp-content\/uploads\/usu2267\/2021\/02\/Berlin-2016_Schule-am-K\u00f6nigstor.jpg\"><img loading=\"lazy\" decoding=\"async\" class=\"aligncenter wp-image-1695 size-full\" src=\"https:\/\/agora.xtec.cat\/iesnumancia\/wp-content\/uploads\/usu2267\/2021\/02\/Berlin-2016_Schule-am-K\u00f6nigstor.jpg\" alt=\"\" width=\"500\" height=\"375\" srcset=\"https:\/\/agora.xtec.cat\/iesnumancia\/wp-content\/uploads\/usu2267\/2021\/02\/Berlin-2016_Schule-am-K\u00f6nigstor.jpg 500w, https:\/\/agora.xtec.cat\/iesnumancia\/wp-content\/uploads\/usu2267\/2021\/02\/Berlin-2016_Schule-am-K\u00f6nigstor-300x225.jpg 300w, https:\/\/agora.xtec.cat\/iesnumancia\/wp-content\/uploads\/usu2267\/2021\/02\/Berlin-2016_Schule-am-K\u00f6nigstor-200x150.jpg 200w\" sizes=\"auto, (max-width: 500px) 100vw, 500px\" \/><\/a><\/td>\n<\/tr>\n<\/tbody>\n<\/table>\n","protected":false},"excerpt":{"rendered":"<p>En l&#8217;institut Num\u00e0ncia, pensem que els viatges escolars s\u00f3n una pe\u00e7a clau en la formaci\u00f3 dels estudiants. Viatjar implica compartir, socialitzar, descobrir llocs nous, enfrontar-se a situacions inesperades i tot plegat contribueix a formar millors ciutadans.<br \/>\nPer aquest motiu, intentem que des de 2n d&#8217;ESO, els&hellip;  <a href=\"https:\/\/agora.xtec.cat\/iesnumancia\/activitats-de-centre\/viatges\/\" title=\"Read Viatges\">Llegeix m\u00e9s\u00bb<\/a><\/p>\n","protected":false},"author":1,"featured_media":0,"parent":975,"menu_order":4,"comment_status":"closed","ping_status":"closed","template":"page-templates\/side-menu.php","meta":{"_bbp_topic_count":0,"_bbp_reply_count":0,"_bbp_total_topic_count":0,"_bbp_total_reply_count":0,"_bbp_voice_count":0,"_bbp_anonymous_reply_count":0,"_bbp_topic_count_hidden":0,"_bbp_reply_count_hidden":0,"_bbp_forum_subforum_count":0,"footnotes":""},"class_list":["post-1462","page","type-page","status-publish","hentry"],"post_mailing_queue_ids":[],"_links":{"self":[{"href":"https:\/\/agora.xtec.cat\/iesnumancia\/wp-json\/wp\/v2\/pages\/1462","targetHints":{"allow":["GET"]}}],"collection":[{"href":"https:\/\/agora.xtec.cat\/iesnumancia\/wp-json\/wp\/v2\/pages"}],"about":[{"href":"https:\/\/agora.xtec.cat\/iesnumancia\/wp-json\/wp\/v2\/types\/page"}],"author":[{"embeddable":true,"href":"https:\/\/agora.xtec.cat\/iesnumancia\/wp-json\/wp\/v2\/users\/1"}],"replies":[{"embeddable":true,"href":"https:\/\/agora.xtec.cat\/iesnumancia\/wp-json\/wp\/v2\/comments?post=1462"}],"version-history":[{"count":3,"href":"https:\/\/agora.xtec.cat\/iesnumancia\/wp-json\/wp\/v2\/pages\/1462\/revisions"}],"predecessor-version":[{"id":1696,"href":"https:\/\/agora.xtec.cat\/iesnumancia\/wp-json\/wp\/v2\/pages\/1462\/revisions\/1696"}],"up":[{"embeddable":true,"href":"https:\/\/agora.xtec.cat\/iesnumancia\/wp-json\/wp\/v2\/pages\/975"}],"wp:attachment":[{"href":"https:\/\/agora.xtec.cat\/iesnumancia\/wp-json\/wp\/v2\/media?parent=1462"}],"curies":[{"name":"wp","href":"https:\/\/api.w.org\/{rel}","templated":true}]}}