{"id":1460,"date":"2021-02-12T11:51:33","date_gmt":"2021-02-12T10:51:33","guid":{"rendered":"https:\/\/agora.xtec.cat\/iesnumancia\/?page_id=1460"},"modified":"2021-06-28T14:33:53","modified_gmt":"2021-06-28T12:33:53","slug":"sortides","status":"publish","type":"page","link":"https:\/\/agora.xtec.cat\/iesnumancia\/activitats-de-centre\/sortides\/","title":{"rendered":"Sortides."},"content":{"rendered":"<p><span style=\"font-weight: 400;\">El nostre projecte educatiu considera fonamental la realitzaci\u00f3 de sortides que complementen el curr\u00edculum de les diverses mat\u00e8ries. Per aquest motiu, intentem que l\u2019oferta de activitats complement\u00e0ries, sigui variada, interessant i motivadora pels alumnes.<\/span><\/p>\n<p><span style=\"font-weight: 400;\">Aix\u00ed doncs, des de tots els \u00e0mbits s\u2019organitzen sortides al llarg del curs pels diversos nivells.<\/span><\/p>\n<p><span style=\"font-weight: 400;\">L\u2019organitzaci\u00f3 de les mateixes \u00e9s a c\u00e0rrec del titular de la mat\u00e8ria i els alumnes sempre van acompanyats de professors del seu mateix equip docent.<\/span><\/p>\n<p><span style=\"font-weight: 400;\">El pagament de les sortides \u00e9s realitza de forma unificada per totes les que corresponen a un nivell i es fa efectiu abans de que es realitzi la primera activitat (generalment entre setembre i desembre).<\/span><\/p>\n<p><span style=\"font-weight: 400;\">A continuaci\u00f3 us relacionem les sortides que habitualment s\u2019organitzen per cada nivell.<\/span><\/p>\n<p><b>1r d\u2019ESO<\/b><\/p>\n<ul>\n<li style=\"font-weight: 400;\" aria-level=\"1\"><span style=\"font-weight: 400;\">Sortida al zoo de Barcelona<\/span><\/li>\n<li style=\"font-weight: 400;\" aria-level=\"1\"><span style=\"font-weight: 400;\">Visita al jaciment arqueol\u00f2gic d\u2019Emp\u00faries<\/span><\/li>\n<li style=\"font-weight: 400;\" aria-level=\"1\"><span style=\"font-weight: 400;\">Activitat aqu\u00e0tica al canal ol\u00edmpic de Castelldefels<\/span><\/li>\n<li aria-level=\"1\">Visita al Museu d&#8217;art contemporani de Barcelona (MACBA)\n\t\t<style type=\"text\/css\">\n\t\t\t#gallery-1 {\n\t\t\t\tmargin: auto;\n\t\t\t}\n\t\t\t#gallery-1 .gallery-item {\n\t\t\t\tfloat: left;\n\t\t\t\tmargin-top: 10px;\n\t\t\t\ttext-align: center;\n\t\t\t\twidth: 50%;\n\t\t\t}\n\t\t\t#gallery-1 img {\n\t\t\t\tborder: 2px solid #cfcfcf;\n\t\t\t}\n\t\t\t#gallery-1 .gallery-caption {\n\t\t\t\tmargin-left: 0;\n\t\t\t}\n\t\t\t\/* see gallery_shortcode() in wp-includes\/media.php *\/\n\t\t<\/style>\n\t\t<div id='gallery-1' class='gallery galleryid-1460 gallery-columns-2 gallery-size-full'><dl class='gallery-item'>\n\t\t\t<dt class='gallery-icon landscape'>\n\t\t\t\t<a href='https:\/\/agora.xtec.cat\/iesnumancia\/activitats-de-centre\/attachment\/zoo\/'><img loading=\"lazy\" decoding=\"async\" width=\"500\" height=\"375\" src=\"https:\/\/agora.xtec.cat\/iesnumancia\/wp-content\/uploads\/usu2267\/2021\/02\/zoo.jpg\" class=\"attachment-full size-full\" alt=\"\" srcset=\"https:\/\/agora.xtec.cat\/iesnumancia\/wp-content\/uploads\/usu2267\/2021\/02\/zoo.jpg 500w, https:\/\/agora.xtec.cat\/iesnumancia\/wp-content\/uploads\/usu2267\/2021\/02\/zoo-300x225.jpg 300w, https:\/\/agora.xtec.cat\/iesnumancia\/wp-content\/uploads\/usu2267\/2021\/02\/zoo-200x150.jpg 200w\" sizes=\"auto, (max-width: 500px) 100vw, 500px\" \/><\/a>\n\t\t\t<\/dt><\/dl><dl class='gallery-item'>\n\t\t\t<dt class='gallery-icon landscape'>\n\t\t\t\t<a href='https:\/\/agora.xtec.cat\/iesnumancia\/activitats-de-centre\/attachment\/empuries\/'><img loading=\"lazy\" decoding=\"async\" width=\"2560\" height=\"1920\" src=\"https:\/\/agora.xtec.cat\/iesnumancia\/wp-content\/uploads\/usu2267\/2021\/02\/empuries.jpg\" class=\"attachment-full size-full\" alt=\"\" srcset=\"https:\/\/agora.xtec.cat\/iesnumancia\/wp-content\/uploads\/usu2267\/2021\/02\/empuries.jpg 2560w, https:\/\/agora.xtec.cat\/iesnumancia\/wp-content\/uploads\/usu2267\/2021\/02\/empuries-300x225.jpg 300w, https:\/\/agora.xtec.cat\/iesnumancia\/wp-content\/uploads\/usu2267\/2021\/02\/empuries-768x576.jpg 768w, https:\/\/agora.xtec.cat\/iesnumancia\/wp-content\/uploads\/usu2267\/2021\/02\/empuries-1024x768.jpg 1024w, https:\/\/agora.xtec.cat\/iesnumancia\/wp-content\/uploads\/usu2267\/2021\/02\/empuries-200x150.jpg 200w\" sizes=\"auto, (max-width: 2560px) 100vw, 2560px\" \/><\/a>\n\t\t\t<\/dt><\/dl><br style=\"clear: both\" \/><dl class='gallery-item'>\n\t\t\t<dt class='gallery-icon landscape'>\n\t\t\t\t<a href='https:\/\/agora.xtec.cat\/iesnumancia\/activitats-de-centre\/sortides\/attachment\/canal-olimpic-castelldefels_caiac\/'><img loading=\"lazy\" decoding=\"async\" width=\"700\" height=\"350\" src=\"https:\/\/agora.xtec.cat\/iesnumancia\/wp-content\/uploads\/usu2267\/2021\/02\/Canal-Oli\u0301mpic-Castelldefels_Caiac.jpg\" class=\"attachment-full size-full\" alt=\"\" srcset=\"https:\/\/agora.xtec.cat\/iesnumancia\/wp-content\/uploads\/usu2267\/2021\/02\/Canal-Oli\u0301mpic-Castelldefels_Caiac.jpg 700w, https:\/\/agora.xtec.cat\/iesnumancia\/wp-content\/uploads\/usu2267\/2021\/02\/Canal-Oli\u0301mpic-Castelldefels_Caiac-300x150.jpg 300w\" sizes=\"auto, (max-width: 700px) 100vw, 700px\" \/><\/a>\n\t\t\t<\/dt><\/dl><dl class='gallery-item'>\n\t\t\t<dt class='gallery-icon portrait'>\n\t\t\t\t<a href='https:\/\/agora.xtec.cat\/iesnumancia\/activitats-de-centre\/attachment\/foto-de-emi-1\/'><img loading=\"lazy\" decoding=\"async\" width=\"1200\" height=\"1600\" src=\"https:\/\/agora.xtec.cat\/iesnumancia\/wp-content\/uploads\/usu2267\/2021\/02\/Foto-de-Emi-1.jpg\" class=\"attachment-full size-full\" alt=\"\" srcset=\"https:\/\/agora.xtec.cat\/iesnumancia\/wp-content\/uploads\/usu2267\/2021\/02\/Foto-de-Emi-1.jpg 1200w, https:\/\/agora.xtec.cat\/iesnumancia\/wp-content\/uploads\/usu2267\/2021\/02\/Foto-de-Emi-1-225x300.jpg 225w, https:\/\/agora.xtec.cat\/iesnumancia\/wp-content\/uploads\/usu2267\/2021\/02\/Foto-de-Emi-1-768x1024.jpg 768w\" sizes=\"auto, (max-width: 1200px) 100vw, 1200px\" \/><\/a>\n\t\t\t<\/dt><\/dl><br style=\"clear: both\" \/>\n\t\t<\/div>\n<\/li>\n<\/ul>\n<p><b>2n d\u2019ESO<\/b><\/p>\n<ul>\n<li style=\"font-weight: 400;\" aria-level=\"1\"><span style=\"font-weight: 400;\">Activitat esportiva al Pavell\u00f3 de la Verneda<\/span><\/li>\n<li style=\"font-weight: 400; text-align: left;\" aria-level=\"1\"><span style=\"font-weight: 400;\">Visita al museu de la ci\u00e8ncia i tecnologia de Terrassa<\/span><\/li>\n<li style=\"font-weight: 400;\" aria-level=\"1\"><span style=\"font-weight: 400;\"><span style=\"font-weight: 400;\"><span style=\"font-weight: 400;\">Visita al museu d\u2019hist\u00f2ria de Catalunya de Barcelona<\/span><\/span><\/span><\/li>\n<\/ul>\n\n\t\t<style type=\"text\/css\">\n\t\t\t#gallery-2 {\n\t\t\t\tmargin: auto;\n\t\t\t}\n\t\t\t#gallery-2 .gallery-item {\n\t\t\t\tfloat: left;\n\t\t\t\tmargin-top: 10px;\n\t\t\t\ttext-align: center;\n\t\t\t\twidth: 50%;\n\t\t\t}\n\t\t\t#gallery-2 img {\n\t\t\t\tborder: 2px solid #cfcfcf;\n\t\t\t}\n\t\t\t#gallery-2 .gallery-caption {\n\t\t\t\tmargin-left: 0;\n\t\t\t}\n\t\t\t\/* see gallery_shortcode() in wp-includes\/media.php *\/\n\t\t<\/style>\n\t\t<div id='gallery-2' class='gallery galleryid-1460 gallery-columns-2 gallery-size-full'><dl class='gallery-item'>\n\t\t\t<dt class='gallery-icon landscape'>\n\t\t\t\t<a href='https:\/\/agora.xtec.cat\/iesnumancia\/activitats-de-centre\/sortides\/attachment\/pavello-de-la-verneda\/'><img loading=\"lazy\" decoding=\"async\" width=\"1200\" height=\"900\" src=\"https:\/\/agora.xtec.cat\/iesnumancia\/wp-content\/uploads\/usu2267\/2021\/02\/Pavello\u0301-de-la-Verneda.jpg\" class=\"attachment-full size-full\" alt=\"\" srcset=\"https:\/\/agora.xtec.cat\/iesnumancia\/wp-content\/uploads\/usu2267\/2021\/02\/Pavello\u0301-de-la-Verneda.jpg 1200w, https:\/\/agora.xtec.cat\/iesnumancia\/wp-content\/uploads\/usu2267\/2021\/02\/Pavello\u0301-de-la-Verneda-300x225.jpg 300w, https:\/\/agora.xtec.cat\/iesnumancia\/wp-content\/uploads\/usu2267\/2021\/02\/Pavello\u0301-de-la-Verneda-768x576.jpg 768w, https:\/\/agora.xtec.cat\/iesnumancia\/wp-content\/uploads\/usu2267\/2021\/02\/Pavello\u0301-de-la-Verneda-1024x768.jpg 1024w, https:\/\/agora.xtec.cat\/iesnumancia\/wp-content\/uploads\/usu2267\/2021\/02\/Pavello\u0301-de-la-Verneda-200x150.jpg 200w\" sizes=\"auto, (max-width: 1200px) 100vw, 1200px\" \/><\/a>\n\t\t\t<\/dt><\/dl><dl class='gallery-item'>\n\t\t\t<dt class='gallery-icon landscape'>\n\t\t\t\t<a href='https:\/\/agora.xtec.cat\/iesnumancia\/activitats-de-centre\/attachment\/2n-eso\/'><img loading=\"lazy\" decoding=\"async\" width=\"500\" height=\"375\" src=\"https:\/\/agora.xtec.cat\/iesnumancia\/wp-content\/uploads\/usu2267\/2021\/02\/2n-ESO.jpg\" class=\"attachment-full size-full\" alt=\"\" srcset=\"https:\/\/agora.xtec.cat\/iesnumancia\/wp-content\/uploads\/usu2267\/2021\/02\/2n-ESO.jpg 500w, https:\/\/agora.xtec.cat\/iesnumancia\/wp-content\/uploads\/usu2267\/2021\/02\/2n-ESO-300x225.jpg 300w, https:\/\/agora.xtec.cat\/iesnumancia\/wp-content\/uploads\/usu2267\/2021\/02\/2n-ESO-200x150.jpg 200w\" sizes=\"auto, (max-width: 500px) 100vw, 500px\" \/><\/a>\n\t\t\t<\/dt><\/dl><br style=\"clear: both\" \/>\n\t\t<\/div>\n\n<p><b>3r d\u2019ESO<\/b><\/p>\n<ul>\n<li style=\"font-weight: 400;\" aria-level=\"1\"><span style=\"font-weight: 400;\">Sortida al museu de les matem\u00e0tiques de Cornell\u00e0 de Llobregat<\/span><\/li>\n<li style=\"font-weight: 400;\" aria-level=\"1\"><span style=\"font-weight: 400;\">Visita a la depuradora del riu Bes\u00f2s<\/span><\/li>\n<\/ul>\n\n\t\t<style type=\"text\/css\">\n\t\t\t#gallery-3 {\n\t\t\t\tmargin: auto;\n\t\t\t}\n\t\t\t#gallery-3 .gallery-item {\n\t\t\t\tfloat: left;\n\t\t\t\tmargin-top: 10px;\n\t\t\t\ttext-align: center;\n\t\t\t\twidth: 100%;\n\t\t\t}\n\t\t\t#gallery-3 img {\n\t\t\t\tborder: 2px solid #cfcfcf;\n\t\t\t}\n\t\t\t#gallery-3 .gallery-caption {\n\t\t\t\tmargin-left: 0;\n\t\t\t}\n\t\t\t\/* see gallery_shortcode() in wp-includes\/media.php *\/\n\t\t<\/style>\n\t\t<div id='gallery-3' class='gallery galleryid-1460 gallery-columns-1 gallery-size-full'><dl class='gallery-item'>\n\t\t\t<dt class='gallery-icon landscape'>\n\t\t\t\t<a href='https:\/\/agora.xtec.cat\/iesnumancia\/activitats-de-centre\/attachment\/museu-mates\/'><img loading=\"lazy\" decoding=\"async\" width=\"500\" height=\"375\" src=\"https:\/\/agora.xtec.cat\/iesnumancia\/wp-content\/uploads\/usu2267\/2021\/02\/museu-mates.jpg\" class=\"attachment-full size-full\" alt=\"\" srcset=\"https:\/\/agora.xtec.cat\/iesnumancia\/wp-content\/uploads\/usu2267\/2021\/02\/museu-mates.jpg 500w, https:\/\/agora.xtec.cat\/iesnumancia\/wp-content\/uploads\/usu2267\/2021\/02\/museu-mates-300x225.jpg 300w, https:\/\/agora.xtec.cat\/iesnumancia\/wp-content\/uploads\/usu2267\/2021\/02\/museu-mates-200x150.jpg 200w\" sizes=\"auto, (max-width: 500px) 100vw, 500px\" \/><\/a>\n\t\t\t<\/dt><\/dl><br style=\"clear: both\" \/>\n\t\t<\/div>\n\n<p><b>4t d\u2019ESO<\/b><span style=\"font-family: inherit; font-size: 1em;\">\u00a0<\/span><\/p>\n<ul>\n<li><span style=\"font-weight: 400;\">Activitat esportiva a Natupark<\/span><\/li>\n<li>Visita al museu t\u00e8xtil de Terrassa<\/li>\n<li style=\"font-weight: 400;\" aria-level=\"1\"><span style=\"font-weight: 400;\">Visita al Born centre cultural<\/span><\/li>\n<li style=\"font-weight: 400;\" aria-level=\"1\"><span style=\"font-weight: 400;\">Visita al museu d\u2019hist\u00f2ria de la ciutat de Barcelona<\/span><\/li>\n<li style=\"font-weight: 400;\" aria-level=\"1\"><span style=\"font-weight: 400;\">Visita al museu de la ci\u00e8ncia (Cosmocaixa) de Barcelona<\/span><\/li>\n<\/ul>\n<p>&nbsp;<\/p>\n\n\t\t<style type=\"text\/css\">\n\t\t\t#gallery-4 {\n\t\t\t\tmargin: auto;\n\t\t\t}\n\t\t\t#gallery-4 .gallery-item {\n\t\t\t\tfloat: left;\n\t\t\t\tmargin-top: 10px;\n\t\t\t\ttext-align: center;\n\t\t\t\twidth: 50%;\n\t\t\t}\n\t\t\t#gallery-4 img {\n\t\t\t\tborder: 2px solid #cfcfcf;\n\t\t\t}\n\t\t\t#gallery-4 .gallery-caption {\n\t\t\t\tmargin-left: 0;\n\t\t\t}\n\t\t\t\/* see gallery_shortcode() in wp-includes\/media.php *\/\n\t\t<\/style>\n\t\t<div id='gallery-4' class='gallery galleryid-1460 gallery-columns-2 gallery-size-full'><dl class='gallery-item'>\n\t\t\t<dt class='gallery-icon landscape'>\n\t\t\t\t<a href='https:\/\/agora.xtec.cat\/iesnumancia\/activitats-de-centre\/attachment\/natupark\/'><img loading=\"lazy\" decoding=\"async\" width=\"500\" height=\"281\" src=\"https:\/\/agora.xtec.cat\/iesnumancia\/wp-content\/uploads\/usu2267\/2021\/02\/natupark.jpg\" class=\"attachment-full size-full\" alt=\"\" srcset=\"https:\/\/agora.xtec.cat\/iesnumancia\/wp-content\/uploads\/usu2267\/2021\/02\/natupark.jpg 500w, https:\/\/agora.xtec.cat\/iesnumancia\/wp-content\/uploads\/usu2267\/2021\/02\/natupark-300x169.jpg 300w\" sizes=\"auto, (max-width: 500px) 100vw, 500px\" \/><\/a>\n\t\t\t<\/dt><\/dl><dl class='gallery-item'>\n\t\t\t<dt class='gallery-icon landscape'>\n\t\t\t\t<a href='https:\/\/agora.xtec.cat\/iesnumancia\/activitats-de-centre\/attachment\/fabrica3\/'><img loading=\"lazy\" decoding=\"async\" width=\"980\" height=\"628\" src=\"https:\/\/agora.xtec.cat\/iesnumancia\/wp-content\/uploads\/usu2267\/2021\/02\/fabrica3.jpg\" class=\"attachment-full size-full\" alt=\"\" srcset=\"https:\/\/agora.xtec.cat\/iesnumancia\/wp-content\/uploads\/usu2267\/2021\/02\/fabrica3.jpg 980w, https:\/\/agora.xtec.cat\/iesnumancia\/wp-content\/uploads\/usu2267\/2021\/02\/fabrica3-300x192.jpg 300w, https:\/\/agora.xtec.cat\/iesnumancia\/wp-content\/uploads\/usu2267\/2021\/02\/fabrica3-768x492.jpg 768w\" sizes=\"auto, (max-width: 980px) 100vw, 980px\" \/><\/a>\n\t\t\t<\/dt><\/dl><br style=\"clear: both\" \/><dl class='gallery-item'>\n\t\t\t<dt class='gallery-icon landscape'>\n\t\t\t\t<a href='https:\/\/agora.xtec.cat\/iesnumancia\/activitats-de-centre\/attachment\/born2\/'><img loading=\"lazy\" decoding=\"async\" width=\"1032\" height=\"774\" src=\"https:\/\/agora.xtec.cat\/iesnumancia\/wp-content\/uploads\/usu2267\/2021\/02\/born2.jpg\" class=\"attachment-full size-full\" alt=\"\" srcset=\"https:\/\/agora.xtec.cat\/iesnumancia\/wp-content\/uploads\/usu2267\/2021\/02\/born2.jpg 1032w, https:\/\/agora.xtec.cat\/iesnumancia\/wp-content\/uploads\/usu2267\/2021\/02\/born2-300x225.jpg 300w, https:\/\/agora.xtec.cat\/iesnumancia\/wp-content\/uploads\/usu2267\/2021\/02\/born2-768x576.jpg 768w, https:\/\/agora.xtec.cat\/iesnumancia\/wp-content\/uploads\/usu2267\/2021\/02\/born2-1024x768.jpg 1024w, https:\/\/agora.xtec.cat\/iesnumancia\/wp-content\/uploads\/usu2267\/2021\/02\/born2-200x150.jpg 200w\" sizes=\"auto, (max-width: 1032px) 100vw, 1032px\" \/><\/a>\n\t\t\t<\/dt><\/dl><dl class='gallery-item'>\n\t\t\t<dt class='gallery-icon landscape'>\n\t\t\t\t<a href='https:\/\/agora.xtec.cat\/iesnumancia\/activitats-de-centre\/attachment\/italia2\/'><img loading=\"lazy\" decoding=\"async\" width=\"500\" height=\"375\" src=\"https:\/\/agora.xtec.cat\/iesnumancia\/wp-content\/uploads\/usu2267\/2021\/02\/italia2.jpg\" class=\"attachment-full size-full\" alt=\"\" srcset=\"https:\/\/agora.xtec.cat\/iesnumancia\/wp-content\/uploads\/usu2267\/2021\/02\/italia2.jpg 500w, https:\/\/agora.xtec.cat\/iesnumancia\/wp-content\/uploads\/usu2267\/2021\/02\/italia2-300x225.jpg 300w, https:\/\/agora.xtec.cat\/iesnumancia\/wp-content\/uploads\/usu2267\/2021\/02\/italia2-200x150.jpg 200w\" sizes=\"auto, (max-width: 500px) 100vw, 500px\" \/><\/a>\n\t\t\t<\/dt><\/dl><br style=\"clear: both\" \/>\n\t\t<\/div>\n\n<p><b>1r Batxillerat<\/b><\/p>\n<ul>\n<li style=\"font-weight: 400;\" aria-level=\"1\"><span style=\"font-weight: 400;\">Sortida al Teatre de Sant Andreu<\/span><\/li>\n<li style=\"font-weight: 400;\" aria-level=\"1\"><span style=\"font-weight: 400;\">Excursi\u00f3 a Cotlliure<\/span><\/li>\n<li style=\"font-weight: 400;\" aria-level=\"1\"><span style=\"font-weight: 400;\">Sal\u00f3 de l&#8217;ensenyament<\/span><\/li>\n<li style=\"font-weight: 400;\" aria-level=\"1\"><span style=\"font-weight: 400;\">Jornades de confer\u00e8ncies sobre drets humans i cultura de pau<\/span><\/li>\n<li style=\"font-weight: 400;\" aria-level=\"1\"><span style=\"font-weight: 400;\">Presentacions de Treballs de recerca a la biblioteca Singuerl\u00edn<\/span><\/li>\n<li style=\"font-weight: 400;\" aria-level=\"1\"><span style=\"font-weight: 400;\">Xerrades amb motiu de la setmana de la ci\u00e8ncia<\/span><\/li>\n<\/ul>\n\n\t\t<style type=\"text\/css\">\n\t\t\t#gallery-5 {\n\t\t\t\tmargin: auto;\n\t\t\t}\n\t\t\t#gallery-5 .gallery-item {\n\t\t\t\tfloat: left;\n\t\t\t\tmargin-top: 10px;\n\t\t\t\ttext-align: center;\n\t\t\t\twidth: 100%;\n\t\t\t}\n\t\t\t#gallery-5 img {\n\t\t\t\tborder: 2px solid #cfcfcf;\n\t\t\t}\n\t\t\t#gallery-5 .gallery-caption {\n\t\t\t\tmargin-left: 0;\n\t\t\t}\n\t\t\t\/* see gallery_shortcode() in wp-includes\/media.php *\/\n\t\t<\/style>\n\t\t<div id='gallery-5' class='gallery galleryid-1460 gallery-columns-1 gallery-size-full'><dl class='gallery-item'>\n\t\t\t<dt class='gallery-icon landscape'>\n\t\t\t\t<a href='https:\/\/agora.xtec.cat\/iesnumancia\/activitats-de-centre\/attachment\/cotlliure\/'><img loading=\"lazy\" decoding=\"async\" width=\"500\" height=\"500\" src=\"https:\/\/agora.xtec.cat\/iesnumancia\/wp-content\/uploads\/usu2267\/2021\/02\/cotlliure.jpg\" class=\"attachment-full size-full\" alt=\"\" srcset=\"https:\/\/agora.xtec.cat\/iesnumancia\/wp-content\/uploads\/usu2267\/2021\/02\/cotlliure.jpg 500w, https:\/\/agora.xtec.cat\/iesnumancia\/wp-content\/uploads\/usu2267\/2021\/02\/cotlliure-150x150.jpg 150w, https:\/\/agora.xtec.cat\/iesnumancia\/wp-content\/uploads\/usu2267\/2021\/02\/cotlliure-300x300.jpg 300w\" sizes=\"auto, (max-width: 500px) 100vw, 500px\" \/><\/a>\n\t\t\t<\/dt><\/dl><br style=\"clear: both\" \/>\n\t\t<\/div>\n\n<p><b>2n Batxillerat<\/b><\/p>\n<ul>\n<li style=\"font-weight: 400;\" aria-level=\"1\"><span style=\"font-weight: 400;\">Ruta del rom\u00e0nic, del g\u00f2tic i del modernisme a Barcelona per l&#8217;alumnat d&#8217;hist\u00f2ria de l&#8217;art<\/span><\/li>\n<li style=\"font-weight: 400;\" aria-level=\"1\"><span style=\"font-weight: 400;\">Sortida al Teatre de Sant Andreu en el marc de les mat\u00e8ries de llengua castellana i llengua catalana<\/span><\/li>\n<li style=\"font-weight: 400;\" aria-level=\"1\"><span style=\"font-weight: 400;\"><span style=\"font-weight: 400;\"><span style=\"font-weight: 400;\"><span style=\"font-weight: 400;\">Visita a alguna de les universitats catalanes amb motiu de les portes obertes per estudiants de secund\u00e0ria.<\/span><\/span><\/span><\/span>\n\t\t<style type=\"text\/css\">\n\t\t\t#gallery-6 {\n\t\t\t\tmargin: auto;\n\t\t\t}\n\t\t\t#gallery-6 .gallery-item {\n\t\t\t\tfloat: left;\n\t\t\t\tmargin-top: 10px;\n\t\t\t\ttext-align: center;\n\t\t\t\twidth: 50%;\n\t\t\t}\n\t\t\t#gallery-6 img {\n\t\t\t\tborder: 2px solid #cfcfcf;\n\t\t\t}\n\t\t\t#gallery-6 .gallery-caption {\n\t\t\t\tmargin-left: 0;\n\t\t\t}\n\t\t\t\/* see gallery_shortcode() in wp-includes\/media.php *\/\n\t\t<\/style>\n\t\t<div id='gallery-6' class='gallery galleryid-1460 gallery-columns-2 gallery-size-full'><dl class='gallery-item'>\n\t\t\t<dt class='gallery-icon landscape'>\n\t\t\t\t<a href='https:\/\/agora.xtec.cat\/iesnumancia\/activitats-de-centre\/sortides\/attachment\/romanic1\/'><img loading=\"lazy\" decoding=\"async\" width=\"1032\" height=\"774\" src=\"https:\/\/agora.xtec.cat\/iesnumancia\/wp-content\/uploads\/usu2267\/2021\/02\/romanic1.jpg\" class=\"attachment-full size-full\" alt=\"\" srcset=\"https:\/\/agora.xtec.cat\/iesnumancia\/wp-content\/uploads\/usu2267\/2021\/02\/romanic1.jpg 1032w, https:\/\/agora.xtec.cat\/iesnumancia\/wp-content\/uploads\/usu2267\/2021\/02\/romanic1-300x225.jpg 300w, https:\/\/agora.xtec.cat\/iesnumancia\/wp-content\/uploads\/usu2267\/2021\/02\/romanic1-768x576.jpg 768w, https:\/\/agora.xtec.cat\/iesnumancia\/wp-content\/uploads\/usu2267\/2021\/02\/romanic1-1024x768.jpg 1024w, https:\/\/agora.xtec.cat\/iesnumancia\/wp-content\/uploads\/usu2267\/2021\/02\/romanic1-200x150.jpg 200w\" sizes=\"auto, (max-width: 1032px) 100vw, 1032px\" \/><\/a>\n\t\t\t<\/dt><\/dl><dl class='gallery-item'>\n\t\t\t<dt class='gallery-icon landscape'>\n\t\t\t\t<a href='https:\/\/agora.xtec.cat\/iesnumancia\/activitats-de-centre\/sortides\/attachment\/quimicauab-3\/'><img loading=\"lazy\" decoding=\"async\" width=\"1600\" height=\"1200\" src=\"https:\/\/agora.xtec.cat\/iesnumancia\/wp-content\/uploads\/usu2267\/2021\/02\/quimicauab-3.jpg\" class=\"attachment-full size-full\" alt=\"\" srcset=\"https:\/\/agora.xtec.cat\/iesnumancia\/wp-content\/uploads\/usu2267\/2021\/02\/quimicauab-3.jpg 1600w, https:\/\/agora.xtec.cat\/iesnumancia\/wp-content\/uploads\/usu2267\/2021\/02\/quimicauab-3-300x225.jpg 300w, https:\/\/agora.xtec.cat\/iesnumancia\/wp-content\/uploads\/usu2267\/2021\/02\/quimicauab-3-768x576.jpg 768w, https:\/\/agora.xtec.cat\/iesnumancia\/wp-content\/uploads\/usu2267\/2021\/02\/quimicauab-3-1024x768.jpg 1024w, https:\/\/agora.xtec.cat\/iesnumancia\/wp-content\/uploads\/usu2267\/2021\/02\/quimicauab-3-200x150.jpg 200w\" sizes=\"auto, (max-width: 1600px) 100vw, 1600px\" \/><\/a>\n\t\t\t<\/dt><\/dl><br style=\"clear: both\" \/>\n\t\t<\/div>\n<\/li>\n<\/ul>\n","protected":false},"excerpt":{"rendered":"<p>El nostre projecte educatiu considera fonamental la realitzaci\u00f3 de sortides que complementen el curr\u00edculum de les diverses mat\u00e8ries. Per aquest motiu, intentem que l\u2019oferta de activitats complement\u00e0ries, sigui variada, interessant i motivadora pels alumnes.<br \/>\nAix\u00ed doncs, des de tots els \u00e0mbits s\u2019organitzen sortides al llarg del&hellip;  <a href=\"https:\/\/agora.xtec.cat\/iesnumancia\/activitats-de-centre\/sortides\/\" title=\"Read Sortides.\">Llegeix m\u00e9s\u00bb<\/a><\/p>\n","protected":false},"author":1,"featured_media":0,"parent":975,"menu_order":3,"comment_status":"closed","ping_status":"closed","template":"page-templates\/side-menu.php","meta":{"_bbp_topic_count":0,"_bbp_reply_count":0,"_bbp_total_topic_count":0,"_bbp_total_reply_count":0,"_bbp_voice_count":0,"_bbp_anonymous_reply_count":0,"_bbp_topic_count_hidden":0,"_bbp_reply_count_hidden":0,"_bbp_forum_subforum_count":0,"footnotes":""},"class_list":["post-1460","page","type-page","status-publish","hentry"],"post_mailing_queue_ids":[],"_links":{"self":[{"href":"https:\/\/agora.xtec.cat\/iesnumancia\/wp-json\/wp\/v2\/pages\/1460","targetHints":{"allow":["GET"]}}],"collection":[{"href":"https:\/\/agora.xtec.cat\/iesnumancia\/wp-json\/wp\/v2\/pages"}],"about":[{"href":"https:\/\/agora.xtec.cat\/iesnumancia\/wp-json\/wp\/v2\/types\/page"}],"author":[{"embeddable":true,"href":"https:\/\/agora.xtec.cat\/iesnumancia\/wp-json\/wp\/v2\/users\/1"}],"replies":[{"embeddable":true,"href":"https:\/\/agora.xtec.cat\/iesnumancia\/wp-json\/wp\/v2\/comments?post=1460"}],"version-history":[{"count":4,"href":"https:\/\/agora.xtec.cat\/iesnumancia\/wp-json\/wp\/v2\/pages\/1460\/revisions"}],"predecessor-version":[{"id":1599,"href":"https:\/\/agora.xtec.cat\/iesnumancia\/wp-json\/wp\/v2\/pages\/1460\/revisions\/1599"}],"up":[{"embeddable":true,"href":"https:\/\/agora.xtec.cat\/iesnumancia\/wp-json\/wp\/v2\/pages\/975"}],"wp:attachment":[{"href":"https:\/\/agora.xtec.cat\/iesnumancia\/wp-json\/wp\/v2\/media?parent=1460"}],"curies":[{"name":"wp","href":"https:\/\/api.w.org\/{rel}","templated":true}]}}