{"id":1457,"date":"2021-02-12T11:08:45","date_gmt":"2021-02-12T10:08:45","guid":{"rendered":"https:\/\/agora.xtec.cat\/iesnumancia\/?page_id=1457"},"modified":"2021-06-28T13:17:11","modified_gmt":"2021-06-28T11:17:11","slug":"festes-i-celebracions","status":"publish","type":"page","link":"https:\/\/agora.xtec.cat\/iesnumancia\/activitats-de-centre\/festes-i-celebracions\/","title":{"rendered":"Festes i celebracions."},"content":{"rendered":"<p><span style=\"font-weight: 400;\">En el nostre centre alumnes i professors celebrem 3 de les festes m\u00e9s representatives del calendari. Aquell dia, es susp\u00e8n l&#8217;activitat lectiva i els alumnes participen de diverses activitats organitzades per les diverses coordinacions.<\/span><\/p>\n<ul>\n<li style=\"font-weight: 400;\" aria-level=\"1\"><b>Festa de Nadal.<\/b><span style=\"font-weight: 400;\"><span style=\"font-weight: 400;\"><span style=\"font-weight: 400;\"><span style=\"font-weight: 400;\"> La celebrem el dia previ a les vacances de Nadal. Es tracta d&#8217;una festa on es combinen tota mena d&#8217;activitats: torneigs esportius a les pistes de l&#8217;institut i al Pavell\u00f3 La Bastida, celebraci\u00f3 de l&#8217;amic invisible amb el grup de tutoria, tallers de descoberta d&#8217;activitats l\u00fadiques com &#8220;castells&#8221; o circ i el t\u00fanel del terror organitzat per l&#8217;alumnat de 4t d&#8217;ESO. Es tracta doncs d&#8217;una diada l\u00fadica on l&#8217;alumnat gaudeix de l&#8217;espai de relaci\u00f3 social fora de l&#8217;aula.<\/span><\/span><\/span><\/span><br \/>\n<table>\n<tbody>\n<tr>\n<td><a href=\"https:\/\/agora.xtec.cat\/iesnumancia\/wp-content\/uploads\/usu2267\/2021\/02\/t.jpg\"><img loading=\"lazy\" decoding=\"async\" class=\"aligncenter wp-image-1433\" src=\"https:\/\/agora.xtec.cat\/iesnumancia\/wp-content\/uploads\/usu2267\/2021\/02\/t.jpg\" alt=\"\" width=\"574\" height=\"384\" srcset=\"https:\/\/agora.xtec.cat\/iesnumancia\/wp-content\/uploads\/usu2267\/2021\/02\/t.jpg 1000w, https:\/\/agora.xtec.cat\/iesnumancia\/wp-content\/uploads\/usu2267\/2021\/02\/t-300x201.jpg 300w, https:\/\/agora.xtec.cat\/iesnumancia\/wp-content\/uploads\/usu2267\/2021\/02\/t-768x514.jpg 768w\" sizes=\"auto, (max-width: 574px) 100vw, 574px\" \/><\/a><\/td>\n<td><a href=\"https:\/\/agora.xtec.cat\/iesnumancia\/wp-content\/uploads\/usu2267\/2021\/02\/esports-nadal.jpg\"><img loading=\"lazy\" decoding=\"async\" class=\"aligncenter wp-image-1427\" src=\"https:\/\/agora.xtec.cat\/iesnumancia\/wp-content\/uploads\/usu2267\/2021\/02\/esports-nadal.jpg\" alt=\"\" width=\"671\" height=\"378\" srcset=\"https:\/\/agora.xtec.cat\/iesnumancia\/wp-content\/uploads\/usu2267\/2021\/02\/esports-nadal.jpg 936w, https:\/\/agora.xtec.cat\/iesnumancia\/wp-content\/uploads\/usu2267\/2021\/02\/esports-nadal-300x169.jpg 300w, https:\/\/agora.xtec.cat\/iesnumancia\/wp-content\/uploads\/usu2267\/2021\/02\/esports-nadal-768x432.jpg 768w\" sizes=\"auto, (max-width: 671px) 100vw, 671px\" \/><\/a><\/td>\n<td><a href=\"https:\/\/agora.xtec.cat\/iesnumancia\/wp-content\/uploads\/usu2267\/2021\/02\/nadal-circ.jpg\"><img loading=\"lazy\" decoding=\"async\" class=\"aligncenter wp-image-1428\" src=\"https:\/\/agora.xtec.cat\/iesnumancia\/wp-content\/uploads\/usu2267\/2021\/02\/nadal-circ.jpg\" alt=\"\" width=\"213\" height=\"379\" srcset=\"https:\/\/agora.xtec.cat\/iesnumancia\/wp-content\/uploads\/usu2267\/2021\/02\/nadal-circ.jpg 900w, https:\/\/agora.xtec.cat\/iesnumancia\/wp-content\/uploads\/usu2267\/2021\/02\/nadal-circ-169x300.jpg 169w, https:\/\/agora.xtec.cat\/iesnumancia\/wp-content\/uploads\/usu2267\/2021\/02\/nadal-circ-768x1365.jpg 768w, https:\/\/agora.xtec.cat\/iesnumancia\/wp-content\/uploads\/usu2267\/2021\/02\/nadal-circ-576x1024.jpg 576w\" sizes=\"auto, (max-width: 213px) 100vw, 213px\" \/><\/a><\/td>\n<td><a href=\"https:\/\/agora.xtec.cat\/iesnumancia\/wp-content\/uploads\/usu2267\/2021\/02\/castells-nadal-e1613082595725.jpg\"><img loading=\"lazy\" decoding=\"async\" class=\"aligncenter wp-image-1426\" src=\"https:\/\/agora.xtec.cat\/iesnumancia\/wp-content\/uploads\/usu2267\/2021\/02\/castells-nadal-e1613082595725.jpg\" alt=\"\" width=\"283\" height=\"376\" \/><\/a><\/td>\n<\/tr>\n<\/tbody>\n<\/table>\n<\/li>\n<\/ul>\n<ul>\n<li style=\"font-weight: 400;\" aria-level=\"1\"><b>Festa de Carnestoltes. <\/b><span style=\"font-weight: 400;\"><span style=\"font-weight: 400;\"><span style=\"font-weight: 400;\">Els dies anteriors a la festa de Carnestoltes l&#8217;alumnat s&#8217;organitza per grups classe i prepara un seguit de comparses amb m\u00fasica i coreografia. El dia de la festa fan la posada en escena, en el gimn\u00e0s, davant de la resta d&#8217;alumnat i professors. El jurat de les comparses s\u00f3n exalumnes del centre que s&#8217;ofereixen a compartir la festa amb nosaltres!<\/span><\/span><\/span><br \/>\n<table>\n<tbody>\n<tr>\n<td><a href=\"https:\/\/agora.xtec.cat\/iesnumancia\/wp-content\/uploads\/usu2267\/2021\/02\/carnestoltes2.jpg\"><img loading=\"lazy\" decoding=\"async\" class=\"aligncenter size-full wp-image-1272\" src=\"https:\/\/agora.xtec.cat\/iesnumancia\/wp-content\/uploads\/usu2267\/2021\/02\/carnestoltes2.jpg\" alt=\"\" width=\"500\" height=\"375\" srcset=\"https:\/\/agora.xtec.cat\/iesnumancia\/wp-content\/uploads\/usu2267\/2021\/02\/carnestoltes2.jpg 500w, https:\/\/agora.xtec.cat\/iesnumancia\/wp-content\/uploads\/usu2267\/2021\/02\/carnestoltes2-300x225.jpg 300w, https:\/\/agora.xtec.cat\/iesnumancia\/wp-content\/uploads\/usu2267\/2021\/02\/carnestoltes2-200x150.jpg 200w\" sizes=\"auto, (max-width: 500px) 100vw, 500px\" \/><\/a><\/td>\n<td><a href=\"https:\/\/agora.xtec.cat\/iesnumancia\/wp-content\/uploads\/usu2267\/2021\/02\/carnestoltes.jpg\"><img loading=\"lazy\" decoding=\"async\" class=\"aligncenter size-full wp-image-1271\" src=\"https:\/\/agora.xtec.cat\/iesnumancia\/wp-content\/uploads\/usu2267\/2021\/02\/carnestoltes.jpg\" alt=\"\" width=\"500\" height=\"375\" srcset=\"https:\/\/agora.xtec.cat\/iesnumancia\/wp-content\/uploads\/usu2267\/2021\/02\/carnestoltes.jpg 500w, https:\/\/agora.xtec.cat\/iesnumancia\/wp-content\/uploads\/usu2267\/2021\/02\/carnestoltes-300x225.jpg 300w, https:\/\/agora.xtec.cat\/iesnumancia\/wp-content\/uploads\/usu2267\/2021\/02\/carnestoltes-200x150.jpg 200w\" sizes=\"auto, (max-width: 500px) 100vw, 500px\" \/><\/a><\/td>\n<td><a href=\"https:\/\/agora.xtec.cat\/iesnumancia\/wp-content\/uploads\/usu2267\/2021\/02\/carnest5-1.jpg\"><img loading=\"lazy\" decoding=\"async\" class=\"aligncenter wp-image-1448\" src=\"https:\/\/agora.xtec.cat\/iesnumancia\/wp-content\/uploads\/usu2267\/2021\/02\/carnest5-1.jpg\" alt=\"\" width=\"565\" height=\"376\" srcset=\"https:\/\/agora.xtec.cat\/iesnumancia\/wp-content\/uploads\/usu2267\/2021\/02\/carnest5-1.jpg 1296w, https:\/\/agora.xtec.cat\/iesnumancia\/wp-content\/uploads\/usu2267\/2021\/02\/carnest5-1-300x200.jpg 300w, https:\/\/agora.xtec.cat\/iesnumancia\/wp-content\/uploads\/usu2267\/2021\/02\/carnest5-1-768x512.jpg 768w, https:\/\/agora.xtec.cat\/iesnumancia\/wp-content\/uploads\/usu2267\/2021\/02\/carnest5-1-1024x683.jpg 1024w\" sizes=\"auto, (max-width: 565px) 100vw, 565px\" \/><\/a><\/td>\n<\/tr>\n<\/tbody>\n<\/table>\n<\/li>\n<\/ul>\n<p>&nbsp;<\/p>\n<ul>\n<li><b>Festa de Sant Jordi.<\/b><span style=\"font-weight: 400;\"><span style=\"font-weight: 400;\"> El dia 23 d&#8217;abril celebrem el dia del llibre i la rosa amb tallers culturals, l&#8217;entrega de premis del concurs literari i la tradicional venda de roses i llibres organitzat<\/span><\/span><span style=\"font-weight: 400;\">\u00a0per l&#8217;alumnat de 1r de batxillerat.<\/span><\/li>\n<\/ul>\n<p>En finalitzar el curs els nivells de 4t d&#8217;ESO i 2n de Batxillerat<\/p>\n<ul>\n<li style=\"font-weight: 400; text-align: justify;\" aria-level=\"1\"><b>Festes de graduaci\u00f3.<\/b><span style=\"font-weight: 400;\"><span style=\"font-weight: 400;\"> Durant el mes de juny, \u00e9s costum en el nostre centre celebrar la graduaci\u00f3 dels alumnes que finalitzen l&#8217;etapa obligat\u00f2ria (4t d&#8217;ESO) i la postobligat\u00f2ria (2n de batxillerat). L&#8217;acte de graduaci\u00f3 t\u00e9 lloc en el gimn\u00e0s del centre, on els alumnes s\u00f3n acomiadats en companyia dels seus professors i familiars. Despr\u00e9s ho celebrem tots junts al pati de l&#8217;institut amb un petit refrigeri. No falten les actuacions musicals i les intervencions per part de pares, alumnes i professorat. Aquests s\u00f3n moments per gaudir de la conviv\u00e8ncia en el centre de tota la comunitat educativa.<\/span><\/span>\n<p><figure class=\"figure wp-caption aligncenter\"><a href=\"https:\/\/agora.xtec.cat\/iesnumancia\/wp-content\/uploads\/usu2267\/2021\/02\/graduacio.jpg\"><img loading=\"lazy\" decoding=\"async\" class=\" wp-image-1273\" src=\"https:\/\/agora.xtec.cat\/iesnumancia\/wp-content\/uploads\/usu2267\/2021\/02\/graduacio.jpg\" alt=\"\" width=\"777\" height=\"437\" srcset=\"https:\/\/agora.xtec.cat\/iesnumancia\/wp-content\/uploads\/usu2267\/2021\/02\/graduacio.jpg 2048w, https:\/\/agora.xtec.cat\/iesnumancia\/wp-content\/uploads\/usu2267\/2021\/02\/graduacio-300x169.jpg 300w, https:\/\/agora.xtec.cat\/iesnumancia\/wp-content\/uploads\/usu2267\/2021\/02\/graduacio-768x432.jpg 768w, https:\/\/agora.xtec.cat\/iesnumancia\/wp-content\/uploads\/usu2267\/2021\/02\/graduacio-1024x576.jpg 1024w\" sizes=\"auto, (max-width: 777px) 100vw, 777px\" \/><\/a><figcaption class=\"wp-caption-text\">Graduaci\u00f3 2n batxillerat<\/figcaption><\/figure><\/li>\n<\/ul>\n","protected":false},"excerpt":{"rendered":"<p>En el nostre centre alumnes i professors celebrem 3 de les festes m\u00e9s representatives del calendari. Aquell dia, es susp\u00e8n l&#8217;activitat lectiva i els alumnes participen de diverses activitats organitzades per les diverses coordinacions.<\/p>\n<ul>\n<li style=\"font-weight: 400;\" aria-level=\"1\">Festa de Nadal. La celebrem el dia previ a&hellip;  <a href=\"https:\/\/agora.xtec.cat\/iesnumancia\/activitats-de-centre\/festes-i-celebracions\/\" title=\"Read Festes i celebracions.\">Llegeix m\u00e9s\u00bb<\/a><br \/>\n","protected":false},"author":1,"featured_media":0,"parent":975,"menu_order":1,"comment_status":"closed","ping_status":"closed","template":"page-templates\/side-menu.php","meta":{"_bbp_topic_count":0,"_bbp_reply_count":0,"_bbp_total_topic_count":0,"_bbp_total_reply_count":0,"_bbp_voice_count":0,"_bbp_anonymous_reply_count":0,"_bbp_topic_count_hidden":0,"_bbp_reply_count_hidden":0,"_bbp_forum_subforum_count":0,"footnotes":""},"class_list":["post-1457","page","type-page","status-publish","hentry"],"post_mailing_queue_ids":[],"_links":{"self":[{"href":"https:\/\/agora.xtec.cat\/iesnumancia\/wp-json\/wp\/v2\/pages\/1457","targetHints":{"allow":["GET"]}}],"collection":[{"href":"https:\/\/agora.xtec.cat\/iesnumancia\/wp-json\/wp\/v2\/pages"}],"about":[{"href":"https:\/\/agora.xtec.cat\/iesnumancia\/wp-json\/wp\/v2\/types\/page"}],"author":[{"embeddable":true,"href":"https:\/\/agora.xtec.cat\/iesnumancia\/wp-json\/wp\/v2\/users\/1"}],"replies":[{"embeddable":true,"href":"https:\/\/agora.xtec.cat\/iesnumancia\/wp-json\/wp\/v2\/comments?post=1457"}],"version-history":[{"count":3,"href":"https:\/\/agora.xtec.cat\/iesnumancia\/wp-json\/wp\/v2\/pages\/1457\/revisions"}],"predecessor-version":[{"id":1475,"href":"https:\/\/agora.xtec.cat\/iesnumancia\/wp-json\/wp\/v2\/pages\/1457\/revisions\/1475"}],"up":[{"embeddable":true,"href":"https:\/\/agora.xtec.cat\/iesnumancia\/wp-json\/wp\/v2\/pages\/975"}],"wp:attachment":[{"href":"https:\/\/agora.xtec.cat\/iesnumancia\/wp-json\/wp\/v2\/media?parent=1457"}],"curies":[{"name":"wp","href":"https:\/\/api.w.org\/{rel}","templated":true}]}}