{"id":1359,"date":"2021-02-11T00:25:19","date_gmt":"2021-02-10T23:25:19","guid":{"rendered":"https:\/\/agora.xtec.cat\/iesnumancia\/?page_id=1359"},"modified":"2022-03-01T13:24:49","modified_gmt":"2022-03-01T12:24:49","slug":"numancia-en-un-clic","status":"publish","type":"page","link":"https:\/\/agora.xtec.cat\/iesnumancia\/linstitut\/numancia-en-un-clic\/","title":{"rendered":"Num\u00e0ncia en un clic."},"content":{"rendered":"<p style=\"text-align: center;\"><strong>Presentaci\u00f3 del nostre centre educatiu.<\/strong><\/p>\n<p><a href=\" https:\/\/youtu.be\/0eE9Lap5f2k\"><img loading=\"lazy\" decoding=\"async\" class=\"aligncenter size-medium wp-image-1855\" src=\"https:\/\/agora.xtec.cat\/iesnumancia\/wp-content\/uploads\/usu2267\/2021\/02\/clic-v\u00eddeo-oficial-300x169.jpg\" alt=\"\" width=\"300\" height=\"169\" srcset=\"https:\/\/agora.xtec.cat\/iesnumancia\/wp-content\/uploads\/usu2267\/2021\/02\/clic-v\u00eddeo-oficial-300x169.jpg 300w, https:\/\/agora.xtec.cat\/iesnumancia\/wp-content\/uploads\/usu2267\/2021\/02\/clic-v\u00eddeo-oficial.jpg 684w\" sizes=\"auto, (max-width: 300px) 100vw, 300px\" \/>_______________________________________________________________________<\/a><\/p>\n<p style=\"text-align: center;\"><strong>Setmana de la ci\u00e8ncia: Num\u00e0ncia ci\u00e8ncia.<\/strong><\/p>\n<p><a href=\"https:\/\/vimeo.com\/666348087\"><img loading=\"lazy\" decoding=\"async\" class=\"aligncenter wp-image-2599 size-full\" src=\"https:\/\/agora.xtec.cat\/iesnumancia\/wp-content\/uploads\/usu2267\/2022\/01\/unnamed.jpg\" alt=\"\" width=\"203\" height=\"189\" \/><\/a>_______________________________________________________________________<\/p>\n<p><strong>\u00a0 \u00a0 \u00a0 \u00a0 \u00a0 \u00a0 \u00a0 \u00a0 \u00a0 \u00a0 \u00a0 \u00a0 \u00a0 \u00a0 \u00a0 \u00a0 \u00a0 \u00a0 \u00a0 \u00a0 \u00a0 \u00a0 \u00a0 \u00a0 \u00a0 \u00a0 \u00a0 \u00a0 \u00a0 \u00a0 \u00a0 \u00a0 \u00a0 \u00a0 \u00a0 \u00a0 \u00a0 \u00c0mbit de lleng\u00fces estrangeres<\/strong><\/p>\n<p><a href=\"https:\/\/vimeo.com\/515387314\"><br \/>\n<img loading=\"lazy\" decoding=\"async\" class=\"aligncenter size-medium wp-image-1834\" src=\"https:\/\/agora.xtec.cat\/iesnumancia\/wp-content\/uploads\/usu2267\/2021\/02\/lleng\u00fces-estrangeres-300x201.jpg\" alt=\"\" width=\"300\" height=\"201\" srcset=\"https:\/\/agora.xtec.cat\/iesnumancia\/wp-content\/uploads\/usu2267\/2021\/02\/lleng\u00fces-estrangeres-300x201.jpg 300w, https:\/\/agora.xtec.cat\/iesnumancia\/wp-content\/uploads\/usu2267\/2021\/02\/lleng\u00fces-estrangeres.jpg 527w\" sizes=\"auto, (max-width: 300px) 100vw, 300px\" \/><\/a><\/p>\n<p>_______________________________________________________________________<\/p>\n<p style=\"text-align: center;\"><strong>\u00c0mbit social i personal.<\/strong><\/p>\n<p><a href=\"https:\/\/vimeo.com\/680124752\"><img loading=\"lazy\" decoding=\"async\" class=\"aligncenter wp-image-2689\" src=\"https:\/\/agora.xtec.cat\/iesnumancia\/wp-content\/uploads\/usu2267\/2022\/02\/social22.png\" alt=\"\" width=\"302\" height=\"145\" \/><\/a>_______________________________________________________________________<\/p>\n<p style=\"text-align: center;\"><strong>\u00c0mbit de llengua catalana.<\/strong><\/p>\n<p><a href=\"https:\/\/vimeo.com\/515799877\"><img loading=\"lazy\" decoding=\"async\" class=\"aligncenter wp-image-1845 size-medium\" src=\"https:\/\/agora.xtec.cat\/iesnumancia\/wp-content\/uploads\/usu2267\/2021\/02\/Captura55-300x164.jpg\" alt=\"\" width=\"300\" height=\"164\" srcset=\"https:\/\/agora.xtec.cat\/iesnumancia\/wp-content\/uploads\/usu2267\/2021\/02\/Captura55-300x164.jpg 300w, https:\/\/agora.xtec.cat\/iesnumancia\/wp-content\/uploads\/usu2267\/2021\/02\/Captura55.jpg 612w\" sizes=\"auto, (max-width: 300px) 100vw, 300px\" \/><\/a><\/p>\n<p>_______________________________________________________________________<\/p>\n<p style=\"text-align: center;\"><strong>\u00c0mbit de llengua castellana i cl\u00e0ssiques ( llat\u00ed i grec ).<\/strong><\/p>\n<p><a href=\"https:\/\/vimeo.com\/510912450\"><img loading=\"lazy\" decoding=\"async\" class=\"aligncenter size-medium wp-image-1565\" src=\"https:\/\/agora.xtec.cat\/iesnumancia\/wp-content\/uploads\/usu2267\/2021\/02\/castella-300x166.jpg\" alt=\"\" width=\"300\" height=\"166\" srcset=\"https:\/\/agora.xtec.cat\/iesnumancia\/wp-content\/uploads\/usu2267\/2021\/02\/castella-300x166.jpg 300w, https:\/\/agora.xtec.cat\/iesnumancia\/wp-content\/uploads\/usu2267\/2021\/02\/castella.jpg 596w\" sizes=\"auto, (max-width: 300px) 100vw, 300px\" \/><\/a><\/p>\n<p>_______________________________________________________________________<\/p>\n<p style=\"text-align: center;\"><strong>Viatges per nivells.<\/strong><\/p>\n<p><a href=\"https:\/\/vimeo.com\/512209199\"><img loading=\"lazy\" decoding=\"async\" class=\"aligncenter size-medium wp-image-1566\" src=\"https:\/\/agora.xtec.cat\/iesnumancia\/wp-content\/uploads\/usu2267\/2021\/02\/viatges-per-nivells-300x205.jpg\" alt=\"\" width=\"300\" height=\"205\" srcset=\"https:\/\/agora.xtec.cat\/iesnumancia\/wp-content\/uploads\/usu2267\/2021\/02\/viatges-per-nivells-300x205.jpg 300w, https:\/\/agora.xtec.cat\/iesnumancia\/wp-content\/uploads\/usu2267\/2021\/02\/viatges-per-nivells.jpg 444w\" sizes=\"auto, (max-width: 300px) 100vw, 300px\" \/><\/a><\/p>\n<p>______________________________________________________________________<\/p>\n<p style=\"text-align: center;\"><strong>Carnestoltes a l&#8217;institut.<\/strong><\/p>\n<p><a href=\"https:\/\/vimeo.com\/512220510\"><img loading=\"lazy\" decoding=\"async\" class=\"aligncenter size-medium wp-image-1568\" src=\"https:\/\/agora.xtec.cat\/iesnumancia\/wp-content\/uploads\/usu2267\/2021\/02\/DSC03722_1-300x169.jpg\" alt=\"\" width=\"300\" height=\"169\" srcset=\"https:\/\/agora.xtec.cat\/iesnumancia\/wp-content\/uploads\/usu2267\/2021\/02\/DSC03722_1-300x169.jpg 300w, https:\/\/agora.xtec.cat\/iesnumancia\/wp-content\/uploads\/usu2267\/2021\/02\/DSC03722_1-768x432.jpg 768w, https:\/\/agora.xtec.cat\/iesnumancia\/wp-content\/uploads\/usu2267\/2021\/02\/DSC03722_1-1024x576.jpg 1024w, https:\/\/agora.xtec.cat\/iesnumancia\/wp-content\/uploads\/usu2267\/2021\/02\/DSC03722_1.jpg 1920w\" sizes=\"auto, (max-width: 300px) 100vw, 300px\" \/><\/a><\/p>\n","protected":false},"excerpt":{"rendered":"<p>Presentaci\u00f3 del nostre centre educatiu.<br \/>\n<a href=\" https:\/\/youtu.be\/0eE9Lap5f2k\">_______________________________________________________________________<\/a><br \/>\nSetmana de la ci\u00e8ncia: Num\u00e0ncia ci\u00e8ncia.<br \/>\n<a href=\"https:\/\/vimeo.com\/666348087\"><\/a>_______________________________________________________________________<br \/>\n\u00a0 \u00a0 \u00a0 \u00a0 \u00a0 \u00a0 \u00a0 \u00a0 \u00a0 \u00a0 \u00a0 \u00a0 \u00a0 \u00a0 \u00a0 \u00a0 \u00a0 \u00a0 \u00a0 \u00a0 \u00a0 \u00a0 \u00a0 \u00a0 \u00a0 \u00a0 \u00a0 \u00a0 \u00a0 \u00a0 \u00a0 \u00a0 \u00a0&hellip;  <a href=\"https:\/\/agora.xtec.cat\/iesnumancia\/linstitut\/numancia-en-un-clic\/\" title=\"Read Num\u00e0ncia en un clic.\">Llegeix m\u00e9s\u00bb<\/a><\/p>\n","protected":false},"author":1,"featured_media":0,"parent":19,"menu_order":100,"comment_status":"closed","ping_status":"closed","template":"page-templates\/side-menu.php","meta":{"_bbp_topic_count":0,"_bbp_reply_count":0,"_bbp_total_topic_count":0,"_bbp_total_reply_count":0,"_bbp_voice_count":0,"_bbp_anonymous_reply_count":0,"_bbp_topic_count_hidden":0,"_bbp_reply_count_hidden":0,"_bbp_forum_subforum_count":0,"footnotes":""},"class_list":["post-1359","page","type-page","status-publish","hentry"],"post_mailing_queue_ids":[],"_links":{"self":[{"href":"https:\/\/agora.xtec.cat\/iesnumancia\/wp-json\/wp\/v2\/pages\/1359","targetHints":{"allow":["GET"]}}],"collection":[{"href":"https:\/\/agora.xtec.cat\/iesnumancia\/wp-json\/wp\/v2\/pages"}],"about":[{"href":"https:\/\/agora.xtec.cat\/iesnumancia\/wp-json\/wp\/v2\/types\/page"}],"author":[{"embeddable":true,"href":"https:\/\/agora.xtec.cat\/iesnumancia\/wp-json\/wp\/v2\/users\/1"}],"replies":[{"embeddable":true,"href":"https:\/\/agora.xtec.cat\/iesnumancia\/wp-json\/wp\/v2\/comments?post=1359"}],"version-history":[{"count":3,"href":"https:\/\/agora.xtec.cat\/iesnumancia\/wp-json\/wp\/v2\/pages\/1359\/revisions"}],"predecessor-version":[{"id":2728,"href":"https:\/\/agora.xtec.cat\/iesnumancia\/wp-json\/wp\/v2\/pages\/1359\/revisions\/2728"}],"up":[{"embeddable":true,"href":"https:\/\/agora.xtec.cat\/iesnumancia\/wp-json\/wp\/v2\/pages\/19"}],"wp:attachment":[{"href":"https:\/\/agora.xtec.cat\/iesnumancia\/wp-json\/wp\/v2\/media?parent=1359"}],"curies":[{"name":"wp","href":"https:\/\/api.w.org\/{rel}","templated":true}]}}