{"id":1336,"date":"2021-02-10T17:25:15","date_gmt":"2021-02-10T16:25:15","guid":{"rendered":"https:\/\/agora.xtec.cat\/iesnumancia\/?page_id=1336"},"modified":"2025-09-09T10:15:48","modified_gmt":"2025-09-09T08:15:48","slug":"2n-deso","status":"publish","type":"page","link":"https:\/\/agora.xtec.cat\/iesnumancia\/estudis\/2n-deso\/","title":{"rendered":"2n d&#8217;ESO"},"content":{"rendered":"<p style=\"text-align: justify;\">Al finalitzar 2n d&#8217;ESO els alumnes hauran acabat el primer cicle, ja estaran completament habituats a la din\u00e0mica de l&#8217;institut i l&#8217;adolesc\u00e8ncia es manifestar\u00e0 de ple. En aquest moment, l&#8217;acci\u00f3 tutorial i el treball conjunt entre escola i fam\u00edlia continua essent molt important.<\/p>\n<p>Durant el curs 2025-26, els tutors\/es dels alumnes de 2n d&#8217;ESO s\u00f3n:<\/p>\n<p style=\"text-align: left;\"><strong>2n ESO A: Vanessa Cerqueira<br \/>\n<\/strong><\/p>\n<p style=\"text-align: left;\"><strong>2n ESO B: David Segura<br \/>\n<\/strong><\/p>\n<p style=\"text-align: left;\"><strong>2n ESO C:\u00a0 Marco Antonio Siles<br \/>\n<\/strong><\/p>\n<p style=\"text-align: left;\"><strong>2n ESO D: Javier Aguilar<br \/>\n<\/strong><\/p>\n<p style=\"text-align: left;\"><strong>2n ESO E: Eduardo Garc\u00eda<br \/>\n<\/strong><\/p>\n<p><strong>2n ESO F: Mireia Arrufat<\/strong><\/p>\n<p>Els alumnes compten tamb\u00e9 amb el suport de l\u2019equip d&#8217;orientaci\u00f3 de 1r cicle:<\/p>\n<p><strong>ORIENTADORA: Mireia Arrufat<\/strong><strong style=\"font-family: inherit; font-size: 1em;\"> ____________________<\/strong><\/p>\n<p style=\"text-align: justify;\">A l\u2019ESO els alumnes realitzen horari intensiu. Els alumnes entren a les 08:05 h al centre i surten a les 14:25 h. L\u2019abs\u00e8ncia es controla de forma inform\u00e0tica i en cas de que l\u2019alumne no hagi vingut a classe a primera hora s\u2019envia un missatge per SMS al tel\u00e8fon de contacte de la fam\u00edlia.<\/p>\n<p><strong>Horaris de grup 2n d&#8217; ESO curs 2025-26 ___________________________________________________________________________________________<\/strong><\/p>\n<table style=\"border-collapse: collapse; width: 100%;\">\n<tbody>\n<tr>\n<td style=\"width: 100%;\"><img loading=\"lazy\" decoding=\"async\" class=\"aligncenter size-full wp-image-8989\" src=\"https:\/\/agora.xtec.cat\/iesnumancia\/wp-content\/uploads\/usu2267\/2025\/09\/E2A.png\" alt=\"\" width=\"625\" height=\"440\" srcset=\"https:\/\/agora.xtec.cat\/iesnumancia\/wp-content\/uploads\/usu2267\/2025\/09\/E2A.png 625w, https:\/\/agora.xtec.cat\/iesnumancia\/wp-content\/uploads\/usu2267\/2025\/09\/E2A-300x211.png 300w\" sizes=\"auto, (max-width: 625px) 100vw, 625px\" \/><\/td>\n<\/tr>\n<tr>\n<td style=\"width: 100%;\"><img loading=\"lazy\" decoding=\"async\" class=\"aligncenter size-full wp-image-8990\" src=\"https:\/\/agora.xtec.cat\/iesnumancia\/wp-content\/uploads\/usu2267\/2025\/09\/E2B.png\" alt=\"\" width=\"625\" height=\"437\" srcset=\"https:\/\/agora.xtec.cat\/iesnumancia\/wp-content\/uploads\/usu2267\/2025\/09\/E2B.png 625w, https:\/\/agora.xtec.cat\/iesnumancia\/wp-content\/uploads\/usu2267\/2025\/09\/E2B-300x210.png 300w\" sizes=\"auto, (max-width: 625px) 100vw, 625px\" \/><\/td>\n<\/tr>\n<tr>\n<td style=\"width: 100%;\"><img loading=\"lazy\" decoding=\"async\" class=\"aligncenter size-full wp-image-8985\" src=\"https:\/\/agora.xtec.cat\/iesnumancia\/wp-content\/uploads\/usu2267\/2025\/09\/E2C.png\" alt=\"\" width=\"628\" height=\"440\" srcset=\"https:\/\/agora.xtec.cat\/iesnumancia\/wp-content\/uploads\/usu2267\/2025\/09\/E2C.png 628w, https:\/\/agora.xtec.cat\/iesnumancia\/wp-content\/uploads\/usu2267\/2025\/09\/E2C-300x210.png 300w\" sizes=\"auto, (max-width: 628px) 100vw, 628px\" \/><\/td>\n<\/tr>\n<tr>\n<td style=\"width: 100%;\"><img loading=\"lazy\" decoding=\"async\" class=\"aligncenter size-full wp-image-8986\" src=\"https:\/\/agora.xtec.cat\/iesnumancia\/wp-content\/uploads\/usu2267\/2025\/09\/E2D.png\" alt=\"\" width=\"622\" height=\"436\" srcset=\"https:\/\/agora.xtec.cat\/iesnumancia\/wp-content\/uploads\/usu2267\/2025\/09\/E2D.png 622w, https:\/\/agora.xtec.cat\/iesnumancia\/wp-content\/uploads\/usu2267\/2025\/09\/E2D-300x210.png 300w\" sizes=\"auto, (max-width: 622px) 100vw, 622px\" \/><\/td>\n<\/tr>\n<tr>\n<td style=\"width: 100%;\"><img loading=\"lazy\" decoding=\"async\" class=\"aligncenter size-full wp-image-8987\" src=\"https:\/\/agora.xtec.cat\/iesnumancia\/wp-content\/uploads\/usu2267\/2025\/09\/E2E.png\" alt=\"\" width=\"620\" height=\"436\" srcset=\"https:\/\/agora.xtec.cat\/iesnumancia\/wp-content\/uploads\/usu2267\/2025\/09\/E2E.png 620w, https:\/\/agora.xtec.cat\/iesnumancia\/wp-content\/uploads\/usu2267\/2025\/09\/E2E-300x211.png 300w\" sizes=\"auto, (max-width: 620px) 100vw, 620px\" \/><\/td>\n<\/tr>\n<tr>\n<td style=\"width: 100%;\"><img loading=\"lazy\" decoding=\"async\" class=\"aligncenter size-full wp-image-8988\" src=\"https:\/\/agora.xtec.cat\/iesnumancia\/wp-content\/uploads\/usu2267\/2025\/09\/E2F.png\" alt=\"\" width=\"626\" height=\"441\" srcset=\"https:\/\/agora.xtec.cat\/iesnumancia\/wp-content\/uploads\/usu2267\/2025\/09\/E2F.png 626w, https:\/\/agora.xtec.cat\/iesnumancia\/wp-content\/uploads\/usu2267\/2025\/09\/E2F-300x211.png 300w\" sizes=\"auto, (max-width: 626px) 100vw, 626px\" \/><\/td>\n<\/tr>\n<\/tbody>\n<\/table>\n<p><strong>Avaluaci\u00f3_________________________________________________________________________________________________________<\/strong><\/p>\n<p style=\"text-align: justify;\">Durant el primer trimestre es realitza una avaluaci\u00f3 inicial que arriba a les fam\u00edlies a principis de novembre. A m\u00e9s a m\u00e9s, es realitzen les 3 avaluacions habituals (desembre, mar\u00e7 i juny) i l\u2019avaluaci\u00f3 final que determina el pas de curs. Les notes finals es fan arribar als alumnes a finals del mes de juny<\/p>\n<p style=\"text-align: justify;\">En l\u2019avaluaci\u00f3 es valoren l\u2019assoliment de les compet\u00e8ncies de les diverses mat\u00e8ries per part dels alumnes. Per tant, les qualificacions que poden obtenir, s\u00f3n:<\/p>\n<ul>\n<li>No Assoliment (NA)<\/li>\n<li>Assoliment Satisfactori (AS)<\/li>\n<li>Assoliment Notable (AN)<\/li>\n<li>Assoliment Excel\u00b7lent (AE)<\/li>\n<\/ul>\n<p><strong>Mat\u00e8ries 2n d\u2019ESO_________________________________________________________________________________________________<\/strong><\/p>\n<p>Les mat\u00e8ries que marca el curr\u00edculum de 2n d\u2019ESO i la seva c\u00e0rrega hor\u00e0ria setmanal s\u00f3n:<\/p>\n<ul>\n<li style=\"font-weight: 400;\" aria-level=\"1\"><span style=\"font-weight: 400;\">Llengua Catalana (3h)\u00a0<\/span><\/li>\n<li style=\"font-weight: 400;\" aria-level=\"1\"><span style=\"font-weight: 400;\">Llengua Castellana (3h)<\/span><\/li>\n<li style=\"font-weight: 400;\" aria-level=\"1\"><span style=\"font-weight: 400;\">Llengua Estrangera (Angl\u00e8s) (4h)<\/span><\/li>\n<li style=\"font-weight: 400;\" aria-level=\"1\"><span style=\"font-weight: 400;\">Matem\u00e0tiques (4h)\u00a0<\/span><\/li>\n<li style=\"font-weight: 400;\" aria-level=\"1\"><span style=\"font-weight: 400;\">Educaci\u00f3 F\u00edsica (2h)<\/span><\/li>\n<li style=\"font-weight: 400;\" aria-level=\"1\"><span style=\"font-weight: 400;\">Socials (3h)\u00a0<\/span><\/li>\n<li style=\"font-weight: 400;\" aria-level=\"1\"><span style=\"font-weight: 400;\">Visual i Pl\u00e0stica (2h)<\/span><\/li>\n<li style=\"font-weight: 400;\" aria-level=\"1\"><span style=\"font-weight: 400;\">\u00c0mbit Cient\u00edfic + Tecnol\u00f2gic (5h). Agrupament de Tecnologia i Ci\u00e8ncies<\/span><\/li>\n<li style=\"font-weight: 400;\" aria-level=\"1\"><span style=\"font-weight: 400;\">Complement\u00e0ria \/ Religi\u00f3 (1h)<\/span><\/li>\n<li style=\"font-weight: 400;\" aria-level=\"1\"><span style=\"font-weight: 400;\">Tutoria (1h)<\/span><\/li>\n<li style=\"font-weight: 400;\" aria-level=\"1\"><span style=\"font-weight: 400;\">Optatives (2h): Compet\u00e8ncia Ling\u00fc\u00edstica \/ Alemany\u00a0<\/span><\/li>\n<\/ul>\n<p><strong>Material___________________________________________________________________________________________________________<\/strong><\/p>\n<p>El material que es recomana que portin els alumnes a classe i que han d\u2019adquirir les fam\u00edlies \u00e9s el seg\u00fcent:<\/p>\n<ul>\n<li style=\"text-align: justify;\">Material d\u2019\u00fas personal: llibretes o carpeta amb fulls, estoig amb material d\u2019escriptura,<\/li>\n<li style=\"text-align: justify;\">Material complementari: comp\u00e0s, regles, calculadora, &#8230; (el professor de cada mat\u00e8ria informar\u00e0 als alumnes el primer dia de classe).<\/li>\n<li style=\"text-align: justify;\">Agenda: en cas de ser soci de l\u2019AFA l\u2019agenda es d\u00f3na a l\u2019alumne el primer dia de curs.<\/li>\n<li style=\"text-align: justify;\">Ordinador personal: Els alumnes han de continuar utilitzant l&#8217;ordinador personal que van adquirir a 1r d&#8217;ESO.<\/li>\n<li style=\"text-align: justify;\">Llic\u00e8ncies digitals: Equivalen als llibres de text i es paguen en el per\u00edode de matr\u00edcula. En aquest cas, el centre proporciona a l\u2019alumne l\u2019acc\u00e9s als materials digitals.<\/li>\n<\/ul>\n<p style=\"text-align: justify;\"><strong>Activitats complement\u00e0ries________________________________________________________________________________________<\/strong><\/p>\n<ul>\n<li style=\"font-weight: 400;\" aria-level=\"1\"><span style=\"font-weight: 400;\">Activitats, xerrades i tallers al centre relacionades amb Tutoria (Solidaritat, Consumisme, Salut, Educaci\u00f3 C\u00edvica, G\u00e8nere)<\/span><\/li>\n<li style=\"font-weight: 400;\" aria-level=\"1\">Activitats al centre relacionades amb la Setmana de la Ci\u00e8ncia (novembre\u201924)<\/li>\n<li style=\"font-weight: 400;\" aria-level=\"1\">Activitats fora del centre relacionades amb una mat\u00e8ria determinada. Es consideren lectives i obligat\u00f2ries.<\/li>\n<li style=\"font-weight: 400;\" aria-level=\"1\">Col\u00f2nies: Estada de tres dies a l\u2019Estartit. 16,17 i 18 Juny 2026<\/li>\n<\/ul>\n<p style=\"text-align: justify;\">A finals de 2n d&#8217;ESO en el mes de juny, s&#8217;organitza habitualment una estada de 3 dies a l&#8217;Estartit. En aquestes col\u00f2nies els alumnes seran atesos per monitors amb els que faran activitats esportives com caiac, snorkel, bicicleta, etc. A m\u00e9s, aprendran a conviure i a relacionar-se en un ambient diferent al de l&#8217;institut. En tot moment estaran acompanyats per professors de l&#8217;equip docent de 2n\u00a0 d&#8217;ESO. El cost d&#8217;aquesta activitat es variable en funci\u00f3 dels alumnes que hi participen, per\u00f2 sol trobar-se al voltant dels 275 \u20ac. Les fam\u00edlies poden fer efectiu aquest pagament en dos terminis al llarg del curs. La realitzaci\u00f3 d&#8217;aquesta activitat no \u00e9s obligat\u00f2ria, per\u00f2 s\u00ed molt recomanable.<\/p>\n<p><span style=\"font-weight: 400;\">Els tutors contactarem amb les fam\u00edlies per concertar una entrevista (es pot fer de forma presencial, per tel\u00e8fon, via meet o per mail). Per\u00f2 tamb\u00e9 es pot demanar una entrevista.\u00a0<\/span><span style=\"font-weight: 400;\">Com?\u00a0<\/span><\/p>\n<ul>\n<li style=\"font-weight: 400;\" aria-level=\"1\"><span style=\"font-weight: 400;\">A trav\u00e9s de l\u2019agenda dels alumnes<\/span><\/li>\n<li style=\"font-weight: 400;\" aria-level=\"1\"><span style=\"font-weight: 400;\">Fent una trucada al centre\u00a0<\/span><\/li>\n<li style=\"font-weight: 400;\" aria-level=\"1\"><span style=\"font-weight: 400;\">Enviant un mail al tutor o tutora<\/span><\/li>\n<li style=\"font-weight: 400;\" aria-level=\"1\">Les visites \/ entrevistes amb els tutors <strong>SEMPRE<\/strong> seran concertades.<\/li>\n<\/ul>\n","protected":false},"excerpt":{"rendered":"<p>Al finalitzar 2n d&#8217;ESO els alumnes hauran acabat el primer cicle, ja estaran completament habituats a la din\u00e0mica de l&#8217;institut i l&#8217;adolesc\u00e8ncia es manifestar\u00e0 de ple. En aquest moment, l&#8217;acci\u00f3 tutorial i el treball conjunt entre escola i fam\u00edlia continua essent molt important.<br \/>\nDurant el curs&hellip;  <a href=\"https:\/\/agora.xtec.cat\/iesnumancia\/estudis\/2n-deso\/\" title=\"Read 2n d&#8217;ESO\">Llegeix m\u00e9s\u00bb<\/a><\/p>\n","protected":false},"author":1,"featured_media":0,"parent":195,"menu_order":0,"comment_status":"closed","ping_status":"closed","template":"page-templates\/side-menu.php","meta":{"_bbp_topic_count":0,"_bbp_reply_count":0,"_bbp_total_topic_count":0,"_bbp_total_reply_count":0,"_bbp_voice_count":0,"_bbp_anonymous_reply_count":0,"_bbp_topic_count_hidden":0,"_bbp_reply_count_hidden":0,"_bbp_forum_subforum_count":0,"footnotes":""},"class_list":["post-1336","page","type-page","status-publish","hentry"],"post_mailing_queue_ids":[],"_links":{"self":[{"href":"https:\/\/agora.xtec.cat\/iesnumancia\/wp-json\/wp\/v2\/pages\/1336","targetHints":{"allow":["GET"]}}],"collection":[{"href":"https:\/\/agora.xtec.cat\/iesnumancia\/wp-json\/wp\/v2\/pages"}],"about":[{"href":"https:\/\/agora.xtec.cat\/iesnumancia\/wp-json\/wp\/v2\/types\/page"}],"author":[{"embeddable":true,"href":"https:\/\/agora.xtec.cat\/iesnumancia\/wp-json\/wp\/v2\/users\/1"}],"replies":[{"embeddable":true,"href":"https:\/\/agora.xtec.cat\/iesnumancia\/wp-json\/wp\/v2\/comments?post=1336"}],"version-history":[{"count":6,"href":"https:\/\/agora.xtec.cat\/iesnumancia\/wp-json\/wp\/v2\/pages\/1336\/revisions"}],"predecessor-version":[{"id":8991,"href":"https:\/\/agora.xtec.cat\/iesnumancia\/wp-json\/wp\/v2\/pages\/1336\/revisions\/8991"}],"up":[{"embeddable":true,"href":"https:\/\/agora.xtec.cat\/iesnumancia\/wp-json\/wp\/v2\/pages\/195"}],"wp:attachment":[{"href":"https:\/\/agora.xtec.cat\/iesnumancia\/wp-json\/wp\/v2\/media?parent=1336"}],"curies":[{"name":"wp","href":"https:\/\/api.w.org\/{rel}","templated":true}]}}