{"id":1318,"date":"2021-02-10T08:24:50","date_gmt":"2021-02-10T07:24:50","guid":{"rendered":"https:\/\/agora.xtec.cat\/iesnumancia\/?page_id=1318"},"modified":"2021-02-16T18:56:22","modified_gmt":"2021-02-16T17:56:22","slug":"proves-cangur-de-matematiques","status":"publish","type":"page","link":"https:\/\/agora.xtec.cat\/iesnumancia\/projectes\/proves-cangur-de-matematiques\/","title":{"rendered":"Proves Cangur de matem\u00e0tiques"},"content":{"rendered":"<p>Les <b>proves Cangur<\/b> de matem\u00e0tiques \u00e9s un concurs\u00a0preuniversitari de\u00a0matem\u00e0tiques que s&#8217;organitza en m\u00e9s de 30 pa\u00efsos, amb l&#8217;objectiu d&#8217;acostar les matem\u00e0tiques als m\u00e9s joves i intentar despertar el seu inter\u00e8s a trav\u00e9s dels problemes. La competici\u00f3 es porta a terme anualment en el mes de mar\u00e7. Les compet\u00e8ncies que es posen a prova en aquestes proves s\u00f3n una combinaci\u00f3 entre la l\u00f2gica i les matem\u00e0tiques i no \u00fanicament el coneixement de f\u00f3rmules. A Catalunya les proves cangur s\u00f3n organitzades per la Societat Catalana de Matem\u00e0tiques.<\/p>\n<p>El nostre centre fa anys que hi participa i en algunes ocasions, una part de l&#8217;alumnat va a realitzar les proves a la seu de l&#8217;Institut d&#8217;Estudis Catalans.<\/p>\n<p><a href=\"https:\/\/agora.xtec.cat\/iesnumancia\/wp-content\/uploads\/usu2267\/2021\/02\/cangur.jpg\"><img loading=\"lazy\" decoding=\"async\" class=\"alignleft wp-image-1618 size-medium\" src=\"https:\/\/agora.xtec.cat\/iesnumancia\/wp-content\/uploads\/usu2267\/2021\/02\/cangur-300x169.jpg\" alt=\"\" width=\"300\" height=\"169\" srcset=\"https:\/\/agora.xtec.cat\/iesnumancia\/wp-content\/uploads\/usu2267\/2021\/02\/cangur-300x169.jpg 300w, https:\/\/agora.xtec.cat\/iesnumancia\/wp-content\/uploads\/usu2267\/2021\/02\/cangur.jpg 500w\" sizes=\"auto, (max-width: 300px) 100vw, 300px\" \/><\/a> <a href=\"https:\/\/agora.xtec.cat\/iesnumancia\/wp-content\/uploads\/usu2267\/2021\/02\/cangur2.jpg\"><img loading=\"lazy\" decoding=\"async\" class=\"alignleft wp-image-1619 size-medium\" src=\"https:\/\/agora.xtec.cat\/iesnumancia\/wp-content\/uploads\/usu2267\/2021\/02\/cangur2-300x225.jpg\" alt=\"\" width=\"300\" height=\"225\" srcset=\"https:\/\/agora.xtec.cat\/iesnumancia\/wp-content\/uploads\/usu2267\/2021\/02\/cangur2-300x225.jpg 300w, https:\/\/agora.xtec.cat\/iesnumancia\/wp-content\/uploads\/usu2267\/2021\/02\/cangur2-200x150.jpg 200w, https:\/\/agora.xtec.cat\/iesnumancia\/wp-content\/uploads\/usu2267\/2021\/02\/cangur2.jpg 500w\" sizes=\"auto, (max-width: 300px) 100vw, 300px\" \/><\/a><\/p>\n","protected":false},"excerpt":{"rendered":"<p>Les proves Cangur de matem\u00e0tiques \u00e9s un concurs\u00a0preuniversitari de\u00a0matem\u00e0tiques que s&#8217;organitza en m\u00e9s de 30 pa\u00efsos, amb l&#8217;objectiu d&#8217;acostar les matem\u00e0tiques als m\u00e9s joves i intentar despertar el seu inter\u00e8s a trav\u00e9s dels problemes. La competici\u00f3 es porta a terme anualment en el mes de&hellip;  <a href=\"https:\/\/agora.xtec.cat\/iesnumancia\/projectes\/proves-cangur-de-matematiques\/\" title=\"Read Proves Cangur de matem\u00e0tiques\">Llegeix m\u00e9s\u00bb<\/a><\/p>\n","protected":false},"author":1,"featured_media":0,"parent":929,"menu_order":0,"comment_status":"closed","ping_status":"closed","template":"page-templates\/side-menu.php","meta":{"_bbp_topic_count":0,"_bbp_reply_count":0,"_bbp_total_topic_count":0,"_bbp_total_reply_count":0,"_bbp_voice_count":0,"_bbp_anonymous_reply_count":0,"_bbp_topic_count_hidden":0,"_bbp_reply_count_hidden":0,"_bbp_forum_subforum_count":0,"footnotes":""},"class_list":["post-1318","page","type-page","status-publish","hentry"],"post_mailing_queue_ids":[],"_links":{"self":[{"href":"https:\/\/agora.xtec.cat\/iesnumancia\/wp-json\/wp\/v2\/pages\/1318","targetHints":{"allow":["GET"]}}],"collection":[{"href":"https:\/\/agora.xtec.cat\/iesnumancia\/wp-json\/wp\/v2\/pages"}],"about":[{"href":"https:\/\/agora.xtec.cat\/iesnumancia\/wp-json\/wp\/v2\/types\/page"}],"author":[{"embeddable":true,"href":"https:\/\/agora.xtec.cat\/iesnumancia\/wp-json\/wp\/v2\/users\/1"}],"replies":[{"embeddable":true,"href":"https:\/\/agora.xtec.cat\/iesnumancia\/wp-json\/wp\/v2\/comments?post=1318"}],"version-history":[{"count":3,"href":"https:\/\/agora.xtec.cat\/iesnumancia\/wp-json\/wp\/v2\/pages\/1318\/revisions"}],"predecessor-version":[{"id":1693,"href":"https:\/\/agora.xtec.cat\/iesnumancia\/wp-json\/wp\/v2\/pages\/1318\/revisions\/1693"}],"up":[{"embeddable":true,"href":"https:\/\/agora.xtec.cat\/iesnumancia\/wp-json\/wp\/v2\/pages\/929"}],"wp:attachment":[{"href":"https:\/\/agora.xtec.cat\/iesnumancia\/wp-json\/wp\/v2\/media?parent=1318"}],"curies":[{"name":"wp","href":"https:\/\/api.w.org\/{rel}","templated":true}]}}